{"id":5359,"date":"2018-04-01T23:25:54","date_gmt":"2018-04-01T21:25:54","guid":{"rendered":"https:\/\/topmodeleurope.net\/?page_id=5359"},"modified":"2025-03-11T14:34:18","modified_gmt":"2025-03-11T13:34:18","slug":"legal-privacy","status":"publish","type":"page","link":"https:\/\/topmodeleurope.net\/pt\/legal-privacy\/","title":{"rendered":"INFORMA\u00c7\u00c3O JUR\u00cdDICA E POL\u00cdTICA DE PRIVACIDADE"},"content":{"rendered":"<div class=\"wpb-content-wrapper\"><div class=\"vc_row wpb_row vc_row-fluid\"><div class=\"wpb_column vc_column_container vc_col-sm-12\"><div class=\"vc_column-inner\"><div class=\"wpb_wrapper\">\n\t<div class=\"wpb_text_column wpb_content_element\" >\n\t\t<div class=\"wpb_wrapper\">\n\t\t\t\n\t\t<\/div>\n\t<\/div>\n <div class=\"sc85_heading wpb_content_element regular left\"> <h3 class=\"title\">Vers\u00e3o actualizada em 01\/01\/2025<\/h3> <div class=\"subtitle\">Esta p\u00e1gina s\u00f3 est\u00e1 dispon\u00edvel em ingl\u00eas e franc\u00eas. As outras l\u00ednguas s\u00e3o traduzidas automaticamente.<\/div> <\/div>  <div class=\"sc85_heading wpb_content_element regular left\"> <h2 class=\"title\">Editor respons\u00e1vel :<\/h2> <\/div> \n\t<div class=\"wpb_text_column wpb_content_element\" >\n\t\t<div class=\"wpb_wrapper\">\n\t\t\t<p>O s\u00edtio Web TopModelEurope \u00e9 gerido pela empresa SRL Europe Events registada no Crossroads Bank for Enterprises com o n\u00famero BE0687471563 \/ Info@TopModelEurope.net<\/p>\n\n\t\t<\/div>\n\t<\/div>\n <div class=\"sc85_heading wpb_content_element regular left\"> <h2 class=\"title\">Cr\u00e9ditos fotogr\u00e1ficos, log\u00f3tipos e v\u00eddeos :<\/h2> <\/div> \n\t<div class=\"wpb_text_column wpb_content_element\" >\n\t\t<div class=\"wpb_wrapper\">\n\t\t\t<p>As fotografias, os log\u00f3tipos e os v\u00eddeos do s\u00edtio n\u00e3o podem, em caso algum, ser utilizados sem autoriza\u00e7\u00e3o. Qualquer utiliza\u00e7\u00e3o n\u00e3o autorizada por escrito ser\u00e1 considerada abusiva e o utilizador ser\u00e1 responsabilizado e poder\u00e1 ser objeto de um processo judicial com pedido de indemniza\u00e7\u00e3o.<\/p>\n\n\t\t<\/div>\n\t<\/div>\n <div class=\"sc85_heading wpb_content_element regular left\"> <h2 class=\"title\">Quem \u00e9 o \"respons\u00e1vel pelo tratamento\" dos seus dados pessoais?<\/h2> <\/div> \n\t<div class=\"wpb_text_column wpb_content_element\" >\n\t\t<div class=\"wpb_wrapper\">\n\t\t\t<p>A Top Model Europe compromete-se a proteger e processar os seus dados pessoais, com total transpar\u00eancia e em conformidade com a legisla\u00e7\u00e3o relativa \u00e0 prote\u00e7\u00e3o da privacidade. A empresa SRL Europe Events registada no Crossroads Bank for Enterprises sob o n\u00famero BE0687471563 \/ Info@TopModelEur (doravante designada por \"Europe Events\" ou \"Top Model Europe\" ou \"n\u00f3s\"), registada no Crossroads Bank for Enterprises sob o n\u00famero BE0687471563, \u00e9 respons\u00e1vel pelo tratamento dos seus dados pessoais na sua posse.<\/p>\n\n\t\t<\/div>\n\t<\/div>\n <div class=\"sc85_heading wpb_content_element regular left\"> <h2 class=\"title\">Que dados pessoais recolhemos?<\/h2> <\/div> \n\t<div class=\"wpb_text_column wpb_content_element\" >\n\t\t<div class=\"wpb_wrapper\">\n\t\t\t<p>A Top Model Europe recolhe os seus dados pessoais quando envia um formul\u00e1rio de inscri\u00e7\u00e3o para o concurso Top Model Europe, quando nos contacta e quando faz uma compra no s\u00edtio Web. A Top Model Europe pode recolher dados pessoais em fun\u00e7\u00e3o dos tipos de servi\u00e7os em causa, tais como :<\/p>\n<p>1 \/ dados de identifica\u00e7\u00e3o: nome, endere\u00e7o do domic\u00edlio, endere\u00e7o eletr\u00f3nico, n\u00famero de telefone, etc.<\/p>\n<p>2 \/ dados demogr\u00e1ficos: idade, sexo, l\u00edngua materna, l\u00ednguas faladas, etc.<\/p>\n<p>3 \/ dados profissionais: actividades profissionais, estudos em curso, experi\u00eancia na ind\u00fastria da moda, etc.<\/p>\n<p>4 \/ dados de geolocaliza\u00e7\u00e3o, em especial o seu endere\u00e7o IP<\/p>\n<p>5 \/ dados de navega\u00e7\u00e3o: comportamento no nosso s\u00edtio Web (p\u00e1ginas consultadas, etc.).<\/p>\n<p>6 \/ dados financeiros: n\u00famero do cart\u00e3o de cr\u00e9dito\/d\u00e9bito ou outras informa\u00e7\u00f5es de fatura\u00e7\u00e3o (apenas durante uma compra)<\/p>\n<p>7 \/ redes sociais: perfis sociais como o Facebook, Instagram e outros<\/p>\n<p>8 \/ registo de imagens: fotografias no \u00e2mbito de um concurso.<\/p>\n<p>9 \/ Comunica\u00e7\u00f5es trocadas connosco por correio postal, mensagens electr\u00f3nicas, servi\u00e7os de chat, chamadas telef\u00f3nicas ou nas redes sociais;<\/p>\n<p>10 \/ N\u00fameros e informa\u00e7\u00f5es constantes do seu bilhete de identidade, passaporte ou outro documento de identifica\u00e7\u00e3o ;<\/p>\n<p>11 \/ Informa\u00e7\u00f5es sobre as suas compras de produtos e servi\u00e7os \u00e0 Top Model Europe ou a um dos nossos parceiros de confian\u00e7a<\/p>\n\n\t\t<\/div>\n\t<\/div>\n <div class=\"sc85_heading wpb_content_element regular left\"> <h2 class=\"title\">Porque \u00e9 que recolhemos os seus dados pessoais?<\/h2> <\/div> \n\t<div class=\"wpb_text_column wpb_content_element\" >\n\t\t<div class=\"wpb_wrapper\">\n\t\t\t<p>A Top Model Europe recolhe e trata os seus dados pessoais em conformidade com a lei. Quando tivermos obtido o seu consentimento, os seus dados podem ser utilizados para :<\/p>\n<p>1 \/ para o contactar em rela\u00e7\u00e3o aos produtos e servi\u00e7os que solicitou,<\/p>\n<p>2 \/ prestar os servi\u00e7os solicitados pelo candidato no \u00e2mbito do concurso Top Model Europe,<\/p>\n<p>3 \/ para lhe enviar informa\u00e7\u00f5es que possam ser do seu interesse, tais como ofertas de casting ou ofertas promocionais dos nossos parceiros, ou para cumprir uma obriga\u00e7\u00e3o legal.<\/p>\n<p>Consoante o pa\u00eds, os menores de 16, 15, 14 ou 13 anos necessitam do consentimento dos pais ou tutores legais.<\/p>\n\n\t\t<\/div>\n\t<\/div>\n <div class=\"sc85_heading wpb_content_element regular left\"> <h2 class=\"title\">Durante quanto tempo conservamos os seus dados pessoais?<\/h2> <\/div> \n\t<div class=\"wpb_text_column wpb_content_element\" >\n\t\t<div class=\"wpb_wrapper\">\n\t\t\t<p>Os seus dados pessoais s\u00e3o conservados apenas durante o per\u00edodo necess\u00e1rio para atingir a finalidade para a qual foram apresentados. S\u00e3o conservados durante um m\u00ednimo de 12 meses e um m\u00e1ximo de 24 meses. Em seguida, s\u00e3o eliminados ou tornados an\u00f3nimos.<\/p>\n\n\t\t<\/div>\n\t<\/div>\n <div class=\"sc85_heading wpb_content_element regular left\"> <h2 class=\"title\">Como \u00e9 que os seus dados s\u00e3o armazenados e protegidos?<\/h2> <\/div> \n\t<div class=\"wpb_text_column wpb_content_element\" >\n\t\t<div class=\"wpb_wrapper\">\n\t\t\t<p>A Top Model Europe compromete-se a fazer tudo o que estiver ao seu alcance para garantir a confidencialidade e a seguran\u00e7a dos seus dados e para evitar a perda, a destrui\u00e7\u00e3o, a utiliza\u00e7\u00e3o abusiva, a modifica\u00e7\u00e3o n\u00e3o intencional ou a divulga\u00e7\u00e3o dos seus dados.<\/p>\n<p>Os seus dados s\u00e3o automaticamente armazenados em servidores seguros que s\u00e3o objeto de c\u00f3pias de seguran\u00e7a regulares.<\/p>\n<p>A Top Model Europe eliminar\u00e1 ou tornar\u00e1 an\u00f3nimos os seus dados ap\u00f3s o per\u00edodo necess\u00e1rio para atingir a finalidade para a qual foram recolhidos.<\/p>\n<p>A Top Model Europe garante que os dados do utilizador n\u00e3o s\u00e3o acess\u00edveis a pessoas n\u00e3o autorizadas e solicita sistematicamente uma prova de identidade antes de lhe fornecer qualquer informa\u00e7\u00e3o pessoal.<\/p>\n\n\t\t<\/div>\n\t<\/div>\n <div class=\"sc85_heading wpb_content_element regular left\"> <h2 class=\"title\">Os seus dados s\u00e3o vendidos, alugados ou transferidos para terceiros?<\/h2> <\/div> \n\t<div class=\"wpb_text_column wpb_content_element\" >\n\t\t<div class=\"wpb_wrapper\">\n\t\t\t<p>A Top Model Europe compromete-se a n\u00e3o vender, alugar ou transferir os seus dados a terceiros.<\/p>\n<p>A Top Model Europe compromete-se a comunicar os seus dados apenas a terceiros e subcontratantes nomeados pela Top Model Europe no contexto das suas actividades. S\u00f3 ser\u00e3o comunicados os dados necess\u00e1rios para a execu\u00e7\u00e3o das suas tarefas.<\/p>\n\n\t\t<\/div>\n\t<\/div>\n <div class=\"sc85_heading wpb_content_element regular left\"> <h2 class=\"title\">Como s\u00e3o geridos os seus dados de pagamento?<\/h2> <\/div> \n\t<div class=\"wpb_text_column wpb_content_element\" >\n\t\t<div class=\"wpb_wrapper\">\n\t\t\t<p>Todas as transac\u00e7\u00f5es financeiras efectuadas pelo utilizador no nosso s\u00edtio Web s\u00e3o realizadas atrav\u00e9s do sistema de pagamento seguro do nosso distribuidor \"Weezevent\". Os seus dados financeiros ligados ao pagamento s\u00e3o geridos por este distribuidor e guardados com ele. Para efetuar um pagamento em linha, \u00e9 necess\u00e1rio aceitar previamente a pol\u00edtica de confidencialidade do nosso distribuidor.<\/p>\n\n\t\t<\/div>\n\t<\/div>\n <div class=\"sc85_heading wpb_content_element regular left\"> <h2 class=\"title\">Quais s\u00e3o os seus direitos relativamente aos seus dados pessoais?<\/h2> <\/div> \n\t<div class=\"wpb_text_column wpb_content_element\" >\n\t\t<div class=\"wpb_wrapper\">\n\t\t\t<p>De acordo com o Regulamento Geral de Prote\u00e7\u00e3o de Dados (RGPD) adotado em abril de 2016, aplic\u00e1vel e obrigat\u00f3rio em todos os Estados-Membros da Uni\u00e3o Europeia a partir de 25 de maio de 2018, o utilizador cujos dados s\u00e3o processados tem, para al\u00e9m do direito \u00e0 informa\u00e7\u00e3o (Art. 13 e 14), acess\u00edvel na nossa pol\u00edtica de privacidade, os seguintes direitos: Direito de acesso (Art. 15\u00ba) \/ Direito de retifica\u00e7\u00e3o (Art. 16\u00ba) \/ Direito de apagamento (Art. 17\u00ba) \/ Direito \u00e0 limita\u00e7\u00e3o do tratamento (Art. 18\u00ba) \/ Direito \u00e0 portabilidade (Art. 20\u00ba) \/ Direito de oposi\u00e7\u00e3o (Art. 21\u00ba) \/ Tomada de decis\u00e3o automatizada (Art. 22\u00ba). Para n\u00e3o complicar a nossa pol\u00edtica de privacidade e para promover a integralidade da sua leitura e compreens\u00e3o pelo utilizador, convidamo-lo a consultar o REGULAMENTO (UE) 2016\/679 DO PARLAMENTO EUROPEU E DO CONSELHO de 27 de abril de 2016 para um detalhe completo dos seus direitos.<\/p>\n\n\t\t<\/div>\n\t<\/div>\n <div class=\"sc85_heading wpb_content_element regular left\"> <h2 class=\"title\">Como pode exercer os seus direitos relativamente aos seus dados pessoais?<\/h2> <\/div> \n\t<div class=\"wpb_text_column wpb_content_element\" >\n\t\t<div class=\"wpb_wrapper\">\n\t\t\t<p>No \u00e2mbito das nossas campanhas de marketing e informa\u00e7\u00e3o, o utilizador tem o direito de, a qualquer momento, se opor ao tratamento dos seus dados, de restringir esse tratamento ou de retirar o seu consentimento sem que a Top Model Europe levante qualquer obje\u00e7\u00e3o.<\/p>\n<p>Quando recebe uma mensagem eletr\u00f3nica da Top Model Europe: pode anular a sua inscri\u00e7\u00e3o nas mensagens electr\u00f3nicas de informa\u00e7\u00e3o e marketing da Top Model Europe seguindo a liga\u00e7\u00e3o de anula\u00e7\u00e3o da inscri\u00e7\u00e3o em cada mensagem eletr\u00f3nica que receber.<\/p>\n<p>Quando recebe um SMS da Top Model Europe: pode cancelar a subscri\u00e7\u00e3o das mensagens SMS de informa\u00e7\u00e3o e marketing da Top Model Europe respondendo \u00e0 mensagem SMS recebida com \"STOP SMS\" quando o seu operador telef\u00f3nico \u00e9 franc\u00eas (+33). Se o seu operador telef\u00f3nico for de outro pa\u00eds da Uni\u00e3o Europeia, convidamo-lo a preencher o formul\u00e1rio de anula\u00e7\u00e3o da subscri\u00e7\u00e3o.<\/p>\n<p>Pode tamb\u00e9m pedir para exercer o seu direito de acesso, retifica\u00e7\u00e3o, elimina\u00e7\u00e3o e portabilidade dos seus dados em qualquer altura, enviando uma mensagem de correio eletr\u00f3nico para info@topmodeleurope.net ou por correio. Indique-nos os seus dados de contacto completos (apelido, nome pr\u00f3prio, e-mail(s), endere\u00e7o postal completo) e uma c\u00f3pia de ambos os lados do seu bilhete de identidade para evitar qualquer utiliza\u00e7\u00e3o abusiva e garantir a seguran\u00e7a dos seus dados.<\/p>\n<p>O utilizador tem o direito de se opor a qualquer momento ao tratamento dos seus dados e de solicitar a sua elimina\u00e7\u00e3o. No entanto, a Top Model Europe tem o direito de lhe apresentar as suas raz\u00f5es leg\u00edtimas que justificam a continua\u00e7\u00e3o do processamento. Por exemplo, a Top Model Europe considerar\u00e1 leg\u00edtimo poder conservar e tratar os dados pessoais de qualquer utilizador que se tenha inscrito no concurso Top Model Europe ao longo de todas as fases do concurso a que o utilizador se candidatou.<\/p>\n\n\t\t<\/div>\n\t<\/div>\n <div class=\"sc85_heading wpb_content_element regular left\"> <h2 class=\"title\">Como \u00e9 que utilizamos os cookies?<\/h2> <\/div> \n\t<div class=\"wpb_text_column wpb_content_element\" >\n\t\t<div class=\"wpb_wrapper\">\n\t\t\t<p>Um \"cookie\" \u00e9 um pequeno ficheiro enviado pelo nosso servidor para o disco r\u00edgido do seu computador, tablet ou smartphone que identifica o seu dispositivo de navega\u00e7\u00e3o e recolhe determinados dados pessoais. Utilizamos :<\/p>\n<p>&nbsp;<\/p>\n<p>1 \/ Cookies estritamente necess\u00e1rios<\/p>\n<p>Estes cookies s\u00e3o essenciais para navegar no s\u00edtio e tirar partido das suas fun\u00e7\u00f5es. Alguns servi\u00e7os solicitados n\u00e3o podem ser fornecidos sem cookies.<\/p>\n<p>&nbsp;<\/p>\n<p>2 \/ Cookies de desempenho<\/p>\n<p>Estes cookies recolhem informa\u00e7\u00f5es sobre a forma como os visitantes utilizam um s\u00edtio Web. Por exemplo, que p\u00e1ginas s\u00e3o visitadas com mais frequ\u00eancia e se s\u00e3o emitidas mensagens de erro. Os cookies n\u00e3o recolhem dados que possam ser utilizados para identificar os visitantes. Na medida em que todas as informa\u00e7\u00f5es recolhidas por estes cookies s\u00e3o agregadas, permanecem an\u00f3nimas. Estes cookies destinam-se apenas a melhorar o funcionamento do s\u00edtio Web. Ao utilizar o nosso s\u00edtio Web, o utilizador aceita receber este tipo de cookies no seu dispositivo.<\/p>\n<p>&nbsp;<\/p>\n<p>3 \/ Cookies funcionais<\/p>\n<p>Estes cookies permitem ao s\u00edtio recordar as escolhas que fez (a l\u00edngua que escolheu ou a regi\u00e3o em que se encontra) e fornecer caracter\u00edsticas mais precisas e pessoais. Podem tamb\u00e9m ser utilizados para fornecer servi\u00e7os solicitados pelo utilizador, como ver um v\u00eddeo, participar numa vota\u00e7\u00e3o em linha, etc. As informa\u00e7\u00f5es recolhidas por estes cookies podem ser tornadas an\u00f3nimas e n\u00e3o podem rastrear a sua atividade de navega\u00e7\u00e3o noutros s\u00edtios.<\/p>\n<p>Ao utilizar o nosso s\u00edtio Web, o utilizador aceita receber este tipo de cookie no seu dispositivo.<\/p>\n<p>&nbsp;<\/p>\n<p>4 \/ Cookies de s\u00edtios Web de terceiros<\/p>\n<p>O nosso s\u00edtio Web pode conter liga\u00e7\u00f5es a outros s\u00edtios Web. Para saber mais sobre os cookies utilizados por s\u00edtios Web de terceiros, consulte as informa\u00e7\u00f5es que estes fornecem sem a sua pol\u00edtica de privacidade.<\/p>\n\n\t\t<\/div>\n\t<\/div>\n <div class=\"sc85_heading wpb_content_element regular left\"> <h2 class=\"title\">Como \u00e9 que elimino os cookies?<\/h2> <\/div> \n\t<div class=\"wpb_text_column wpb_content_element\" >\n\t\t<div class=\"wpb_wrapper\">\n\t\t\t<p>O utilizador pode recusar os cookies a qualquer momento, eliminando os cookies que foram definidos pelo s\u00edtio. Pode faz\u00ea-lo atrav\u00e9s das defini\u00e7\u00f5es do seu navegador de Internet. No entanto, a elimina\u00e7\u00e3o dos cookies pode tornar a sua visita ao nosso s\u00edtio Web imposs\u00edvel ou apenas parcial.<\/p>\n\n\t\t<\/div>\n\t<\/div>\n <div class=\"sc85_heading wpb_content_element regular left\"> <h2 class=\"title\">Como posso manter-me atualizado sobre as altera\u00e7\u00f5es \u00e0 nossa pol\u00edtica de privacidade?<\/h2> <\/div> \n\t<div class=\"wpb_text_column wpb_content_element\" >\n\t\t<div class=\"wpb_wrapper\">\n\t\t\t<p>A Pol\u00edtica de Privacidade da Top Model Europe pode ser actualizada periodicamente. Convidamo-lo a consultar regularmente a vers\u00e3o mais recente da nossa Pol\u00edtica de Privacidade no nosso s\u00edtio Web. Se desejar receber um e-mail quando for feita uma atualiza\u00e7\u00e3o, basta preencher o Formul\u00e1rio - Atualiza\u00e7\u00e3o da PDC.<\/p>\n\n\t\t<\/div>\n\t<\/div>\n <div class=\"sc85_heading wpb_content_element regular left\"> <h2 class=\"title\">Queixas a uma autoridade de controlo<\/h2> <\/div> \n\t<div class=\"wpb_text_column wpb_content_element\" >\n\t\t<div class=\"wpb_wrapper\">\n\t\t\t<p>O utilizador tem o direito de apresentar uma queixa junto de uma autoridade de controlo num Estado-Membro da Comunidade Europeia se considerar que o tratamento dos seus dados pessoais constitui uma viola\u00e7\u00e3o do RGPD.<\/p>\n\n\t\t<\/div>\n\t<\/div>\n<\/div><\/div><\/div><div class=\"wpb_column vc_column_container vc_col-sm-12\"><div class=\"vc_column-inner\"><div class=\"wpb_wrapper\"><\/div><\/div><\/div><\/div>\n<\/div>","protected":false},"excerpt":{"rendered":"Version mise \u00e0 jour le 01\/01\/2025 Cette page est uniquement disponible en Anglais et Fran\u00e7ais. Les autres langues sont en traduction automatis\u00e9e. Editeur responsable : Le site Internet TopModelEurope est g\u00e9r\u00e9 par la soci\u00e9t\u00e9 SRL Europe Events enregistr\u00e9 \u00e0 la Banque-Carrefour des Entreprises au num\u00e9ro BE0687471563 \/ Info@TopModelEurope.net Cr\u00e9dits photos, logos et vid\u00e9os : Les [...]","protected":false},"author":1,"featured_media":0,"parent":0,"menu_order":9,"comment_status":"closed","ping_status":"closed","template":"","meta":{"sfsi_plus_gutenberg_text_before_share":"","sfsi_plus_gutenberg_show_text_before_share":"","sfsi_plus_gutenberg_icon_type":"","sfsi_plus_gutenberg_icon_alignemt":"","sfsi_plus_gutenburg_max_per_row":"","footnotes":""},"folder":[149],"class_list":["post-5359","page","type-page","status-publish","hentry"],"yoast_head":"<!-- This site is optimized with the Yoast SEO plugin v27.5 - https:\/\/yoast.com\/product\/yoast-seo-wordpress\/ -->\n<title>MENTIONS LEGALES &amp; POLITIQUE DE CONFIDENTIALITE - TOP MODEL EUROPE<\/title>\n<meta name=\"robots\" content=\"index, follow, max-snippet:-1, max-image-preview:large, max-video-preview:-1\" \/>\n<link rel=\"canonical\" href=\"https:\/\/topmodeleurope.net\/pt\/legal-privacy\/\" \/>\n<meta property=\"og:locale\" content=\"pt_PT\" \/>\n<meta property=\"og:type\" content=\"article\" \/>\n<meta property=\"og:title\" content=\"MENTIONS LEGALES &amp; POLITIQUE DE CONFIDENTIALITE - TOP MODEL EUROPE\" \/>\n<meta property=\"og:url\" content=\"https:\/\/topmodeleurope.net\/pt\/legal-privacy\/\" \/>\n<meta property=\"og:site_name\" content=\"TOP MODEL EUROPE\" \/>\n<meta property=\"article:publisher\" content=\"https:\/\/www.facebook.com\/topmodeleurope\/\" \/>\n<meta property=\"article:modified_time\" content=\"2025-03-11T13:34:18+00:00\" \/>\n<meta name=\"twitter:card\" content=\"summary_large_image\" \/>\n<meta name=\"twitter:label1\" content=\"Tempo estimado de leitura\" \/>\n\t<meta name=\"twitter:data1\" content=\"9 minutos\" \/>\n<script type=\"application\/ld+json\" class=\"yoast-schema-graph\">{\"@context\":\"https:\\\/\\\/schema.org\",\"@graph\":[{\"@type\":\"WebPage\",\"@id\":\"https:\\\/\\\/topmodeleurope.net\\\/legal-privacy\\\/\",\"url\":\"https:\\\/\\\/topmodeleurope.net\\\/legal-privacy\\\/\",\"name\":\"MENTIONS LEGALES & POLITIQUE DE CONFIDENTIALITE - TOP MODEL EUROPE\",\"isPartOf\":{\"@id\":\"https:\\\/\\\/topmodeleurope.net\\\/#website\"},\"datePublished\":\"2018-04-01T21:25:54+00:00\",\"dateModified\":\"2025-03-11T13:34:18+00:00\",\"breadcrumb\":{\"@id\":\"https:\\\/\\\/topmodeleurope.net\\\/legal-privacy\\\/#breadcrumb\"},\"inLanguage\":\"pt-PT\",\"potentialAction\":[{\"@type\":\"ReadAction\",\"target\":[\"https:\\\/\\\/topmodeleurope.net\\\/legal-privacy\\\/\"]}]},{\"@type\":\"BreadcrumbList\",\"@id\":\"https:\\\/\\\/topmodeleurope.net\\\/legal-privacy\\\/#breadcrumb\",\"itemListElement\":[{\"@type\":\"ListItem\",\"position\":1,\"name\":\"Accueil\",\"item\":\"https:\\\/\\\/topmodeleurope.net\\\/\"},{\"@type\":\"ListItem\",\"position\":2,\"name\":\"MENTIONS LEGALES &#038; POLITIQUE DE CONFIDENTIALITE\"}]},{\"@type\":\"WebSite\",\"@id\":\"https:\\\/\\\/topmodeleurope.net\\\/#website\",\"url\":\"https:\\\/\\\/topmodeleurope.net\\\/\",\"name\":\"TOP MODEL EUROPE\",\"description\":\"World Model Contest\",\"publisher\":{\"@id\":\"https:\\\/\\\/topmodeleurope.net\\\/#organization\"},\"potentialAction\":[{\"@type\":\"SearchAction\",\"target\":{\"@type\":\"EntryPoint\",\"urlTemplate\":\"https:\\\/\\\/topmodeleurope.net\\\/?s={search_term_string}\"},\"query-input\":{\"@type\":\"PropertyValueSpecification\",\"valueRequired\":true,\"valueName\":\"search_term_string\"}}],\"inLanguage\":\"pt-PT\"},{\"@type\":\"Organization\",\"@id\":\"https:\\\/\\\/topmodeleurope.net\\\/#organization\",\"name\":\"TOP MODEL EUROPE\",\"url\":\"https:\\\/\\\/topmodeleurope.net\\\/\",\"logo\":{\"@type\":\"ImageObject\",\"inLanguage\":\"pt-PT\",\"@id\":\"https:\\\/\\\/topmodeleurope.net\\\/#\\\/schema\\\/logo\\\/image\\\/\",\"url\":\"https:\\\/\\\/topmodeleurope.net\\\/wp-content\\\/uploads\\\/2018\\\/04\\\/logo-tme.jpg\",\"contentUrl\":\"https:\\\/\\\/topmodeleurope.net\\\/wp-content\\\/uploads\\\/2018\\\/04\\\/logo-tme.jpg\",\"width\":960,\"height\":960,\"caption\":\"TOP MODEL EUROPE\"},\"image\":{\"@id\":\"https:\\\/\\\/topmodeleurope.net\\\/#\\\/schema\\\/logo\\\/image\\\/\"},\"sameAs\":[\"https:\\\/\\\/www.facebook.com\\\/topmodeleurope\\\/\",\"https:\\\/\\\/www.instagram.com\\\/topmodeleuropeofficial\\\/\",\"https:\\\/\\\/fr.wikipedia.org\\\/wiki\\\/Top_Model_Europe\"]}]}<\/script>\n<!-- \/ Yoast SEO plugin. -->","yoast_head_json":{"title":"INFORMA\u00c7\u00d5ES JUR\u00cdDICAS E POL\u00cdTICA DE PRIVACIDADE - TOP MODEL EUROPE","robots":{"index":"index","follow":"follow","max-snippet":"max-snippet:-1","max-image-preview":"max-image-preview:large","max-video-preview":"max-video-preview:-1"},"canonical":"https:\/\/topmodeleurope.net\/pt\/legal-privacy\/","og_locale":"pt_PT","og_type":"article","og_title":"MENTIONS LEGALES & POLITIQUE DE CONFIDENTIALITE - TOP MODEL EUROPE","og_url":"https:\/\/topmodeleurope.net\/pt\/legal-privacy\/","og_site_name":"TOP MODEL EUROPE","article_publisher":"https:\/\/www.facebook.com\/topmodeleurope\/","article_modified_time":"2025-03-11T13:34:18+00:00","twitter_card":"summary_large_image","twitter_misc":{"Tempo estimado de leitura":"9 minutos"},"schema":{"@context":"https:\/\/schema.org","@graph":[{"@type":"WebPage","@id":"https:\/\/topmodeleurope.net\/legal-privacy\/","url":"https:\/\/topmodeleurope.net\/legal-privacy\/","name":"INFORMA\u00c7\u00d5ES JUR\u00cdDICAS E POL\u00cdTICA DE PRIVACIDADE - TOP MODEL EUROPE","isPartOf":{"@id":"https:\/\/topmodeleurope.net\/#website"},"datePublished":"2018-04-01T21:25:54+00:00","dateModified":"2025-03-11T13:34:18+00:00","breadcrumb":{"@id":"https:\/\/topmodeleurope.net\/legal-privacy\/#breadcrumb"},"inLanguage":"pt-PT","potentialAction":[{"@type":"ReadAction","target":["https:\/\/topmodeleurope.net\/legal-privacy\/"]}]},{"@type":"BreadcrumbList","@id":"https:\/\/topmodeleurope.net\/legal-privacy\/#breadcrumb","itemListElement":[{"@type":"ListItem","position":1,"name":"Accueil","item":"https:\/\/topmodeleurope.net\/"},{"@type":"ListItem","position":2,"name":"MENTIONS LEGALES &#038; POLITIQUE DE CONFIDENTIALITE"}]},{"@type":"WebSite","@id":"https:\/\/topmodeleurope.net\/#website","url":"https:\/\/topmodeleurope.net\/","name":"TOP MODEL EUROPE","description":"Concurso Mundial de Modelos","publisher":{"@id":"https:\/\/topmodeleurope.net\/#organization"},"potentialAction":[{"@type":"SearchAction","target":{"@type":"EntryPoint","urlTemplate":"https:\/\/topmodeleurope.net\/?s={search_term_string}"},"query-input":{"@type":"PropertyValueSpecification","valueRequired":true,"valueName":"search_term_string"}}],"inLanguage":"pt-PT"},{"@type":"Organization","@id":"https:\/\/topmodeleurope.net\/#organization","name":"TOP MODEL EUROPE","url":"https:\/\/topmodeleurope.net\/","logo":{"@type":"ImageObject","inLanguage":"pt-PT","@id":"https:\/\/topmodeleurope.net\/#\/schema\/logo\/image\/","url":"https:\/\/topmodeleurope.net\/wp-content\/uploads\/2018\/04\/logo-tme.jpg","contentUrl":"https:\/\/topmodeleurope.net\/wp-content\/uploads\/2018\/04\/logo-tme.jpg","width":960,"height":960,"caption":"TOP MODEL EUROPE"},"image":{"@id":"https:\/\/topmodeleurope.net\/#\/schema\/logo\/image\/"},"sameAs":["https:\/\/www.facebook.com\/topmodeleurope\/","https:\/\/www.instagram.com\/topmodeleuropeofficial\/","https:\/\/fr.wikipedia.org\/wiki\/Top_Model_Europe"]}]}},"_links":{"self":[{"href":"https:\/\/topmodeleurope.net\/pt\/wp-json\/wp\/v2\/pages\/5359","targetHints":{"allow":["GET"]}}],"collection":[{"href":"https:\/\/topmodeleurope.net\/pt\/wp-json\/wp\/v2\/pages"}],"about":[{"href":"https:\/\/topmodeleurope.net\/pt\/wp-json\/wp\/v2\/types\/page"}],"author":[{"embeddable":true,"href":"https:\/\/topmodeleurope.net\/pt\/wp-json\/wp\/v2\/users\/1"}],"replies":[{"embeddable":true,"href":"https:\/\/topmodeleurope.net\/pt\/wp-json\/wp\/v2\/comments?post=5359"}],"version-history":[{"count":0,"href":"https:\/\/topmodeleurope.net\/pt\/wp-json\/wp\/v2\/pages\/5359\/revisions"}],"wp:attachment":[{"href":"https:\/\/topmodeleurope.net\/pt\/wp-json\/wp\/v2\/media?parent=5359"}],"wp:term":[{"taxonomy":"folder","embeddable":true,"href":"https:\/\/topmodeleurope.net\/pt\/wp-json\/wp\/v2\/folder?post=5359"}],"curies":[{"name":"wp","href":"https:\/\/api.w.org\/{rel}","templated":true}]}}