{"id":5052,"date":"2017-08-16T04:28:39","date_gmt":"2017-08-16T02:28:39","guid":{"rendered":"https:\/\/topmodeleurope.net\/top-model-europe-public-vote\/"},"modified":"2025-10-27T17:38:21","modified_gmt":"2025-10-27T16:38:21","slug":"votacao-publica","status":"publish","type":"page","link":"https:\/\/topmodeleurope.net\/pt\/public-vote\/","title":{"rendered":"VOTA\u00c7\u00c3O P\u00daBLICA"},"content":{"rendered":"<div class=\"wpb-content-wrapper\"><div class=\"vc_row wpb_row vc_row-fluid\"><div class=\"wpb_column vc_column_container vc_col-sm-12\"><div class=\"vc_column-inner\"><div class=\"wpb_wrapper\"><div class=\"vc_separator wpb_content_element vc_separator_align_center vc_sep_width_100 vc_sep_pos_align_center vc_separator_no_text vc_sep_color_grey wpb_content_element  wpb_content_element\" ><span class=\"vc_sep_holder vc_sep_holder_l\"><span class=\"vc_sep_line\"><\/span><\/span><span class=\"vc_sep_holder vc_sep_holder_r\"><span class=\"vc_sep_line\"><\/span><\/span>\n<\/div>\n\t<div class=\"wpb_single_image wpb_content_element vc_align_center\">\n\t\t\n\t\t<figure class=\"wpb_wrapper vc_figure\">\n\t\t\t<div class=\"vc_single_image-wrapper   vc_box_border_grey\"><img loading=\"lazy\" decoding=\"async\" width=\"960\" height=\"212\" src=\"https:\/\/topmodeleurope.net\/wp-content\/uploads\/2018\/07\/1c-ONLINE-VOTE.jpg\" class=\"vc_single_image-img attachment-full\" alt=\"Top Model Europe - Vota\u00e7\u00e3o do p\u00fablico\" title=\"Top Model Europe - Vota\u00e7\u00e3o do p\u00fablico\" \/><\/div>\n\t\t<\/figure>\n\t<\/div>\n<div class=\"vc_separator wpb_content_element vc_separator_align_center vc_sep_width_100 vc_sep_pos_align_center vc_separator_no_text vc_sep_color_grey wpb_content_element  wpb_content_element\" ><span class=\"vc_sep_holder vc_sep_holder_l\"><span class=\"vc_sep_line\"><\/span><\/span><span class=\"vc_sep_holder vc_sep_holder_r\"><span class=\"vc_sep_line\"><\/span><\/span>\n<\/div> <div class=\"sc85_heading wpb_content_element bold center\"> <h2 class=\"title\">QUALIFICA\u00c7\u00c3O DOS SEMIFINALISTAS :<cite class=\"separator\"><\/cite><\/h2> <div class=\"subtitle\">A vota\u00e7\u00e3o do p\u00fablico conta como 30% - A vota\u00e7\u00e3o do j\u00fari conta como 70%<br \/> Pr\u00f3ximas vota\u00e7\u00f5es p\u00fablicas: s\u00edtio Web e Instagram.<\/div> <\/div> <\/div><\/div><\/div><\/div><div class=\"vc_row wpb_row vc_row-fluid\"><div class=\"wpb_column vc_column_container vc_col-sm-12\"><div class=\"vc_column-inner\"><div class=\"wpb_wrapper\"><div class=\"vc_separator wpb_content_element vc_separator_align_center vc_sep_width_100 vc_sep_pos_align_center vc_separator_no_text vc_sep_color_grey wpb_content_element  wpb_content_element\" ><span class=\"vc_sep_holder vc_sep_holder_l\"><span class=\"vc_sep_line\"><\/span><\/span><span class=\"vc_sep_holder vc_sep_holder_r\"><span class=\"vc_sep_line\"><\/span><\/span>\n<\/div> <div class=\"sc85_heading wpb_content_element regular center\"> <h1 class=\"title\" style=\"color:#000000\">\ud83c\uddeb\ud83c\uddf7 FRAN\u00c7A - \ud83c\udde7\ud83c\uddea B\u00c9LGICA - (TERMINADO)<\/h1> <\/div> <div class=\"sc85_button normal center\"><a href=\"https:\/\/topmodeleurope.net\/pt\/votacao-do-publico-franca-belgica\/\" title=\"Vota\u00e7\u00e3o p\u00fablica - Fran\u00e7a-B\u00e9lgica\" target=\"_blank\" class=\"button\">\ud83c\uddeb\ud83c\uddf7 FRAN\u00c7A - \ud83c\udde7\ud83c\uddea B\u00c9LGICA - VOTA\u00c7\u00c3O<\/a><\/div><div class=\"vc_empty_space\"   style=\"height: 32px\"><span class=\"vc_empty_space_inner\"><\/span><\/div><div class=\"vc_separator wpb_content_element vc_separator_align_center vc_sep_width_100 vc_sep_pos_align_center vc_separator_no_text vc_sep_color_grey wpb_content_element  wpb_content_element\" ><span class=\"vc_sep_holder vc_sep_holder_l\"><span class=\"vc_sep_line\"><\/span><\/span><span class=\"vc_sep_holder vc_sep_holder_r\"><span class=\"vc_sep_line\"><\/span><\/span>\n<\/div> <div class=\"sc85_heading wpb_content_element regular center\"> <h1 class=\"title\" style=\"color:#000000\">\ud83c\uddf5\ud83c\uddf9 PORTUGAL - (TERMINADO)<\/h1> <\/div> <div class=\"sc85_button normal center\"><a title=\"Vota\u00e7\u00e3o p\u00fablica - Portugal\" target=\"_blank\" class=\"button\">\ud83c\uddf5\ud83c\uddf9 PORTUGAL - VOTA\u00c7\u00c3O<\/a><\/div><div class=\"vc_empty_space\"   style=\"height: 32px\"><span class=\"vc_empty_space_inner\"><\/span><\/div><div class=\"vc_separator wpb_content_element vc_separator_align_center vc_sep_width_100 vc_sep_pos_align_center vc_separator_no_text vc_sep_color_grey wpb_content_element  wpb_content_element\" ><span class=\"vc_sep_holder vc_sep_holder_l\"><span class=\"vc_sep_line\"><\/span><\/span><span class=\"vc_sep_holder vc_sep_holder_r\"><span class=\"vc_sep_line\"><\/span><\/span>\n<\/div> <div class=\"sc85_heading wpb_content_element regular center\"> <h1 class=\"title\" style=\"color:#000000\">\ud83c\uddf7\ud83c\uddf8 S\u00c9RVIA - \ud83c\uddf2\ud83c\uddf0 MACED\u00d3NIA - (TERMINADO)<\/h1> <\/div> <div class=\"sc85_button normal center\"><a title=\"Vota\u00e7\u00e3o p\u00fablica - Balc\u00e3s\" target=\"_blank\" class=\"button\">\ud83c\uddf7\ud83c\uddf8 S\u00c9RVIA - \ud83c\uddf2\ud83c\uddf0 MACED\u00d3NIA - VOTA\u00c7\u00c3O<\/a><\/div><div class=\"vc_empty_space\"   style=\"height: 32px\"><span class=\"vc_empty_space_inner\"><\/span><\/div><div class=\"vc_separator wpb_content_element vc_separator_align_center vc_sep_width_100 vc_sep_pos_align_center vc_separator_no_text vc_sep_color_grey wpb_content_element  wpb_content_element\" ><span class=\"vc_sep_holder vc_sep_holder_l\"><span class=\"vc_sep_line\"><\/span><\/span><span class=\"vc_sep_holder vc_sep_holder_r\"><span class=\"vc_sep_line\"><\/span><\/span>\n<\/div> <div class=\"sc85_heading wpb_content_element regular center\"> <h1 class=\"title\" style=\"color:#000000\">\ud83c\udfdd\ufe0f \ud83c\uddeb\ud83c\uddf7 CARAIBES - (FINISHED)<\/h1> <\/div> <div class=\"sc85_button normal center\"><a title=\"Vota\u00e7\u00e3o p\u00fablica - Cara\u00edbas\" target=\"_blank\" class=\"button\">\ud83c\udfdd\ufe0f \ud83c\uddeb\ud83c\uddf7 CARAIBES - VOTA\u00c7\u00c3O<\/a><\/div><div class=\"vc_empty_space\"   style=\"height: 32px\"><span class=\"vc_empty_space_inner\"><\/span><\/div><div class=\"vc_separator wpb_content_element vc_separator_align_center vc_sep_width_100 vc_sep_pos_align_center vc_separator_no_text vc_sep_color_grey wpb_content_element  wpb_content_element\" ><span class=\"vc_sep_holder vc_sep_holder_l\"><span class=\"vc_sep_line\"><\/span><\/span><span class=\"vc_sep_holder vc_sep_holder_r\"><span class=\"vc_sep_line\"><\/span><\/span>\n<\/div> <div class=\"sc85_heading wpb_content_element regular center\"> <h1 class=\"title\" style=\"color:#000000\">\ud83c\uddf3\ud83c\uddf1 PA\u00cdSES BAIXOS - (TERMINADO)<\/h1> <\/div> <div class=\"sc85_button normal center\"><a title=\"Vota\u00e7\u00e3o p\u00fablica - Pa\u00edses Baixos\" target=\"_blank\" class=\"button\">\ud83c\uddf3\ud83c\uddf1 PA\u00cdSES BAIXOS - VOTA\u00c7\u00c3O<\/a><\/div><div class=\"vc_empty_space\"   style=\"height: 32px\"><span class=\"vc_empty_space_inner\"><\/span><\/div><div class=\"vc_separator wpb_content_element vc_separator_align_center vc_sep_width_100 vc_sep_pos_align_center vc_separator_no_text vc_sep_color_grey wpb_content_element  wpb_content_element\" ><span class=\"vc_sep_holder vc_sep_holder_l\"><span class=\"vc_sep_line\"><\/span><\/span><span class=\"vc_sep_holder vc_sep_holder_r\"><span class=\"vc_sep_line\"><\/span><\/span>\n<\/div> <div class=\"sc85_heading wpb_content_element regular center\"> <h1 class=\"title\" style=\"color:#000000\">\ud83c\udde8\ud83c\udded SWITZERLAND - (TERMINADO)<\/h1> <\/div> <div class=\"sc85_button normal center\"><a title=\"Vota\u00e7\u00e3o p\u00fablica - Su\u00ed\u00e7a\" target=\"_blank\" class=\"button\">\ud83c\udde8\ud83c\udded SWITZERLAND - VOTE<\/a><\/div><div class=\"vc_empty_space\"   style=\"height: 32px\"><span class=\"vc_empty_space_inner\"><\/span><\/div><div class=\"vc_empty_space\"   style=\"height: 32px\"><span class=\"vc_empty_space_inner\"><\/span><\/div><div class=\"vc_separator wpb_content_element vc_separator_align_center vc_sep_width_100 vc_sep_pos_align_center vc_separator_no_text vc_sep_color_grey wpb_content_element  wpb_content_element\" ><span class=\"vc_sep_holder vc_sep_holder_l\"><span class=\"vc_sep_line\"><\/span><\/span><span class=\"vc_sep_holder vc_sep_holder_r\"><span class=\"vc_sep_line\"><\/span><\/span>\n<\/div>\n\t<div class=\"wpb_text_column wpb_content_element\" >\n\t\t<div class=\"wpb_wrapper\">\n\t\t\t<p style=\"text-align: center;\"><strong><a href=\"https:\/\/topmodeleurope.net\/pt\/success-stories\/\">CHANGE YOUR WORLD<\/a>\u00a0 \u272a\u00a0 <a href=\"https:\/\/topmodeleurope.net\/pt\/castings-schedule\/\">CASTINGS 2025-26<\/a>\u00a0 \u272a\u00a0 <a href=\"https:\/\/topmodeleurope.net\/pt\/casting-info\/\">INTERNATIONAL MODEL CONTEST<\/a><\/strong><\/p>\n\n\t\t<\/div>\n\t<\/div>\n<\/div><\/div><\/div><\/div><div class=\"vc_row wpb_row vc_row-fluid\"><div class=\"wpb_column vc_column_container vc_col-sm-12\"><div class=\"vc_column-inner\"><div class=\"wpb_wrapper\"><\/div><\/div><\/div><\/div>\n<\/div>","protected":false},"excerpt":{"rendered":"QUALIFICATION DES DEMI-FINALISTES : Le vote du public compte pour 30% - Le vote du jury compte pour 70% Prochains votes du public : site internet &amp; instagram. \ud83c\uddeb\ud83c\uddf7 FRANCE - \ud83c\udde7\ud83c\uddea BELGIQUE - (TERMIN\u00c9) \ud83c\uddeb\ud83c\uddf7 FRANCE - \ud83c\udde7\ud83c\uddea BELGIQUE - VOTE \ud83c\uddf5\ud83c\uddf9 PORTUGAL - (TERMIN\u00c9) \ud83c\uddf5\ud83c\uddf9 PORTUGAL - VOTE \ud83c\uddf7\ud83c\uddf8 SERBIE - \ud83c\uddf2\ud83c\uddf0 MACEDOINE [...]","protected":false},"author":1,"featured_media":0,"parent":0,"menu_order":15,"comment_status":"closed","ping_status":"closed","template":"","meta":{"sfsi_plus_gutenberg_text_before_share":"","sfsi_plus_gutenberg_show_text_before_share":"","sfsi_plus_gutenberg_icon_type":"","sfsi_plus_gutenberg_icon_alignemt":"","sfsi_plus_gutenburg_max_per_row":"","footnotes":""},"folder":[143,356],"class_list":["post-5052","page","type-page","status-publish","hentry"],"yoast_head":"<!-- This site is optimized with the Yoast SEO plugin v27.3 - https:\/\/yoast.com\/product\/yoast-seo-wordpress\/ -->\n<title>TOP MODEL EUROPE - PUBLIC VOTE<\/title>\n<meta name=\"description\" content=\"TOP MODEL EUROPE - VOTE FOR YOUR FAVORITE MODELS !\" \/>\n<meta name=\"robots\" content=\"index, follow, max-snippet:-1, max-image-preview:large, max-video-preview:-1\" \/>\n<link rel=\"canonical\" href=\"https:\/\/topmodeleurope.net\/pt\/votacao-publica\/\" \/>\n<meta property=\"og:locale\" content=\"pt_PT\" \/>\n<meta property=\"og:type\" content=\"article\" \/>\n<meta property=\"og:title\" content=\"TOP MODEL EUROPE - PUBLIC VOTE\" \/>\n<meta property=\"og:description\" content=\"TOP MODEL EUROPE - VOTE FOR YOUR FAVORITE MODELS !\" \/>\n<meta property=\"og:url\" content=\"https:\/\/topmodeleurope.net\/pt\/votacao-publica\/\" \/>\n<meta property=\"og:site_name\" content=\"TOP MODEL EUROPE\" \/>\n<meta property=\"article:publisher\" content=\"https:\/\/www.facebook.com\/topmodeleurope\/\" \/>\n<meta property=\"article:modified_time\" content=\"2025-10-27T16:38:21+00:00\" \/>\n<meta name=\"twitter:card\" content=\"summary_large_image\" \/>\n<meta name=\"twitter:label1\" content=\"Tempo estimado de leitura\" \/>\n\t<meta name=\"twitter:data1\" content=\"1 minuto\" \/>\n<script type=\"application\/ld+json\" class=\"yoast-schema-graph\">{\"@context\":\"https:\\\/\\\/schema.org\",\"@graph\":[{\"@type\":\"WebPage\",\"@id\":\"https:\\\/\\\/topmodeleurope.net\\\/public-vote\\\/\",\"url\":\"https:\\\/\\\/topmodeleurope.net\\\/public-vote\\\/\",\"name\":\"TOP MODEL EUROPE - PUBLIC VOTE\",\"isPartOf\":{\"@id\":\"https:\\\/\\\/topmodeleurope.net\\\/#website\"},\"datePublished\":\"2017-08-16T02:28:39+00:00\",\"dateModified\":\"2025-10-27T16:38:21+00:00\",\"description\":\"TOP MODEL EUROPE - VOTE FOR YOUR FAVORITE MODELS !\",\"breadcrumb\":{\"@id\":\"https:\\\/\\\/topmodeleurope.net\\\/public-vote\\\/#breadcrumb\"},\"inLanguage\":\"pt-PT\",\"potentialAction\":[{\"@type\":\"ReadAction\",\"target\":[\"https:\\\/\\\/topmodeleurope.net\\\/public-vote\\\/\"]}]},{\"@type\":\"BreadcrumbList\",\"@id\":\"https:\\\/\\\/topmodeleurope.net\\\/public-vote\\\/#breadcrumb\",\"itemListElement\":[{\"@type\":\"ListItem\",\"position\":1,\"name\":\"Accueil\",\"item\":\"https:\\\/\\\/topmodeleurope.net\\\/\"},{\"@type\":\"ListItem\",\"position\":2,\"name\":\"PUBLIC VOTE\"}]},{\"@type\":\"WebSite\",\"@id\":\"https:\\\/\\\/topmodeleurope.net\\\/#website\",\"url\":\"https:\\\/\\\/topmodeleurope.net\\\/\",\"name\":\"TOP MODEL EUROPE\",\"description\":\"World Model Contest\",\"publisher\":{\"@id\":\"https:\\\/\\\/topmodeleurope.net\\\/#organization\"},\"potentialAction\":[{\"@type\":\"SearchAction\",\"target\":{\"@type\":\"EntryPoint\",\"urlTemplate\":\"https:\\\/\\\/topmodeleurope.net\\\/?s={search_term_string}\"},\"query-input\":{\"@type\":\"PropertyValueSpecification\",\"valueRequired\":true,\"valueName\":\"search_term_string\"}}],\"inLanguage\":\"pt-PT\"},{\"@type\":\"Organization\",\"@id\":\"https:\\\/\\\/topmodeleurope.net\\\/#organization\",\"name\":\"TOP MODEL EUROPE\",\"url\":\"https:\\\/\\\/topmodeleurope.net\\\/\",\"logo\":{\"@type\":\"ImageObject\",\"inLanguage\":\"pt-PT\",\"@id\":\"https:\\\/\\\/topmodeleurope.net\\\/#\\\/schema\\\/logo\\\/image\\\/\",\"url\":\"https:\\\/\\\/topmodeleurope.net\\\/wp-content\\\/uploads\\\/2018\\\/04\\\/logo-tme.jpg\",\"contentUrl\":\"https:\\\/\\\/topmodeleurope.net\\\/wp-content\\\/uploads\\\/2018\\\/04\\\/logo-tme.jpg\",\"width\":960,\"height\":960,\"caption\":\"TOP MODEL EUROPE\"},\"image\":{\"@id\":\"https:\\\/\\\/topmodeleurope.net\\\/#\\\/schema\\\/logo\\\/image\\\/\"},\"sameAs\":[\"https:\\\/\\\/www.facebook.com\\\/topmodeleurope\\\/\",\"https:\\\/\\\/www.instagram.com\\\/topmodeleuropeofficial\\\/\",\"https:\\\/\\\/fr.wikipedia.org\\\/wiki\\\/Top_Model_Europe\"]}]}<\/script>\n<!-- \/ Yoast SEO plugin. -->","yoast_head_json":{"title":"TOP MODEL EUROPE - VOTA\u00c7\u00c3O DO P\u00daBLICO","description":"TOP MODEL EUROPE - VOTE NAS SUAS MODELOS PREFERIDAS!","robots":{"index":"index","follow":"follow","max-snippet":"max-snippet:-1","max-image-preview":"max-image-preview:large","max-video-preview":"max-video-preview:-1"},"canonical":"https:\/\/topmodeleurope.net\/pt\/votacao-publica\/","og_locale":"pt_PT","og_type":"article","og_title":"TOP MODEL EUROPE - PUBLIC VOTE","og_description":"TOP MODEL EUROPE - VOTE FOR YOUR FAVORITE MODELS !","og_url":"https:\/\/topmodeleurope.net\/pt\/votacao-publica\/","og_site_name":"TOP MODEL EUROPE","article_publisher":"https:\/\/www.facebook.com\/topmodeleurope\/","article_modified_time":"2025-10-27T16:38:21+00:00","twitter_card":"summary_large_image","twitter_misc":{"Tempo estimado de leitura":"1 minuto"},"schema":{"@context":"https:\/\/schema.org","@graph":[{"@type":"WebPage","@id":"https:\/\/topmodeleurope.net\/public-vote\/","url":"https:\/\/topmodeleurope.net\/public-vote\/","name":"TOP MODEL EUROPE - VOTA\u00c7\u00c3O DO P\u00daBLICO","isPartOf":{"@id":"https:\/\/topmodeleurope.net\/#website"},"datePublished":"2017-08-16T02:28:39+00:00","dateModified":"2025-10-27T16:38:21+00:00","description":"TOP MODEL EUROPE - VOTE NAS SUAS MODELOS PREFERIDAS!","breadcrumb":{"@id":"https:\/\/topmodeleurope.net\/public-vote\/#breadcrumb"},"inLanguage":"pt-PT","potentialAction":[{"@type":"ReadAction","target":["https:\/\/topmodeleurope.net\/public-vote\/"]}]},{"@type":"BreadcrumbList","@id":"https:\/\/topmodeleurope.net\/public-vote\/#breadcrumb","itemListElement":[{"@type":"ListItem","position":1,"name":"Accueil","item":"https:\/\/topmodeleurope.net\/"},{"@type":"ListItem","position":2,"name":"PUBLIC VOTE"}]},{"@type":"WebSite","@id":"https:\/\/topmodeleurope.net\/#website","url":"https:\/\/topmodeleurope.net\/","name":"TOP MODEL EUROPE","description":"Concurso Mundial de Modelos","publisher":{"@id":"https:\/\/topmodeleurope.net\/#organization"},"potentialAction":[{"@type":"SearchAction","target":{"@type":"EntryPoint","urlTemplate":"https:\/\/topmodeleurope.net\/?s={search_term_string}"},"query-input":{"@type":"PropertyValueSpecification","valueRequired":true,"valueName":"search_term_string"}}],"inLanguage":"pt-PT"},{"@type":"Organization","@id":"https:\/\/topmodeleurope.net\/#organization","name":"TOP MODEL EUROPE","url":"https:\/\/topmodeleurope.net\/","logo":{"@type":"ImageObject","inLanguage":"pt-PT","@id":"https:\/\/topmodeleurope.net\/#\/schema\/logo\/image\/","url":"https:\/\/topmodeleurope.net\/wp-content\/uploads\/2018\/04\/logo-tme.jpg","contentUrl":"https:\/\/topmodeleurope.net\/wp-content\/uploads\/2018\/04\/logo-tme.jpg","width":960,"height":960,"caption":"TOP MODEL EUROPE"},"image":{"@id":"https:\/\/topmodeleurope.net\/#\/schema\/logo\/image\/"},"sameAs":["https:\/\/www.facebook.com\/topmodeleurope\/","https:\/\/www.instagram.com\/topmodeleuropeofficial\/","https:\/\/fr.wikipedia.org\/wiki\/Top_Model_Europe"]}]}},"_links":{"self":[{"href":"https:\/\/topmodeleurope.net\/pt\/wp-json\/wp\/v2\/pages\/5052","targetHints":{"allow":["GET"]}}],"collection":[{"href":"https:\/\/topmodeleurope.net\/pt\/wp-json\/wp\/v2\/pages"}],"about":[{"href":"https:\/\/topmodeleurope.net\/pt\/wp-json\/wp\/v2\/types\/page"}],"author":[{"embeddable":true,"href":"https:\/\/topmodeleurope.net\/pt\/wp-json\/wp\/v2\/users\/1"}],"replies":[{"embeddable":true,"href":"https:\/\/topmodeleurope.net\/pt\/wp-json\/wp\/v2\/comments?post=5052"}],"version-history":[{"count":15,"href":"https:\/\/topmodeleurope.net\/pt\/wp-json\/wp\/v2\/pages\/5052\/revisions"}],"predecessor-version":[{"id":30321,"href":"https:\/\/topmodeleurope.net\/pt\/wp-json\/wp\/v2\/pages\/5052\/revisions\/30321"}],"wp:attachment":[{"href":"https:\/\/topmodeleurope.net\/pt\/wp-json\/wp\/v2\/media?parent=5052"}],"wp:term":[{"taxonomy":"folder","embeddable":true,"href":"https:\/\/topmodeleurope.net\/pt\/wp-json\/wp\/v2\/folder?post=5052"}],"curies":[{"name":"wp","href":"https:\/\/api.w.org\/{rel}","templated":true}]}}