{"id":30638,"date":"2025-12-22T05:31:15","date_gmt":"2025-12-22T04:31:15","guid":{"rendered":"https:\/\/topmodeleurope.net\/?page_id=30638"},"modified":"2025-12-22T22:09:01","modified_gmt":"2025-12-22T21:09:01","slug":"press-and-testimonials","status":"publish","type":"page","link":"https:\/\/topmodeleurope.net\/pt\/press-and-testimonials\/","title":{"rendered":"Imprensa e testemunhos"},"content":{"rendered":"<div class=\"wpb-content-wrapper\"><div class=\"vc_row wpb_row vc_row-fluid\"><div class=\"wpb_column vc_column_container vc_col-sm-12\"><div class=\"vc_column-inner\"><div class=\"wpb_wrapper\"><div class=\"vc_separator wpb_content_element vc_separator_align_center vc_sep_width_100 vc_sep_border_width_5 vc_sep_pos_align_center vc_separator_no_text vc_sep_color_grey wpb_content_element  wpb_content_element\" ><span class=\"vc_sep_holder vc_sep_holder_l\"><span class=\"vc_sep_line\"><\/span><\/span><span class=\"vc_sep_holder vc_sep_holder_r\"><span class=\"vc_sep_line\"><\/span><\/span>\n<\/div>\n\t<div class=\"wpb_text_column wpb_content_element\" >\n\t\t<div class=\"wpb_wrapper\">\n\t\t\t<p style=\"text-align: center;\" data-start=\"1016\" data-end=\"1229\">Esta p\u00e1gina re\u00fane uma sele\u00e7\u00e3o de artigos de imprensa, testemunhos e entrevistas publicados por meios de comunica\u00e7\u00e3o independentes, bem como discursos de profissionais do sector e de participantes no concurso Top Model Europe.<\/p>\n<p style=\"text-align: center;\" data-start=\"1236\" data-end=\"1439\">O seu objetivo \u00e9 documentar, de forma transparente, o funcionamento do concurso Top Model Europe, as carreiras dos candidatos e o impacto do concurso no mundo da moda internacional.<\/p>\n<p style=\"text-align: center;\" data-start=\"1446\" data-end=\"1567\">Cada conte\u00fado \u00e9 acompanhado da sua fonte para garantir que a informa\u00e7\u00e3o \u00e9 verific\u00e1vel, contextualizada e independente.<\/p>\n\n\t\t<\/div>\n\t<\/div>\n<div class=\"vc_separator wpb_content_element vc_separator_align_center vc_sep_width_100 vc_sep_border_width_5 vc_sep_pos_align_center vc_separator_no_text vc_sep_color_grey wpb_content_element  wpb_content_element\" ><span class=\"vc_sep_holder vc_sep_holder_l\"><span class=\"vc_sep_line\"><\/span><\/span><span class=\"vc_sep_holder vc_sep_holder_r\"><span class=\"vc_sep_line\"><\/span><\/span>\n<\/div><\/div><\/div><\/div><\/div><div class=\"vc_row wpb_row vc_row-fluid\"><div class=\"wpb_column vc_column_container vc_col-sm-4 vc_col-has-fill\"><div class=\"vc_column-inner vc_custom_1766378171468\"><div class=\"wpb_wrapper\">\n\t<div class=\"wpb_single_image wpb_content_element vc_align_left  vc_custom_1766435388803\">\n\t\t\n\t\t<figure class=\"wpb_wrapper vc_figure\">\n\t\t\t<a href=\"https:\/\/topmodeleurope.net\/wp-content\/uploads\/2025\/12\/top-model-europe-press-lou-2025-675x1200.jpg\" target=\"_self\" class=\"vc_single_image-wrapper   vc_box_border_grey\"><img loading=\"lazy\" decoding=\"async\" width=\"1080\" height=\"1920\" src=\"https:\/\/topmodeleurope.net\/wp-content\/uploads\/2025\/12\/top-model-europe-press-lou-2025.jpg\" class=\"vc_single_image-img attachment-full\" alt=\"Artigo de imprensa sobre Lou, finalista da Top Model Europe\" title=\"Top Model Europe - Artigo de imprensa sobre Lou\" \/><\/a>\n\t\t<\/figure>\n\t<\/div>\n<\/div><\/div><\/div><div class=\"wpb_column vc_column_container vc_col-sm-8\"><div class=\"vc_column-inner\"><div class=\"wpb_wrapper\"> <div class=\"sc85_heading wpb_content_element impact left\"> <h3 class=\"title\">Imprensa<cite class=\"separator\"><\/cite><\/h3> <div class=\"subtitle\">Lou (17) - Finalista: \u00abEsta experi\u00eancia aumentou a minha auto-confian\u00e7a\u00bb.\u00bb<\/div> <\/div> \n\t<div class=\"wpb_text_column wpb_content_element\" >\n\t\t<div class=\"wpb_wrapper\">\n\t\t\t<p data-start=\"365\" data-end=\"589\"><strong>RESUMO<\/strong> Lou, 17 anos, da Normandia, foi selecionada como uma das finalistas do concurso internacional Top Model Europe, na sequ\u00eancia de um processo de sele\u00e7\u00e3o que envolveu dezenas de milhares de candidatas.<\/p>\n<p data-start=\"591\" data-end=\"1074\">Na final de Bruxelas, participou nos ensaios, na forma\u00e7\u00e3o e nos desfiles oficiais num ambiente profissional, ao lado de criadores de moda e sob o olhar atento de um j\u00fari especializado. Em particular, foi escolhida pela casa de moda Caroline Bouvier para vestir uma cria\u00e7\u00e3o durante os desfiles, o que lhe permitiu conhecer as exig\u00eancias da profiss\u00e3o de modelo em condi\u00e7\u00f5es reais (bastidores, prepara\u00e7\u00e3o, passagens sucessivas na passerelle).<\/p>\n<p data-start=\"1076\" data-end=\"1507\">Embora n\u00e3o tenha ganho o t\u00edtulo, Lou explica que a experi\u00eancia aumentou a sua auto-confian\u00e7a e confirmou o seu interesse pelo mundo da moda, que espera continuar a desenvolver. O artigo sublinha o papel do concurso como trampolim, permitindo aos jovens participantes testarem-se em rela\u00e7\u00e3o a padr\u00f5es profissionais e obterem acesso a oportunidades iniciais (sess\u00f5es fotogr\u00e1ficas, contratos de desenvolvimento, eventos).<\/p>\n\n\t\t<\/div>\n\t<\/div>\n<div class=\"vc_empty_space\"   style=\"height: 60px\"><span class=\"vc_empty_space_inner\"><\/span><\/div><div class=\"vc_separator wpb_content_element vc_separator_align_center vc_sep_width_100 vc_sep_pos_align_center vc_separator_no_text vc_sep_color_grey wpb_content_element  wpb_content_element\" ><span class=\"vc_sep_holder vc_sep_holder_l\"><span class=\"vc_sep_line\"><\/span><\/span><span class=\"vc_sep_holder vc_sep_holder_r\"><span class=\"vc_sep_line\"><\/span><\/span>\n<\/div>\n\t<div class=\"wpb_raw_code wpb_raw_html wpb_content_element\" >\n\t\t<div class=\"wpb_wrapper\">\n\t\t\t<div class=\"tme-sources\" style=\"font-size:10px; line-height:1.35; opacity:0.8; margin-top:14px;\">\n  <div><strong>Fonte :<\/strong> Actu.fr (Fran\u00e7a) - Nathan Blouin - 11\/12\/2025<\/div>\n  <div><strong>Liga\u00e7\u00e3o ao s\u00edtio Web<\/strong> <a href=\"https:\/\/actu.fr\/normandie\/landes-sur-ajon_14353\/a-17-ans-lou-a-defile-devant-les-plus-grands-createurs-en-finale-de-top-model-europe-ca-ma-convaincue_63561900.html\" target=\"_blank\" rel=\"noopener noreferrer\">Artigo original<\/a><\/div>\n<\/div>\n\n\t\t<\/div>\n\t<\/div>\n<\/div><\/div><\/div><\/div><div class=\"vc_row wpb_row vc_row-fluid\"><div class=\"wpb_column vc_column_container vc_col-sm-12\"><div class=\"vc_column-inner\"><div class=\"wpb_wrapper\"><div class=\"vc_empty_space\"   style=\"height: 32px\"><span class=\"vc_empty_space_inner\"><\/span><\/div><div class=\"vc_separator wpb_content_element vc_separator_align_center vc_sep_width_100 vc_sep_border_width_5 vc_sep_pos_align_center vc_separator_no_text vc_sep_color_grey wpb_content_element  wpb_content_element\" ><span class=\"vc_sep_holder vc_sep_holder_l\"><span class=\"vc_sep_line\"><\/span><\/span><span class=\"vc_sep_holder vc_sep_holder_r\"><span class=\"vc_sep_line\"><\/span><\/span>\n<\/div><\/div><\/div><\/div><\/div><div class=\"vc_row wpb_row vc_row-fluid\"><div class=\"wpb_column vc_column_container vc_col-sm-4 vc_col-has-fill\"><div class=\"vc_column-inner vc_custom_1766378171468\"><div class=\"wpb_wrapper\">\n\t<div class=\"wpb_single_image wpb_content_element vc_align_left  vc_custom_1766435397736\">\n\t\t\n\t\t<figure class=\"wpb_wrapper vc_figure\">\n\t\t\t<a href=\"https:\/\/topmodeleurope.net\/wp-content\/uploads\/2025\/12\/top-model-europe-press-mathis-2025-675x1200.jpg\" target=\"_self\" class=\"vc_single_image-wrapper   vc_box_border_grey\"><img loading=\"lazy\" decoding=\"async\" width=\"1080\" height=\"1920\" src=\"https:\/\/topmodeleurope.net\/wp-content\/uploads\/2025\/12\/top-model-europe-press-mathis-2025.jpg\" class=\"vc_single_image-img attachment-full\" alt=\"Artigo de imprensa sobre Mathis, finalista do concurso Top Model Europe\" title=\"top-model-europe-press-mathis-2025\" \/><\/a>\n\t\t<\/figure>\n\t<\/div>\n<\/div><\/div><\/div><div class=\"wpb_column vc_column_container vc_col-sm-8\"><div class=\"vc_column-inner\"><div class=\"wpb_wrapper\"> <div class=\"sc85_heading wpb_content_element impact left\"> <h3 class=\"title\">Imprensa<cite class=\"separator\"><\/cite><\/h3> <div class=\"subtitle\">Mathis (16) - Finalista: \u00abUma experi\u00eancia incr\u00edvel... algo surreal\u00bb.\u00bb<\/div> <\/div> \n\t<div class=\"wpb_text_column wpb_content_element\" >\n\t\t<div class=\"wpb_wrapper\">\n\t\t\t<p data-start=\"365\" data-end=\"589\"><strong>RESUMO<\/strong> Mathis, de 16 anos, de Seine-et-Marne, participou pela primeira vez na final do mundialmente famoso concurso de modelos Top Model Europe, que se realizou em Bruxelas em novembro de 2025.<\/p>\n<p data-start=\"419\" data-end=\"692\">Sem qualquer experi\u00eancia anterior no sector, participou no concurso por iniciativa da sua m\u00e3e. Ap\u00f3s v\u00e1rias rondas de sele\u00e7\u00e3o entre mais de 25.000 candidatos, foi escolhido como um de um grupo selecionado de finalistas para desfilar perante profissionais da moda.<\/p>\n<p data-start=\"694\" data-end=\"1073\">Antes da final, Mathis frequentou uma s\u00e9rie de cursos de prepara\u00e7\u00e3o, centrados na postura, abordagem, gest\u00e3o emocional e express\u00e3o c\u00e9nica. Ele explica que estas etapas s\u00e3o cruciais quando se est\u00e1 a come\u00e7ar: <em data-start=\"911\" data-end=\"1073\">\u00abNo in\u00edcio, quando n\u00e3o se tem experi\u00eancia, \u00e9 dif\u00edcil habituarmo-nos. Mas n\u00e3o demora muito para aprender a andar como os profissionais e entrar no ritmo das coisas.\u00bb<\/em><\/p>\n<p data-start=\"1075\" data-end=\"1382\">Na final, desfilou na passerelle num ambiente profissional e foi escolhido por uma estilista para apresentar uma das suas cria\u00e7\u00f5es. Ele descreve o evento como <em data-start=\"1235\" data-end=\"1266\">\u00abuma experi\u00eancia incr\u00edvel\u00bb<\/em> e <em data-start=\"1270\" data-end=\"1304\">\u00abalgo surrealista\u00bb<\/em>, O evento foi marcado por interc\u00e2mbios com designers e pelo apoio m\u00fatuo entre os participantes.<\/p>\n<p data-start=\"1384\" data-end=\"1726\">Apesar de n\u00e3o ter subido ao p\u00f3dio, Mathis afirma que a experi\u00eancia lhe deu confian\u00e7a e uma verdadeira vis\u00e3o do mundo da modela\u00e7\u00e3o. Diz tamb\u00e9m que a sua participa\u00e7\u00e3o na final lhe permitiu obter v\u00e1rios contratos como modelo fotogr\u00e1fico e n\u00e3o exclui a possibilidade de repetir a experi\u00eancia.<\/p>\n\n\t\t<\/div>\n\t<\/div>\n<div class=\"vc_empty_space\"   style=\"height: 15px\"><span class=\"vc_empty_space_inner\"><\/span><\/div><div class=\"vc_separator wpb_content_element vc_separator_align_center vc_sep_width_100 vc_sep_pos_align_center vc_separator_no_text vc_sep_color_grey wpb_content_element  wpb_content_element\" ><span class=\"vc_sep_holder vc_sep_holder_l\"><span class=\"vc_sep_line\"><\/span><\/span><span class=\"vc_sep_holder vc_sep_holder_r\"><span class=\"vc_sep_line\"><\/span><\/span>\n<\/div>\n\t<div class=\"wpb_raw_code wpb_raw_html wpb_content_element\" >\n\t\t<div class=\"wpb_wrapper\">\n\t\t\t<div class=\"tme-sources\" style=\"font-size:10px; line-height:1.5; color:rgba(0,0,0,.65); margin-top:14px;\">\n  <p style=\"margin:0 0 6px 0;\">\n    <strong>Fonte :<\/strong> Actu.fr (Fran\u00e7a) - Benjamin Forant - 17\/12\/2025\n  <\/p>\n  <p style=\"margin:0;\">\n    <strong>Liga\u00e7\u00e3o ao s\u00edtio Web<\/strong>\n    <a href=\"https:\/\/actu.fr\/ile-de-france\/mitry-mory_77294\/en-seine-et-marne-un-ado-de-16-ans-participe-a-la-finale-dun-concours-de-mannequinat-mondialement-connu_63591442.html\"\n       target=\"_blank\"\n       rel=\"noopener noreferrer\"\n       style=\"color:inherit; text-decoration:underline;\">\n      Artigo original\n    <\/a>\n  <\/p>\n<\/div>\n\n\t\t<\/div>\n\t<\/div>\n<\/div><\/div><\/div><\/div><div class=\"vc_row wpb_row vc_row-fluid\"><div class=\"wpb_column vc_column_container vc_col-sm-12\"><div class=\"vc_column-inner\"><div class=\"wpb_wrapper\"><div class=\"vc_empty_space\"   style=\"height: 32px\"><span class=\"vc_empty_space_inner\"><\/span><\/div><div class=\"vc_separator wpb_content_element vc_separator_align_center vc_sep_width_100 vc_sep_border_width_5 vc_sep_pos_align_center vc_separator_no_text vc_sep_color_grey wpb_content_element  wpb_content_element\" ><span class=\"vc_sep_holder vc_sep_holder_l\"><span class=\"vc_sep_line\"><\/span><\/span><span class=\"vc_sep_holder vc_sep_holder_r\"><span class=\"vc_sep_line\"><\/span><\/span>\n<\/div><\/div><\/div><\/div><\/div><div class=\"vc_row wpb_row vc_row-fluid\"><div class=\"wpb_column vc_column_container vc_col-sm-4 vc_col-has-fill\"><div class=\"vc_column-inner vc_custom_1766378171468\"><div class=\"wpb_wrapper\">\n\t<div class=\"wpb_single_image wpb_content_element vc_align_left  vc_custom_1766436407896\">\n\t\t\n\t\t<figure class=\"wpb_wrapper vc_figure\">\n\t\t\t<a href=\"https:\/\/topmodeleurope.net\/wp-content\/uploads\/2025\/12\/top-model-europe-press-tom-2025-701x1200.jpg\" target=\"_self\" class=\"vc_single_image-wrapper   vc_box_border_grey\"><img loading=\"lazy\" decoding=\"async\" width=\"802\" height=\"1372\" src=\"https:\/\/topmodeleurope.net\/wp-content\/uploads\/2025\/12\/top-model-europe-press-tom-2025.jpg\" class=\"vc_single_image-img attachment-full\" alt=\"Artigo de imprensa sobre Tom, vencedor do concurso Top Model Europe 2025\" title=\"top-model-europe-press-tom-2025\" \/><\/a>\n\t\t<\/figure>\n\t<\/div>\n<\/div><\/div><\/div><div class=\"wpb_column vc_column_container vc_col-sm-8\"><div class=\"vc_column-inner\"><div class=\"wpb_wrapper\"> <div class=\"sc85_heading wpb_content_element impact left\"> <h3 class=\"title\">Imprensa<cite class=\"separator\"><\/cite><\/h3> <div class=\"subtitle\">Tom (19) - Vencedor: \u00abO modelo preferido de Jean-Paul Gaultier, ... no intervalo, veio ter comigo para me dar alguns conselhos\u00bb.\u00bb<\/div> <\/div> \n\t<div class=\"wpb_text_column wpb_content_element\" >\n\t\t<div class=\"wpb_wrapper\">\n\t\t\t<p data-start=\"302\" data-end=\"513\"><strong>RESUMO<\/strong> Top Model Europe 2025: Tom, de 19 anos, de Montluel (Ain), venceu a final do Top Model Europe 2025, tendo sido escolhido entre cerca de 95 finalistas, ap\u00f3s um processo de sele\u00e7\u00e3o que atraiu inicialmente quase 25 000 candidatos.<\/p>\n<p data-start=\"515\" data-end=\"835\">O artigo destaca os crit\u00e9rios avaliados durante a final (desenvoltura, marcha, presen\u00e7a no p\u00f3dio) e a aten\u00e7\u00e3o prestada por um painel de profissionais. Tom ter\u00e1 recebido conselhos nos bastidores de Lazaro Cuervo Costa, o modelo preferido de Jean-Paul Gaultier, que fazia parte do j\u00fari.<\/p>\n<p data-start=\"837\" data-end=\"1227\">Embora as primeiras solicita\u00e7\u00f5es profissionais j\u00e1 tenham come\u00e7ado, Tom insiste numa abordagem estruturada e ponderada. Quer manter a cabe\u00e7a fria, recusando algumas ofertas se necess\u00e1rio e dando prioridade aos seus estudos em gest\u00e3o e administra\u00e7\u00e3o, enquanto abre gradualmente oportunidades no mundo da moda. Atualmente, encontra-se em Paris para uma sess\u00e3o fotogr\u00e1fica.<\/p>\n<p data-start=\"1229\" data-end=\"1430\">Todo o artigo apresenta o concurso como um trampolim para o desenvolvimento da carreira, sublinhando a import\u00e2ncia do apoio, de um enquadramento e de um calend\u00e1rio realista na constru\u00e7\u00e3o de um percurso profissional.<\/p>\n\n\t\t<\/div>\n\t<\/div>\n<div class=\"vc_empty_space\"   style=\"height: 60px\"><span class=\"vc_empty_space_inner\"><\/span><\/div><div class=\"vc_separator wpb_content_element vc_separator_align_center vc_sep_width_100 vc_sep_pos_align_center vc_separator_no_text vc_sep_color_grey wpb_content_element  wpb_content_element\" ><span class=\"vc_sep_holder vc_sep_holder_l\"><span class=\"vc_sep_line\"><\/span><\/span><span class=\"vc_sep_holder vc_sep_holder_r\"><span class=\"vc_sep_line\"><\/span><\/span>\n<\/div>\n\t<div class=\"wpb_raw_code wpb_raw_html wpb_content_element\" >\n\t\t<div class=\"wpb_wrapper\">\n\t\t\t<div class=\"tme-sources\" style=\"font-size:10px; line-height:1.5; color:rgba(0,0,0,.65); margin-top:14px;\">\n  <p style=\"margin:0 0 6px 0;\">\n    <strong>Fonte :<\/strong> Le Progr\u00e8s (Fran\u00e7a) - Cl\u00e9mence Outteryck - 06\/12\/2025\n  <\/p>\n  <p style=\"margin:0;\">\n    <strong>Liga\u00e7\u00e3o ao s\u00edtio Web<\/strong>\n    <a href=\"https:\/\/www.leprogres.fr\/magazine-lifestyle\/2025\/12\/06\/tom-despierres-laureat-du-concours-top-model-europe\"\n       target=\"_blank\"\n       rel=\"noopener noreferrer\"\n       style=\"color:inherit; text-decoration:underline;\">\n      Artigo original\n    <\/a>\n  <\/p>\n<\/div>\n\n\t\t<\/div>\n\t<\/div>\n<\/div><\/div><\/div><\/div><div class=\"vc_row wpb_row vc_row-fluid\"><div class=\"wpb_column vc_column_container vc_col-sm-12\"><div class=\"vc_column-inner\"><div class=\"wpb_wrapper\"><div class=\"vc_empty_space\"   style=\"height: 32px\"><span class=\"vc_empty_space_inner\"><\/span><\/div><div class=\"vc_separator wpb_content_element vc_separator_align_center vc_sep_width_100 vc_sep_border_width_5 vc_sep_pos_align_center vc_separator_no_text vc_sep_color_grey wpb_content_element  wpb_content_element\" ><span class=\"vc_sep_holder vc_sep_holder_l\"><span class=\"vc_sep_line\"><\/span><\/span><span class=\"vc_sep_holder vc_sep_holder_r\"><span class=\"vc_sep_line\"><\/span><\/span>\n<\/div>\n\t<div class=\"wpb_text_column wpb_content_element\" >\n\t\t<div class=\"wpb_wrapper\">\n\t\t\t<p style=\"text-align: center;\"><strong><a href=\"https:\/\/topmodeleurope.net\/pt\/success-stories\/\">CHANGE YOUR WORLD<\/a>\u00a0 \u272a\u00a0 <a href=\"https:\/\/topmodeleurope.net\/pt\/castings-schedule\/\">CASTINGS 2026<\/a>\u00a0 \u272a\u00a0 <a href=\"https:\/\/topmodeleurope.net\/pt\/casting-info\/\">INTERNATIONAL MODEL CONTEST<\/a><\/strong><\/p>\n\n\t\t<\/div>\n\t<\/div>\n<\/div><\/div><\/div><\/div>\n<\/div>","protected":false},"excerpt":{"rendered":"Cette page rassemble une s\u00e9lection d\u2019articles de presse, t\u00e9moignages et interviews publi\u00e9s par des m\u00e9dias ind\u00e9pendants, ainsi que des prises de parole de professionnels du secteur et de participants au concours Top Model Europe. Elle vise \u00e0 documenter, de mani\u00e8re transparente, le fonctionnement du concours Top Model Europe, le parcours des candidats et l\u2019impact du [...]","protected":false},"author":1,"featured_media":0,"parent":0,"menu_order":3,"comment_status":"closed","ping_status":"closed","template":"","meta":{"sfsi_plus_gutenberg_text_before_share":"","sfsi_plus_gutenberg_show_text_before_share":"","sfsi_plus_gutenberg_icon_type":"","sfsi_plus_gutenberg_icon_alignemt":"","sfsi_plus_gutenburg_max_per_row":"","footnotes":""},"folder":[230],"class_list":["post-30638","page","type-page","status-publish","hentry"],"yoast_head":"<!-- This site is optimized with the Yoast SEO plugin v27.5 - https:\/\/yoast.com\/product\/yoast-seo-wordpress\/ -->\n<title>PRESS &amp; T\u00c9MOIGNAGES - TOP MODEL EUROPE<\/title>\n<meta name=\"description\" content=\"Articles de presse, t\u00e9moignages et interviews mettant en lumi\u00e8re les candidats, designers et l\u2019impact international de Top Model Europe dans la mode.\" \/>\n<meta name=\"robots\" content=\"index, follow, max-snippet:-1, max-image-preview:large, max-video-preview:-1\" \/>\n<link rel=\"canonical\" href=\"https:\/\/topmodeleurope.net\/pt\/press-and-testimonials\/\" \/>\n<meta property=\"og:locale\" content=\"pt_PT\" \/>\n<meta property=\"og:type\" content=\"article\" \/>\n<meta property=\"og:title\" content=\"PRESS &amp; T\u00c9MOIGNAGES - TOP MODEL EUROPE\" \/>\n<meta property=\"og:description\" content=\"Articles de presse, t\u00e9moignages et interviews mettant en lumi\u00e8re les candidats, designers et l\u2019impact international de Top Model Europe dans la mode.\" \/>\n<meta property=\"og:url\" content=\"https:\/\/topmodeleurope.net\/pt\/press-and-testimonials\/\" \/>\n<meta property=\"og:site_name\" content=\"TOP MODEL EUROPE\" \/>\n<meta property=\"article:publisher\" content=\"https:\/\/www.facebook.com\/topmodeleurope\/\" \/>\n<meta property=\"article:modified_time\" content=\"2025-12-22T21:09:01+00:00\" \/>\n<meta name=\"twitter:card\" content=\"summary_large_image\" \/>\n<meta name=\"twitter:label1\" content=\"Tempo estimado de leitura\" \/>\n\t<meta name=\"twitter:data1\" content=\"5 minutos\" \/>\n<script type=\"application\/ld+json\" class=\"yoast-schema-graph\">{\"@context\":\"https:\\\/\\\/schema.org\",\"@graph\":[{\"@type\":\"WebPage\",\"@id\":\"https:\\\/\\\/topmodeleurope.net\\\/press-and-testimonials\\\/\",\"url\":\"https:\\\/\\\/topmodeleurope.net\\\/press-and-testimonials\\\/\",\"name\":\"PRESS & T\u00c9MOIGNAGES - TOP MODEL EUROPE\",\"isPartOf\":{\"@id\":\"https:\\\/\\\/topmodeleurope.net\\\/#website\"},\"datePublished\":\"2025-12-22T04:31:15+00:00\",\"dateModified\":\"2025-12-22T21:09:01+00:00\",\"description\":\"Articles de presse, t\u00e9moignages et interviews mettant en lumi\u00e8re les candidats, designers et l\u2019impact international de Top Model Europe dans la mode.\",\"breadcrumb\":{\"@id\":\"https:\\\/\\\/topmodeleurope.net\\\/press-and-testimonials\\\/#breadcrumb\"},\"inLanguage\":\"pt-PT\",\"potentialAction\":[{\"@type\":\"ReadAction\",\"target\":[\"https:\\\/\\\/topmodeleurope.net\\\/press-and-testimonials\\\/\"]}]},{\"@type\":\"BreadcrumbList\",\"@id\":\"https:\\\/\\\/topmodeleurope.net\\\/press-and-testimonials\\\/#breadcrumb\",\"itemListElement\":[{\"@type\":\"ListItem\",\"position\":1,\"name\":\"Accueil\",\"item\":\"https:\\\/\\\/topmodeleurope.net\\\/\"},{\"@type\":\"ListItem\",\"position\":2,\"name\":\"Presse &#038; T\u00e9moignages\"}]},{\"@type\":\"WebSite\",\"@id\":\"https:\\\/\\\/topmodeleurope.net\\\/#website\",\"url\":\"https:\\\/\\\/topmodeleurope.net\\\/\",\"name\":\"TOP MODEL EUROPE\",\"description\":\"World Model Contest\",\"publisher\":{\"@id\":\"https:\\\/\\\/topmodeleurope.net\\\/#organization\"},\"potentialAction\":[{\"@type\":\"SearchAction\",\"target\":{\"@type\":\"EntryPoint\",\"urlTemplate\":\"https:\\\/\\\/topmodeleurope.net\\\/?s={search_term_string}\"},\"query-input\":{\"@type\":\"PropertyValueSpecification\",\"valueRequired\":true,\"valueName\":\"search_term_string\"}}],\"inLanguage\":\"pt-PT\"},{\"@type\":\"Organization\",\"@id\":\"https:\\\/\\\/topmodeleurope.net\\\/#organization\",\"name\":\"TOP MODEL EUROPE\",\"url\":\"https:\\\/\\\/topmodeleurope.net\\\/\",\"logo\":{\"@type\":\"ImageObject\",\"inLanguage\":\"pt-PT\",\"@id\":\"https:\\\/\\\/topmodeleurope.net\\\/#\\\/schema\\\/logo\\\/image\\\/\",\"url\":\"https:\\\/\\\/topmodeleurope.net\\\/wp-content\\\/uploads\\\/2018\\\/04\\\/logo-tme.jpg\",\"contentUrl\":\"https:\\\/\\\/topmodeleurope.net\\\/wp-content\\\/uploads\\\/2018\\\/04\\\/logo-tme.jpg\",\"width\":960,\"height\":960,\"caption\":\"TOP MODEL EUROPE\"},\"image\":{\"@id\":\"https:\\\/\\\/topmodeleurope.net\\\/#\\\/schema\\\/logo\\\/image\\\/\"},\"sameAs\":[\"https:\\\/\\\/www.facebook.com\\\/topmodeleurope\\\/\",\"https:\\\/\\\/www.instagram.com\\\/topmodeleuropeofficial\\\/\",\"https:\\\/\\\/fr.wikipedia.org\\\/wiki\\\/Top_Model_Europe\"]}]}<\/script>\n<!-- \/ Yoast SEO plugin. -->","yoast_head_json":{"title":"IMPRENSA E TESTEMUNHOS - TOP MODEL EUROPE","description":"Artigos de imprensa, testemunhos e entrevistas que destacam os candidatos, os criadores e o impacto internacional da Top Model Europe na moda.","robots":{"index":"index","follow":"follow","max-snippet":"max-snippet:-1","max-image-preview":"max-image-preview:large","max-video-preview":"max-video-preview:-1"},"canonical":"https:\/\/topmodeleurope.net\/pt\/press-and-testimonials\/","og_locale":"pt_PT","og_type":"article","og_title":"PRESS & T\u00c9MOIGNAGES - TOP MODEL EUROPE","og_description":"Articles de presse, t\u00e9moignages et interviews mettant en lumi\u00e8re les candidats, designers et l\u2019impact international de Top Model Europe dans la mode.","og_url":"https:\/\/topmodeleurope.net\/pt\/press-and-testimonials\/","og_site_name":"TOP MODEL EUROPE","article_publisher":"https:\/\/www.facebook.com\/topmodeleurope\/","article_modified_time":"2025-12-22T21:09:01+00:00","twitter_card":"summary_large_image","twitter_misc":{"Tempo estimado de leitura":"5 minutos"},"schema":{"@context":"https:\/\/schema.org","@graph":[{"@type":"WebPage","@id":"https:\/\/topmodeleurope.net\/press-and-testimonials\/","url":"https:\/\/topmodeleurope.net\/press-and-testimonials\/","name":"IMPRENSA E TESTEMUNHOS - TOP MODEL EUROPE","isPartOf":{"@id":"https:\/\/topmodeleurope.net\/#website"},"datePublished":"2025-12-22T04:31:15+00:00","dateModified":"2025-12-22T21:09:01+00:00","description":"Artigos de imprensa, testemunhos e entrevistas que destacam os candidatos, os criadores e o impacto internacional da Top Model Europe na moda.","breadcrumb":{"@id":"https:\/\/topmodeleurope.net\/press-and-testimonials\/#breadcrumb"},"inLanguage":"pt-PT","potentialAction":[{"@type":"ReadAction","target":["https:\/\/topmodeleurope.net\/press-and-testimonials\/"]}]},{"@type":"BreadcrumbList","@id":"https:\/\/topmodeleurope.net\/press-and-testimonials\/#breadcrumb","itemListElement":[{"@type":"ListItem","position":1,"name":"Accueil","item":"https:\/\/topmodeleurope.net\/"},{"@type":"ListItem","position":2,"name":"Presse &#038; T\u00e9moignages"}]},{"@type":"WebSite","@id":"https:\/\/topmodeleurope.net\/#website","url":"https:\/\/topmodeleurope.net\/","name":"TOP MODEL EUROPE","description":"Concurso Mundial de Modelos","publisher":{"@id":"https:\/\/topmodeleurope.net\/#organization"},"potentialAction":[{"@type":"SearchAction","target":{"@type":"EntryPoint","urlTemplate":"https:\/\/topmodeleurope.net\/?s={search_term_string}"},"query-input":{"@type":"PropertyValueSpecification","valueRequired":true,"valueName":"search_term_string"}}],"inLanguage":"pt-PT"},{"@type":"Organization","@id":"https:\/\/topmodeleurope.net\/#organization","name":"TOP MODEL EUROPE","url":"https:\/\/topmodeleurope.net\/","logo":{"@type":"ImageObject","inLanguage":"pt-PT","@id":"https:\/\/topmodeleurope.net\/#\/schema\/logo\/image\/","url":"https:\/\/topmodeleurope.net\/wp-content\/uploads\/2018\/04\/logo-tme.jpg","contentUrl":"https:\/\/topmodeleurope.net\/wp-content\/uploads\/2018\/04\/logo-tme.jpg","width":960,"height":960,"caption":"TOP MODEL EUROPE"},"image":{"@id":"https:\/\/topmodeleurope.net\/#\/schema\/logo\/image\/"},"sameAs":["https:\/\/www.facebook.com\/topmodeleurope\/","https:\/\/www.instagram.com\/topmodeleuropeofficial\/","https:\/\/fr.wikipedia.org\/wiki\/Top_Model_Europe"]}]}},"_links":{"self":[{"href":"https:\/\/topmodeleurope.net\/pt\/wp-json\/wp\/v2\/pages\/30638","targetHints":{"allow":["GET"]}}],"collection":[{"href":"https:\/\/topmodeleurope.net\/pt\/wp-json\/wp\/v2\/pages"}],"about":[{"href":"https:\/\/topmodeleurope.net\/pt\/wp-json\/wp\/v2\/types\/page"}],"author":[{"embeddable":true,"href":"https:\/\/topmodeleurope.net\/pt\/wp-json\/wp\/v2\/users\/1"}],"replies":[{"embeddable":true,"href":"https:\/\/topmodeleurope.net\/pt\/wp-json\/wp\/v2\/comments?post=30638"}],"version-history":[{"count":44,"href":"https:\/\/topmodeleurope.net\/pt\/wp-json\/wp\/v2\/pages\/30638\/revisions"}],"predecessor-version":[{"id":30689,"href":"https:\/\/topmodeleurope.net\/pt\/wp-json\/wp\/v2\/pages\/30638\/revisions\/30689"}],"wp:attachment":[{"href":"https:\/\/topmodeleurope.net\/pt\/wp-json\/wp\/v2\/media?parent=30638"}],"wp:term":[{"taxonomy":"folder","embeddable":true,"href":"https:\/\/topmodeleurope.net\/pt\/wp-json\/wp\/v2\/folder?post=30638"}],"curies":[{"name":"wp","href":"https:\/\/api.w.org\/{rel}","templated":true}]}}