{"id":29729,"date":"2025-09-16T13:19:53","date_gmt":"2025-09-16T11:19:53","guid":{"rendered":"https:\/\/topmodeleurope.net\/?page_id=29729"},"modified":"2025-09-16T13:19:53","modified_gmt":"2025-09-16T11:19:53","slug":"show-balkans","status":"publish","type":"page","link":"https:\/\/topmodeleurope.net\/pt\/show-balkans\/","title":{"rendered":"DESFILES DE MODA - BALC\u00c3S"},"content":{"rendered":"<div class=\"wpb-content-wrapper\"><div class=\"vc_row wpb_row vc_row-fluid\"><div class=\"wpb_column vc_column_container vc_col-sm-12\"><div class=\"vc_column-inner\"><div class=\"wpb_wrapper\"> <div class=\"sc85_heading wpb_content_element bold center\"> <h1 class=\"title\">TOP MODEL EUROPE \u2013 BALKANS<cite class=\"separator\"><\/cite><\/h1> <div class=\"subtitle\">ESPECT\u00c1CULO FINAL 2025 - BELGRADO<\/div> <\/div> <div class=\"vc_separator wpb_content_element vc_separator_align_center vc_sep_width_100 vc_sep_pos_align_center vc_separator_no_text vc_sep_color_grey wpb_content_element  wpb_content_element\" ><span class=\"vc_sep_holder vc_sep_holder_l\"><span class=\"vc_sep_line\"><\/span><\/span><span class=\"vc_sep_holder vc_sep_holder_r\"><span class=\"vc_sep_line\"><\/span><\/span>\n<\/div><div class=\"wpb_column vc_column_container vc_col-sm-6\"><div class=\"vc_column-inner\"><div class=\"wpb_wrapper\"><\/div><\/div><\/div><div class=\"wpb_column vc_column_container vc_col-sm-6\"><div class=\"vc_column-inner\"><div class=\"wpb_wrapper\"><\/div><\/div><\/div>\n\t<div class=\"wpb_single_image wpb_content_element vc_align_center\">\n\t\t\n\t\t<figure class=\"wpb_wrapper vc_figure\">\n\t\t\t<a href=\"https:\/\/buy.stripe.com\/9B628k3lSf2e4IMc125gc03?fbclid=PAdGRleAMuhoJleHRuA2FlbQIxMQABp5zfPgDW8N7CqFSRc8f7isB71yUYGb9qAxBNzLAd9qbkQgwXY-19AkZlZb6D_aem_lkKZXqz4lu4PUviV90AR-A\" target=\"_self\" class=\"vc_single_image-wrapper   vc_box_border_grey\"><img loading=\"lazy\" decoding=\"async\" width=\"960\" height=\"1200\" src=\"https:\/\/topmodeleurope.net\/wp-content\/uploads\/2025\/09\/top-model-europe-balkans-final-fashion-show-2025-960x1200.jpg?ver=1758079232\" class=\"vc_single_image-img attachment-large\" alt=\"Folheto Final Show Top Model Europe Balkans 2025\" title=\"Top-Model-Europe-Balkans-Fashion-Show-2025\" \/><\/a>\n\t\t<\/figure>\n\t<\/div>\n<div class=\"sc85_button large center\"><a href=\"https:\/\/buy.stripe.com\/9B628k3lSf2e4IMc125gc03?fbclid=PAdGRleAMuhoJleHRuA2FlbQIxMQABp5zfPgDW8N7CqFSRc8f7isB71yUYGb9qAxBNzLAd9qbkQgwXY-19AkZlZb6D_aem_lkKZXqz4lu4PUviV90AR-A\" target=\"_blank\" class=\"button\">\ud83d\udc49 Bilhetes<\/a><\/div><\/div><\/div><\/div><\/div><div class=\"vc_row wpb_row vc_row-fluid\"><div class=\"wpb_column vc_column_container vc_col-sm-12\"><div class=\"vc_column-inner\"><div class=\"wpb_wrapper\"><div class=\"vc_separator wpb_content_element vc_separator_align_center vc_sep_width_100 vc_sep_pos_align_center vc_separator_no_text vc_sep_color_grey wpb_content_element  wpb_content_element\" ><span class=\"vc_sep_holder vc_sep_holder_l\"><span class=\"vc_sep_line\"><\/span><\/span><span class=\"vc_sep_holder vc_sep_holder_r\"><span class=\"vc_sep_line\"><\/span><\/span>\n<\/div>\n\t<div class=\"wpb_text_column wpb_content_element\" >\n\t\t<div class=\"wpb_wrapper\">\n\t\t\t<p style=\"text-align: center;\">Diretor - Balc\u00e3s : SHALEVA<\/p>\n<p style=\"text-align: center;\">Correio oficial: <a href=\"\/pt\/balkans@topmodeleurope.eu\/\"><span data-sheets-value=\"{&quot;1&quot;:2,&quot;2&quot;:&quot;caraibes@topmodeleurope.net&quot;}\" data-sheets-userformat=\"{&quot;2&quot;:515,&quot;3&quot;:{&quot;1&quot;:0},&quot;4&quot;:{&quot;1&quot;:2,&quot;2&quot;:16776960},&quot;12&quot;:0}\">balkans@topmodeleurope.eu<\/span><\/a><\/p>\n<p style=\"text-align: center;\">S\u00edtio Web oficial :\u00a0<a href=\"https:\/\/topmodeleurope.net\/pt\/balkans\/\">https:\/\/topmodeleurope.net\/balkans<\/a><\/p>\n\n\t\t<\/div>\n\t<\/div>\n<div class=\"vc_separator wpb_content_element vc_separator_align_center vc_sep_width_100 vc_sep_pos_align_center vc_separator_no_text vc_sep_color_grey wpb_content_element  wpb_content_element\" ><span class=\"vc_sep_holder vc_sep_holder_l\"><span class=\"vc_sep_line\"><\/span><\/span><span class=\"vc_sep_holder vc_sep_holder_r\"><span class=\"vc_sep_line\"><\/span><\/span>\n<\/div><\/div><\/div><\/div><\/div>\n<\/div>","protected":false},"excerpt":{"rendered":"TOP MODEL EUROPE - BALKANS FINAL SHOW 2025 - BELGRADE \ud83d\udc49 Tickets Directrice - Balkans : SHALEVA Mail officiel : balkans@topmodeleurope.eu Page web officielle :\u00a0https:\/\/topmodeleurope.net\/balkans","protected":false},"author":1,"featured_media":0,"parent":0,"menu_order":3,"comment_status":"closed","ping_status":"closed","template":"","meta":{"sfsi_plus_gutenberg_text_before_share":"","sfsi_plus_gutenberg_show_text_before_share":"","sfsi_plus_gutenberg_icon_type":"","sfsi_plus_gutenberg_icon_alignemt":"","sfsi_plus_gutenburg_max_per_row":"","footnotes":""},"folder":[385],"class_list":["post-29729","page","type-page","status-publish","hentry"],"yoast_head":"<!-- This site is optimized with the Yoast SEO plugin v27.4 - https:\/\/yoast.com\/product\/yoast-seo-wordpress\/ -->\n<title>TOP MODEL EUROPE - FASHION SHOWS - BALKANS - Castings<\/title>\n<meta name=\"description\" content=\"Top Model Europe organise des s\u00e9lections dans les Balkans. Participez au concours international de mannequins le plus prestigieux et tentez de rejoindre la grande finale europ\u00e9enne \u00e0 Paris ou Bruxelles.\" \/>\n<meta name=\"robots\" content=\"index, follow, max-snippet:-1, max-image-preview:large, max-video-preview:-1\" \/>\n<link rel=\"canonical\" href=\"https:\/\/topmodeleurope.net\/pt\/show-balkans\/\" \/>\n<meta property=\"og:locale\" content=\"pt_PT\" \/>\n<meta property=\"og:type\" content=\"article\" \/>\n<meta property=\"og:title\" content=\"TOP MODEL EUROPE - FASHION SHOWS - BALKANS - Castings\" \/>\n<meta property=\"og:description\" content=\"Top Model Europe organise des s\u00e9lections dans les Balkans. Participez au concours international de mannequins le plus prestigieux et tentez de rejoindre la grande finale europ\u00e9enne \u00e0 Paris ou Bruxelles.\" \/>\n<meta property=\"og:url\" content=\"https:\/\/topmodeleurope.net\/pt\/show-balkans\/\" \/>\n<meta property=\"og:site_name\" content=\"TOP MODEL EUROPE\" \/>\n<meta property=\"article:publisher\" content=\"https:\/\/www.facebook.com\/topmodeleurope\/\" \/>\n<meta name=\"twitter:card\" content=\"summary_large_image\" \/>\n<meta name=\"twitter:label1\" content=\"Tempo estimado de leitura\" \/>\n\t<meta name=\"twitter:data1\" content=\"1 minuto\" \/>\n<script type=\"application\/ld+json\" class=\"yoast-schema-graph\">{\"@context\":\"https:\\\/\\\/schema.org\",\"@graph\":[{\"@type\":\"WebPage\",\"@id\":\"https:\\\/\\\/topmodeleurope.net\\\/show-balkans\\\/\",\"url\":\"https:\\\/\\\/topmodeleurope.net\\\/show-balkans\\\/\",\"name\":\"TOP MODEL EUROPE - FASHION SHOWS - BALKANS - Castings\",\"isPartOf\":{\"@id\":\"https:\\\/\\\/topmodeleurope.net\\\/#website\"},\"datePublished\":\"2025-09-16T11:19:53+00:00\",\"description\":\"Top Model Europe organise des s\u00e9lections dans les Balkans. Participez au concours international de mannequins le plus prestigieux et tentez de rejoindre la grande finale europ\u00e9enne \u00e0 Paris ou Bruxelles.\",\"breadcrumb\":{\"@id\":\"https:\\\/\\\/topmodeleurope.net\\\/show-balkans\\\/#breadcrumb\"},\"inLanguage\":\"pt-PT\",\"potentialAction\":[{\"@type\":\"ReadAction\",\"target\":[\"https:\\\/\\\/topmodeleurope.net\\\/show-balkans\\\/\"]}]},{\"@type\":\"BreadcrumbList\",\"@id\":\"https:\\\/\\\/topmodeleurope.net\\\/show-balkans\\\/#breadcrumb\",\"itemListElement\":[{\"@type\":\"ListItem\",\"position\":1,\"name\":\"Accueil\",\"item\":\"https:\\\/\\\/topmodeleurope.net\\\/\"},{\"@type\":\"ListItem\",\"position\":2,\"name\":\"FASHION SHOWS &#8211; BALKANS\"}]},{\"@type\":\"WebSite\",\"@id\":\"https:\\\/\\\/topmodeleurope.net\\\/#website\",\"url\":\"https:\\\/\\\/topmodeleurope.net\\\/\",\"name\":\"TOP MODEL EUROPE\",\"description\":\"World Model Contest\",\"publisher\":{\"@id\":\"https:\\\/\\\/topmodeleurope.net\\\/#organization\"},\"potentialAction\":[{\"@type\":\"SearchAction\",\"target\":{\"@type\":\"EntryPoint\",\"urlTemplate\":\"https:\\\/\\\/topmodeleurope.net\\\/?s={search_term_string}\"},\"query-input\":{\"@type\":\"PropertyValueSpecification\",\"valueRequired\":true,\"valueName\":\"search_term_string\"}}],\"inLanguage\":\"pt-PT\"},{\"@type\":\"Organization\",\"@id\":\"https:\\\/\\\/topmodeleurope.net\\\/#organization\",\"name\":\"TOP MODEL EUROPE\",\"url\":\"https:\\\/\\\/topmodeleurope.net\\\/\",\"logo\":{\"@type\":\"ImageObject\",\"inLanguage\":\"pt-PT\",\"@id\":\"https:\\\/\\\/topmodeleurope.net\\\/#\\\/schema\\\/logo\\\/image\\\/\",\"url\":\"https:\\\/\\\/topmodeleurope.net\\\/wp-content\\\/uploads\\\/2018\\\/04\\\/logo-tme.jpg\",\"contentUrl\":\"https:\\\/\\\/topmodeleurope.net\\\/wp-content\\\/uploads\\\/2018\\\/04\\\/logo-tme.jpg\",\"width\":960,\"height\":960,\"caption\":\"TOP MODEL EUROPE\"},\"image\":{\"@id\":\"https:\\\/\\\/topmodeleurope.net\\\/#\\\/schema\\\/logo\\\/image\\\/\"},\"sameAs\":[\"https:\\\/\\\/www.facebook.com\\\/topmodeleurope\\\/\",\"https:\\\/\\\/www.instagram.com\\\/topmodeleuropeofficial\\\/\",\"https:\\\/\\\/fr.wikipedia.org\\\/wiki\\\/Top_Model_Europe\"]}]}<\/script>\n<!-- \/ Yoast SEO plugin. -->","yoast_head_json":{"title":"TOP MODEL EUROPE - DESFILE DE MODA - BALC\u00c3S - Castings","description":"A Top Model Europe organiza selec\u00e7\u00f5es nos Balc\u00e3s. Participa no mais prestigiado concurso internacional de modelos e tenta chegar \u00e0 grande final europeia em Paris ou Bruxelas.","robots":{"index":"index","follow":"follow","max-snippet":"max-snippet:-1","max-image-preview":"max-image-preview:large","max-video-preview":"max-video-preview:-1"},"canonical":"https:\/\/topmodeleurope.net\/pt\/show-balkans\/","og_locale":"pt_PT","og_type":"article","og_title":"TOP MODEL EUROPE - FASHION SHOWS - BALKANS - Castings","og_description":"Top Model Europe organise des s\u00e9lections dans les Balkans. Participez au concours international de mannequins le plus prestigieux et tentez de rejoindre la grande finale europ\u00e9enne \u00e0 Paris ou Bruxelles.","og_url":"https:\/\/topmodeleurope.net\/pt\/show-balkans\/","og_site_name":"TOP MODEL EUROPE","article_publisher":"https:\/\/www.facebook.com\/topmodeleurope\/","twitter_card":"summary_large_image","twitter_misc":{"Tempo estimado de leitura":"1 minuto"},"schema":{"@context":"https:\/\/schema.org","@graph":[{"@type":"WebPage","@id":"https:\/\/topmodeleurope.net\/show-balkans\/","url":"https:\/\/topmodeleurope.net\/show-balkans\/","name":"TOP MODEL EUROPE - DESFILE DE MODA - BALC\u00c3S - Castings","isPartOf":{"@id":"https:\/\/topmodeleurope.net\/#website"},"datePublished":"2025-09-16T11:19:53+00:00","description":"A Top Model Europe organiza selec\u00e7\u00f5es nos Balc\u00e3s. Participa no mais prestigiado concurso internacional de modelos e tenta chegar \u00e0 grande final europeia em Paris ou Bruxelas.","breadcrumb":{"@id":"https:\/\/topmodeleurope.net\/show-balkans\/#breadcrumb"},"inLanguage":"pt-PT","potentialAction":[{"@type":"ReadAction","target":["https:\/\/topmodeleurope.net\/show-balkans\/"]}]},{"@type":"BreadcrumbList","@id":"https:\/\/topmodeleurope.net\/show-balkans\/#breadcrumb","itemListElement":[{"@type":"ListItem","position":1,"name":"Accueil","item":"https:\/\/topmodeleurope.net\/"},{"@type":"ListItem","position":2,"name":"FASHION SHOWS &#8211; BALKANS"}]},{"@type":"WebSite","@id":"https:\/\/topmodeleurope.net\/#website","url":"https:\/\/topmodeleurope.net\/","name":"TOP MODEL EUROPE","description":"Concurso Mundial de Modelos","publisher":{"@id":"https:\/\/topmodeleurope.net\/#organization"},"potentialAction":[{"@type":"SearchAction","target":{"@type":"EntryPoint","urlTemplate":"https:\/\/topmodeleurope.net\/?s={search_term_string}"},"query-input":{"@type":"PropertyValueSpecification","valueRequired":true,"valueName":"search_term_string"}}],"inLanguage":"pt-PT"},{"@type":"Organization","@id":"https:\/\/topmodeleurope.net\/#organization","name":"TOP MODEL EUROPE","url":"https:\/\/topmodeleurope.net\/","logo":{"@type":"ImageObject","inLanguage":"pt-PT","@id":"https:\/\/topmodeleurope.net\/#\/schema\/logo\/image\/","url":"https:\/\/topmodeleurope.net\/wp-content\/uploads\/2018\/04\/logo-tme.jpg","contentUrl":"https:\/\/topmodeleurope.net\/wp-content\/uploads\/2018\/04\/logo-tme.jpg","width":960,"height":960,"caption":"TOP MODEL EUROPE"},"image":{"@id":"https:\/\/topmodeleurope.net\/#\/schema\/logo\/image\/"},"sameAs":["https:\/\/www.facebook.com\/topmodeleurope\/","https:\/\/www.instagram.com\/topmodeleuropeofficial\/","https:\/\/fr.wikipedia.org\/wiki\/Top_Model_Europe"]}]}},"_links":{"self":[{"href":"https:\/\/topmodeleurope.net\/pt\/wp-json\/wp\/v2\/pages\/29729","targetHints":{"allow":["GET"]}}],"collection":[{"href":"https:\/\/topmodeleurope.net\/pt\/wp-json\/wp\/v2\/pages"}],"about":[{"href":"https:\/\/topmodeleurope.net\/pt\/wp-json\/wp\/v2\/types\/page"}],"author":[{"embeddable":true,"href":"https:\/\/topmodeleurope.net\/pt\/wp-json\/wp\/v2\/users\/1"}],"replies":[{"embeddable":true,"href":"https:\/\/topmodeleurope.net\/pt\/wp-json\/wp\/v2\/comments?post=29729"}],"version-history":[{"count":1,"href":"https:\/\/topmodeleurope.net\/pt\/wp-json\/wp\/v2\/pages\/29729\/revisions"}],"predecessor-version":[{"id":29730,"href":"https:\/\/topmodeleurope.net\/pt\/wp-json\/wp\/v2\/pages\/29729\/revisions\/29730"}],"wp:attachment":[{"href":"https:\/\/topmodeleurope.net\/pt\/wp-json\/wp\/v2\/media?parent=29729"}],"wp:term":[{"taxonomy":"folder","embeddable":true,"href":"https:\/\/topmodeleurope.net\/pt\/wp-json\/wp\/v2\/folder?post=29729"}],"curies":[{"name":"wp","href":"https:\/\/api.w.org\/{rel}","templated":true}]}}