{"id":25112,"date":"2024-05-17T18:18:19","date_gmt":"2024-05-17T16:18:19","guid":{"rendered":"https:\/\/topmodeleurope.net\/?page_id=25112"},"modified":"2024-10-25T19:56:22","modified_gmt":"2024-10-25T17:56:22","slug":"contact-faq-1","status":"publish","type":"page","link":"https:\/\/topmodeleurope.net\/pt\/contact-faq-1\/","title":{"rendered":"CONTACTO FAQ 1"},"content":{"rendered":"<div class=\"wpb-content-wrapper\"><div class=\"vc_row wpb_row vc_row-fluid\"><div class=\"wpb_column vc_column_container vc_col-sm-12\"><div class=\"vc_column-inner\"><div class=\"wpb_wrapper\"> <div class=\"sc85_heading wpb_content_element bold left\"> <h2 class=\"title\">MODELO<cite class=\"separator\"><\/cite><\/h2> <div class=\"subtitle\">Gostaria de participar \/ Apresentei a minha candidatura<\/div> <\/div> \n\t<div class=\"wpb_text_column wpb_content_element\" >\n\t\t<div class=\"wpb_wrapper\">\n\t\t\t<p><span style=\"color: #0000ff;\"><a style=\"color: #0000ff;\" href=\"https:\/\/topmodeleurope.net\/pt\/contact\/\">Voltar ao menu de contactos<\/a><\/span><\/p>\n\n\t\t<\/div>\n\t<\/div>\n<\/div><\/div><\/div><\/div><div class=\"vc_row wpb_row vc_row-fluid\"><div class=\"wpb_column vc_column_container vc_col-sm-12\"><div class=\"vc_column-inner\"><div class=\"wpb_wrapper\"><div  class=\"vc_do_toggle vc_toggle vc_toggle_default vc_toggle_color_default  vc_toggle_size_md\"><div class=\"vc_toggle_title\"><h4>Como participar no concurso?<\/h4><i class=\"vc_toggle_icon\"><\/i><\/div><div class=\"vc_toggle_content\"><div>Para participar no Top Model Europe, \u00e9 necess\u00e1rio inscrever-se atrav\u00e9s do s\u00edtio Web - Cabe\u00e7alho : <span style=\"color: #0000ff;\"><a style=\"color: #0000ff;\" href=\"https:\/\/topmodeleurope.net\/pt\/subscribe-castings\/\">REGISTO<\/a><\/span><\/div>\n<\/div><\/div><div  class=\"vc_do_toggle vc_toggle vc_toggle_default vc_toggle_color_default  vc_toggle_size_md\"><div class=\"vc_toggle_title\"><h4>Quais s\u00e3o as fases do concurso?<\/h4><i class=\"vc_toggle_icon\"><\/i><\/div><div class=\"vc_toggle_content\"><div>As etapas da Top Model Europe est\u00e3o dispon\u00edveis no s\u00edtio Web em : <span style=\"color: #0000ff;\"><a style=\"color: #0000ff;\" href=\"https:\/\/topmodeleurope.net\/pt\/casting-info\/\">INFO<\/a><\/span>e atrav\u00e9s da liga\u00e7\u00e3o direta <span style=\"color: #0000ff;\"><a style=\"color: #0000ff;\" href=\"https:\/\/topmodeleurope.net\/pt\/selections\/\">SELEC\u00c7\u00d5ES<\/a><\/span><\/div>\n<\/div><\/div><div  class=\"vc_do_toggle vc_toggle vc_toggle_default vc_toggle_color_default  vc_toggle_size_md\"><div class=\"vc_toggle_title\"><h4>Que idade \u00e9 necess\u00e1rio ter para participar?<\/h4><i class=\"vc_toggle_icon\"><\/i><\/div><div class=\"vc_toggle_content\"><p>As selec\u00e7\u00f5es est\u00e3o abertas a modelos com idade igual ou superior a 15 anos. N\u00e3o existe uma idade m\u00e1xima.<\/p>\n<\/div><\/div><div  class=\"vc_do_toggle vc_toggle vc_toggle_default vc_toggle_color_default  vc_toggle_size_md\"><div class=\"vc_toggle_title\"><h4>Apresentei a minha candidatura mas n\u00e3o recebi resposta<\/h4><i class=\"vc_toggle_icon\"><\/i><\/div><div class=\"vc_toggle_content\"><p>Cada candidatura recebida receber\u00e1 uma resposta, quer seja positiva ou negativa. As respostas s\u00e3o enviadas no prazo de tr\u00eas dias a contar da data da candidatura para o endere\u00e7o eletr\u00f3nico indicado no momento da inscri\u00e7\u00e3o. Se n\u00e3o tiver recebido a nossa mensagem eletr\u00f3nica, recomendamos que :<\/p>\n<ol>\n<li>Verifique o seu correio n\u00e3o solicitado (incluindo promo\u00e7\u00f5es e outros filtros na sua caixa de correio).<\/li>\n<li>Procure na sua caixa de correio introduzindo : <a rel=\"noopener\">info@topmodeleurope.net<\/a>.<\/li>\n<li>Se utilizar um endere\u00e7o @icloud.com, considere a possibilidade de voltar a apresentar a sua candidatura no s\u00edtio, uma vez que este endere\u00e7o deve ser evitado por raz\u00f5es de capacidade de entrega.<\/li>\n<li>Para garantir que as nossas mensagens de correio eletr\u00f3nico chegam \u00e0 sua caixa de entrada, adicione <a rel=\"noopener\">info@topmodeleurope.net<\/a> \u00e0 sua lista de contactos.<\/li>\n<\/ol>\n<\/div><\/div><div  class=\"vc_do_toggle vc_toggle vc_toggle_default vc_toggle_color_default  vc_toggle_size_md\"><div class=\"vc_toggle_title\"><h4>Tenho outra pergunta<\/h4><i class=\"vc_toggle_icon\"><\/i><\/div><div class=\"vc_toggle_content\"><p>A maioria das respostas \u00e0s perguntas pode ser encontrada acima e na sec\u00e7\u00e3o <span style=\"color: #0000ff;\"><a style=\"color: #0000ff;\" href=\"https:\/\/topmodeleurope.net\/pt\/casting-info\/\">INFO<\/a><\/span> no s\u00edtio Web. Se n\u00e3o encontrar a resposta que procura, n\u00e3o hesite em contactar diretamente o comit\u00e9 do seu pa\u00eds atrav\u00e9s do formul\u00e1rio abaixo:<\/p>\n<p>FORMUL\u00c1RIO DE CONTACTO : <span style=\"color: #0000ff;\"><a style=\"color: #0000ff;\" href=\"https:\/\/topmodeleurope.net\/pt\/contact-candidate-not-confirmed\/\">CLIQUE AQUI<\/a><\/span><\/p>\n<\/div><\/div><\/div><\/div><\/div><\/div>\n<\/div>","protected":false},"excerpt":{"rendered":"MOD\u00c8LE Je souhaite participer \/ J\u2019ai soumis ma candidature Retour au menu contact Comment participer au concours ?Pour participer \u00e0 Top Model Europe, il faut s'inscrire via le site Internet - Rubrique : INSCRIPTION Quelles sont les \u00e9tapes du concours ?Les \u00e9tapes de Top Model Europe sont disponibles sur le site Internet - Rubrique : [...]","protected":false},"author":1,"featured_media":0,"parent":0,"menu_order":0,"comment_status":"closed","ping_status":"closed","template":"","meta":{"sfsi_plus_gutenberg_text_before_share":"","sfsi_plus_gutenberg_show_text_before_share":"","sfsi_plus_gutenberg_icon_type":"","sfsi_plus_gutenberg_icon_alignemt":"","sfsi_plus_gutenburg_max_per_row":"","footnotes":""},"folder":[232],"class_list":["post-25112","page","type-page","status-publish","hentry"],"yoast_head":"<!-- This site is optimized with the Yoast SEO plugin v27.3 - https:\/\/yoast.com\/product\/yoast-seo-wordpress\/ -->\n<title>TOP MODEL EUROPE - CONTACT FAQ 1<\/title>\n<meta name=\"description\" content=\"Top Model Europe - Formulaire de Contact\" \/>\n<meta name=\"robots\" content=\"index, follow, max-snippet:-1, max-image-preview:large, max-video-preview:-1\" \/>\n<link rel=\"canonical\" href=\"https:\/\/topmodeleurope.net\/pt\/contact-faq-1\/\" \/>\n<meta property=\"og:locale\" content=\"pt_PT\" \/>\n<meta property=\"og:type\" content=\"article\" \/>\n<meta property=\"og:title\" content=\"TOP MODEL EUROPE - CONTACT FAQ 1\" \/>\n<meta property=\"og:description\" content=\"Top Model Europe - Formulaire de Contact\" \/>\n<meta property=\"og:url\" content=\"https:\/\/topmodeleurope.net\/pt\/contact-faq-1\/\" \/>\n<meta property=\"og:site_name\" content=\"TOP MODEL EUROPE\" \/>\n<meta property=\"article:publisher\" content=\"https:\/\/www.facebook.com\/topmodeleurope\/\" \/>\n<meta property=\"article:modified_time\" content=\"2024-10-25T17:56:22+00:00\" \/>\n<meta name=\"twitter:card\" content=\"summary_large_image\" \/>\n<meta name=\"twitter:label1\" content=\"Tempo estimado de leitura\" \/>\n\t<meta name=\"twitter:data1\" content=\"2 minutos\" \/>\n<script type=\"application\/ld+json\" class=\"yoast-schema-graph\">{\"@context\":\"https:\\\/\\\/schema.org\",\"@graph\":[{\"@type\":\"WebPage\",\"@id\":\"https:\\\/\\\/topmodeleurope.net\\\/contact-faq-1\\\/\",\"url\":\"https:\\\/\\\/topmodeleurope.net\\\/contact-faq-1\\\/\",\"name\":\"TOP MODEL EUROPE - CONTACT FAQ 1\",\"isPartOf\":{\"@id\":\"https:\\\/\\\/topmodeleurope.net\\\/#website\"},\"datePublished\":\"2024-05-17T16:18:19+00:00\",\"dateModified\":\"2024-10-25T17:56:22+00:00\",\"description\":\"Top Model Europe - Formulaire de Contact\",\"breadcrumb\":{\"@id\":\"https:\\\/\\\/topmodeleurope.net\\\/contact-faq-1\\\/#breadcrumb\"},\"inLanguage\":\"pt-PT\",\"potentialAction\":[{\"@type\":\"ReadAction\",\"target\":[\"https:\\\/\\\/topmodeleurope.net\\\/contact-faq-1\\\/\"]}]},{\"@type\":\"BreadcrumbList\",\"@id\":\"https:\\\/\\\/topmodeleurope.net\\\/contact-faq-1\\\/#breadcrumb\",\"itemListElement\":[{\"@type\":\"ListItem\",\"position\":1,\"name\":\"Accueil\",\"item\":\"https:\\\/\\\/topmodeleurope.net\\\/\"},{\"@type\":\"ListItem\",\"position\":2,\"name\":\"CONTACT FAQ 1\"}]},{\"@type\":\"WebSite\",\"@id\":\"https:\\\/\\\/topmodeleurope.net\\\/#website\",\"url\":\"https:\\\/\\\/topmodeleurope.net\\\/\",\"name\":\"TOP MODEL EUROPE\",\"description\":\"World Model Contest\",\"publisher\":{\"@id\":\"https:\\\/\\\/topmodeleurope.net\\\/#organization\"},\"potentialAction\":[{\"@type\":\"SearchAction\",\"target\":{\"@type\":\"EntryPoint\",\"urlTemplate\":\"https:\\\/\\\/topmodeleurope.net\\\/?s={search_term_string}\"},\"query-input\":{\"@type\":\"PropertyValueSpecification\",\"valueRequired\":true,\"valueName\":\"search_term_string\"}}],\"inLanguage\":\"pt-PT\"},{\"@type\":\"Organization\",\"@id\":\"https:\\\/\\\/topmodeleurope.net\\\/#organization\",\"name\":\"TOP MODEL EUROPE\",\"url\":\"https:\\\/\\\/topmodeleurope.net\\\/\",\"logo\":{\"@type\":\"ImageObject\",\"inLanguage\":\"pt-PT\",\"@id\":\"https:\\\/\\\/topmodeleurope.net\\\/#\\\/schema\\\/logo\\\/image\\\/\",\"url\":\"https:\\\/\\\/topmodeleurope.net\\\/wp-content\\\/uploads\\\/2018\\\/04\\\/logo-tme.jpg\",\"contentUrl\":\"https:\\\/\\\/topmodeleurope.net\\\/wp-content\\\/uploads\\\/2018\\\/04\\\/logo-tme.jpg\",\"width\":960,\"height\":960,\"caption\":\"TOP MODEL EUROPE\"},\"image\":{\"@id\":\"https:\\\/\\\/topmodeleurope.net\\\/#\\\/schema\\\/logo\\\/image\\\/\"},\"sameAs\":[\"https:\\\/\\\/www.facebook.com\\\/topmodeleurope\\\/\",\"https:\\\/\\\/www.instagram.com\\\/topmodeleuropeofficial\\\/\",\"https:\\\/\\\/fr.wikipedia.org\\\/wiki\\\/Top_Model_Europe\"]}]}<\/script>\n<!-- \/ Yoast SEO plugin. -->","yoast_head_json":{"title":"TOP MODEL EUROPE - FAQ DE CONTACTO 1","description":"Top Model Europe - Formul\u00e1rio de contacto","robots":{"index":"index","follow":"follow","max-snippet":"max-snippet:-1","max-image-preview":"max-image-preview:large","max-video-preview":"max-video-preview:-1"},"canonical":"https:\/\/topmodeleurope.net\/pt\/contact-faq-1\/","og_locale":"pt_PT","og_type":"article","og_title":"TOP MODEL EUROPE - CONTACT FAQ 1","og_description":"Top Model Europe - Formulaire de Contact","og_url":"https:\/\/topmodeleurope.net\/pt\/contact-faq-1\/","og_site_name":"TOP MODEL EUROPE","article_publisher":"https:\/\/www.facebook.com\/topmodeleurope\/","article_modified_time":"2024-10-25T17:56:22+00:00","twitter_card":"summary_large_image","twitter_misc":{"Tempo estimado de leitura":"2 minutos"},"schema":{"@context":"https:\/\/schema.org","@graph":[{"@type":"WebPage","@id":"https:\/\/topmodeleurope.net\/contact-faq-1\/","url":"https:\/\/topmodeleurope.net\/contact-faq-1\/","name":"TOP MODEL EUROPE - FAQ DE CONTACTO 1","isPartOf":{"@id":"https:\/\/topmodeleurope.net\/#website"},"datePublished":"2024-05-17T16:18:19+00:00","dateModified":"2024-10-25T17:56:22+00:00","description":"Top Model Europe - Formul\u00e1rio de contacto","breadcrumb":{"@id":"https:\/\/topmodeleurope.net\/contact-faq-1\/#breadcrumb"},"inLanguage":"pt-PT","potentialAction":[{"@type":"ReadAction","target":["https:\/\/topmodeleurope.net\/contact-faq-1\/"]}]},{"@type":"BreadcrumbList","@id":"https:\/\/topmodeleurope.net\/contact-faq-1\/#breadcrumb","itemListElement":[{"@type":"ListItem","position":1,"name":"Accueil","item":"https:\/\/topmodeleurope.net\/"},{"@type":"ListItem","position":2,"name":"CONTACT FAQ 1"}]},{"@type":"WebSite","@id":"https:\/\/topmodeleurope.net\/#website","url":"https:\/\/topmodeleurope.net\/","name":"TOP MODEL EUROPE","description":"Concurso Mundial de Modelos","publisher":{"@id":"https:\/\/topmodeleurope.net\/#organization"},"potentialAction":[{"@type":"SearchAction","target":{"@type":"EntryPoint","urlTemplate":"https:\/\/topmodeleurope.net\/?s={search_term_string}"},"query-input":{"@type":"PropertyValueSpecification","valueRequired":true,"valueName":"search_term_string"}}],"inLanguage":"pt-PT"},{"@type":"Organization","@id":"https:\/\/topmodeleurope.net\/#organization","name":"TOP MODEL EUROPE","url":"https:\/\/topmodeleurope.net\/","logo":{"@type":"ImageObject","inLanguage":"pt-PT","@id":"https:\/\/topmodeleurope.net\/#\/schema\/logo\/image\/","url":"https:\/\/topmodeleurope.net\/wp-content\/uploads\/2018\/04\/logo-tme.jpg","contentUrl":"https:\/\/topmodeleurope.net\/wp-content\/uploads\/2018\/04\/logo-tme.jpg","width":960,"height":960,"caption":"TOP MODEL EUROPE"},"image":{"@id":"https:\/\/topmodeleurope.net\/#\/schema\/logo\/image\/"},"sameAs":["https:\/\/www.facebook.com\/topmodeleurope\/","https:\/\/www.instagram.com\/topmodeleuropeofficial\/","https:\/\/fr.wikipedia.org\/wiki\/Top_Model_Europe"]}]}},"_links":{"self":[{"href":"https:\/\/topmodeleurope.net\/pt\/wp-json\/wp\/v2\/pages\/25112","targetHints":{"allow":["GET"]}}],"collection":[{"href":"https:\/\/topmodeleurope.net\/pt\/wp-json\/wp\/v2\/pages"}],"about":[{"href":"https:\/\/topmodeleurope.net\/pt\/wp-json\/wp\/v2\/types\/page"}],"author":[{"embeddable":true,"href":"https:\/\/topmodeleurope.net\/pt\/wp-json\/wp\/v2\/users\/1"}],"replies":[{"embeddable":true,"href":"https:\/\/topmodeleurope.net\/pt\/wp-json\/wp\/v2\/comments?post=25112"}],"version-history":[{"count":0,"href":"https:\/\/topmodeleurope.net\/pt\/wp-json\/wp\/v2\/pages\/25112\/revisions"}],"wp:attachment":[{"href":"https:\/\/topmodeleurope.net\/pt\/wp-json\/wp\/v2\/media?parent=25112"}],"wp:term":[{"taxonomy":"folder","embeddable":true,"href":"https:\/\/topmodeleurope.net\/pt\/wp-json\/wp\/v2\/folder?post=25112"}],"curies":[{"name":"wp","href":"https:\/\/api.w.org\/{rel}","templated":true}]}}