{"id":30638,"date":"2025-12-22T05:31:15","date_gmt":"2025-12-22T04:31:15","guid":{"rendered":"https:\/\/topmodeleurope.net\/?page_id=30638"},"modified":"2025-12-22T22:09:01","modified_gmt":"2025-12-22T21:09:01","slug":"press-and-testimonials","status":"publish","type":"page","link":"https:\/\/topmodeleurope.net\/nl\/press-and-testimonials\/","title":{"rendered":"Pers en getuigenissen"},"content":{"rendered":"<div class=\"wpb-content-wrapper\"><div class=\"vc_row wpb_row vc_row-fluid\"><div class=\"wpb_column vc_column_container vc_col-sm-12\"><div class=\"vc_column-inner\"><div class=\"wpb_wrapper\"><div class=\"vc_separator wpb_content_element vc_separator_align_center vc_sep_width_100 vc_sep_border_width_5 vc_sep_pos_align_center vc_separator_no_text vc_sep_color_grey wpb_content_element  wpb_content_element\" ><span class=\"vc_sep_holder vc_sep_holder_l\"><span class=\"vc_sep_line\"><\/span><\/span><span class=\"vc_sep_holder vc_sep_holder_r\"><span class=\"vc_sep_line\"><\/span><\/span>\n<\/div>\n\t<div class=\"wpb_text_column wpb_content_element\" >\n\t\t<div class=\"wpb_wrapper\">\n\t\t\t<p style=\"text-align: center;\" data-start=\"1016\" data-end=\"1229\">Deze pagina bevat een selectie van persartikelen, getuigenissen en interviews gepubliceerd door onafhankelijke media, evenals toespraken van professionals uit de sector en deelnemers aan de wedstrijd Top Model Europe.<\/p>\n<p style=\"text-align: center;\" data-start=\"1236\" data-end=\"1439\">Het doel is om op een transparante manier de werking van de wedstrijd Top Model Europe, de carri\u00e8res van de kandidaten en de impact van de wedstrijd op de internationale modewereld te documenteren.<\/p>\n<p style=\"text-align: center;\" data-start=\"1446\" data-end=\"1567\">Bij elk stukje inhoud wordt de bron vermeld om ervoor te zorgen dat de informatie verifieerbaar, contextueel en onafhankelijk is.<\/p>\n\n\t\t<\/div>\n\t<\/div>\n<div class=\"vc_separator wpb_content_element vc_separator_align_center vc_sep_width_100 vc_sep_border_width_5 vc_sep_pos_align_center vc_separator_no_text vc_sep_color_grey wpb_content_element  wpb_content_element\" ><span class=\"vc_sep_holder vc_sep_holder_l\"><span class=\"vc_sep_line\"><\/span><\/span><span class=\"vc_sep_holder vc_sep_holder_r\"><span class=\"vc_sep_line\"><\/span><\/span>\n<\/div><\/div><\/div><\/div><\/div><div class=\"vc_row wpb_row vc_row-fluid\"><div class=\"wpb_column vc_column_container vc_col-sm-4 vc_col-has-fill\"><div class=\"vc_column-inner vc_custom_1766378171468\"><div class=\"wpb_wrapper\">\n\t<div class=\"wpb_single_image wpb_content_element vc_align_left  vc_custom_1766435388803\">\n\t\t\n\t\t<figure class=\"wpb_wrapper vc_figure\">\n\t\t\t<a href=\"https:\/\/topmodeleurope.net\/wp-content\/uploads\/2025\/12\/top-model-europe-press-lou-2025-675x1200.jpg\" target=\"_self\" class=\"vc_single_image-wrapper   vc_box_border_grey\"><img loading=\"lazy\" decoding=\"async\" width=\"1080\" height=\"1920\" src=\"https:\/\/topmodeleurope.net\/wp-content\/uploads\/2025\/12\/top-model-europe-press-lou-2025.jpg\" class=\"vc_single_image-img attachment-full\" alt=\"Persartikel over Lou, finaliste Top Model Europe\" title=\"Topmodel Europa - Persartikel over Lou\" \/><\/a>\n\t\t<\/figure>\n\t<\/div>\n<\/div><\/div><\/div><div class=\"wpb_column vc_column_container vc_col-sm-8\"><div class=\"vc_column-inner\"><div class=\"wpb_wrapper\"> <div class=\"sc85_heading wpb_content_element impact left\"> <h3 class=\"title\">Druk op<cite class=\"separator\"><\/cite><\/h3> <div class=\"subtitle\">Lou (17) - Finalist: \u00abDeze ervaring heeft mijn zelfvertrouwen een boost gegeven\u00bb.\u00bb<\/div> <\/div> \n\t<div class=\"wpb_text_column wpb_content_element\" >\n\t\t<div class=\"wpb_wrapper\">\n\t\t\t<p data-start=\"365\" data-end=\"589\"><strong>SAMENVATTING<\/strong> Lou, 17, uit Normandi\u00eb, is geselecteerd als een van de finalisten in de internationale wedstrijd Top Model Europe, na een selectieprocedure waaraan tienduizenden kandidaten deelnamen.<\/p>\n<p data-start=\"591\" data-end=\"1074\">Tijdens de finale in Brussel nam ze deel aan repetities, trainingen en de offici\u00eble catwalkshows in een professionele omgeving, samen met modeontwerpers en onder het toeziend oog van een gespecialiseerde jury. In het bijzonder werd ze door het modehuis Caroline Bouvier uitgekozen om een creatie te dragen tijdens de catwalkshows, waardoor ze een realistisch inzicht kreeg in de eisen van het modellenwerk in echte omstandigheden (backstage, voorbereiding, opeenvolgende runs op de catwalk).<\/p>\n<p data-start=\"1076\" data-end=\"1507\">Hoewel ze de titel niet won, legt Lou uit dat de ervaring haar zelfvertrouwen een boost gaf en haar interesse in de modewereld bevestigde, die ze hoopt te blijven ontwikkelen. Het artikel benadrukt de rol van de wedstrijd als springplank, waardoor jonge deelnemers zichzelf kunnen testen aan de hand van professionele normen en toegang krijgen tot de eerste mogelijkheden (shoots, ontwikkelingscontracten, evenementen).<\/p>\n\n\t\t<\/div>\n\t<\/div>\n<div class=\"vc_empty_space\"   style=\"height: 60px\"><span class=\"vc_empty_space_inner\"><\/span><\/div><div class=\"vc_separator wpb_content_element vc_separator_align_center vc_sep_width_100 vc_sep_pos_align_center vc_separator_no_text vc_sep_color_grey wpb_content_element  wpb_content_element\" ><span class=\"vc_sep_holder vc_sep_holder_l\"><span class=\"vc_sep_line\"><\/span><\/span><span class=\"vc_sep_holder vc_sep_holder_r\"><span class=\"vc_sep_line\"><\/span><\/span>\n<\/div>\n\t<div class=\"wpb_raw_code wpb_raw_html wpb_content_element\" >\n\t\t<div class=\"wpb_wrapper\">\n\t\t\t<div class=\"tme-sources\" style=\"font-size:10px; line-height:1.35; opacity:0.8; margin-top:14px;\">\n  <div><strong>Bron :<\/strong> Actu.fr (Frankrijk) - Nathan Blouin - 11\/12\/2025<\/div>\n  <div><strong>Link naar de website<\/strong> <a href=\"https:\/\/actu.fr\/normandie\/landes-sur-ajon_14353\/a-17-ans-lou-a-defile-devant-les-plus-grands-createurs-en-finale-de-top-model-europe-ca-ma-convaincue_63561900.html\" target=\"_blank\" rel=\"noopener noreferrer\">Oorspronkelijk artikel<\/a><\/div>\n<\/div>\n\n\t\t<\/div>\n\t<\/div>\n<\/div><\/div><\/div><\/div><div class=\"vc_row wpb_row vc_row-fluid\"><div class=\"wpb_column vc_column_container vc_col-sm-12\"><div class=\"vc_column-inner\"><div class=\"wpb_wrapper\"><div class=\"vc_empty_space\"   style=\"height: 32px\"><span class=\"vc_empty_space_inner\"><\/span><\/div><div class=\"vc_separator wpb_content_element vc_separator_align_center vc_sep_width_100 vc_sep_border_width_5 vc_sep_pos_align_center vc_separator_no_text vc_sep_color_grey wpb_content_element  wpb_content_element\" ><span class=\"vc_sep_holder vc_sep_holder_l\"><span class=\"vc_sep_line\"><\/span><\/span><span class=\"vc_sep_holder vc_sep_holder_r\"><span class=\"vc_sep_line\"><\/span><\/span>\n<\/div><\/div><\/div><\/div><\/div><div class=\"vc_row wpb_row vc_row-fluid\"><div class=\"wpb_column vc_column_container vc_col-sm-4 vc_col-has-fill\"><div class=\"vc_column-inner vc_custom_1766378171468\"><div class=\"wpb_wrapper\">\n\t<div class=\"wpb_single_image wpb_content_element vc_align_left  vc_custom_1766435397736\">\n\t\t\n\t\t<figure class=\"wpb_wrapper vc_figure\">\n\t\t\t<a href=\"https:\/\/topmodeleurope.net\/wp-content\/uploads\/2025\/12\/top-model-europe-press-mathis-2025-675x1200.jpg\" target=\"_self\" class=\"vc_single_image-wrapper   vc_box_border_grey\"><img loading=\"lazy\" decoding=\"async\" width=\"1080\" height=\"1920\" src=\"https:\/\/topmodeleurope.net\/wp-content\/uploads\/2025\/12\/top-model-europe-press-mathis-2025.jpg\" class=\"vc_single_image-img attachment-full\" alt=\"Persartikel over Mathis, finaliste in de wedstrijd Top Model Europe\" title=\"top-model-europa-pers-mathis-2025\" \/><\/a>\n\t\t<\/figure>\n\t<\/div>\n<\/div><\/div><\/div><div class=\"wpb_column vc_column_container vc_col-sm-8\"><div class=\"vc_column-inner\"><div class=\"wpb_wrapper\"> <div class=\"sc85_heading wpb_content_element impact left\"> <h3 class=\"title\">Druk op<cite class=\"separator\"><\/cite><\/h3> <div class=\"subtitle\">Mathis (16) - Finalist: \u00abEen ongelooflijke ervaring ... iets onwerkelijks\u00bb.\u00bb<\/div> <\/div> \n\t<div class=\"wpb_text_column wpb_content_element\" >\n\t\t<div class=\"wpb_wrapper\">\n\t\t\t<p data-start=\"365\" data-end=\"589\"><strong>SAMENVATTING<\/strong> De 16-jarige Mathis uit Seine-et-Marne nam voor het eerst deel aan de finale van de wereldberoemde modellenwedstrijd Top Model Europe, die in november 2025 in Brussel werd gehouden.<\/p>\n<p data-start=\"419\" data-end=\"692\">Hij had nog geen ervaring in de mode-industrie en deed op initiatief van zijn moeder mee aan de wedstrijd. Na verschillende selectierondes uit meer dan 25.000 kandidaten werd hij gekozen als een van een selecte groep finalisten om te paraderen voor modeprofessionals.<\/p>\n<p data-start=\"694\" data-end=\"1073\">Voor de finale volgde Mathis een aantal voorbereidingscursussen, gericht op houding, aanpak, emotioneel management en podiumexpressie. Hij legt uit dat deze fases cruciaal zijn als je net begint: <em data-start=\"911\" data-end=\"1073\">\u00abIn het begin, als je geen ervaring hebt, is het moeilijk om eraan te wennen. Maar het duurt niet lang om te leren lopen als de professionals en om in het ritme te komen.\u00bb<\/em><\/p>\n<p data-start=\"1075\" data-end=\"1382\">Tijdens de finale liep hij over de catwalk in een professionele omgeving en werd hij uitgekozen door een ontwerpster om een van haar creaties te presenteren. Hij beschrijft het evenement als <em data-start=\"1235\" data-end=\"1266\">\u00abeen ongelooflijke ervaring\u00bb<\/em> en <em data-start=\"1270\" data-end=\"1304\">\u00abiets surrealistisch\u00bb<\/em>, Het evenement werd gekenmerkt door uitwisselingen met ontwerpers en wederzijdse steun tussen de deelnemers.<\/p>\n<p data-start=\"1384\" data-end=\"1726\">Hoewel hij het podium niet haalde, zegt Mathis dat de ervaring hem zelfvertrouwen gaf en een echt inzicht in de modellenwereld. Hij zegt ook dat zijn deelname aan de finale hem verschillende contracten als fotomodel heeft opgeleverd en sluit niet uit dat hij de ervaring nog eens zal overdoen.<\/p>\n\n\t\t<\/div>\n\t<\/div>\n<div class=\"vc_empty_space\"   style=\"height: 15px\"><span class=\"vc_empty_space_inner\"><\/span><\/div><div class=\"vc_separator wpb_content_element vc_separator_align_center vc_sep_width_100 vc_sep_pos_align_center vc_separator_no_text vc_sep_color_grey wpb_content_element  wpb_content_element\" ><span class=\"vc_sep_holder vc_sep_holder_l\"><span class=\"vc_sep_line\"><\/span><\/span><span class=\"vc_sep_holder vc_sep_holder_r\"><span class=\"vc_sep_line\"><\/span><\/span>\n<\/div>\n\t<div class=\"wpb_raw_code wpb_raw_html wpb_content_element\" >\n\t\t<div class=\"wpb_wrapper\">\n\t\t\t<div class=\"tme-sources\" style=\"font-size:10px; line-height:1.5; color:rgba(0,0,0,.65); margin-top:14px;\">\n  <p style=\"margin:0 0 6px 0;\">\n    <strong>Bron :<\/strong> Actu.fr (Frankrijk) - Benjamin Forant - 17\/12\/2025\n  <\/p>\n  <p style=\"margin:0;\">\n    <strong>Link naar de website<\/strong>\n    <a href=\"https:\/\/actu.fr\/ile-de-france\/mitry-mory_77294\/en-seine-et-marne-un-ado-de-16-ans-participe-a-la-finale-dun-concours-de-mannequinat-mondialement-connu_63591442.html\"\n       target=\"_blank\"\n       rel=\"noopener noreferrer\"\n       style=\"color:inherit; text-decoration:underline;\">\n      Oorspronkelijk artikel\n    <\/a>\n  <\/p>\n<\/div>\n\n\t\t<\/div>\n\t<\/div>\n<\/div><\/div><\/div><\/div><div class=\"vc_row wpb_row vc_row-fluid\"><div class=\"wpb_column vc_column_container vc_col-sm-12\"><div class=\"vc_column-inner\"><div class=\"wpb_wrapper\"><div class=\"vc_empty_space\"   style=\"height: 32px\"><span class=\"vc_empty_space_inner\"><\/span><\/div><div class=\"vc_separator wpb_content_element vc_separator_align_center vc_sep_width_100 vc_sep_border_width_5 vc_sep_pos_align_center vc_separator_no_text vc_sep_color_grey wpb_content_element  wpb_content_element\" ><span class=\"vc_sep_holder vc_sep_holder_l\"><span class=\"vc_sep_line\"><\/span><\/span><span class=\"vc_sep_holder vc_sep_holder_r\"><span class=\"vc_sep_line\"><\/span><\/span>\n<\/div><\/div><\/div><\/div><\/div><div class=\"vc_row wpb_row vc_row-fluid\"><div class=\"wpb_column vc_column_container vc_col-sm-4 vc_col-has-fill\"><div class=\"vc_column-inner vc_custom_1766378171468\"><div class=\"wpb_wrapper\">\n\t<div class=\"wpb_single_image wpb_content_element vc_align_left  vc_custom_1766436407896\">\n\t\t\n\t\t<figure class=\"wpb_wrapper vc_figure\">\n\t\t\t<a href=\"https:\/\/topmodeleurope.net\/wp-content\/uploads\/2025\/12\/top-model-europe-press-tom-2025-701x1200.jpg\" target=\"_self\" class=\"vc_single_image-wrapper   vc_box_border_grey\"><img loading=\"lazy\" decoding=\"async\" width=\"802\" height=\"1372\" src=\"https:\/\/topmodeleurope.net\/wp-content\/uploads\/2025\/12\/top-model-europe-press-tom-2025.jpg\" class=\"vc_single_image-img attachment-full\" alt=\"Persartikel over Tom, winnaar van de wedstrijd Top Model Europe 2025\" title=\"top-model-europe-press-tom-2025\" \/><\/a>\n\t\t<\/figure>\n\t<\/div>\n<\/div><\/div><\/div><div class=\"wpb_column vc_column_container vc_col-sm-8\"><div class=\"vc_column-inner\"><div class=\"wpb_wrapper\"> <div class=\"sc85_heading wpb_content_element impact left\"> <h3 class=\"title\">Druk op<cite class=\"separator\"><\/cite><\/h3> <div class=\"subtitle\">Tom (19) - Winnaar: \u00abHet favoriete model van Jean-Paul Gaultier, ... tijdens de pauze kwam hij naar me toe om me wat advies te geven\u00bb.\u00bb<\/div> <\/div> \n\t<div class=\"wpb_text_column wpb_content_element\" >\n\t\t<div class=\"wpb_wrapper\">\n\t\t\t<p data-start=\"302\" data-end=\"513\"><strong>SAMENVATTING<\/strong> Top Model Europe 2025: De 19-jarige Tom uit Montluel (Ain) heeft de finale van Top Model Europe 2025 gewonnen. Hij werd gekozen uit ongeveer 95 finalisten na een selectieprocedure die aanvankelijk bijna 25.000 kandidaten trok.<\/p>\n<p data-start=\"515\" data-end=\"835\">Het artikel belicht de criteria die tijdens de finale werden beoordeeld (gemak, loopje, aanwezigheid op het podium) en de aandacht van een panel van professionals. Tom zou backstage advies hebben gekregen van Lazaro Cuervo Costa, het favoriete model van Jean-Paul Gaultier, die in de jury zat.<\/p>\n<p data-start=\"837\" data-end=\"1227\">Hoewel de eerste professionele sollicitaties al zijn begonnen, dringt Tom aan op een gestructureerde en weloverwogen aanpak. Hij wil het hoofd koel houden, bepaalde aanbiedingen afslaan als dat nodig is en prioriteit geven aan zijn studie management en administratie, terwijl hij geleidelijk aan kansen ziet in de modewereld. Hij is momenteel in Parijs voor een fotoshoot.<\/p>\n<p data-start=\"1229\" data-end=\"1430\">Het hele artikel presenteert de competitie als een springplank voor loopbaanontwikkeling en benadrukt het belang van ondersteuning, een kader en realistische timing bij het opbouwen van een carri\u00e8repad.<\/p>\n\n\t\t<\/div>\n\t<\/div>\n<div class=\"vc_empty_space\"   style=\"height: 60px\"><span class=\"vc_empty_space_inner\"><\/span><\/div><div class=\"vc_separator wpb_content_element vc_separator_align_center vc_sep_width_100 vc_sep_pos_align_center vc_separator_no_text vc_sep_color_grey wpb_content_element  wpb_content_element\" ><span class=\"vc_sep_holder vc_sep_holder_l\"><span class=\"vc_sep_line\"><\/span><\/span><span class=\"vc_sep_holder vc_sep_holder_r\"><span class=\"vc_sep_line\"><\/span><\/span>\n<\/div>\n\t<div class=\"wpb_raw_code wpb_raw_html wpb_content_element\" >\n\t\t<div class=\"wpb_wrapper\">\n\t\t\t<div class=\"tme-sources\" style=\"font-size:10px; line-height:1.5; color:rgba(0,0,0,.65); margin-top:14px;\">\n  <p style=\"margin:0 0 6px 0;\">\n    <strong>Bron :<\/strong> Le Progr\u00e8s (Frankrijk) - Cl\u00e9mence Outteryck - 06\/12\/2025\n  <\/p>\n  <p style=\"margin:0;\">\n    <strong>Link naar de website<\/strong>\n    <a href=\"https:\/\/www.leprogres.fr\/magazine-lifestyle\/2025\/12\/06\/tom-despierres-laureat-du-concours-top-model-europe\"\n       target=\"_blank\"\n       rel=\"noopener noreferrer\"\n       style=\"color:inherit; text-decoration:underline;\">\n      Oorspronkelijk artikel\n    <\/a>\n  <\/p>\n<\/div>\n\n\t\t<\/div>\n\t<\/div>\n<\/div><\/div><\/div><\/div><div class=\"vc_row wpb_row vc_row-fluid\"><div class=\"wpb_column vc_column_container vc_col-sm-12\"><div class=\"vc_column-inner\"><div class=\"wpb_wrapper\"><div class=\"vc_empty_space\"   style=\"height: 32px\"><span class=\"vc_empty_space_inner\"><\/span><\/div><div class=\"vc_separator wpb_content_element vc_separator_align_center vc_sep_width_100 vc_sep_border_width_5 vc_sep_pos_align_center vc_separator_no_text vc_sep_color_grey wpb_content_element  wpb_content_element\" ><span class=\"vc_sep_holder vc_sep_holder_l\"><span class=\"vc_sep_line\"><\/span><\/span><span class=\"vc_sep_holder vc_sep_holder_r\"><span class=\"vc_sep_line\"><\/span><\/span>\n<\/div>\n\t<div class=\"wpb_text_column wpb_content_element\" >\n\t\t<div class=\"wpb_wrapper\">\n\t\t\t<p style=\"text-align: center;\"><strong><a href=\"https:\/\/topmodeleurope.net\/nl\/success-stories\/\">CHANGE YOUR WORLD<\/a>\u00a0 \u272a\u00a0 <a href=\"https:\/\/topmodeleurope.net\/nl\/castings-schedule\/\">CASTINGS 2026<\/a>\u00a0 \u272a\u00a0 <a href=\"https:\/\/topmodeleurope.net\/nl\/casting-info\/\">INTERNATIONAL MODEL CONTEST<\/a><\/strong><\/p>\n\n\t\t<\/div>\n\t<\/div>\n<\/div><\/div><\/div><\/div>\n<\/div>","protected":false},"excerpt":{"rendered":"Cette page rassemble une s\u00e9lection d\u2019articles de presse, t\u00e9moignages et interviews publi\u00e9s par des m\u00e9dias ind\u00e9pendants, ainsi que des prises de parole de professionnels du secteur et de participants au concours Top Model Europe. Elle vise \u00e0 documenter, de mani\u00e8re transparente, le fonctionnement du concours Top Model Europe, le parcours des candidats et l\u2019impact du [...]","protected":false},"author":1,"featured_media":0,"parent":0,"menu_order":3,"comment_status":"closed","ping_status":"closed","template":"","meta":{"sfsi_plus_gutenberg_text_before_share":"","sfsi_plus_gutenberg_show_text_before_share":"","sfsi_plus_gutenberg_icon_type":"","sfsi_plus_gutenberg_icon_alignemt":"","sfsi_plus_gutenburg_max_per_row":"","footnotes":""},"folder":[230],"class_list":["post-30638","page","type-page","status-publish","hentry"],"yoast_head":"<!-- This site is optimized with the Yoast SEO plugin v27.5 - https:\/\/yoast.com\/product\/yoast-seo-wordpress\/ -->\n<title>PRESS &amp; T\u00c9MOIGNAGES - TOP MODEL EUROPE<\/title>\n<meta name=\"description\" content=\"Articles de presse, t\u00e9moignages et interviews mettant en lumi\u00e8re les candidats, designers et l\u2019impact international de Top Model Europe dans la mode.\" \/>\n<meta name=\"robots\" content=\"index, follow, max-snippet:-1, max-image-preview:large, max-video-preview:-1\" \/>\n<link rel=\"canonical\" href=\"https:\/\/topmodeleurope.net\/nl\/press-and-testimonials\/\" \/>\n<meta property=\"og:locale\" content=\"nl_NL\" \/>\n<meta property=\"og:type\" content=\"article\" \/>\n<meta property=\"og:title\" content=\"PRESS &amp; T\u00c9MOIGNAGES - TOP MODEL EUROPE\" \/>\n<meta property=\"og:description\" content=\"Articles de presse, t\u00e9moignages et interviews mettant en lumi\u00e8re les candidats, designers et l\u2019impact international de Top Model Europe dans la mode.\" \/>\n<meta property=\"og:url\" content=\"https:\/\/topmodeleurope.net\/nl\/press-and-testimonials\/\" \/>\n<meta property=\"og:site_name\" content=\"TOP MODEL EUROPE\" \/>\n<meta property=\"article:publisher\" content=\"https:\/\/www.facebook.com\/topmodeleurope\/\" \/>\n<meta property=\"article:modified_time\" content=\"2025-12-22T21:09:01+00:00\" \/>\n<meta name=\"twitter:card\" content=\"summary_large_image\" \/>\n<meta name=\"twitter:label1\" content=\"Geschatte leestijd\" \/>\n\t<meta name=\"twitter:data1\" content=\"5 minuten\" \/>\n<script type=\"application\/ld+json\" class=\"yoast-schema-graph\">{\"@context\":\"https:\\\/\\\/schema.org\",\"@graph\":[{\"@type\":\"WebPage\",\"@id\":\"https:\\\/\\\/topmodeleurope.net\\\/press-and-testimonials\\\/\",\"url\":\"https:\\\/\\\/topmodeleurope.net\\\/press-and-testimonials\\\/\",\"name\":\"PRESS & T\u00c9MOIGNAGES - TOP MODEL EUROPE\",\"isPartOf\":{\"@id\":\"https:\\\/\\\/topmodeleurope.net\\\/#website\"},\"datePublished\":\"2025-12-22T04:31:15+00:00\",\"dateModified\":\"2025-12-22T21:09:01+00:00\",\"description\":\"Articles de presse, t\u00e9moignages et interviews mettant en lumi\u00e8re les candidats, designers et l\u2019impact international de Top Model Europe dans la mode.\",\"breadcrumb\":{\"@id\":\"https:\\\/\\\/topmodeleurope.net\\\/press-and-testimonials\\\/#breadcrumb\"},\"inLanguage\":\"nl-NL\",\"potentialAction\":[{\"@type\":\"ReadAction\",\"target\":[\"https:\\\/\\\/topmodeleurope.net\\\/press-and-testimonials\\\/\"]}]},{\"@type\":\"BreadcrumbList\",\"@id\":\"https:\\\/\\\/topmodeleurope.net\\\/press-and-testimonials\\\/#breadcrumb\",\"itemListElement\":[{\"@type\":\"ListItem\",\"position\":1,\"name\":\"Accueil\",\"item\":\"https:\\\/\\\/topmodeleurope.net\\\/\"},{\"@type\":\"ListItem\",\"position\":2,\"name\":\"Presse &#038; T\u00e9moignages\"}]},{\"@type\":\"WebSite\",\"@id\":\"https:\\\/\\\/topmodeleurope.net\\\/#website\",\"url\":\"https:\\\/\\\/topmodeleurope.net\\\/\",\"name\":\"TOP MODEL EUROPE\",\"description\":\"World Model Contest\",\"publisher\":{\"@id\":\"https:\\\/\\\/topmodeleurope.net\\\/#organization\"},\"potentialAction\":[{\"@type\":\"SearchAction\",\"target\":{\"@type\":\"EntryPoint\",\"urlTemplate\":\"https:\\\/\\\/topmodeleurope.net\\\/?s={search_term_string}\"},\"query-input\":{\"@type\":\"PropertyValueSpecification\",\"valueRequired\":true,\"valueName\":\"search_term_string\"}}],\"inLanguage\":\"nl-NL\"},{\"@type\":\"Organization\",\"@id\":\"https:\\\/\\\/topmodeleurope.net\\\/#organization\",\"name\":\"TOP MODEL EUROPE\",\"url\":\"https:\\\/\\\/topmodeleurope.net\\\/\",\"logo\":{\"@type\":\"ImageObject\",\"inLanguage\":\"nl-NL\",\"@id\":\"https:\\\/\\\/topmodeleurope.net\\\/#\\\/schema\\\/logo\\\/image\\\/\",\"url\":\"https:\\\/\\\/topmodeleurope.net\\\/wp-content\\\/uploads\\\/2018\\\/04\\\/logo-tme.jpg\",\"contentUrl\":\"https:\\\/\\\/topmodeleurope.net\\\/wp-content\\\/uploads\\\/2018\\\/04\\\/logo-tme.jpg\",\"width\":960,\"height\":960,\"caption\":\"TOP MODEL EUROPE\"},\"image\":{\"@id\":\"https:\\\/\\\/topmodeleurope.net\\\/#\\\/schema\\\/logo\\\/image\\\/\"},\"sameAs\":[\"https:\\\/\\\/www.facebook.com\\\/topmodeleurope\\\/\",\"https:\\\/\\\/www.instagram.com\\\/topmodeleuropeofficial\\\/\",\"https:\\\/\\\/fr.wikipedia.org\\\/wiki\\\/Top_Model_Europe\"]}]}<\/script>\n<!-- \/ Yoast SEO plugin. -->","yoast_head_json":{"title":"PERS &amp; GETUIGENISSEN - TOPMODEL EUROPA","description":"Persartikelen, getuigenissen en interviews over de kandidaten, ontwerpers en de internationale impact van Top Model Europe in de modewereld.","robots":{"index":"index","follow":"follow","max-snippet":"max-snippet:-1","max-image-preview":"max-image-preview:large","max-video-preview":"max-video-preview:-1"},"canonical":"https:\/\/topmodeleurope.net\/nl\/press-and-testimonials\/","og_locale":"nl_NL","og_type":"article","og_title":"PRESS & T\u00c9MOIGNAGES - TOP MODEL EUROPE","og_description":"Articles de presse, t\u00e9moignages et interviews mettant en lumi\u00e8re les candidats, designers et l\u2019impact international de Top Model Europe dans la mode.","og_url":"https:\/\/topmodeleurope.net\/nl\/press-and-testimonials\/","og_site_name":"TOP MODEL EUROPE","article_publisher":"https:\/\/www.facebook.com\/topmodeleurope\/","article_modified_time":"2025-12-22T21:09:01+00:00","twitter_card":"summary_large_image","twitter_misc":{"Geschatte leestijd":"5 minuten"},"schema":{"@context":"https:\/\/schema.org","@graph":[{"@type":"WebPage","@id":"https:\/\/topmodeleurope.net\/press-and-testimonials\/","url":"https:\/\/topmodeleurope.net\/press-and-testimonials\/","name":"PERS &amp; GETUIGENISSEN - TOPMODEL EUROPA","isPartOf":{"@id":"https:\/\/topmodeleurope.net\/#website"},"datePublished":"2025-12-22T04:31:15+00:00","dateModified":"2025-12-22T21:09:01+00:00","description":"Persartikelen, getuigenissen en interviews over de kandidaten, ontwerpers en de internationale impact van Top Model Europe in de modewereld.","breadcrumb":{"@id":"https:\/\/topmodeleurope.net\/press-and-testimonials\/#breadcrumb"},"inLanguage":"nl-NL","potentialAction":[{"@type":"ReadAction","target":["https:\/\/topmodeleurope.net\/press-and-testimonials\/"]}]},{"@type":"BreadcrumbList","@id":"https:\/\/topmodeleurope.net\/press-and-testimonials\/#breadcrumb","itemListElement":[{"@type":"ListItem","position":1,"name":"Accueil","item":"https:\/\/topmodeleurope.net\/"},{"@type":"ListItem","position":2,"name":"Presse &#038; T\u00e9moignages"}]},{"@type":"WebSite","@id":"https:\/\/topmodeleurope.net\/#website","url":"https:\/\/topmodeleurope.net\/","name":"TOP MODEL EUROPE","description":"Wereld Model Wedstrijd","publisher":{"@id":"https:\/\/topmodeleurope.net\/#organization"},"potentialAction":[{"@type":"SearchAction","target":{"@type":"EntryPoint","urlTemplate":"https:\/\/topmodeleurope.net\/?s={search_term_string}"},"query-input":{"@type":"PropertyValueSpecification","valueRequired":true,"valueName":"search_term_string"}}],"inLanguage":"nl-NL"},{"@type":"Organization","@id":"https:\/\/topmodeleurope.net\/#organization","name":"TOP MODEL EUROPE","url":"https:\/\/topmodeleurope.net\/","logo":{"@type":"ImageObject","inLanguage":"nl-NL","@id":"https:\/\/topmodeleurope.net\/#\/schema\/logo\/image\/","url":"https:\/\/topmodeleurope.net\/wp-content\/uploads\/2018\/04\/logo-tme.jpg","contentUrl":"https:\/\/topmodeleurope.net\/wp-content\/uploads\/2018\/04\/logo-tme.jpg","width":960,"height":960,"caption":"TOP MODEL EUROPE"},"image":{"@id":"https:\/\/topmodeleurope.net\/#\/schema\/logo\/image\/"},"sameAs":["https:\/\/www.facebook.com\/topmodeleurope\/","https:\/\/www.instagram.com\/topmodeleuropeofficial\/","https:\/\/fr.wikipedia.org\/wiki\/Top_Model_Europe"]}]}},"_links":{"self":[{"href":"https:\/\/topmodeleurope.net\/nl\/wp-json\/wp\/v2\/pages\/30638","targetHints":{"allow":["GET"]}}],"collection":[{"href":"https:\/\/topmodeleurope.net\/nl\/wp-json\/wp\/v2\/pages"}],"about":[{"href":"https:\/\/topmodeleurope.net\/nl\/wp-json\/wp\/v2\/types\/page"}],"author":[{"embeddable":true,"href":"https:\/\/topmodeleurope.net\/nl\/wp-json\/wp\/v2\/users\/1"}],"replies":[{"embeddable":true,"href":"https:\/\/topmodeleurope.net\/nl\/wp-json\/wp\/v2\/comments?post=30638"}],"version-history":[{"count":44,"href":"https:\/\/topmodeleurope.net\/nl\/wp-json\/wp\/v2\/pages\/30638\/revisions"}],"predecessor-version":[{"id":30689,"href":"https:\/\/topmodeleurope.net\/nl\/wp-json\/wp\/v2\/pages\/30638\/revisions\/30689"}],"wp:attachment":[{"href":"https:\/\/topmodeleurope.net\/nl\/wp-json\/wp\/v2\/media?parent=30638"}],"wp:term":[{"taxonomy":"folder","embeddable":true,"href":"https:\/\/topmodeleurope.net\/nl\/wp-json\/wp\/v2\/folder?post=30638"}],"curies":[{"name":"wp","href":"https:\/\/api.w.org\/{rel}","templated":true}]}}