{"id":25112,"date":"2024-05-17T18:18:19","date_gmt":"2024-05-17T16:18:19","guid":{"rendered":"https:\/\/topmodeleurope.net\/?page_id=25112"},"modified":"2024-10-25T19:56:22","modified_gmt":"2024-10-25T17:56:22","slug":"contact-faq-1","status":"publish","type":"page","link":"https:\/\/topmodeleurope.net\/nl\/contact-faq-1\/","title":{"rendered":"CONTACT FAQ 1"},"content":{"rendered":"<div class=\"wpb-content-wrapper\"><div class=\"vc_row wpb_row vc_row-fluid\"><div class=\"wpb_column vc_column_container vc_col-sm-12\"><div class=\"vc_column-inner\"><div class=\"wpb_wrapper\"> <div class=\"sc85_heading wpb_content_element bold left\"> <h2 class=\"title\">MODEL<cite class=\"separator\"><\/cite><\/h2> <div class=\"subtitle\">Ik wil graag deelnemen \/ Ik heb mijn aanvraag ingediend<\/div> <\/div> \n\t<div class=\"wpb_text_column wpb_content_element\" >\n\t\t<div class=\"wpb_wrapper\">\n\t\t\t<p><span style=\"color: #0000ff;\"><a style=\"color: #0000ff;\" href=\"https:\/\/topmodeleurope.net\/nl\/contact\/\">Terug naar contactmenu<\/a><\/span><\/p>\n\n\t\t<\/div>\n\t<\/div>\n<\/div><\/div><\/div><\/div><div class=\"vc_row wpb_row vc_row-fluid\"><div class=\"wpb_column vc_column_container vc_col-sm-12\"><div class=\"vc_column-inner\"><div class=\"wpb_wrapper\"><div  class=\"vc_do_toggle vc_toggle vc_toggle_default vc_toggle_color_default  vc_toggle_size_md\"><div class=\"vc_toggle_title\"><h4>Hoe doe ik mee aan de wedstrijd?<\/h4><i class=\"vc_toggle_icon\"><\/i><\/div><div class=\"vc_toggle_content\"><div>Om deel te nemen aan Top Model Europe moet je je inschrijven via de website - Rubriek : <span style=\"color: #0000ff;\"><a style=\"color: #0000ff;\" href=\"https:\/\/topmodeleurope.net\/nl\/subscribe-castings\/\">REGISTRATIE<\/a><\/span><\/div>\n<\/div><\/div><div  class=\"vc_do_toggle vc_toggle vc_toggle_default vc_toggle_color_default  vc_toggle_size_md\"><div class=\"vc_toggle_title\"><h4>Wat zijn de wedstrijdfasen?<\/h4><i class=\"vc_toggle_icon\"><\/i><\/div><div class=\"vc_toggle_content\"><div>De etappes van Top Model Europe zijn beschikbaar op de website onder : <span style=\"color: #0000ff;\"><a style=\"color: #0000ff;\" href=\"https:\/\/topmodeleurope.net\/nl\/casting-info\/\">INFO<\/a><\/span>en via de directe link <span style=\"color: #0000ff;\"><a style=\"color: #0000ff;\" href=\"https:\/\/topmodeleurope.net\/nl\/selections\/\">SELECTIES<\/a><\/span><\/div>\n<\/div><\/div><div  class=\"vc_do_toggle vc_toggle vc_toggle_default vc_toggle_color_default  vc_toggle_size_md\"><div class=\"vc_toggle_title\"><h4>Hoe oud moet je zijn om mee te doen?<\/h4><i class=\"vc_toggle_icon\"><\/i><\/div><div class=\"vc_toggle_content\"><p>De selecties staan open voor modellen van 15 jaar en ouder. Er is geen maximumleeftijd.<\/p>\n<\/div><\/div><div  class=\"vc_do_toggle vc_toggle vc_toggle_default vc_toggle_color_default  vc_toggle_size_md\"><div class=\"vc_toggle_title\"><h4>Ik heb mijn aanvraag ingediend maar geen antwoord ontvangen<\/h4><i class=\"vc_toggle_icon\"><\/i><\/div><div class=\"vc_toggle_content\"><p>Elke ontvangen sollicitatie krijgt een antwoord, positief of negatief. Antwoorden worden binnen drie dagen na je sollicitatie verzonden naar het e-mailadres dat je hebt opgegeven toen je je inschreef. Als je onze e-mail niet hebt ontvangen, raden we je aan :<\/p>\n<ol>\n<li>Controleer je ongewenste e-mail (inclusief promoties en andere filters in je inbox).<\/li>\n<li>Zoek in je mailbox door in te voeren : <a rel=\"noopener\">info@topmodeleurope.net<\/a>.<\/li>\n<li>Als je een @icloud.com adres gebruikt, overweeg dan om je aanvraag opnieuw in te dienen op de site, aangezien dit adres moet worden vermeden om redenen van deliverability.<\/li>\n<li>Voeg het volgende toe om ervoor te zorgen dat onze e-mails in je inbox terechtkomen <a rel=\"noopener\">info@topmodeleurope.net<\/a> naar uw lijst met contactpersonen.<\/li>\n<\/ol>\n<\/div><\/div><div  class=\"vc_do_toggle vc_toggle vc_toggle_default vc_toggle_color_default  vc_toggle_size_md\"><div class=\"vc_toggle_title\"><h4>Ik heb nog een vraag<\/h4><i class=\"vc_toggle_icon\"><\/i><\/div><div class=\"vc_toggle_content\"><p>De meeste antwoorden op de vragen vind je hierboven en in het gedeelte <span style=\"color: #0000ff;\"><a style=\"color: #0000ff;\" href=\"https:\/\/topmodeleurope.net\/nl\/casting-info\/\">INFO<\/a><\/span> op de website. Als je het antwoord dat je zoekt niet kunt vinden, aarzel dan niet om rechtstreeks contact op te nemen met het comit\u00e9 van jouw land via onderstaand formulier:<\/p>\n<p>CONTACT FORM : <span style=\"color: #0000ff;\"><a style=\"color: #0000ff;\" href=\"https:\/\/topmodeleurope.net\/nl\/contact-candidate-not-confirmed\/\">KLIK HIER<\/a><\/span><\/p>\n<\/div><\/div><\/div><\/div><\/div><\/div>\n<\/div>","protected":false},"excerpt":{"rendered":"MOD\u00c8LE Je souhaite participer \/ J\u2019ai soumis ma candidature Retour au menu contact Comment participer au concours ?Pour participer \u00e0 Top Model Europe, il faut s'inscrire via le site Internet - Rubrique : INSCRIPTION Quelles sont les \u00e9tapes du concours ?Les \u00e9tapes de Top Model Europe sont disponibles sur le site Internet - Rubrique : [...]","protected":false},"author":1,"featured_media":0,"parent":0,"menu_order":0,"comment_status":"closed","ping_status":"closed","template":"","meta":{"sfsi_plus_gutenberg_text_before_share":"","sfsi_plus_gutenberg_show_text_before_share":"","sfsi_plus_gutenberg_icon_type":"","sfsi_plus_gutenberg_icon_alignemt":"","sfsi_plus_gutenburg_max_per_row":"","footnotes":""},"folder":[232],"class_list":["post-25112","page","type-page","status-publish","hentry"],"yoast_head":"<!-- This site is optimized with the Yoast SEO plugin v27.3 - https:\/\/yoast.com\/product\/yoast-seo-wordpress\/ -->\n<title>TOP MODEL EUROPE - CONTACT FAQ 1<\/title>\n<meta name=\"description\" content=\"Top Model Europe - Formulaire de Contact\" \/>\n<meta name=\"robots\" content=\"index, follow, max-snippet:-1, max-image-preview:large, max-video-preview:-1\" \/>\n<link rel=\"canonical\" href=\"https:\/\/topmodeleurope.net\/nl\/contact-faq-1\/\" \/>\n<meta property=\"og:locale\" content=\"nl_NL\" \/>\n<meta property=\"og:type\" content=\"article\" \/>\n<meta property=\"og:title\" content=\"TOP MODEL EUROPE - CONTACT FAQ 1\" \/>\n<meta property=\"og:description\" content=\"Top Model Europe - Formulaire de Contact\" \/>\n<meta property=\"og:url\" content=\"https:\/\/topmodeleurope.net\/nl\/contact-faq-1\/\" \/>\n<meta property=\"og:site_name\" content=\"TOP MODEL EUROPE\" \/>\n<meta property=\"article:publisher\" content=\"https:\/\/www.facebook.com\/topmodeleurope\/\" \/>\n<meta property=\"article:modified_time\" content=\"2024-10-25T17:56:22+00:00\" \/>\n<meta name=\"twitter:card\" content=\"summary_large_image\" \/>\n<meta name=\"twitter:label1\" content=\"Geschatte leestijd\" \/>\n\t<meta name=\"twitter:data1\" content=\"2 minuten\" \/>\n<script type=\"application\/ld+json\" class=\"yoast-schema-graph\">{\"@context\":\"https:\\\/\\\/schema.org\",\"@graph\":[{\"@type\":\"WebPage\",\"@id\":\"https:\\\/\\\/topmodeleurope.net\\\/contact-faq-1\\\/\",\"url\":\"https:\\\/\\\/topmodeleurope.net\\\/contact-faq-1\\\/\",\"name\":\"TOP MODEL EUROPE - CONTACT FAQ 1\",\"isPartOf\":{\"@id\":\"https:\\\/\\\/topmodeleurope.net\\\/#website\"},\"datePublished\":\"2024-05-17T16:18:19+00:00\",\"dateModified\":\"2024-10-25T17:56:22+00:00\",\"description\":\"Top Model Europe - Formulaire de Contact\",\"breadcrumb\":{\"@id\":\"https:\\\/\\\/topmodeleurope.net\\\/contact-faq-1\\\/#breadcrumb\"},\"inLanguage\":\"nl-NL\",\"potentialAction\":[{\"@type\":\"ReadAction\",\"target\":[\"https:\\\/\\\/topmodeleurope.net\\\/contact-faq-1\\\/\"]}]},{\"@type\":\"BreadcrumbList\",\"@id\":\"https:\\\/\\\/topmodeleurope.net\\\/contact-faq-1\\\/#breadcrumb\",\"itemListElement\":[{\"@type\":\"ListItem\",\"position\":1,\"name\":\"Accueil\",\"item\":\"https:\\\/\\\/topmodeleurope.net\\\/\"},{\"@type\":\"ListItem\",\"position\":2,\"name\":\"CONTACT FAQ 1\"}]},{\"@type\":\"WebSite\",\"@id\":\"https:\\\/\\\/topmodeleurope.net\\\/#website\",\"url\":\"https:\\\/\\\/topmodeleurope.net\\\/\",\"name\":\"TOP MODEL EUROPE\",\"description\":\"World Model Contest\",\"publisher\":{\"@id\":\"https:\\\/\\\/topmodeleurope.net\\\/#organization\"},\"potentialAction\":[{\"@type\":\"SearchAction\",\"target\":{\"@type\":\"EntryPoint\",\"urlTemplate\":\"https:\\\/\\\/topmodeleurope.net\\\/?s={search_term_string}\"},\"query-input\":{\"@type\":\"PropertyValueSpecification\",\"valueRequired\":true,\"valueName\":\"search_term_string\"}}],\"inLanguage\":\"nl-NL\"},{\"@type\":\"Organization\",\"@id\":\"https:\\\/\\\/topmodeleurope.net\\\/#organization\",\"name\":\"TOP MODEL EUROPE\",\"url\":\"https:\\\/\\\/topmodeleurope.net\\\/\",\"logo\":{\"@type\":\"ImageObject\",\"inLanguage\":\"nl-NL\",\"@id\":\"https:\\\/\\\/topmodeleurope.net\\\/#\\\/schema\\\/logo\\\/image\\\/\",\"url\":\"https:\\\/\\\/topmodeleurope.net\\\/wp-content\\\/uploads\\\/2018\\\/04\\\/logo-tme.jpg\",\"contentUrl\":\"https:\\\/\\\/topmodeleurope.net\\\/wp-content\\\/uploads\\\/2018\\\/04\\\/logo-tme.jpg\",\"width\":960,\"height\":960,\"caption\":\"TOP MODEL EUROPE\"},\"image\":{\"@id\":\"https:\\\/\\\/topmodeleurope.net\\\/#\\\/schema\\\/logo\\\/image\\\/\"},\"sameAs\":[\"https:\\\/\\\/www.facebook.com\\\/topmodeleurope\\\/\",\"https:\\\/\\\/www.instagram.com\\\/topmodeleuropeofficial\\\/\",\"https:\\\/\\\/fr.wikipedia.org\\\/wiki\\\/Top_Model_Europe\"]}]}<\/script>\n<!-- \/ Yoast SEO plugin. -->","yoast_head_json":{"title":"TOPMODEL EUROPA - CONTACT FAQ 1","description":"Topmodel Europa - Contactformulier","robots":{"index":"index","follow":"follow","max-snippet":"max-snippet:-1","max-image-preview":"max-image-preview:large","max-video-preview":"max-video-preview:-1"},"canonical":"https:\/\/topmodeleurope.net\/nl\/contact-faq-1\/","og_locale":"nl_NL","og_type":"article","og_title":"TOP MODEL EUROPE - CONTACT FAQ 1","og_description":"Top Model Europe - Formulaire de Contact","og_url":"https:\/\/topmodeleurope.net\/nl\/contact-faq-1\/","og_site_name":"TOP MODEL EUROPE","article_publisher":"https:\/\/www.facebook.com\/topmodeleurope\/","article_modified_time":"2024-10-25T17:56:22+00:00","twitter_card":"summary_large_image","twitter_misc":{"Geschatte leestijd":"2 minuten"},"schema":{"@context":"https:\/\/schema.org","@graph":[{"@type":"WebPage","@id":"https:\/\/topmodeleurope.net\/contact-faq-1\/","url":"https:\/\/topmodeleurope.net\/contact-faq-1\/","name":"TOPMODEL EUROPA - CONTACT FAQ 1","isPartOf":{"@id":"https:\/\/topmodeleurope.net\/#website"},"datePublished":"2024-05-17T16:18:19+00:00","dateModified":"2024-10-25T17:56:22+00:00","description":"Topmodel Europa - Contactformulier","breadcrumb":{"@id":"https:\/\/topmodeleurope.net\/contact-faq-1\/#breadcrumb"},"inLanguage":"nl-NL","potentialAction":[{"@type":"ReadAction","target":["https:\/\/topmodeleurope.net\/contact-faq-1\/"]}]},{"@type":"BreadcrumbList","@id":"https:\/\/topmodeleurope.net\/contact-faq-1\/#breadcrumb","itemListElement":[{"@type":"ListItem","position":1,"name":"Accueil","item":"https:\/\/topmodeleurope.net\/"},{"@type":"ListItem","position":2,"name":"CONTACT FAQ 1"}]},{"@type":"WebSite","@id":"https:\/\/topmodeleurope.net\/#website","url":"https:\/\/topmodeleurope.net\/","name":"TOP MODEL EUROPE","description":"Wereld Model Wedstrijd","publisher":{"@id":"https:\/\/topmodeleurope.net\/#organization"},"potentialAction":[{"@type":"SearchAction","target":{"@type":"EntryPoint","urlTemplate":"https:\/\/topmodeleurope.net\/?s={search_term_string}"},"query-input":{"@type":"PropertyValueSpecification","valueRequired":true,"valueName":"search_term_string"}}],"inLanguage":"nl-NL"},{"@type":"Organization","@id":"https:\/\/topmodeleurope.net\/#organization","name":"TOP MODEL EUROPE","url":"https:\/\/topmodeleurope.net\/","logo":{"@type":"ImageObject","inLanguage":"nl-NL","@id":"https:\/\/topmodeleurope.net\/#\/schema\/logo\/image\/","url":"https:\/\/topmodeleurope.net\/wp-content\/uploads\/2018\/04\/logo-tme.jpg","contentUrl":"https:\/\/topmodeleurope.net\/wp-content\/uploads\/2018\/04\/logo-tme.jpg","width":960,"height":960,"caption":"TOP MODEL EUROPE"},"image":{"@id":"https:\/\/topmodeleurope.net\/#\/schema\/logo\/image\/"},"sameAs":["https:\/\/www.facebook.com\/topmodeleurope\/","https:\/\/www.instagram.com\/topmodeleuropeofficial\/","https:\/\/fr.wikipedia.org\/wiki\/Top_Model_Europe"]}]}},"_links":{"self":[{"href":"https:\/\/topmodeleurope.net\/nl\/wp-json\/wp\/v2\/pages\/25112","targetHints":{"allow":["GET"]}}],"collection":[{"href":"https:\/\/topmodeleurope.net\/nl\/wp-json\/wp\/v2\/pages"}],"about":[{"href":"https:\/\/topmodeleurope.net\/nl\/wp-json\/wp\/v2\/types\/page"}],"author":[{"embeddable":true,"href":"https:\/\/topmodeleurope.net\/nl\/wp-json\/wp\/v2\/users\/1"}],"replies":[{"embeddable":true,"href":"https:\/\/topmodeleurope.net\/nl\/wp-json\/wp\/v2\/comments?post=25112"}],"version-history":[{"count":0,"href":"https:\/\/topmodeleurope.net\/nl\/wp-json\/wp\/v2\/pages\/25112\/revisions"}],"wp:attachment":[{"href":"https:\/\/topmodeleurope.net\/nl\/wp-json\/wp\/v2\/media?parent=25112"}],"wp:term":[{"taxonomy":"folder","embeddable":true,"href":"https:\/\/topmodeleurope.net\/nl\/wp-json\/wp\/v2\/folder?post=25112"}],"curies":[{"name":"wp","href":"https:\/\/api.w.org\/{rel}","templated":true}]}}