{"id":30638,"date":"2025-12-22T05:31:15","date_gmt":"2025-12-22T04:31:15","guid":{"rendered":"https:\/\/topmodeleurope.net\/?page_id=30638"},"modified":"2025-12-22T22:09:01","modified_gmt":"2025-12-22T21:09:01","slug":"press-and-testimonials","status":"publish","type":"page","link":"https:\/\/topmodeleurope.net\/it\/press-and-testimonials\/","title":{"rendered":"Stampa e testimonianze"},"content":{"rendered":"<div class=\"wpb-content-wrapper\"><div class=\"vc_row wpb_row vc_row-fluid\"><div class=\"wpb_column vc_column_container vc_col-sm-12\"><div class=\"vc_column-inner\"><div class=\"wpb_wrapper\"><div class=\"vc_separator wpb_content_element vc_separator_align_center vc_sep_width_100 vc_sep_border_width_5 vc_sep_pos_align_center vc_separator_no_text vc_sep_color_grey wpb_content_element  wpb_content_element\" ><span class=\"vc_sep_holder vc_sep_holder_l\"><span class=\"vc_sep_line\"><\/span><\/span><span class=\"vc_sep_holder vc_sep_holder_r\"><span class=\"vc_sep_line\"><\/span><\/span>\n<\/div>\n\t<div class=\"wpb_text_column wpb_content_element\" >\n\t\t<div class=\"wpb_wrapper\">\n\t\t\t<p style=\"text-align: center;\" data-start=\"1016\" data-end=\"1229\">Questa pagina raccoglie una selezione di articoli di stampa, testimonianze e interviste pubblicate da media indipendenti, nonch\u00e9 interventi di professionisti del settore e di partecipanti al concorso Top Model Europe.<\/p>\n<p style=\"text-align: center;\" data-start=\"1236\" data-end=\"1439\">Il suo obiettivo \u00e8 quello di documentare, in modo trasparente, il funzionamento del concorso Top Model Europe, le carriere delle candidate e l'impatto del concorso sul mondo della moda internazionale.<\/p>\n<p style=\"text-align: center;\" data-start=\"1446\" data-end=\"1567\">Ogni contenuto \u00e8 accompagnato dalla sua fonte per garantire che le informazioni siano verificabili, contestualizzate e indipendenti.<\/p>\n\n\t\t<\/div>\n\t<\/div>\n<div class=\"vc_separator wpb_content_element vc_separator_align_center vc_sep_width_100 vc_sep_border_width_5 vc_sep_pos_align_center vc_separator_no_text vc_sep_color_grey wpb_content_element  wpb_content_element\" ><span class=\"vc_sep_holder vc_sep_holder_l\"><span class=\"vc_sep_line\"><\/span><\/span><span class=\"vc_sep_holder vc_sep_holder_r\"><span class=\"vc_sep_line\"><\/span><\/span>\n<\/div><\/div><\/div><\/div><\/div><div class=\"vc_row wpb_row vc_row-fluid\"><div class=\"wpb_column vc_column_container vc_col-sm-4 vc_col-has-fill\"><div class=\"vc_column-inner vc_custom_1766378171468\"><div class=\"wpb_wrapper\">\n\t<div class=\"wpb_single_image wpb_content_element vc_align_left  vc_custom_1766435388803\">\n\t\t\n\t\t<figure class=\"wpb_wrapper vc_figure\">\n\t\t\t<a href=\"https:\/\/topmodeleurope.net\/wp-content\/uploads\/2025\/12\/top-model-europe-press-lou-2025-675x1200.jpg\" target=\"_self\" class=\"vc_single_image-wrapper   vc_box_border_grey\"><img loading=\"lazy\" decoding=\"async\" width=\"1080\" height=\"1920\" src=\"https:\/\/topmodeleurope.net\/wp-content\/uploads\/2025\/12\/top-model-europe-press-lou-2025.jpg\" class=\"vc_single_image-img attachment-full\" alt=\"Articolo di stampa su Lou, finalista di Top Model Europe\" title=\"Top Model Europe - Articolo di stampa su Lou\" \/><\/a>\n\t\t<\/figure>\n\t<\/div>\n<\/div><\/div><\/div><div class=\"wpb_column vc_column_container vc_col-sm-8\"><div class=\"vc_column-inner\"><div class=\"wpb_wrapper\"> <div class=\"sc85_heading wpb_content_element impact left\"> <h3 class=\"title\">Stampa<cite class=\"separator\"><\/cite><\/h3> <div class=\"subtitle\">Lou (17) - Finalista: \u00abQuesta esperienza ha rafforzato la mia autostima\u00bb.\u00bb<\/div> <\/div> \n\t<div class=\"wpb_text_column wpb_content_element\" >\n\t\t<div class=\"wpb_wrapper\">\n\t\t\t<p data-start=\"365\" data-end=\"589\"><strong>SOMMARIO<\/strong> Lou, 17 anni, della Normandia, \u00e8 stata scelta come una delle finaliste del concorso internazionale Top Model Europe, dopo un processo di selezione che ha coinvolto decine di migliaia di candidate.<\/p>\n<p data-start=\"591\" data-end=\"1074\">Alla finale di Bruxelles ha partecipato alle prove, agli allenamenti e alle sfilate ufficiali in un ambiente professionale, lavorando a fianco di stilisti e sotto l'occhio di una giuria specializzata. In particolare, \u00e8 stata scelta dalla casa di moda Caroline Bouvier per indossare una sua creazione durante le sfilate, il che le ha permesso di conoscere da vicino le esigenze di una modella in condizioni reali (backstage, preparazione, successivi giri in passerella).<\/p>\n<p data-start=\"1076\" data-end=\"1507\">Anche se non ha vinto il titolo, Lou spiega che l'esperienza ha rafforzato la sua autostima e ha confermato il suo interesse per il mondo della moda, che spera di continuare a sviluppare. L'articolo sottolinea il ruolo del concorso come trampolino di lancio, che consente ai giovani partecipanti di misurarsi con gli standard professionali e di accedere alle prime opportunit\u00e0 (servizi fotografici, contratti di sviluppo, eventi).<\/p>\n\n\t\t<\/div>\n\t<\/div>\n<div class=\"vc_empty_space\"   style=\"height: 60px\"><span class=\"vc_empty_space_inner\"><\/span><\/div><div class=\"vc_separator wpb_content_element vc_separator_align_center vc_sep_width_100 vc_sep_pos_align_center vc_separator_no_text vc_sep_color_grey wpb_content_element  wpb_content_element\" ><span class=\"vc_sep_holder vc_sep_holder_l\"><span class=\"vc_sep_line\"><\/span><\/span><span class=\"vc_sep_holder vc_sep_holder_r\"><span class=\"vc_sep_line\"><\/span><\/span>\n<\/div>\n\t<div class=\"wpb_raw_code wpb_raw_html wpb_content_element\" >\n\t\t<div class=\"wpb_wrapper\">\n\t\t\t<div class=\"tme-sources\" style=\"font-size:10px; line-height:1.35; opacity:0.8; margin-top:14px;\">\n  <div><strong>Fonte :<\/strong> Actu.fr (Francia) - Nathan Blouin - 11\/12\/2025<\/div>\n  <div><strong>Collegamento al sito web<\/strong> <a href=\"https:\/\/actu.fr\/normandie\/landes-sur-ajon_14353\/a-17-ans-lou-a-defile-devant-les-plus-grands-createurs-en-finale-de-top-model-europe-ca-ma-convaincue_63561900.html\" target=\"_blank\" rel=\"noopener noreferrer\">Articolo originale<\/a><\/div>\n<\/div>\n\n\t\t<\/div>\n\t<\/div>\n<\/div><\/div><\/div><\/div><div class=\"vc_row wpb_row vc_row-fluid\"><div class=\"wpb_column vc_column_container vc_col-sm-12\"><div class=\"vc_column-inner\"><div class=\"wpb_wrapper\"><div class=\"vc_empty_space\"   style=\"height: 32px\"><span class=\"vc_empty_space_inner\"><\/span><\/div><div class=\"vc_separator wpb_content_element vc_separator_align_center vc_sep_width_100 vc_sep_border_width_5 vc_sep_pos_align_center vc_separator_no_text vc_sep_color_grey wpb_content_element  wpb_content_element\" ><span class=\"vc_sep_holder vc_sep_holder_l\"><span class=\"vc_sep_line\"><\/span><\/span><span class=\"vc_sep_holder vc_sep_holder_r\"><span class=\"vc_sep_line\"><\/span><\/span>\n<\/div><\/div><\/div><\/div><\/div><div class=\"vc_row wpb_row vc_row-fluid\"><div class=\"wpb_column vc_column_container vc_col-sm-4 vc_col-has-fill\"><div class=\"vc_column-inner vc_custom_1766378171468\"><div class=\"wpb_wrapper\">\n\t<div class=\"wpb_single_image wpb_content_element vc_align_left  vc_custom_1766435397736\">\n\t\t\n\t\t<figure class=\"wpb_wrapper vc_figure\">\n\t\t\t<a href=\"https:\/\/topmodeleurope.net\/wp-content\/uploads\/2025\/12\/top-model-europe-press-mathis-2025-675x1200.jpg\" target=\"_self\" class=\"vc_single_image-wrapper   vc_box_border_grey\"><img loading=\"lazy\" decoding=\"async\" width=\"1080\" height=\"1920\" src=\"https:\/\/topmodeleurope.net\/wp-content\/uploads\/2025\/12\/top-model-europe-press-mathis-2025.jpg\" class=\"vc_single_image-img attachment-full\" alt=\"Articolo di stampa su Mathis, finalista del concorso Top Model Europe\" title=\"top-model-europe-press-mathis-2025\" \/><\/a>\n\t\t<\/figure>\n\t<\/div>\n<\/div><\/div><\/div><div class=\"wpb_column vc_column_container vc_col-sm-8\"><div class=\"vc_column-inner\"><div class=\"wpb_wrapper\"> <div class=\"sc85_heading wpb_content_element impact left\"> <h3 class=\"title\">Stampa<cite class=\"separator\"><\/cite><\/h3> <div class=\"subtitle\">Mathis (16) - Finalista: \u00abUn'esperienza incredibile, ... qualcosa di surreale\u00bb.\u00bb<\/div> <\/div> \n\t<div class=\"wpb_text_column wpb_content_element\" >\n\t\t<div class=\"wpb_wrapper\">\n\t\t\t<p data-start=\"365\" data-end=\"589\"><strong>SOMMARIO<\/strong> : Mathis, 16 anni, di Seine-et-Marne, ha partecipato per la prima volta alla finale del famoso concorso per modelle Top Model Europe, tenutosi a Bruxelles nel novembre 2025.<\/p>\n<p data-start=\"419\" data-end=\"692\">Senza alcuna esperienza precedente nel settore, si \u00e8 iscritto al concorso su iniziativa della madre. Dopo diversi turni di selezione tra oltre 25.000 candidati, \u00e8 stato scelto tra un gruppo selezionato di finalisti che hanno sfilato davanti a professionisti della moda.<\/p>\n<p data-start=\"694\" data-end=\"1073\">Prima della finale, Mathis ha seguito una serie di corsi di preparazione, concentrandosi su postura, approccio, gestione delle emozioni ed espressione sul palco. Spiega che queste fasi sono fondamentali quando si \u00e8 agli inizi: <em data-start=\"911\" data-end=\"1073\">\u00abAll'inizio, quando non si ha esperienza, \u00e8 difficile abituarsi. Ma non ci vuole molto per imparare a camminare come i professionisti e per entrare nel ritmo delle cose.\u00bb<\/em><\/p>\n<p data-start=\"1075\" data-end=\"1382\">Alla finale, ha sfilato in un ambiente professionale ed \u00e8 stato scelto da una stilista per presentare una delle sue creazioni. Descrive l'evento come <em data-start=\"1235\" data-end=\"1266\">\u00abUn'esperienza incredibile\u00bb<\/em> e <em data-start=\"1270\" data-end=\"1304\">\u00abqualcosa di surreale\u00bb<\/em>, L'evento \u00e8 stato caratterizzato da scambi con i designer e dal sostegno reciproco tra i partecipanti.<\/p>\n<p data-start=\"1384\" data-end=\"1726\">Anche se non \u00e8 salito sul podio, Mathis afferma che l'esperienza gli ha dato fiducia e una vera e propria visione del mondo della modellazione. Dice anche che la sua partecipazione alla finale gli ha permesso di ottenere diversi contratti come modello fotografico e non esclude di ripetere l'esperienza.<\/p>\n\n\t\t<\/div>\n\t<\/div>\n<div class=\"vc_empty_space\"   style=\"height: 15px\"><span class=\"vc_empty_space_inner\"><\/span><\/div><div class=\"vc_separator wpb_content_element vc_separator_align_center vc_sep_width_100 vc_sep_pos_align_center vc_separator_no_text vc_sep_color_grey wpb_content_element  wpb_content_element\" ><span class=\"vc_sep_holder vc_sep_holder_l\"><span class=\"vc_sep_line\"><\/span><\/span><span class=\"vc_sep_holder vc_sep_holder_r\"><span class=\"vc_sep_line\"><\/span><\/span>\n<\/div>\n\t<div class=\"wpb_raw_code wpb_raw_html wpb_content_element\" >\n\t\t<div class=\"wpb_wrapper\">\n\t\t\t<div class=\"tme-sources\" style=\"font-size:10px; line-height:1.5; color:rgba(0,0,0,.65); margin-top:14px;\">\n  <p style=\"margin:0 0 6px 0;\">\n    <strong>Fonte :<\/strong> Actu.fr (Francia) - Benjamin Forant - 17\/12\/2025\n  <\/p>\n  <p style=\"margin:0;\">\n    <strong>Collegamento al sito web<\/strong>\n    <a href=\"https:\/\/actu.fr\/ile-de-france\/mitry-mory_77294\/en-seine-et-marne-un-ado-de-16-ans-participe-a-la-finale-dun-concours-de-mannequinat-mondialement-connu_63591442.html\"\n       target=\"_blank\"\n       rel=\"noopener noreferrer\"\n       style=\"color:inherit; text-decoration:underline;\">\n      Articolo originale\n    <\/a>\n  <\/p>\n<\/div>\n\n\t\t<\/div>\n\t<\/div>\n<\/div><\/div><\/div><\/div><div class=\"vc_row wpb_row vc_row-fluid\"><div class=\"wpb_column vc_column_container vc_col-sm-12\"><div class=\"vc_column-inner\"><div class=\"wpb_wrapper\"><div class=\"vc_empty_space\"   style=\"height: 32px\"><span class=\"vc_empty_space_inner\"><\/span><\/div><div class=\"vc_separator wpb_content_element vc_separator_align_center vc_sep_width_100 vc_sep_border_width_5 vc_sep_pos_align_center vc_separator_no_text vc_sep_color_grey wpb_content_element  wpb_content_element\" ><span class=\"vc_sep_holder vc_sep_holder_l\"><span class=\"vc_sep_line\"><\/span><\/span><span class=\"vc_sep_holder vc_sep_holder_r\"><span class=\"vc_sep_line\"><\/span><\/span>\n<\/div><\/div><\/div><\/div><\/div><div class=\"vc_row wpb_row vc_row-fluid\"><div class=\"wpb_column vc_column_container vc_col-sm-4 vc_col-has-fill\"><div class=\"vc_column-inner vc_custom_1766378171468\"><div class=\"wpb_wrapper\">\n\t<div class=\"wpb_single_image wpb_content_element vc_align_left  vc_custom_1766436407896\">\n\t\t\n\t\t<figure class=\"wpb_wrapper vc_figure\">\n\t\t\t<a href=\"https:\/\/topmodeleurope.net\/wp-content\/uploads\/2025\/12\/top-model-europe-press-tom-2025-701x1200.jpg\" target=\"_self\" class=\"vc_single_image-wrapper   vc_box_border_grey\"><img loading=\"lazy\" decoding=\"async\" width=\"802\" height=\"1372\" src=\"https:\/\/topmodeleurope.net\/wp-content\/uploads\/2025\/12\/top-model-europe-press-tom-2025.jpg\" class=\"vc_single_image-img attachment-full\" alt=\"Articolo di stampa su Tom, vincitore del concorso Top Model Europe 2025\" title=\"top-model-europe-press-tom-2025\" \/><\/a>\n\t\t<\/figure>\n\t<\/div>\n<\/div><\/div><\/div><div class=\"wpb_column vc_column_container vc_col-sm-8\"><div class=\"vc_column-inner\"><div class=\"wpb_wrapper\"> <div class=\"sc85_heading wpb_content_element impact left\"> <h3 class=\"title\">Stampa<cite class=\"separator\"><\/cite><\/h3> <div class=\"subtitle\">Tom (19) - Vincitore: \u00abIl modello preferito di Jean-Paul Gaultier, ... durante la pausa, \u00e8 venuto a trovarmi per darmi qualche consiglio\u00bb.\u00bb<\/div> <\/div> \n\t<div class=\"wpb_text_column wpb_content_element\" >\n\t\t<div class=\"wpb_wrapper\">\n\t\t\t<p data-start=\"302\" data-end=\"513\"><strong>SOMMARIO<\/strong> Top Model Europe 2025: Tom, 19 anni, di Montluel (Ain), ha vinto la finale di Top Model Europe 2025, dopo essere stato scelto tra circa 95 finalisti al termine di un processo di selezione che ha visto inizialmente la partecipazione di quasi 25.000 candidati.<\/p>\n<p data-start=\"515\" data-end=\"835\">L'articolo evidenzia i criteri valutati durante la finale (disinvoltura, camminata, presenza sul podio) e l'attenzione prestata da una giuria di professionisti. Si dice che Tom abbia ricevuto consigli nel backstage da Lazaro Cuervo Costa, il modello preferito di Jean-Paul Gaultier, che faceva parte della giuria.<\/p>\n<p data-start=\"837\" data-end=\"1227\">Anche se le prime sollecitazioni professionali sono gi\u00e0 iniziate, Tom insiste su un approccio strutturato e misurato. Vuole mantenere il sangue freddo, rifiutando alcune offerte se necessario e dando priorit\u00e0 ai suoi studi di gestione e amministrazione, mentre si aprono gradualmente le opportunit\u00e0 nel mondo della moda. Attualmente si trova a Parigi per un servizio fotografico.<\/p>\n<p data-start=\"1229\" data-end=\"1430\">L'intero articolo presenta il concorso come un trampolino di lancio per lo sviluppo della carriera, sottolineando l'importanza del sostegno, di un quadro di riferimento e di tempi realistici nella costruzione di un percorso di carriera.<\/p>\n\n\t\t<\/div>\n\t<\/div>\n<div class=\"vc_empty_space\"   style=\"height: 60px\"><span class=\"vc_empty_space_inner\"><\/span><\/div><div class=\"vc_separator wpb_content_element vc_separator_align_center vc_sep_width_100 vc_sep_pos_align_center vc_separator_no_text vc_sep_color_grey wpb_content_element  wpb_content_element\" ><span class=\"vc_sep_holder vc_sep_holder_l\"><span class=\"vc_sep_line\"><\/span><\/span><span class=\"vc_sep_holder vc_sep_holder_r\"><span class=\"vc_sep_line\"><\/span><\/span>\n<\/div>\n\t<div class=\"wpb_raw_code wpb_raw_html wpb_content_element\" >\n\t\t<div class=\"wpb_wrapper\">\n\t\t\t<div class=\"tme-sources\" style=\"font-size:10px; line-height:1.5; color:rgba(0,0,0,.65); margin-top:14px;\">\n  <p style=\"margin:0 0 6px 0;\">\n    <strong>Fonte :<\/strong> Le Progr\u00e8s (Francia) - Cl\u00e9mence Outteryck - 06\/12\/2025\n  <\/p>\n  <p style=\"margin:0;\">\n    <strong>Collegamento al sito web<\/strong>\n    <a href=\"https:\/\/www.leprogres.fr\/magazine-lifestyle\/2025\/12\/06\/tom-despierres-laureat-du-concours-top-model-europe\"\n       target=\"_blank\"\n       rel=\"noopener noreferrer\"\n       style=\"color:inherit; text-decoration:underline;\">\n      Articolo originale\n    <\/a>\n  <\/p>\n<\/div>\n\n\t\t<\/div>\n\t<\/div>\n<\/div><\/div><\/div><\/div><div class=\"vc_row wpb_row vc_row-fluid\"><div class=\"wpb_column vc_column_container vc_col-sm-12\"><div class=\"vc_column-inner\"><div class=\"wpb_wrapper\"><div class=\"vc_empty_space\"   style=\"height: 32px\"><span class=\"vc_empty_space_inner\"><\/span><\/div><div class=\"vc_separator wpb_content_element vc_separator_align_center vc_sep_width_100 vc_sep_border_width_5 vc_sep_pos_align_center vc_separator_no_text vc_sep_color_grey wpb_content_element  wpb_content_element\" ><span class=\"vc_sep_holder vc_sep_holder_l\"><span class=\"vc_sep_line\"><\/span><\/span><span class=\"vc_sep_holder vc_sep_holder_r\"><span class=\"vc_sep_line\"><\/span><\/span>\n<\/div>\n\t<div class=\"wpb_text_column wpb_content_element\" >\n\t\t<div class=\"wpb_wrapper\">\n\t\t\t<p style=\"text-align: center;\"><strong><a href=\"https:\/\/topmodeleurope.net\/it\/success-stories\/\">CHANGE YOUR WORLD<\/a>\u00a0 \u272a\u00a0 <a href=\"https:\/\/topmodeleurope.net\/it\/castings-schedule\/\">CASTING 2026<\/a>\u00a0 \u272a\u00a0 <a href=\"https:\/\/topmodeleurope.net\/it\/casting-info\/\">INTERNATIONAL MODEL CONTEST<\/a><\/strong><\/p>\n\n\t\t<\/div>\n\t<\/div>\n<\/div><\/div><\/div><\/div>\n<\/div>","protected":false},"excerpt":{"rendered":"Cette page rassemble une s\u00e9lection d\u2019articles de presse, t\u00e9moignages et interviews publi\u00e9s par des m\u00e9dias ind\u00e9pendants, ainsi que des prises de parole de professionnels du secteur et de participants au concours Top Model Europe. Elle vise \u00e0 documenter, de mani\u00e8re transparente, le fonctionnement du concours Top Model Europe, le parcours des candidats et l\u2019impact du [...]","protected":false},"author":1,"featured_media":0,"parent":0,"menu_order":3,"comment_status":"closed","ping_status":"closed","template":"","meta":{"sfsi_plus_gutenberg_text_before_share":"","sfsi_plus_gutenberg_show_text_before_share":"","sfsi_plus_gutenberg_icon_type":"","sfsi_plus_gutenberg_icon_alignemt":"","sfsi_plus_gutenburg_max_per_row":"","footnotes":""},"folder":[230],"class_list":["post-30638","page","type-page","status-publish","hentry"],"yoast_head":"<!-- This site is optimized with the Yoast SEO plugin v27.5 - https:\/\/yoast.com\/product\/yoast-seo-wordpress\/ -->\n<title>PRESS &amp; T\u00c9MOIGNAGES - TOP MODEL EUROPE<\/title>\n<meta name=\"description\" content=\"Articles de presse, t\u00e9moignages et interviews mettant en lumi\u00e8re les candidats, designers et l\u2019impact international de Top Model Europe dans la mode.\" \/>\n<meta name=\"robots\" content=\"index, follow, max-snippet:-1, max-image-preview:large, max-video-preview:-1\" \/>\n<link rel=\"canonical\" href=\"https:\/\/topmodeleurope.net\/it\/press-and-testimonials\/\" \/>\n<meta property=\"og:locale\" content=\"it_IT\" \/>\n<meta property=\"og:type\" content=\"article\" \/>\n<meta property=\"og:title\" content=\"PRESS &amp; T\u00c9MOIGNAGES - TOP MODEL EUROPE\" \/>\n<meta property=\"og:description\" content=\"Articles de presse, t\u00e9moignages et interviews mettant en lumi\u00e8re les candidats, designers et l\u2019impact international de Top Model Europe dans la mode.\" \/>\n<meta property=\"og:url\" content=\"https:\/\/topmodeleurope.net\/it\/press-and-testimonials\/\" \/>\n<meta property=\"og:site_name\" content=\"TOP MODEL EUROPE\" \/>\n<meta property=\"article:publisher\" content=\"https:\/\/www.facebook.com\/topmodeleurope\/\" \/>\n<meta property=\"article:modified_time\" content=\"2025-12-22T21:09:01+00:00\" \/>\n<meta name=\"twitter:card\" content=\"summary_large_image\" \/>\n<meta name=\"twitter:label1\" content=\"Tempo di lettura stimato\" \/>\n\t<meta name=\"twitter:data1\" content=\"5 minuti\" \/>\n<script type=\"application\/ld+json\" class=\"yoast-schema-graph\">{\"@context\":\"https:\\\/\\\/schema.org\",\"@graph\":[{\"@type\":\"WebPage\",\"@id\":\"https:\\\/\\\/topmodeleurope.net\\\/press-and-testimonials\\\/\",\"url\":\"https:\\\/\\\/topmodeleurope.net\\\/press-and-testimonials\\\/\",\"name\":\"PRESS & T\u00c9MOIGNAGES - TOP MODEL EUROPE\",\"isPartOf\":{\"@id\":\"https:\\\/\\\/topmodeleurope.net\\\/#website\"},\"datePublished\":\"2025-12-22T04:31:15+00:00\",\"dateModified\":\"2025-12-22T21:09:01+00:00\",\"description\":\"Articles de presse, t\u00e9moignages et interviews mettant en lumi\u00e8re les candidats, designers et l\u2019impact international de Top Model Europe dans la mode.\",\"breadcrumb\":{\"@id\":\"https:\\\/\\\/topmodeleurope.net\\\/press-and-testimonials\\\/#breadcrumb\"},\"inLanguage\":\"it-IT\",\"potentialAction\":[{\"@type\":\"ReadAction\",\"target\":[\"https:\\\/\\\/topmodeleurope.net\\\/press-and-testimonials\\\/\"]}]},{\"@type\":\"BreadcrumbList\",\"@id\":\"https:\\\/\\\/topmodeleurope.net\\\/press-and-testimonials\\\/#breadcrumb\",\"itemListElement\":[{\"@type\":\"ListItem\",\"position\":1,\"name\":\"Accueil\",\"item\":\"https:\\\/\\\/topmodeleurope.net\\\/\"},{\"@type\":\"ListItem\",\"position\":2,\"name\":\"Presse &#038; T\u00e9moignages\"}]},{\"@type\":\"WebSite\",\"@id\":\"https:\\\/\\\/topmodeleurope.net\\\/#website\",\"url\":\"https:\\\/\\\/topmodeleurope.net\\\/\",\"name\":\"TOP MODEL EUROPE\",\"description\":\"World Model Contest\",\"publisher\":{\"@id\":\"https:\\\/\\\/topmodeleurope.net\\\/#organization\"},\"potentialAction\":[{\"@type\":\"SearchAction\",\"target\":{\"@type\":\"EntryPoint\",\"urlTemplate\":\"https:\\\/\\\/topmodeleurope.net\\\/?s={search_term_string}\"},\"query-input\":{\"@type\":\"PropertyValueSpecification\",\"valueRequired\":true,\"valueName\":\"search_term_string\"}}],\"inLanguage\":\"it-IT\"},{\"@type\":\"Organization\",\"@id\":\"https:\\\/\\\/topmodeleurope.net\\\/#organization\",\"name\":\"TOP MODEL EUROPE\",\"url\":\"https:\\\/\\\/topmodeleurope.net\\\/\",\"logo\":{\"@type\":\"ImageObject\",\"inLanguage\":\"it-IT\",\"@id\":\"https:\\\/\\\/topmodeleurope.net\\\/#\\\/schema\\\/logo\\\/image\\\/\",\"url\":\"https:\\\/\\\/topmodeleurope.net\\\/wp-content\\\/uploads\\\/2018\\\/04\\\/logo-tme.jpg\",\"contentUrl\":\"https:\\\/\\\/topmodeleurope.net\\\/wp-content\\\/uploads\\\/2018\\\/04\\\/logo-tme.jpg\",\"width\":960,\"height\":960,\"caption\":\"TOP MODEL EUROPE\"},\"image\":{\"@id\":\"https:\\\/\\\/topmodeleurope.net\\\/#\\\/schema\\\/logo\\\/image\\\/\"},\"sameAs\":[\"https:\\\/\\\/www.facebook.com\\\/topmodeleurope\\\/\",\"https:\\\/\\\/www.instagram.com\\\/topmodeleuropeofficial\\\/\",\"https:\\\/\\\/fr.wikipedia.org\\\/wiki\\\/Top_Model_Europe\"]}]}<\/script>\n<!-- \/ Yoast SEO plugin. -->","yoast_head_json":{"title":"STAMPA E TESTIMONIANZE - TOP MODEL EUROPA","description":"Articoli di stampa, testimonianze e interviste che evidenziano le candidate, gli stilisti e l'impatto internazionale di Top Model Europe nella moda.","robots":{"index":"index","follow":"follow","max-snippet":"max-snippet:-1","max-image-preview":"max-image-preview:large","max-video-preview":"max-video-preview:-1"},"canonical":"https:\/\/topmodeleurope.net\/it\/press-and-testimonials\/","og_locale":"it_IT","og_type":"article","og_title":"PRESS & T\u00c9MOIGNAGES - TOP MODEL EUROPE","og_description":"Articles de presse, t\u00e9moignages et interviews mettant en lumi\u00e8re les candidats, designers et l\u2019impact international de Top Model Europe dans la mode.","og_url":"https:\/\/topmodeleurope.net\/it\/press-and-testimonials\/","og_site_name":"TOP MODEL EUROPE","article_publisher":"https:\/\/www.facebook.com\/topmodeleurope\/","article_modified_time":"2025-12-22T21:09:01+00:00","twitter_card":"summary_large_image","twitter_misc":{"Tempo di lettura stimato":"5 minuti"},"schema":{"@context":"https:\/\/schema.org","@graph":[{"@type":"WebPage","@id":"https:\/\/topmodeleurope.net\/press-and-testimonials\/","url":"https:\/\/topmodeleurope.net\/press-and-testimonials\/","name":"STAMPA E TESTIMONIANZE - TOP MODEL EUROPA","isPartOf":{"@id":"https:\/\/topmodeleurope.net\/#website"},"datePublished":"2025-12-22T04:31:15+00:00","dateModified":"2025-12-22T21:09:01+00:00","description":"Articoli di stampa, testimonianze e interviste che evidenziano le candidate, gli stilisti e l'impatto internazionale di Top Model Europe nella moda.","breadcrumb":{"@id":"https:\/\/topmodeleurope.net\/press-and-testimonials\/#breadcrumb"},"inLanguage":"it-IT","potentialAction":[{"@type":"ReadAction","target":["https:\/\/topmodeleurope.net\/press-and-testimonials\/"]}]},{"@type":"BreadcrumbList","@id":"https:\/\/topmodeleurope.net\/press-and-testimonials\/#breadcrumb","itemListElement":[{"@type":"ListItem","position":1,"name":"Accueil","item":"https:\/\/topmodeleurope.net\/"},{"@type":"ListItem","position":2,"name":"Presse &#038; T\u00e9moignages"}]},{"@type":"WebSite","@id":"https:\/\/topmodeleurope.net\/#website","url":"https:\/\/topmodeleurope.net\/","name":"TOP MODEL EUROPE","description":"Concorso mondiale di modellismo","publisher":{"@id":"https:\/\/topmodeleurope.net\/#organization"},"potentialAction":[{"@type":"SearchAction","target":{"@type":"EntryPoint","urlTemplate":"https:\/\/topmodeleurope.net\/?s={search_term_string}"},"query-input":{"@type":"PropertyValueSpecification","valueRequired":true,"valueName":"search_term_string"}}],"inLanguage":"it-IT"},{"@type":"Organization","@id":"https:\/\/topmodeleurope.net\/#organization","name":"TOP MODEL EUROPE","url":"https:\/\/topmodeleurope.net\/","logo":{"@type":"ImageObject","inLanguage":"it-IT","@id":"https:\/\/topmodeleurope.net\/#\/schema\/logo\/image\/","url":"https:\/\/topmodeleurope.net\/wp-content\/uploads\/2018\/04\/logo-tme.jpg","contentUrl":"https:\/\/topmodeleurope.net\/wp-content\/uploads\/2018\/04\/logo-tme.jpg","width":960,"height":960,"caption":"TOP MODEL EUROPE"},"image":{"@id":"https:\/\/topmodeleurope.net\/#\/schema\/logo\/image\/"},"sameAs":["https:\/\/www.facebook.com\/topmodeleurope\/","https:\/\/www.instagram.com\/topmodeleuropeofficial\/","https:\/\/fr.wikipedia.org\/wiki\/Top_Model_Europe"]}]}},"_links":{"self":[{"href":"https:\/\/topmodeleurope.net\/it\/wp-json\/wp\/v2\/pages\/30638","targetHints":{"allow":["GET"]}}],"collection":[{"href":"https:\/\/topmodeleurope.net\/it\/wp-json\/wp\/v2\/pages"}],"about":[{"href":"https:\/\/topmodeleurope.net\/it\/wp-json\/wp\/v2\/types\/page"}],"author":[{"embeddable":true,"href":"https:\/\/topmodeleurope.net\/it\/wp-json\/wp\/v2\/users\/1"}],"replies":[{"embeddable":true,"href":"https:\/\/topmodeleurope.net\/it\/wp-json\/wp\/v2\/comments?post=30638"}],"version-history":[{"count":44,"href":"https:\/\/topmodeleurope.net\/it\/wp-json\/wp\/v2\/pages\/30638\/revisions"}],"predecessor-version":[{"id":30689,"href":"https:\/\/topmodeleurope.net\/it\/wp-json\/wp\/v2\/pages\/30638\/revisions\/30689"}],"wp:attachment":[{"href":"https:\/\/topmodeleurope.net\/it\/wp-json\/wp\/v2\/media?parent=30638"}],"wp:term":[{"taxonomy":"folder","embeddable":true,"href":"https:\/\/topmodeleurope.net\/it\/wp-json\/wp\/v2\/folder?post=30638"}],"curies":[{"name":"wp","href":"https:\/\/api.w.org\/{rel}","templated":true}]}}