{"id":25102,"date":"2024-05-17T17:56:47","date_gmt":"2024-05-17T15:56:47","guid":{"rendered":"https:\/\/topmodeleurope.net\/?page_id=25102"},"modified":"2024-10-25T20:05:02","modified_gmt":"2024-10-25T18:05:02","slug":"contact-faq-2","status":"publish","type":"page","link":"https:\/\/topmodeleurope.net\/it\/contact-faq-2\/","title":{"rendered":"CONTATTO FAQ 2"},"content":{"rendered":"<div class=\"wpb-content-wrapper\"><div class=\"vc_row wpb_row vc_row-fluid\"><div class=\"wpb_column vc_column_container vc_col-sm-12\"><div class=\"vc_column-inner\"><div class=\"wpb_wrapper\"> <div class=\"sc85_heading wpb_content_element bold left\"> <h2 class=\"title\">MODELLO<cite class=\"separator\"><\/cite><\/h2> <div class=\"subtitle\">Ho confermato la mia partecipazione \/ ho gi\u00e0 un numero di candidato<\/div> <\/div> \n\t<div class=\"wpb_text_column wpb_content_element\" >\n\t\t<div class=\"wpb_wrapper\">\n\t\t\t<p><span style=\"color: #0000ff;\"><a style=\"color: #0000ff;\" href=\"https:\/\/topmodeleurope.net\/it\/contact\/\">Torna al menu dei contatti<\/a><\/span><\/p>\n\n\t\t<\/div>\n\t<\/div>\n<\/div><\/div><\/div><\/div><div class=\"vc_row wpb_row vc_row-fluid\"><div class=\"wpb_column vc_column_container vc_col-sm-12\"><div class=\"vc_column-inner\"><div class=\"wpb_wrapper\"><div  class=\"vc_do_toggle vc_toggle vc_toggle_default vc_toggle_color_default  vc_toggle_size_md\"><div class=\"vc_toggle_title\"><h4>Non ho ricevuto le informazioni sul voto della giuria (casting).<\/h4><i class=\"vc_toggle_icon\"><\/i><\/div><div class=\"vc_toggle_content\"><p>Per ricevere notizie:<\/p>\n<ol>\n<li>Confermate la vostra partecipazione pagando la quota di iscrizione.<\/li>\n<li>Riceverete immediatamente un'e-mail di conferma<\/li>\n<li>Il link Internet con tutte le informazioni si trova sul biglietto che riceverete immediatamente via e-mail dopo la conferma.<\/li>\n<\/ol>\n<div>Ulteriori informazioni:<\/div>\n<ol>\n<li>Il link consente di selezionare il proprio Paese e di ottenere informazioni sulla fase successiva nel proprio Paese (o selezione online).<\/li>\n<li>Almeno tre giorni prima dell'evento, riceverete un'e-mail di promemoria contenente le informazioni necessarie e il vostro numero di candidato.<\/li>\n<\/ol>\n<\/div><\/div><div  class=\"vc_do_toggle vc_toggle vc_toggle_default vc_toggle_color_default  vc_toggle_size_md\"><div class=\"vc_toggle_title\"><h4>Sto aspettando un'e-mail da Top Model Europe. Non l'ho ancora ricevuta.<\/h4><i class=\"vc_toggle_icon\"><\/i><\/div><div class=\"vc_toggle_content\"><p>Le nostre e-mail sono sempre inviate all'indirizzo e-mail fornito al momento della registrazione. Se non avete ricevuto la nostra e-mail, vi consigliamo di :<\/p>\n<ol>\n<li>Controllate la posta indesiderata (comprese le promozioni e altri filtri nella casella di posta).<\/li>\n<li>Cercate nella vostra casella di posta elettronica inserendo : <a rel=\"noopener\">info@topmodeleurope.net<\/a>.<\/li>\n<li>Se si utilizza un indirizzo @icloud.com, questo indirizzo deve essere evitato per motivi di deliverability, contattateci.<\/li>\n<li>Per assicurarsi che le nostre e-mail arrivino nella vostra casella di posta, aggiungete <a rel=\"noopener\">info@topmodeleurope.net<\/a> all'elenco dei contatti.<\/li>\n<\/ol>\n<\/div><\/div><div  class=\"vc_do_toggle vc_toggle vc_toggle_default vc_toggle_color_default  vc_toggle_size_md\"><div class=\"vc_toggle_title\"><h4>Ho un'altra domanda<\/h4><i class=\"vc_toggle_icon\"><\/i><\/div><div class=\"vc_toggle_content\"><p>Contattate direttamente la commissione del vostro Paese utilizzando il seguente modulo:<\/p>\n<p>MODULO DI CONTATTO :<span style=\"color: #0000ff;\"> <a style=\"color: #0000ff;\" href=\"https:\/\/topmodeleurope.net\/it\/contact-candidate\/\">CLICCA QUI<\/a><\/span><\/p>\n<\/div><\/div><\/div><\/div><\/div><\/div>\n<\/div>","protected":false},"excerpt":{"rendered":"MOD\u00c8LE J\u2019ai confirm\u00e9 ma participation \/ J\u2019ai d\u00e9j\u00e0 un num\u00e9ro de candidat(e) Retour au menu contact Je n&#039;ai pas re\u00e7u les infos pour le vote du jury (casting).Pour recevoir les infos: Confirme ta participation en payant les frais d'inscription. Tu re\u00e7ois imm\u00e9diatement un mail de confirmation Le lien Internet avec toutes les infos se trouve [...]","protected":false},"author":1,"featured_media":0,"parent":0,"menu_order":0,"comment_status":"closed","ping_status":"closed","template":"","meta":{"sfsi_plus_gutenberg_text_before_share":"","sfsi_plus_gutenberg_show_text_before_share":"","sfsi_plus_gutenberg_icon_type":"","sfsi_plus_gutenberg_icon_alignemt":"","sfsi_plus_gutenburg_max_per_row":"","footnotes":""},"folder":[232],"class_list":["post-25102","page","type-page","status-publish","hentry"],"yoast_head":"<!-- This site is optimized with the Yoast SEO plugin v27.4 - https:\/\/yoast.com\/product\/yoast-seo-wordpress\/ -->\n<title>TOP MODEL EUROPE - CONTACT FAQ 2<\/title>\n<meta name=\"description\" content=\"Top Model Europe - Formulaire de Contact\" \/>\n<meta name=\"robots\" content=\"index, follow, max-snippet:-1, max-image-preview:large, max-video-preview:-1\" \/>\n<link rel=\"canonical\" href=\"https:\/\/topmodeleurope.net\/it\/contact-faq-2\/\" \/>\n<meta property=\"og:locale\" content=\"it_IT\" \/>\n<meta property=\"og:type\" content=\"article\" \/>\n<meta property=\"og:title\" content=\"TOP MODEL EUROPE - CONTACT FAQ 2\" \/>\n<meta property=\"og:description\" content=\"Top Model Europe - Formulaire de Contact\" \/>\n<meta property=\"og:url\" content=\"https:\/\/topmodeleurope.net\/it\/contact-faq-2\/\" \/>\n<meta property=\"og:site_name\" content=\"TOP MODEL EUROPE\" \/>\n<meta property=\"article:publisher\" content=\"https:\/\/www.facebook.com\/topmodeleurope\/\" \/>\n<meta property=\"article:modified_time\" content=\"2024-10-25T18:05:02+00:00\" \/>\n<meta name=\"twitter:card\" content=\"summary_large_image\" \/>\n<meta name=\"twitter:label1\" content=\"Tempo di lettura stimato\" \/>\n\t<meta name=\"twitter:data1\" content=\"2 minuti\" \/>\n<script type=\"application\/ld+json\" class=\"yoast-schema-graph\">{\"@context\":\"https:\\\/\\\/schema.org\",\"@graph\":[{\"@type\":\"WebPage\",\"@id\":\"https:\\\/\\\/topmodeleurope.net\\\/contact-faq-2\\\/\",\"url\":\"https:\\\/\\\/topmodeleurope.net\\\/contact-faq-2\\\/\",\"name\":\"TOP MODEL EUROPE - CONTACT FAQ 2\",\"isPartOf\":{\"@id\":\"https:\\\/\\\/topmodeleurope.net\\\/#website\"},\"datePublished\":\"2024-05-17T15:56:47+00:00\",\"dateModified\":\"2024-10-25T18:05:02+00:00\",\"description\":\"Top Model Europe - Formulaire de Contact\",\"breadcrumb\":{\"@id\":\"https:\\\/\\\/topmodeleurope.net\\\/contact-faq-2\\\/#breadcrumb\"},\"inLanguage\":\"it-IT\",\"potentialAction\":[{\"@type\":\"ReadAction\",\"target\":[\"https:\\\/\\\/topmodeleurope.net\\\/contact-faq-2\\\/\"]}]},{\"@type\":\"BreadcrumbList\",\"@id\":\"https:\\\/\\\/topmodeleurope.net\\\/contact-faq-2\\\/#breadcrumb\",\"itemListElement\":[{\"@type\":\"ListItem\",\"position\":1,\"name\":\"Accueil\",\"item\":\"https:\\\/\\\/topmodeleurope.net\\\/\"},{\"@type\":\"ListItem\",\"position\":2,\"name\":\"CONTACT FAQ 2\"}]},{\"@type\":\"WebSite\",\"@id\":\"https:\\\/\\\/topmodeleurope.net\\\/#website\",\"url\":\"https:\\\/\\\/topmodeleurope.net\\\/\",\"name\":\"TOP MODEL EUROPE\",\"description\":\"World Model Contest\",\"publisher\":{\"@id\":\"https:\\\/\\\/topmodeleurope.net\\\/#organization\"},\"potentialAction\":[{\"@type\":\"SearchAction\",\"target\":{\"@type\":\"EntryPoint\",\"urlTemplate\":\"https:\\\/\\\/topmodeleurope.net\\\/?s={search_term_string}\"},\"query-input\":{\"@type\":\"PropertyValueSpecification\",\"valueRequired\":true,\"valueName\":\"search_term_string\"}}],\"inLanguage\":\"it-IT\"},{\"@type\":\"Organization\",\"@id\":\"https:\\\/\\\/topmodeleurope.net\\\/#organization\",\"name\":\"TOP MODEL EUROPE\",\"url\":\"https:\\\/\\\/topmodeleurope.net\\\/\",\"logo\":{\"@type\":\"ImageObject\",\"inLanguage\":\"it-IT\",\"@id\":\"https:\\\/\\\/topmodeleurope.net\\\/#\\\/schema\\\/logo\\\/image\\\/\",\"url\":\"https:\\\/\\\/topmodeleurope.net\\\/wp-content\\\/uploads\\\/2018\\\/04\\\/logo-tme.jpg\",\"contentUrl\":\"https:\\\/\\\/topmodeleurope.net\\\/wp-content\\\/uploads\\\/2018\\\/04\\\/logo-tme.jpg\",\"width\":960,\"height\":960,\"caption\":\"TOP MODEL EUROPE\"},\"image\":{\"@id\":\"https:\\\/\\\/topmodeleurope.net\\\/#\\\/schema\\\/logo\\\/image\\\/\"},\"sameAs\":[\"https:\\\/\\\/www.facebook.com\\\/topmodeleurope\\\/\",\"https:\\\/\\\/www.instagram.com\\\/topmodeleuropeofficial\\\/\",\"https:\\\/\\\/fr.wikipedia.org\\\/wiki\\\/Top_Model_Europe\"]}]}<\/script>\n<!-- \/ Yoast SEO plugin. -->","yoast_head_json":{"title":"TOP MODEL EUROPA - CONTATTO FAQ 2","description":"Top Model Europe - Modulo di contatto","robots":{"index":"index","follow":"follow","max-snippet":"max-snippet:-1","max-image-preview":"max-image-preview:large","max-video-preview":"max-video-preview:-1"},"canonical":"https:\/\/topmodeleurope.net\/it\/contact-faq-2\/","og_locale":"it_IT","og_type":"article","og_title":"TOP MODEL EUROPE - CONTACT FAQ 2","og_description":"Top Model Europe - Formulaire de Contact","og_url":"https:\/\/topmodeleurope.net\/it\/contact-faq-2\/","og_site_name":"TOP MODEL EUROPE","article_publisher":"https:\/\/www.facebook.com\/topmodeleurope\/","article_modified_time":"2024-10-25T18:05:02+00:00","twitter_card":"summary_large_image","twitter_misc":{"Tempo di lettura stimato":"2 minuti"},"schema":{"@context":"https:\/\/schema.org","@graph":[{"@type":"WebPage","@id":"https:\/\/topmodeleurope.net\/contact-faq-2\/","url":"https:\/\/topmodeleurope.net\/contact-faq-2\/","name":"TOP MODEL EUROPA - CONTATTO FAQ 2","isPartOf":{"@id":"https:\/\/topmodeleurope.net\/#website"},"datePublished":"2024-05-17T15:56:47+00:00","dateModified":"2024-10-25T18:05:02+00:00","description":"Top Model Europe - Modulo di contatto","breadcrumb":{"@id":"https:\/\/topmodeleurope.net\/contact-faq-2\/#breadcrumb"},"inLanguage":"it-IT","potentialAction":[{"@type":"ReadAction","target":["https:\/\/topmodeleurope.net\/contact-faq-2\/"]}]},{"@type":"BreadcrumbList","@id":"https:\/\/topmodeleurope.net\/contact-faq-2\/#breadcrumb","itemListElement":[{"@type":"ListItem","position":1,"name":"Accueil","item":"https:\/\/topmodeleurope.net\/"},{"@type":"ListItem","position":2,"name":"CONTACT FAQ 2"}]},{"@type":"WebSite","@id":"https:\/\/topmodeleurope.net\/#website","url":"https:\/\/topmodeleurope.net\/","name":"TOP MODEL EUROPE","description":"Concorso mondiale di modellismo","publisher":{"@id":"https:\/\/topmodeleurope.net\/#organization"},"potentialAction":[{"@type":"SearchAction","target":{"@type":"EntryPoint","urlTemplate":"https:\/\/topmodeleurope.net\/?s={search_term_string}"},"query-input":{"@type":"PropertyValueSpecification","valueRequired":true,"valueName":"search_term_string"}}],"inLanguage":"it-IT"},{"@type":"Organization","@id":"https:\/\/topmodeleurope.net\/#organization","name":"TOP MODEL EUROPE","url":"https:\/\/topmodeleurope.net\/","logo":{"@type":"ImageObject","inLanguage":"it-IT","@id":"https:\/\/topmodeleurope.net\/#\/schema\/logo\/image\/","url":"https:\/\/topmodeleurope.net\/wp-content\/uploads\/2018\/04\/logo-tme.jpg","contentUrl":"https:\/\/topmodeleurope.net\/wp-content\/uploads\/2018\/04\/logo-tme.jpg","width":960,"height":960,"caption":"TOP MODEL EUROPE"},"image":{"@id":"https:\/\/topmodeleurope.net\/#\/schema\/logo\/image\/"},"sameAs":["https:\/\/www.facebook.com\/topmodeleurope\/","https:\/\/www.instagram.com\/topmodeleuropeofficial\/","https:\/\/fr.wikipedia.org\/wiki\/Top_Model_Europe"]}]}},"_links":{"self":[{"href":"https:\/\/topmodeleurope.net\/it\/wp-json\/wp\/v2\/pages\/25102","targetHints":{"allow":["GET"]}}],"collection":[{"href":"https:\/\/topmodeleurope.net\/it\/wp-json\/wp\/v2\/pages"}],"about":[{"href":"https:\/\/topmodeleurope.net\/it\/wp-json\/wp\/v2\/types\/page"}],"author":[{"embeddable":true,"href":"https:\/\/topmodeleurope.net\/it\/wp-json\/wp\/v2\/users\/1"}],"replies":[{"embeddable":true,"href":"https:\/\/topmodeleurope.net\/it\/wp-json\/wp\/v2\/comments?post=25102"}],"version-history":[{"count":0,"href":"https:\/\/topmodeleurope.net\/it\/wp-json\/wp\/v2\/pages\/25102\/revisions"}],"wp:attachment":[{"href":"https:\/\/topmodeleurope.net\/it\/wp-json\/wp\/v2\/media?parent=25102"}],"wp:term":[{"taxonomy":"folder","embeddable":true,"href":"https:\/\/topmodeleurope.net\/it\/wp-json\/wp\/v2\/folder?post=25102"}],"curies":[{"name":"wp","href":"https:\/\/api.w.org\/{rel}","templated":true}]}}