{"id":24441,"date":"2024-01-25T23:59:32","date_gmt":"2024-01-25T22:59:32","guid":{"rendered":"https:\/\/topmodeleurope.net\/?page_id=24441"},"modified":"2025-09-17T08:27:27","modified_gmt":"2025-09-17T06:27:27","slug":"nederland","status":"publish","type":"page","link":"https:\/\/topmodeleurope.net\/it\/nederland\/","title":{"rendered":"TOP MODEL EUROPA - NEDERLANDIA"},"content":{"rendered":"<div class=\"wpb-content-wrapper\"><div class=\"vc_row wpb_row vc_row-fluid\"><div class=\"wpb_column vc_column_container vc_col-sm-12\"><div class=\"vc_column-inner\"><div class=\"wpb_wrapper\">\n\t<div class=\"wpb_video_widget wpb_content_element vc_clearfix   vc_video-aspect-ratio-169 vc_video-el-width-100 vc_video-align-left\" >\n\t\t<div class=\"wpb_wrapper\">\n\t\t\t\n\t\t\t<div class=\"wpb_video_wrapper\"><p class=\"winner_fitvids\"><iframe loading=\"lazy\" src=\"https:\/\/player.vimeo.com\/video\/726252922?dnt=1&amp;app_id=122963\" width=\"500\" height=\"281\" frameborder=\"0\" allow=\"autoplay; fullscreen; picture-in-picture; clipboard-write; encrypted-media; web-share\" referrerpolicy=\"strict-origin-when-cross-origin\"><\/iframe><\/p><\/div>\n\t\t<\/div>\n\t<\/div>\n<\/div><\/div><\/div><\/div><div class=\"vc_row wpb_row vc_row-fluid\"><div class=\"wpb_column vc_column_container vc_col-sm-12\"><div class=\"vc_column-inner\"><div class=\"wpb_wrapper\"> <div class=\"sc85_heading wpb_content_element bold left\"> <h1 class=\"title\">TOP MODEL EUROPE<cite class=\"separator\"><\/cite><\/h1> <\/div> \n\t<div class=\"wpb_text_column wpb_content_element\" >\n\t\t<div class=\"wpb_wrapper\">\n\t\t\t<p data-start=\"130\" data-end=\"334\">Top Model Europe \u00e8 il pi\u00f9 prestigioso concorso internazionale per modelle. Ogni anno vengono organizzate selezioni in numerosi Paesi del mondo.<\/p>\n<p data-start=\"336\" data-end=\"625\">L'obiettivo del concorso \u00e8 rivelare i talenti di domani e, con l'aiuto dei nostri partner internazionali (agenzie, fotografi, designer, direttori di grandi marchi, ecc.), dare loro l'opportunit\u00e0 di avviare una carriera sulla scena nazionale e internazionale.<\/p>\n\n\t\t<\/div>\n\t<\/div>\n<div class=\"vc_separator wpb_content_element vc_separator_align_center vc_sep_width_100 vc_sep_pos_align_center vc_separator_no_text vc_sep_color_grey wpb_content_element  wpb_content_element\" ><span class=\"vc_sep_holder vc_sep_holder_l\"><span class=\"vc_sep_line\"><\/span><\/span><span class=\"vc_sep_holder vc_sep_holder_r\"><span class=\"vc_sep_line\"><\/span><\/span>\n<\/div> <div class=\"sc85_heading wpb_content_element bold left\"> <h1 class=\"title\">TOP MODEL EUROPA - NEDERLANDIA<cite class=\"separator\"><\/cite><\/h1> <\/div> \n\t<div class=\"wpb_text_column wpb_content_element\" >\n\t\t<div class=\"wpb_wrapper\">\n\t\t\t<p>TOP MODEL EUROPE organizza le selezioni nei Paesi Bassi.<\/p>\n<p>Il direttore nazionale Jerry Luxenburg e il suo team sono responsabili della selezione e dell'addestramento delle modelle per il concorso.<\/p>\n<p>Le vincitrici di Top Model Europe - Nederland rappresenteranno il loro Paese alla grande finale europea di Parigi o Bruxelles.<\/p>\n\n\t\t<\/div>\n\t<\/div>\n<div class=\"vc_separator wpb_content_element vc_separator_align_center vc_sep_width_100 vc_sep_pos_align_center vc_separator_no_text vc_sep_color_grey wpb_content_element  wpb_content_element\" ><span class=\"vc_sep_holder vc_sep_holder_l\"><span class=\"vc_sep_line\"><\/span><\/span><span class=\"vc_sep_holder vc_sep_holder_r\"><span class=\"vc_sep_line\"><\/span><\/span>\n<\/div> <div class=\"sc85_heading wpb_content_element bold left\"> <h1 class=\"title\">SUCCESS STORIES<cite class=\"separator\"><\/cite><\/h1> <\/div> <div class=\"wpb_column vc_column_container vc_col-sm-6\"><div class=\"vc_column-inner\"><div class=\"wpb_wrapper\"><\/div><\/div><\/div><div class=\"wpb_column vc_column_container vc_col-sm-6\"><div class=\"vc_column-inner\"><div class=\"wpb_wrapper\"><\/div><\/div><\/div><\/div><\/div><\/div><\/div><div class=\"vc_row wpb_row vc_row-fluid\"><div class=\"wpb_column vc_column_container vc_col-sm-3\"><div class=\"vc_column-inner\"><div class=\"wpb_wrapper\">\n\t<div class=\"wpb_single_image wpb_content_element vc_align_left\">\n\t\t\n\t\t<figure class=\"wpb_wrapper vc_figure\">\n\t\t\t<a href=\"https:\/\/topmodeleurope.net\/wp-content\/uploads\/2024\/11\/top-model-europe-balmain-website-3-1200x1200.jpg\" target=\"_blank\" class=\"vc_single_image-wrapper   vc_box_border_grey\"><img loading=\"lazy\" decoding=\"async\" width=\"1000\" height=\"1000\" src=\"https:\/\/topmodeleurope.net\/wp-content\/uploads\/2024\/11\/top-model-europe-balmain-website-3-1200x1200.jpg\" class=\"vc_single_image-img attachment-large\" alt=\"\" title=\"top-model-europe-balmain-sito web-3\" \/><\/a>\n\t\t<\/figure>\n\t<\/div>\n<\/div><\/div><\/div><div class=\"wpb_column vc_column_container vc_col-sm-3\"><div class=\"vc_column-inner\"><div class=\"wpb_wrapper\">\n\t<div class=\"wpb_single_image wpb_content_element vc_align_left\">\n\t\t\n\t\t<figure class=\"wpb_wrapper vc_figure\">\n\t\t\t<a href=\"https:\/\/topmodeleurope.net\/wp-content\/uploads\/2024\/11\/top-model-europe-emporio-armani-show-fall-winter-2023-1200x1200.jpg\" target=\"_blank\" class=\"vc_single_image-wrapper   vc_box_border_grey\"><img loading=\"lazy\" decoding=\"async\" width=\"1000\" height=\"1000\" src=\"https:\/\/topmodeleurope.net\/wp-content\/uploads\/2024\/11\/top-model-europe-emporio-armani-show-fall-winter-2023-1200x1200.jpg\" class=\"vc_single_image-img attachment-large\" alt=\"\" title=\"top-model-europe-emporio-armani-sfilata-dell&#039;autunno-inverno-2023\" \/><\/a>\n\t\t<\/figure>\n\t<\/div>\n<\/div><\/div><\/div><div class=\"wpb_column vc_column_container vc_col-sm-3\"><div class=\"vc_column-inner\"><div class=\"wpb_wrapper\">\n\t<div class=\"wpb_single_image wpb_content_element vc_align_left\">\n\t\t\n\t\t<figure class=\"wpb_wrapper vc_figure\">\n\t\t\t<a href=\"https:\/\/topmodeleurope.net\/wp-content\/uploads\/2024\/11\/top-model-europe-jean-paul-gaultier-website-1-1200x1200.jpg\" target=\"_blank\" class=\"vc_single_image-wrapper   vc_box_border_grey\"><img loading=\"lazy\" decoding=\"async\" width=\"1000\" height=\"1000\" src=\"https:\/\/topmodeleurope.net\/wp-content\/uploads\/2024\/11\/top-model-europe-jean-paul-gaultier-website-1-1200x1200.jpg\" class=\"vc_single_image-img attachment-large\" alt=\"\" title=\"top-model-europe-jean-paul-gaultier-sito web-1\" \/><\/a>\n\t\t<\/figure>\n\t<\/div>\n<\/div><\/div><\/div><div class=\"wpb_column vc_column_container vc_col-sm-3\"><div class=\"vc_column-inner\"><div class=\"wpb_wrapper\">\n\t<div class=\"wpb_single_image wpb_content_element vc_align_left\">\n\t\t\n\t\t<figure class=\"wpb_wrapper vc_figure\">\n\t\t\t<a href=\"https:\/\/topmodeleurope.net\/wp-content\/uploads\/2024\/11\/top-model-europe-dolcegabbana-show-2-1200x1200.jpg\" target=\"_blank\" class=\"vc_single_image-wrapper   vc_box_border_grey\"><img loading=\"lazy\" decoding=\"async\" width=\"1000\" height=\"1000\" src=\"https:\/\/topmodeleurope.net\/wp-content\/uploads\/2024\/11\/top-model-europe-dolcegabbana-show-2-1200x1200.jpg\" class=\"vc_single_image-img attachment-large\" alt=\"Adrian, vincitrice di Top Model Europa, sfila per Dolce &amp; Gabbana\" title=\"Top Model Europe - Adrian vincitore - sfilata di Dolce &amp; Gabbana\" \/><\/a>\n\t\t<\/figure>\n\t<\/div>\n<\/div><\/div><\/div><\/div><div class=\"vc_row wpb_row vc_row-fluid\"><div class=\"wpb_column vc_column_container vc_col-sm-12\"><div class=\"vc_column-inner\"><div class=\"wpb_wrapper\">\n\t<div class=\"wpb_text_column wpb_content_element\" >\n\t\t<div class=\"wpb_wrapper\">\n\t\t\t<p>Ogni anno, molti dei nostri vincitori e finalisti lasciano il segno nel mondo della moda. Tra questi <em data-start=\"200\" data-end=\"217\">storie di successo<\/em>Le nostre modelle sfilano sulle passerelle delle principali sfilate di moda e in prestigiose campagne pubblicitarie.<\/p>\n\n\t\t<\/div>\n\t<\/div>\n<div class=\"sc85_button normal left\"><a href=\"https:\/\/topmodeleurope.net\/it\/success-stories\/\" target=\"_blank\" class=\"button\">Guarda le Success Stories dei nostri modelli<\/a><\/div>\n\t<div class=\"wpb_single_image wpb_content_element vc_align_center\">\n\t\t\n\t\t<figure class=\"wpb_wrapper vc_figure\">\n\t\t\t<a href=\"https:\/\/topmodeleurope.net\/it\/success-stories\/\" target=\"_blank\" class=\"vc_single_image-wrapper   vc_box_border_grey\"><img loading=\"lazy\" decoding=\"async\" width=\"1224\" height=\"817\" src=\"https:\/\/topmodeleurope.net\/wp-content\/uploads\/2022\/07\/TOP-MODEL-EUROPE-SUCCESS-STORY-.jpg\" class=\"vc_single_image-img attachment-full\" alt=\"TOP MODEL EUROPA - STORIA DI SUCCESSO -\" title=\"TOP MODEL EUROPA - STORIA DI SUCCESSO -\" \/><\/a>\n\t\t<\/figure>\n\t<\/div>\n<div class=\"vc_separator wpb_content_element vc_separator_align_center vc_sep_width_100 vc_sep_pos_align_center vc_separator_no_text vc_sep_color_grey wpb_content_element  wpb_content_element\" ><span class=\"vc_sep_holder vc_sep_holder_l\"><span class=\"vc_sep_line\"><\/span><\/span><span class=\"vc_sep_holder vc_sep_holder_r\"><span class=\"vc_sep_line\"><\/span><\/span>\n<\/div><div class=\"wpb_column vc_column_container vc_col-sm-6\"><div class=\"vc_column-inner\"><div class=\"wpb_wrapper\"><\/div><\/div><\/div><div class=\"wpb_column vc_column_container vc_col-sm-6\"><div class=\"vc_column-inner\"><div class=\"wpb_wrapper\"><\/div><\/div><\/div><\/div><\/div><\/div><\/div><div class=\"vc_row wpb_row vc_row-fluid\"><div class=\"wpb_column vc_column_container vc_col-sm-12\"><div class=\"vc_column-inner\"><div class=\"wpb_wrapper\"> <div class=\"sc85_heading wpb_content_element bold left\"> <h1 class=\"title\">COME PARTECIPARE<cite class=\"separator\"><\/cite><\/h1> <\/div> \n\t<div class=\"wpb_text_column wpb_content_element\" >\n\t\t<div class=\"wpb_wrapper\">\n\t\t\t<p>Per partecipare, \u00e8 sufficiente registrarsi online sulla pagina di registrazione o cliccando sul pulsante sottostante.<\/p>\n<p>Le candidature vengono controllate ogni giorno dai team di Top Model Europe.<\/p>\n<p>Se il vostro profilo viene selezionato, entro 3 giorni riceverete informazioni sulle varie fasi del concorso e l'invito ufficiale a partecipare al concorso.<\/p>\n<p>CASTINGS IN ARRIVO :<\/p>\n<p data-start=\"138\" data-end=\"187\"><strong data-start=\"138\" data-end=\"185\">AMSTERDAM - ROTTERDAM - UTRECHT - GRONINGA<\/strong><\/p>\n\n\t\t<\/div>\n\t<\/div>\n<div class=\"sc85_button normal inline\"><a href=\"https:\/\/topmodeleurope.net\/it\/apply-casting\/\" title=\"REGISTRAZIONE\" class=\"button\">Registrati ora<\/a><\/div><div class=\"wpb_column vc_column_container vc_col-sm-6\"><div class=\"vc_column-inner\"><div class=\"wpb_wrapper\"><\/div><\/div><\/div><div class=\"vc_empty_space\"   style=\"height: 32px\"><span class=\"vc_empty_space_inner\"><\/span><\/div><div class=\"wpb_column vc_column_container vc_col-sm-6\"><div class=\"vc_column-inner\"><div class=\"wpb_wrapper\"><\/div><\/div><\/div><\/div><\/div><\/div><\/div><div class=\"vc_row wpb_row vc_row-fluid\"><div class=\"wpb_column vc_column_container vc_col-sm-12\"><div class=\"vc_column-inner\"><div class=\"wpb_wrapper\"><div class=\"vc_separator wpb_content_element vc_separator_align_center vc_sep_width_100 vc_sep_pos_align_center vc_separator_no_text vc_sep_color_grey wpb_content_element  wpb_content_element\" ><span class=\"vc_sep_holder vc_sep_holder_l\"><span class=\"vc_sep_line\"><\/span><\/span><span class=\"vc_sep_holder vc_sep_holder_r\"><span class=\"vc_sep_line\"><\/span><\/span>\n<\/div> <div class=\"sc85_heading wpb_content_element bold left\"> <h1 class=\"title\">CONTATTO - TOP MODEL EUROPA - NEDERLANDIA<cite class=\"separator\"><\/cite><\/h1> <\/div> \n\t<div class=\"wpb_text_column wpb_content_element\" >\n\t\t<div class=\"wpb_wrapper\">\n\t\t\t<p>Posta ufficiale:<\/p>\n<p><a href=\"mailto:nederland@topmodeleurope.eu\"><span data-sheets-value=\"{&quot;1&quot;:2,&quot;2&quot;:&quot;caraibes@topmodeleurope.net&quot;}\" data-sheets-userformat=\"{&quot;2&quot;:515,&quot;3&quot;:{&quot;1&quot;:0},&quot;4&quot;:{&quot;1&quot;:2,&quot;2&quot;:16776960},&quot;12&quot;:0}\">nederland@topmodeleurope.eu<\/span><\/a><\/p>\n<p>Sito ufficiale :<\/p>\n<p><a href=\"https:\/\/topmodeleurope.net\/it\/nederland\/\">https:\/\/topmodeleurope.net\/nederland<\/a><\/p>\n<p><a href=\"https:\/\/topmodeleurope.net\/it\/nederland\/\">https:\/\/topmodeleurope.nl<\/a><\/p>\n\n\t\t<\/div>\n\t<\/div>\n<div class=\"vc_separator wpb_content_element vc_separator_align_center vc_sep_width_100 vc_sep_pos_align_center vc_separator_no_text vc_sep_color_grey wpb_content_element  wpb_content_element\" ><span class=\"vc_sep_holder vc_sep_holder_l\"><span class=\"vc_sep_line\"><\/span><\/span><span class=\"vc_sep_holder vc_sep_holder_r\"><span class=\"vc_sep_line\"><\/span><\/span>\n<\/div> <div class=\"sc85_heading wpb_content_element bold left\"> <h1 class=\"title\">IL TEAM - TOP MODEL EUROPA - NEDERLANDIA<cite class=\"separator\"><\/cite><\/h1> <\/div> <\/div><\/div><\/div><\/div><div class=\"vc_row wpb_row vc_row-fluid\"><div class=\"wpb_column vc_column_container vc_col-sm-4\"><div class=\"vc_column-inner\"><div class=\"wpb_wrapper\">\n\t<div class=\"wpb_text_column wpb_content_element\" >\n\t\t<div class=\"wpb_wrapper\">\n\t\t\t<p><img loading=\"lazy\" decoding=\"async\" class=\"alignnone wp-image-24552 size-full\" src=\"https:\/\/topmodeleurope.net\/wp-content\/uploads\/2024\/02\/Jerry4.jpg\" alt=\"\" width=\"283\" height=\"427\" srcset=\"https:\/\/topmodeleurope.net\/wp-content\/uploads\/2024\/02\/Jerry4.jpg 283w, https:\/\/topmodeleurope.net\/wp-content\/uploads\/2024\/02\/Jerry4-232x350.jpg 232w\" sizes=\"auto, (max-width: 283px) 100vw, 283px\" \/><\/p>\n<p><strong>JERRY LUXENBURG \/ DIRETTORE NAZIONALE - NEDERLANDIA<\/strong><\/p>\n\n\t\t<\/div>\n\t<\/div>\n<\/div><\/div><\/div><div class=\"wpb_column vc_column_container vc_col-sm-4\"><div class=\"vc_column-inner\"><div class=\"wpb_wrapper\">\n\t<div class=\"wpb_text_column wpb_content_element\" >\n\t\t<div class=\"wpb_wrapper\">\n\t\t\t<p><img loading=\"lazy\" decoding=\"async\" class=\"alignnone wp-image-24555 size-full\" src=\"https:\/\/topmodeleurope.net\/wp-content\/uploads\/2024\/02\/Evelina.jpg\" alt=\"\" width=\"283\" height=\"427\" srcset=\"https:\/\/topmodeleurope.net\/wp-content\/uploads\/2024\/02\/Evelina.jpg 283w, https:\/\/topmodeleurope.net\/wp-content\/uploads\/2024\/02\/Evelina-232x350.jpg 232w\" sizes=\"auto, (max-width: 283px) 100vw, 283px\" \/><\/p>\n<p><strong>EVELINA ANGLICKAITE \/RESPONSABILE EVENTI E MODA - NEDERLANDIA<\/strong><\/p>\n\n\t\t<\/div>\n\t<\/div>\n<\/div><\/div><\/div><div class=\"wpb_column vc_column_container vc_col-sm-4\"><div class=\"vc_column-inner\"><div class=\"wpb_wrapper\">\n\t<div class=\"wpb_text_column wpb_content_element\" >\n\t\t<div class=\"wpb_wrapper\">\n\t\t\t<p><img loading=\"lazy\" decoding=\"async\" class=\"alignnone wp-image-27615 size-full\" src=\"https:\/\/topmodeleurope.net\/wp-content\/uploads\/2025\/03\/MILA-KANE.jpg\" alt=\"\" width=\"283\" height=\"427\" srcset=\"https:\/\/topmodeleurope.net\/wp-content\/uploads\/2025\/03\/MILA-KANE.jpg 283w, https:\/\/topmodeleurope.net\/wp-content\/uploads\/2025\/03\/MILA-KANE-8x12.jpg 8w, https:\/\/topmodeleurope.net\/wp-content\/uploads\/2025\/03\/MILA-KANE-232x350.jpg 232w\" sizes=\"auto, (max-width: 283px) 100vw, 283px\" \/><\/p>\n<p><strong>MILA KANE \/DIRETTORE DEL CASTING - NEDERLANDIA<\/strong><\/p>\n\n\t\t<\/div>\n\t<\/div>\n<\/div><\/div><\/div><\/div><div class=\"vc_row wpb_row vc_row-fluid\"><div class=\"wpb_column vc_column_container vc_col-sm-4\"><div class=\"vc_column-inner\"><div class=\"wpb_wrapper\"><\/div><\/div><\/div><div class=\"wpb_column vc_column_container vc_col-sm-4\"><div class=\"vc_column-inner\"><div class=\"wpb_wrapper\"><\/div><\/div><\/div><\/div><div class=\"vc_row wpb_row vc_row-fluid\"><div class=\"wpb_column vc_column_container vc_col-sm-12\"><div class=\"vc_column-inner\"><div class=\"wpb_wrapper\"><div class=\"vc_separator wpb_content_element vc_separator_align_center vc_sep_width_100 vc_sep_pos_align_center vc_separator_no_text vc_sep_color_grey wpb_content_element  wpb_content_element\" ><span class=\"vc_sep_holder vc_sep_holder_l\"><span class=\"vc_sep_line\"><\/span><\/span><span class=\"vc_sep_holder vc_sep_holder_r\"><span class=\"vc_sep_line\"><\/span><\/span>\n<\/div> <div class=\"sc85_heading wpb_content_element bold left\"> <h1 class=\"title\">NOTIZIE<cite class=\"separator\"><\/cite><\/h1> <\/div> <\/div><\/div><\/div><\/div>\n<\/div>","protected":false},"excerpt":{"rendered":"TOP MODEL EUROPE Top Model Europe est le concours international le plus prestigieux d\u00e9di\u00e9 aux mod\u00e8les et mannequins. Chaque ann\u00e9e, des s\u00e9lections sont organis\u00e9es dans de nombreux pays \u00e0 travers le monde. L\u2019objectif du concours est de r\u00e9v\u00e9ler les talents de demain et de leur offrir, gr\u00e2ce \u00e0 la complicit\u00e9 de nos partenaires internationaux (agences, [...]","protected":false},"author":1,"featured_media":0,"parent":0,"menu_order":3,"comment_status":"closed","ping_status":"closed","template":"","meta":{"sfsi_plus_gutenberg_text_before_share":"","sfsi_plus_gutenberg_show_text_before_share":"","sfsi_plus_gutenberg_icon_type":"","sfsi_plus_gutenberg_icon_alignemt":"","sfsi_plus_gutenburg_max_per_row":"","footnotes":""},"folder":[363],"class_list":["post-24441","page","type-page","status-publish","hentry"],"yoast_head":"<!-- This site is optimized with the Yoast SEO plugin v27.5 - https:\/\/yoast.com\/product\/yoast-seo-wordpress\/ -->\n<title>TOP MODEL EUROPE - TOP MODEL EUROPE - NEDERLAND Castings<\/title>\n<meta name=\"description\" content=\"Top Model Europe organise des s\u00e9lections aux Pays-Bas. Participez au concours international de mannequins le plus prestigieux et tentez de rejoindre la grande finale europ\u00e9enne \u00e0 Paris ou Bruxelles.\" \/>\n<meta name=\"robots\" content=\"index, follow, max-snippet:-1, max-image-preview:large, max-video-preview:-1\" \/>\n<link rel=\"canonical\" href=\"https:\/\/topmodeleurope.net\/it\/nederland\/\" \/>\n<meta property=\"og:locale\" content=\"it_IT\" \/>\n<meta property=\"og:type\" content=\"article\" \/>\n<meta property=\"og:title\" content=\"TOP MODEL EUROPE - TOP MODEL EUROPE - NEDERLAND Castings\" \/>\n<meta property=\"og:description\" content=\"Top Model Europe organise des s\u00e9lections aux Pays-Bas. Participez au concours international de mannequins le plus prestigieux et tentez de rejoindre la grande finale europ\u00e9enne \u00e0 Paris ou Bruxelles.\" \/>\n<meta property=\"og:url\" content=\"https:\/\/topmodeleurope.net\/it\/nederland\/\" \/>\n<meta property=\"og:site_name\" content=\"TOP MODEL EUROPE\" \/>\n<meta property=\"article:publisher\" content=\"https:\/\/www.facebook.com\/topmodeleurope\/\" \/>\n<meta property=\"article:modified_time\" content=\"2025-09-17T06:27:27+00:00\" \/>\n<meta property=\"og:image\" content=\"https:\/\/topmodeleurope.net\/wp-content\/uploads\/2024\/02\/Jerry4.jpg\" \/>\n<meta name=\"twitter:card\" content=\"summary_large_image\" \/>\n<meta name=\"twitter:label1\" content=\"Tempo di lettura stimato\" \/>\n\t<meta name=\"twitter:data1\" content=\"4 minuti\" \/>\n<script type=\"application\/ld+json\" class=\"yoast-schema-graph\">{\"@context\":\"https:\\\/\\\/schema.org\",\"@graph\":[{\"@type\":\"WebPage\",\"@id\":\"https:\\\/\\\/topmodeleurope.net\\\/nederland\\\/\",\"url\":\"https:\\\/\\\/topmodeleurope.net\\\/nederland\\\/\",\"name\":\"TOP MODEL EUROPE - TOP MODEL EUROPE - NEDERLAND Castings\",\"isPartOf\":{\"@id\":\"https:\\\/\\\/topmodeleurope.net\\\/#website\"},\"primaryImageOfPage\":{\"@id\":\"https:\\\/\\\/topmodeleurope.net\\\/nederland\\\/#primaryimage\"},\"image\":{\"@id\":\"https:\\\/\\\/topmodeleurope.net\\\/nederland\\\/#primaryimage\"},\"thumbnailUrl\":\"https:\\\/\\\/topmodeleurope.net\\\/wp-content\\\/uploads\\\/2024\\\/02\\\/Jerry4.jpg\",\"datePublished\":\"2024-01-25T22:59:32+00:00\",\"dateModified\":\"2025-09-17T06:27:27+00:00\",\"description\":\"Top Model Europe organise des s\u00e9lections aux Pays-Bas. Participez au concours international de mannequins le plus prestigieux et tentez de rejoindre la grande finale europ\u00e9enne \u00e0 Paris ou Bruxelles.\",\"breadcrumb\":{\"@id\":\"https:\\\/\\\/topmodeleurope.net\\\/nederland\\\/#breadcrumb\"},\"inLanguage\":\"it-IT\",\"potentialAction\":[{\"@type\":\"ReadAction\",\"target\":[\"https:\\\/\\\/topmodeleurope.net\\\/nederland\\\/\"]}]},{\"@type\":\"ImageObject\",\"inLanguage\":\"it-IT\",\"@id\":\"https:\\\/\\\/topmodeleurope.net\\\/nederland\\\/#primaryimage\",\"url\":\"https:\\\/\\\/topmodeleurope.net\\\/wp-content\\\/uploads\\\/2024\\\/02\\\/Jerry4.jpg\",\"contentUrl\":\"https:\\\/\\\/topmodeleurope.net\\\/wp-content\\\/uploads\\\/2024\\\/02\\\/Jerry4.jpg\"},{\"@type\":\"BreadcrumbList\",\"@id\":\"https:\\\/\\\/topmodeleurope.net\\\/nederland\\\/#breadcrumb\",\"itemListElement\":[{\"@type\":\"ListItem\",\"position\":1,\"name\":\"Accueil\",\"item\":\"https:\\\/\\\/topmodeleurope.net\\\/\"},{\"@type\":\"ListItem\",\"position\":2,\"name\":\"TOP MODEL EUROPE &#8211; NEDERLAND\"}]},{\"@type\":\"WebSite\",\"@id\":\"https:\\\/\\\/topmodeleurope.net\\\/#website\",\"url\":\"https:\\\/\\\/topmodeleurope.net\\\/\",\"name\":\"TOP MODEL EUROPE\",\"description\":\"World Model Contest\",\"publisher\":{\"@id\":\"https:\\\/\\\/topmodeleurope.net\\\/#organization\"},\"potentialAction\":[{\"@type\":\"SearchAction\",\"target\":{\"@type\":\"EntryPoint\",\"urlTemplate\":\"https:\\\/\\\/topmodeleurope.net\\\/?s={search_term_string}\"},\"query-input\":{\"@type\":\"PropertyValueSpecification\",\"valueRequired\":true,\"valueName\":\"search_term_string\"}}],\"inLanguage\":\"it-IT\"},{\"@type\":\"Organization\",\"@id\":\"https:\\\/\\\/topmodeleurope.net\\\/#organization\",\"name\":\"TOP MODEL EUROPE\",\"url\":\"https:\\\/\\\/topmodeleurope.net\\\/\",\"logo\":{\"@type\":\"ImageObject\",\"inLanguage\":\"it-IT\",\"@id\":\"https:\\\/\\\/topmodeleurope.net\\\/#\\\/schema\\\/logo\\\/image\\\/\",\"url\":\"https:\\\/\\\/topmodeleurope.net\\\/wp-content\\\/uploads\\\/2018\\\/04\\\/logo-tme.jpg\",\"contentUrl\":\"https:\\\/\\\/topmodeleurope.net\\\/wp-content\\\/uploads\\\/2018\\\/04\\\/logo-tme.jpg\",\"width\":960,\"height\":960,\"caption\":\"TOP MODEL EUROPE\"},\"image\":{\"@id\":\"https:\\\/\\\/topmodeleurope.net\\\/#\\\/schema\\\/logo\\\/image\\\/\"},\"sameAs\":[\"https:\\\/\\\/www.facebook.com\\\/topmodeleurope\\\/\",\"https:\\\/\\\/www.instagram.com\\\/topmodeleuropeofficial\\\/\",\"https:\\\/\\\/fr.wikipedia.org\\\/wiki\\\/Top_Model_Europe\"]}]}<\/script>\n<!-- \/ Yoast SEO plugin. -->","yoast_head_json":{"title":"TOP MODEL EUROPE - TOP MODEL EUROPE - NEDERLANDIA Fusioni","description":"Top Model Europe organizza le selezioni nei Paesi Bassi. Partecipate al pi\u00f9 prestigioso concorso internazionale per modelle e cercate di raggiungere la grande finale europea a Parigi o Bruxelles.","robots":{"index":"index","follow":"follow","max-snippet":"max-snippet:-1","max-image-preview":"max-image-preview:large","max-video-preview":"max-video-preview:-1"},"canonical":"https:\/\/topmodeleurope.net\/it\/nederland\/","og_locale":"it_IT","og_type":"article","og_title":"TOP MODEL EUROPE - TOP MODEL EUROPE - NEDERLAND Castings","og_description":"Top Model Europe organise des s\u00e9lections aux Pays-Bas. Participez au concours international de mannequins le plus prestigieux et tentez de rejoindre la grande finale europ\u00e9enne \u00e0 Paris ou Bruxelles.","og_url":"https:\/\/topmodeleurope.net\/it\/nederland\/","og_site_name":"TOP MODEL EUROPE","article_publisher":"https:\/\/www.facebook.com\/topmodeleurope\/","article_modified_time":"2025-09-17T06:27:27+00:00","og_image":[{"url":"https:\/\/topmodeleurope.net\/wp-content\/uploads\/2024\/02\/Jerry4.jpg","type":"","width":"","height":""}],"twitter_card":"summary_large_image","twitter_misc":{"Tempo di lettura stimato":"4 minuti"},"schema":{"@context":"https:\/\/schema.org","@graph":[{"@type":"WebPage","@id":"https:\/\/topmodeleurope.net\/nederland\/","url":"https:\/\/topmodeleurope.net\/nederland\/","name":"TOP MODEL EUROPE - TOP MODEL EUROPE - NEDERLANDIA Fusioni","isPartOf":{"@id":"https:\/\/topmodeleurope.net\/#website"},"primaryImageOfPage":{"@id":"https:\/\/topmodeleurope.net\/nederland\/#primaryimage"},"image":{"@id":"https:\/\/topmodeleurope.net\/nederland\/#primaryimage"},"thumbnailUrl":"https:\/\/topmodeleurope.net\/wp-content\/uploads\/2024\/02\/Jerry4.jpg","datePublished":"2024-01-25T22:59:32+00:00","dateModified":"2025-09-17T06:27:27+00:00","description":"Top Model Europe organizza le selezioni nei Paesi Bassi. Partecipate al pi\u00f9 prestigioso concorso internazionale per modelle e cercate di raggiungere la grande finale europea a Parigi o Bruxelles.","breadcrumb":{"@id":"https:\/\/topmodeleurope.net\/nederland\/#breadcrumb"},"inLanguage":"it-IT","potentialAction":[{"@type":"ReadAction","target":["https:\/\/topmodeleurope.net\/nederland\/"]}]},{"@type":"ImageObject","inLanguage":"it-IT","@id":"https:\/\/topmodeleurope.net\/nederland\/#primaryimage","url":"https:\/\/topmodeleurope.net\/wp-content\/uploads\/2024\/02\/Jerry4.jpg","contentUrl":"https:\/\/topmodeleurope.net\/wp-content\/uploads\/2024\/02\/Jerry4.jpg"},{"@type":"BreadcrumbList","@id":"https:\/\/topmodeleurope.net\/nederland\/#breadcrumb","itemListElement":[{"@type":"ListItem","position":1,"name":"Accueil","item":"https:\/\/topmodeleurope.net\/"},{"@type":"ListItem","position":2,"name":"TOP MODEL EUROPE &#8211; NEDERLAND"}]},{"@type":"WebSite","@id":"https:\/\/topmodeleurope.net\/#website","url":"https:\/\/topmodeleurope.net\/","name":"TOP MODEL EUROPE","description":"Concorso mondiale di modellismo","publisher":{"@id":"https:\/\/topmodeleurope.net\/#organization"},"potentialAction":[{"@type":"SearchAction","target":{"@type":"EntryPoint","urlTemplate":"https:\/\/topmodeleurope.net\/?s={search_term_string}"},"query-input":{"@type":"PropertyValueSpecification","valueRequired":true,"valueName":"search_term_string"}}],"inLanguage":"it-IT"},{"@type":"Organization","@id":"https:\/\/topmodeleurope.net\/#organization","name":"TOP MODEL EUROPE","url":"https:\/\/topmodeleurope.net\/","logo":{"@type":"ImageObject","inLanguage":"it-IT","@id":"https:\/\/topmodeleurope.net\/#\/schema\/logo\/image\/","url":"https:\/\/topmodeleurope.net\/wp-content\/uploads\/2018\/04\/logo-tme.jpg","contentUrl":"https:\/\/topmodeleurope.net\/wp-content\/uploads\/2018\/04\/logo-tme.jpg","width":960,"height":960,"caption":"TOP MODEL EUROPE"},"image":{"@id":"https:\/\/topmodeleurope.net\/#\/schema\/logo\/image\/"},"sameAs":["https:\/\/www.facebook.com\/topmodeleurope\/","https:\/\/www.instagram.com\/topmodeleuropeofficial\/","https:\/\/fr.wikipedia.org\/wiki\/Top_Model_Europe"]}]}},"_links":{"self":[{"href":"https:\/\/topmodeleurope.net\/it\/wp-json\/wp\/v2\/pages\/24441","targetHints":{"allow":["GET"]}}],"collection":[{"href":"https:\/\/topmodeleurope.net\/it\/wp-json\/wp\/v2\/pages"}],"about":[{"href":"https:\/\/topmodeleurope.net\/it\/wp-json\/wp\/v2\/types\/page"}],"author":[{"embeddable":true,"href":"https:\/\/topmodeleurope.net\/it\/wp-json\/wp\/v2\/users\/1"}],"replies":[{"embeddable":true,"href":"https:\/\/topmodeleurope.net\/it\/wp-json\/wp\/v2\/comments?post=24441"}],"version-history":[{"count":16,"href":"https:\/\/topmodeleurope.net\/it\/wp-json\/wp\/v2\/pages\/24441\/revisions"}],"predecessor-version":[{"id":29774,"href":"https:\/\/topmodeleurope.net\/it\/wp-json\/wp\/v2\/pages\/24441\/revisions\/29774"}],"wp:attachment":[{"href":"https:\/\/topmodeleurope.net\/it\/wp-json\/wp\/v2\/media?parent=24441"}],"wp:term":[{"taxonomy":"folder","embeddable":true,"href":"https:\/\/topmodeleurope.net\/it\/wp-json\/wp\/v2\/folder?post=24441"}],"curies":[{"name":"wp","href":"https:\/\/api.w.org\/{rel}","templated":true}]}}