{"id":5359,"date":"2018-04-01T23:25:54","date_gmt":"2018-04-01T21:25:54","guid":{"rendered":"https:\/\/topmodeleurope.net\/?page_id=5359"},"modified":"2025-03-11T14:34:18","modified_gmt":"2025-03-11T13:34:18","slug":"legal-privacy","status":"publish","type":"page","link":"https:\/\/topmodeleurope.net\/es\/legal-privacy\/","title":{"rendered":"INFORMACI\u00d3N LEGAL Y POL\u00cdTICA DE PRIVACIDAD"},"content":{"rendered":"<div class=\"wpb-content-wrapper\"><div class=\"vc_row wpb_row vc_row-fluid\"><div class=\"wpb_column vc_column_container vc_col-sm-12\"><div class=\"vc_column-inner\"><div class=\"wpb_wrapper\">\n\t<div class=\"wpb_text_column wpb_content_element\" >\n\t\t<div class=\"wpb_wrapper\">\n\t\t\t\n\t\t<\/div>\n\t<\/div>\n <div class=\"sc85_heading wpb_content_element regular left\"> <h3 class=\"title\">Versi\u00f3n actualizada el 01\/01\/2025<\/h3> <div class=\"subtitle\">Esta p\u00e1gina s\u00f3lo est\u00e1 disponible en ingl\u00e9s y franc\u00e9s. Los dem\u00e1s idiomas se traducen autom\u00e1ticamente.<\/div> <\/div>  <div class=\"sc85_heading wpb_content_element regular left\"> <h2 class=\"title\">Redactor responsable :<\/h2> <\/div> \n\t<div class=\"wpb_text_column wpb_content_element\" >\n\t\t<div class=\"wpb_wrapper\">\n\t\t\t<p>El sitio web TopModelEurope est\u00e1 gestionado por la empresa SRL Europe Events, registrada en el Banco de Empresas Crossroads con el n\u00famero BE0687471563 \/ Info@TopModelEurope.net.<\/p>\n\n\t\t<\/div>\n\t<\/div>\n <div class=\"sc85_heading wpb_content_element regular left\"> <h2 class=\"title\">Cr\u00e9ditos de fotos, logotipos y v\u00eddeos :<\/h2> <\/div> \n\t<div class=\"wpb_text_column wpb_content_element\" >\n\t\t<div class=\"wpb_wrapper\">\n\t\t\t<p>Las fotos, logotipos y v\u00eddeos del sitio no podr\u00e1n utilizarse en ning\u00fan caso sin autorizaci\u00f3n. Cualquier uso no autorizado por escrito se considerar\u00e1 abusivo y el usuario ser\u00e1 considerado responsable y podr\u00e1 ser objeto de un procedimiento judicial con reclamaci\u00f3n de indemnizaci\u00f3n.<\/p>\n\n\t\t<\/div>\n\t<\/div>\n <div class=\"sc85_heading wpb_content_element regular left\"> <h2 class=\"title\">\u00bfQui\u00e9n es el \"responsable del tratamiento\" de sus datos personales?<\/h2> <\/div> \n\t<div class=\"wpb_text_column wpb_content_element\" >\n\t\t<div class=\"wpb_wrapper\">\n\t\t\t<p>Top Model Europe se compromete a proteger y procesar sus datos personales con total transparencia y de conformidad con la legislaci\u00f3n sobre protecci\u00f3n de la privacidad. La empresa SRL Europe Events, registrada en el Banco Crossroads para Empresas con el n\u00famero BE0687471563 \/ Info@TopModelEur (en lo sucesivo, \"Europe Events\" o \"Top Model Europe\" o \"nosotros\"), registrada en el Banco Crossroads para Empresas con el n\u00famero BE0687471563, es responsable del tratamiento de los datos personales que obran en su poder.<\/p>\n\n\t\t<\/div>\n\t<\/div>\n <div class=\"sc85_heading wpb_content_element regular left\"> <h2 class=\"title\">\u00bfQu\u00e9 datos personales recogemos?<\/h2> <\/div> \n\t<div class=\"wpb_text_column wpb_content_element\" >\n\t\t<div class=\"wpb_wrapper\">\n\t\t\t<p>Top Model Europe recopila sus datos personales cuando env\u00eda un formulario de inscripci\u00f3n al concurso Top Model Europe, cuando se pone en contacto con nosotros y cuando realiza una compra en el sitio web. Top Model Europe puede recopilar datos personales en funci\u00f3n de los tipos de servicios de que se trate, como :<\/p>\n<p>1 \/ datos de identificaci\u00f3n: nombre, domicilio, direcci\u00f3n de correo electr\u00f3nico, n\u00famero de tel\u00e9fono, etc.<\/p>\n<p>2 \/ datos demogr\u00e1ficos: edad, sexo, lengua materna, lenguas habladas, etc.<\/p>\n<p>3 \/ datos profesionales: actividades profesionales, estudios actuales, experiencia en la industria de la moda, etc.<\/p>\n<p>4 \/ datos de geolocalizaci\u00f3n, en particular su direcci\u00f3n IP<\/p>\n<p>5 \/ datos de navegaci\u00f3n: comportamiento en nuestro sitio web (p\u00e1ginas consultadas, etc.).<\/p>\n<p>6 \/ datos financieros: n\u00famero de tarjeta de cr\u00e9dito\/d\u00e9bito u otros datos de facturaci\u00f3n (s\u00f3lo en caso de compra)<\/p>\n<p>7 \/ redes sociales: perfiles sociales como Facebook, Instagram y otros<\/p>\n<p>8 \/ grabaci\u00f3n de im\u00e1genes: fotograf\u00edas en el marco de un concurso.<\/p>\n<p>9 \/ Comunicaciones intercambiadas con nosotros por correo postal, mensajes electr\u00f3nicos, servicios de chat, llamadas telef\u00f3nicas o en redes sociales;<\/p>\n<p>10 \/ N\u00fameros e informaci\u00f3n que figuran en su carn\u00e9 de identidad, pasaporte u otro documento de identidad ;<\/p>\n<p>11 \/ Informaci\u00f3n sobre sus compras de productos y servicios a Top Model Europe o a uno de nuestros socios de confianza<\/p>\n\n\t\t<\/div>\n\t<\/div>\n <div class=\"sc85_heading wpb_content_element regular left\"> <h2 class=\"title\">\u00bfPor qu\u00e9 recogemos sus datos personales?<\/h2> <\/div> \n\t<div class=\"wpb_text_column wpb_content_element\" >\n\t\t<div class=\"wpb_wrapper\">\n\t\t\t<p>Top Model Europe recopila y procesa sus datos personales de conformidad con la ley. Cuando hayamos obtenido su consentimiento, sus datos podr\u00e1n ser utilizados para :<\/p>\n<p>1 \/ para ponernos en contacto con usted en relaci\u00f3n con los productos y servicios que haya solicitado,<\/p>\n<p>2 \/ prestar los servicios que haya solicitado en el marco del concurso Top Model Europe,<\/p>\n<p>3 \/ para enviarle informaci\u00f3n que pueda ser de su inter\u00e9s, como ofertas de casting u ofertas promocionales de nuestros socios, o para cumplir una obligaci\u00f3n legal.<\/p>\n<p>Dependiendo de su pa\u00eds, los menores de 16, 15, 14 o 13 a\u00f1os necesitan el consentimiento de sus padres o tutores legales.<\/p>\n\n\t\t<\/div>\n\t<\/div>\n <div class=\"sc85_heading wpb_content_element regular left\"> <h2 class=\"title\">\u00bfCu\u00e1nto tiempo conservamos sus datos personales?<\/h2> <\/div> \n\t<div class=\"wpb_text_column wpb_content_element\" >\n\t\t<div class=\"wpb_wrapper\">\n\t\t\t<p>Sus datos personales s\u00f3lo se conservan durante el periodo necesario para lograr el fin para el que se presentaron. Se conservan un m\u00ednimo de 12 meses y un m\u00e1ximo de 24 meses. Despu\u00e9s se suprimen o se convierten en an\u00f3nimos.<\/p>\n\n\t\t<\/div>\n\t<\/div>\n <div class=\"sc85_heading wpb_content_element regular left\"> <h2 class=\"title\">\u00bfC\u00f3mo se almacenan y protegen sus datos?<\/h2> <\/div> \n\t<div class=\"wpb_text_column wpb_content_element\" >\n\t\t<div class=\"wpb_wrapper\">\n\t\t\t<p>Top Model Europe se compromete a hacer todo lo posible para garantizar la confidencialidad y seguridad de sus datos y evitar la p\u00e9rdida, destrucci\u00f3n, uso indebido, modificaci\u00f3n involuntaria o divulgaci\u00f3n de los mismos.<\/p>\n<p>Sus datos se almacenan autom\u00e1ticamente en servidores seguros que se someten a copias de seguridad peri\u00f3dicas.<\/p>\n<p>Top Model Europe suprime o convierte en an\u00f3nimos sus datos una vez transcurrido el plazo necesario para alcanzar el fin para el que fueron recogidos.<\/p>\n<p>Top Model Europe garantiza que sus datos no sean accesibles a personas no autorizadas y solicita sistem\u00e1ticamente una prueba de identidad antes de facilitarle cualquier informaci\u00f3n personal.<\/p>\n\n\t\t<\/div>\n\t<\/div>\n <div class=\"sc85_heading wpb_content_element regular left\"> <h2 class=\"title\">\u00bfSe venden, alquilan o transfieren sus datos a terceros?<\/h2> <\/div> \n\t<div class=\"wpb_text_column wpb_content_element\" >\n\t\t<div class=\"wpb_wrapper\">\n\t\t\t<p>Top Model Europe se compromete a no vender, alquilar o transferir sus datos a terceros.<\/p>\n<p>Top Model Europe se compromete a comunicar sus datos \u00fanicamente a terceros y subcontratistas designados por Top Model Europe en el marco de sus actividades. S\u00f3lo se comunicar\u00e1n los datos necesarios para la realizaci\u00f3n de sus tareas.<\/p>\n\n\t\t<\/div>\n\t<\/div>\n <div class=\"sc85_heading wpb_content_element regular left\"> <h2 class=\"title\">\u00bfC\u00f3mo se gestionan sus datos de pago?<\/h2> <\/div> \n\t<div class=\"wpb_text_column wpb_content_element\" >\n\t\t<div class=\"wpb_wrapper\">\n\t\t\t<p>Todas las transacciones financieras realizadas por usted en nuestro sitio web se efect\u00faan a trav\u00e9s del sistema de pago seguro de nuestro distribuidor \"Weezevent\". Sus datos financieros relacionados con el pago son gestionados por este distribuidor y almacenados con ellos. Para realizar un pago en l\u00ednea, debe aceptar previamente la pol\u00edtica de confidencialidad de nuestro distribuidor.<\/p>\n\n\t\t<\/div>\n\t<\/div>\n <div class=\"sc85_heading wpb_content_element regular left\"> <h2 class=\"title\">\u00bfCu\u00e1les son sus derechos en relaci\u00f3n con sus datos personales?<\/h2> <\/div> \n\t<div class=\"wpb_text_column wpb_content_element\" >\n\t\t<div class=\"wpb_wrapper\">\n\t\t\t<p>De conformidad con el Reglamento General de Protecci\u00f3n de Datos (RGPD) aprobado en abril de 2016, aplicable y obligatorio en todos los Estados miembros de la Uni\u00f3n Europea a partir del 25 de mayo de 2018, el usuario cuyos datos sean objeto de tratamiento tiene, adem\u00e1s del derecho de informaci\u00f3n (Art 13 y 14), accesible en nuestra pol\u00edtica de privacidad, los siguientes derechos: Derecho de acceso (Art 15) \/ Derecho de rectificaci\u00f3n (Art 16) \/ Derecho de supresi\u00f3n (Art 17) \/ Derecho a la limitaci\u00f3n del tratamiento (Art 18) \/ Derecho a la portabilidad (Art 20) \/ Derecho de oposici\u00f3n (Art 21) \/ Toma de decisiones automatizada (Art 22). Con el fin de no complicar nuestra pol\u00edtica de privacidad y favorecer la exhaustividad de su lectura y comprensi\u00f3n por parte del usuario, le invitamos a consultar el REGLAMENTO (UE) 2016\/679 DEL PARLAMENTO EUROPEO Y DEL CONSEJO de 27 de abril de 2016 para un detalle completo de sus derechos.<\/p>\n\n\t\t<\/div>\n\t<\/div>\n <div class=\"sc85_heading wpb_content_element regular left\"> <h2 class=\"title\">\u00bfC\u00f3mo puede ejercer sus derechos sobre sus datos personales?<\/h2> <\/div> \n\t<div class=\"wpb_text_column wpb_content_element\" >\n\t\t<div class=\"wpb_wrapper\">\n\t\t\t<p>En el marco de nuestras campa\u00f1as de marketing e informaci\u00f3n, usted tiene derecho a oponerse en cualquier momento al tratamiento de sus datos, a limitar dicho tratamiento o a retirar su consentimiento sin que Top Model Europe plantee objeci\u00f3n alguna.<\/p>\n<p>Cuando reciba un correo electr\u00f3nico de Top Model Europe: puede darse de baja de los correos electr\u00f3nicos de informaci\u00f3n y marketing de Top Model Europe siguiendo el enlace para darse de baja que aparece en cada correo electr\u00f3nico que reciba.<\/p>\n<p>Cuando reciba un SMS de Top Model Europe: puede darse de baja de los mensajes SMS de informaci\u00f3n y marketing de Top Model Europe respondiendo al mensaje SMS recibido con \"STOP SMS\" cuando su operador telef\u00f3nico sea franc\u00e9s (+33). Si su operador telef\u00f3nico es de otro pa\u00eds de la Uni\u00f3n Europea, le invitamos a rellenar el formulario de baja.<\/p>\n<p>Tambi\u00e9n puede solicitar en cualquier momento el ejercicio de sus derechos de acceso, rectificaci\u00f3n, supresi\u00f3n y portabilidad de sus datos enviando un correo electr\u00f3nico a info@topmodeleurope.net o por correo postal. Le rogamos que nos facilite sus datos de contacto completos (apellidos, nombre, correo(s) electr\u00f3nico(s), direcci\u00f3n postal completa) y una copia por ambas caras de su documento de identidad para evitar cualquier uso indebido y garantizar la seguridad de sus datos.<\/p>\n<p>Tiene derecho a oponerse en cualquier momento al tratamiento y a la supresi\u00f3n de sus datos. No obstante, Top Model Europe tiene derecho a exponerle sus motivos leg\u00edtimos que justifiquen la continuaci\u00f3n del tratamiento. Por ejemplo, Top Model Europe considerar\u00e1 leg\u00edtimo poder conservar y tratar los datos personales de cualquier usuario que se haya inscrito en el concurso Top Model Europe a lo largo de todas las fases del concurso a las que el usuario se haya presentado.<\/p>\n\n\t\t<\/div>\n\t<\/div>\n <div class=\"sc85_heading wpb_content_element regular left\"> <h2 class=\"title\">\u00bfC\u00f3mo utilizamos las cookies?<\/h2> <\/div> \n\t<div class=\"wpb_text_column wpb_content_element\" >\n\t\t<div class=\"wpb_wrapper\">\n\t\t\t<p>Una \"cookie\" es un peque\u00f1o archivo enviado por nuestro servidor al disco duro de su ordenador, tableta o smartphone que identifica su dispositivo de navegaci\u00f3n y recopila determinados datos personales. Utilizamos :<\/p>\n<p>&nbsp;<\/p>\n<p>1 \/ Cookies estrictamente necesarias<\/p>\n<p>Estas cookies son esenciales para navegar por el sitio y aprovechar sus funciones. Algunos servicios solicitados no podr\u00edan prestarse sin cookies.<\/p>\n<p>&nbsp;<\/p>\n<p>2 \/ Cookies de rendimiento<\/p>\n<p>Estas cookies recogen informaci\u00f3n sobre c\u00f3mo los visitantes utilizan un sitio web. Por ejemplo, qu\u00e9 p\u00e1ginas se visitan con m\u00e1s frecuencia y si se emiten mensajes de error. Las cookies no recogen datos que puedan utilizarse para identificar a los visitantes. En la medida en que toda la informaci\u00f3n recogida por estas cookies se agrega, permanece an\u00f3nima. Estas cookies s\u00f3lo sirven para mejorar el funcionamiento del sitio web. Al utilizar nuestro sitio web, usted acepta recibir este tipo de cookies en su dispositivo.<\/p>\n<p>&nbsp;<\/p>\n<p>3 \/ Cookies funcionales<\/p>\n<p>Estas cookies permiten al sitio web recordar las elecciones que ha hecho (el idioma que ha elegido o la regi\u00f3n en la que se encuentra) y ofrecer funciones m\u00e1s precisas y personales. Tambi\u00e9n pueden utilizarse para proporcionar servicios que usted haya solicitado, como ver un v\u00eddeo, participar en una votaci\u00f3n en l\u00ednea, etc. La informaci\u00f3n recogida por estas cookies puede hacerse an\u00f3nima y no puede rastrear su actividad de navegaci\u00f3n en otros sitios.<\/p>\n<p>Al utilizar nuestro sitio web, usted acepta recibir este tipo de cookies en su dispositivo.<\/p>\n<p>&nbsp;<\/p>\n<p>4 \/ Cookies de sitios web de terceros<\/p>\n<p>Nuestro sitio web puede contener enlaces a otros sitios web. Para obtener m\u00e1s informaci\u00f3n sobre las cookies que utilizan los sitios web de terceros, consulte la informaci\u00f3n que proporcionan sin su pol\u00edtica de privacidad.<\/p>\n\n\t\t<\/div>\n\t<\/div>\n <div class=\"sc85_heading wpb_content_element regular left\"> <h2 class=\"title\">\u00bfC\u00f3mo elimino las cookies?<\/h2> <\/div> \n\t<div class=\"wpb_text_column wpb_content_element\" >\n\t\t<div class=\"wpb_wrapper\">\n\t\t\t<p>Puede rechazar las cookies en cualquier momento borrando las que haya instalado el sitio. Puede hacerlo a trav\u00e9s de la configuraci\u00f3n de su navegador de Internet. Sin embargo, la eliminaci\u00f3n de cookies puede hacer que su visita a nuestro sitio web sea imposible o solo parcial.<\/p>\n\n\t\t<\/div>\n\t<\/div>\n <div class=\"sc85_heading wpb_content_element regular left\"> <h2 class=\"title\">\u00bfC\u00f3mo puedo mantenerme al d\u00eda de los cambios en nuestra pol\u00edtica de privacidad?<\/h2> <\/div> \n\t<div class=\"wpb_text_column wpb_content_element\" >\n\t\t<div class=\"wpb_wrapper\">\n\t\t\t<p>La Pol\u00edtica de Privacidad de Top Model Europe puede ser actualizada de vez en cuando. Le invitamos a consultar regularmente la \u00faltima versi\u00f3n de nuestra Pol\u00edtica de Privacidad en nuestra p\u00e1gina web. Si desea recibir un correo electr\u00f3nico cuando se realice una actualizaci\u00f3n, s\u00f3lo tiene que rellenar el Formulario - Actualizaci\u00f3n de la CDP.<\/p>\n\n\t\t<\/div>\n\t<\/div>\n <div class=\"sc85_heading wpb_content_element regular left\"> <h2 class=\"title\">Reclamaciones ante una autoridad de control<\/h2> <\/div> \n\t<div class=\"wpb_text_column wpb_content_element\" >\n\t\t<div class=\"wpb_wrapper\">\n\t\t\t<p>Tiene derecho a presentar una reclamaci\u00f3n ante una autoridad de control de un Estado miembro de la Comunidad Europea si considera que el tratamiento de sus datos personales constituye una infracci\u00f3n del RGPD.<\/p>\n\n\t\t<\/div>\n\t<\/div>\n<\/div><\/div><\/div><div class=\"wpb_column vc_column_container vc_col-sm-12\"><div class=\"vc_column-inner\"><div class=\"wpb_wrapper\"><\/div><\/div><\/div><\/div>\n<\/div>","protected":false},"excerpt":{"rendered":"Version mise \u00e0 jour le 01\/01\/2025 Cette page est uniquement disponible en Anglais et Fran\u00e7ais. Les autres langues sont en traduction automatis\u00e9e. Editeur responsable : Le site Internet TopModelEurope est g\u00e9r\u00e9 par la soci\u00e9t\u00e9 SRL Europe Events enregistr\u00e9 \u00e0 la Banque-Carrefour des Entreprises au num\u00e9ro BE0687471563 \/ Info@TopModelEurope.net Cr\u00e9dits photos, logos et vid\u00e9os : Les [...]","protected":false},"author":1,"featured_media":0,"parent":0,"menu_order":9,"comment_status":"closed","ping_status":"closed","template":"","meta":{"sfsi_plus_gutenberg_text_before_share":"","sfsi_plus_gutenberg_show_text_before_share":"","sfsi_plus_gutenberg_icon_type":"","sfsi_plus_gutenberg_icon_alignemt":"","sfsi_plus_gutenburg_max_per_row":"","footnotes":""},"folder":[149],"class_list":["post-5359","page","type-page","status-publish","hentry"],"yoast_head":"<!-- This site is optimized with the Yoast SEO plugin v27.4 - https:\/\/yoast.com\/product\/yoast-seo-wordpress\/ -->\n<title>MENTIONS LEGALES &amp; POLITIQUE DE CONFIDENTIALITE - TOP MODEL EUROPE<\/title>\n<meta name=\"robots\" content=\"index, follow, max-snippet:-1, max-image-preview:large, max-video-preview:-1\" \/>\n<link rel=\"canonical\" href=\"https:\/\/topmodeleurope.net\/es\/legal-privacy\/\" \/>\n<meta property=\"og:locale\" content=\"es_ES\" \/>\n<meta property=\"og:type\" content=\"article\" \/>\n<meta property=\"og:title\" content=\"MENTIONS LEGALES &amp; POLITIQUE DE CONFIDENTIALITE - TOP MODEL EUROPE\" \/>\n<meta property=\"og:url\" content=\"https:\/\/topmodeleurope.net\/es\/legal-privacy\/\" \/>\n<meta property=\"og:site_name\" content=\"TOP MODEL EUROPE\" \/>\n<meta property=\"article:publisher\" content=\"https:\/\/www.facebook.com\/topmodeleurope\/\" \/>\n<meta property=\"article:modified_time\" content=\"2025-03-11T13:34:18+00:00\" \/>\n<meta name=\"twitter:card\" content=\"summary_large_image\" \/>\n<meta name=\"twitter:label1\" content=\"Tiempo de lectura\" \/>\n\t<meta name=\"twitter:data1\" content=\"9 minutos\" \/>\n<script type=\"application\/ld+json\" class=\"yoast-schema-graph\">{\"@context\":\"https:\\\/\\\/schema.org\",\"@graph\":[{\"@type\":\"WebPage\",\"@id\":\"https:\\\/\\\/topmodeleurope.net\\\/legal-privacy\\\/\",\"url\":\"https:\\\/\\\/topmodeleurope.net\\\/legal-privacy\\\/\",\"name\":\"MENTIONS LEGALES & POLITIQUE DE CONFIDENTIALITE - TOP MODEL EUROPE\",\"isPartOf\":{\"@id\":\"https:\\\/\\\/topmodeleurope.net\\\/#website\"},\"datePublished\":\"2018-04-01T21:25:54+00:00\",\"dateModified\":\"2025-03-11T13:34:18+00:00\",\"breadcrumb\":{\"@id\":\"https:\\\/\\\/topmodeleurope.net\\\/legal-privacy\\\/#breadcrumb\"},\"inLanguage\":\"es\",\"potentialAction\":[{\"@type\":\"ReadAction\",\"target\":[\"https:\\\/\\\/topmodeleurope.net\\\/legal-privacy\\\/\"]}]},{\"@type\":\"BreadcrumbList\",\"@id\":\"https:\\\/\\\/topmodeleurope.net\\\/legal-privacy\\\/#breadcrumb\",\"itemListElement\":[{\"@type\":\"ListItem\",\"position\":1,\"name\":\"Accueil\",\"item\":\"https:\\\/\\\/topmodeleurope.net\\\/\"},{\"@type\":\"ListItem\",\"position\":2,\"name\":\"MENTIONS LEGALES &#038; POLITIQUE DE CONFIDENTIALITE\"}]},{\"@type\":\"WebSite\",\"@id\":\"https:\\\/\\\/topmodeleurope.net\\\/#website\",\"url\":\"https:\\\/\\\/topmodeleurope.net\\\/\",\"name\":\"TOP MODEL EUROPE\",\"description\":\"World Model Contest\",\"publisher\":{\"@id\":\"https:\\\/\\\/topmodeleurope.net\\\/#organization\"},\"potentialAction\":[{\"@type\":\"SearchAction\",\"target\":{\"@type\":\"EntryPoint\",\"urlTemplate\":\"https:\\\/\\\/topmodeleurope.net\\\/?s={search_term_string}\"},\"query-input\":{\"@type\":\"PropertyValueSpecification\",\"valueRequired\":true,\"valueName\":\"search_term_string\"}}],\"inLanguage\":\"es\"},{\"@type\":\"Organization\",\"@id\":\"https:\\\/\\\/topmodeleurope.net\\\/#organization\",\"name\":\"TOP MODEL EUROPE\",\"url\":\"https:\\\/\\\/topmodeleurope.net\\\/\",\"logo\":{\"@type\":\"ImageObject\",\"inLanguage\":\"es\",\"@id\":\"https:\\\/\\\/topmodeleurope.net\\\/#\\\/schema\\\/logo\\\/image\\\/\",\"url\":\"https:\\\/\\\/topmodeleurope.net\\\/wp-content\\\/uploads\\\/2018\\\/04\\\/logo-tme.jpg\",\"contentUrl\":\"https:\\\/\\\/topmodeleurope.net\\\/wp-content\\\/uploads\\\/2018\\\/04\\\/logo-tme.jpg\",\"width\":960,\"height\":960,\"caption\":\"TOP MODEL EUROPE\"},\"image\":{\"@id\":\"https:\\\/\\\/topmodeleurope.net\\\/#\\\/schema\\\/logo\\\/image\\\/\"},\"sameAs\":[\"https:\\\/\\\/www.facebook.com\\\/topmodeleurope\\\/\",\"https:\\\/\\\/www.instagram.com\\\/topmodeleuropeofficial\\\/\",\"https:\\\/\\\/fr.wikipedia.org\\\/wiki\\\/Top_Model_Europe\"]}]}<\/script>\n<!-- \/ Yoast SEO plugin. -->","yoast_head_json":{"title":"INFORMACI\u00d3N LEGAL Y POL\u00cdTICA DE PRIVACIDAD - TOP MODEL EUROPE","robots":{"index":"index","follow":"follow","max-snippet":"max-snippet:-1","max-image-preview":"max-image-preview:large","max-video-preview":"max-video-preview:-1"},"canonical":"https:\/\/topmodeleurope.net\/es\/legal-privacy\/","og_locale":"es_ES","og_type":"article","og_title":"MENTIONS LEGALES & POLITIQUE DE CONFIDENTIALITE - TOP MODEL EUROPE","og_url":"https:\/\/topmodeleurope.net\/es\/legal-privacy\/","og_site_name":"TOP MODEL EUROPE","article_publisher":"https:\/\/www.facebook.com\/topmodeleurope\/","article_modified_time":"2025-03-11T13:34:18+00:00","twitter_card":"summary_large_image","twitter_misc":{"Tiempo de lectura":"9 minutos"},"schema":{"@context":"https:\/\/schema.org","@graph":[{"@type":"WebPage","@id":"https:\/\/topmodeleurope.net\/legal-privacy\/","url":"https:\/\/topmodeleurope.net\/legal-privacy\/","name":"INFORMACI\u00d3N LEGAL Y POL\u00cdTICA DE PRIVACIDAD - TOP MODEL EUROPE","isPartOf":{"@id":"https:\/\/topmodeleurope.net\/#website"},"datePublished":"2018-04-01T21:25:54+00:00","dateModified":"2025-03-11T13:34:18+00:00","breadcrumb":{"@id":"https:\/\/topmodeleurope.net\/legal-privacy\/#breadcrumb"},"inLanguage":"es","potentialAction":[{"@type":"ReadAction","target":["https:\/\/topmodeleurope.net\/legal-privacy\/"]}]},{"@type":"BreadcrumbList","@id":"https:\/\/topmodeleurope.net\/legal-privacy\/#breadcrumb","itemListElement":[{"@type":"ListItem","position":1,"name":"Accueil","item":"https:\/\/topmodeleurope.net\/"},{"@type":"ListItem","position":2,"name":"MENTIONS LEGALES &#038; POLITIQUE DE CONFIDENTIALITE"}]},{"@type":"WebSite","@id":"https:\/\/topmodeleurope.net\/#website","url":"https:\/\/topmodeleurope.net\/","name":"TOP MODEL EUROPE","description":"Concurso Mundial de Modelos","publisher":{"@id":"https:\/\/topmodeleurope.net\/#organization"},"potentialAction":[{"@type":"SearchAction","target":{"@type":"EntryPoint","urlTemplate":"https:\/\/topmodeleurope.net\/?s={search_term_string}"},"query-input":{"@type":"PropertyValueSpecification","valueRequired":true,"valueName":"search_term_string"}}],"inLanguage":"es"},{"@type":"Organization","@id":"https:\/\/topmodeleurope.net\/#organization","name":"TOP MODEL EUROPE","url":"https:\/\/topmodeleurope.net\/","logo":{"@type":"ImageObject","inLanguage":"es","@id":"https:\/\/topmodeleurope.net\/#\/schema\/logo\/image\/","url":"https:\/\/topmodeleurope.net\/wp-content\/uploads\/2018\/04\/logo-tme.jpg","contentUrl":"https:\/\/topmodeleurope.net\/wp-content\/uploads\/2018\/04\/logo-tme.jpg","width":960,"height":960,"caption":"TOP MODEL EUROPE"},"image":{"@id":"https:\/\/topmodeleurope.net\/#\/schema\/logo\/image\/"},"sameAs":["https:\/\/www.facebook.com\/topmodeleurope\/","https:\/\/www.instagram.com\/topmodeleuropeofficial\/","https:\/\/fr.wikipedia.org\/wiki\/Top_Model_Europe"]}]}},"_links":{"self":[{"href":"https:\/\/topmodeleurope.net\/es\/wp-json\/wp\/v2\/pages\/5359","targetHints":{"allow":["GET"]}}],"collection":[{"href":"https:\/\/topmodeleurope.net\/es\/wp-json\/wp\/v2\/pages"}],"about":[{"href":"https:\/\/topmodeleurope.net\/es\/wp-json\/wp\/v2\/types\/page"}],"author":[{"embeddable":true,"href":"https:\/\/topmodeleurope.net\/es\/wp-json\/wp\/v2\/users\/1"}],"replies":[{"embeddable":true,"href":"https:\/\/topmodeleurope.net\/es\/wp-json\/wp\/v2\/comments?post=5359"}],"version-history":[{"count":0,"href":"https:\/\/topmodeleurope.net\/es\/wp-json\/wp\/v2\/pages\/5359\/revisions"}],"wp:attachment":[{"href":"https:\/\/topmodeleurope.net\/es\/wp-json\/wp\/v2\/media?parent=5359"}],"wp:term":[{"taxonomy":"folder","embeddable":true,"href":"https:\/\/topmodeleurope.net\/es\/wp-json\/wp\/v2\/folder?post=5359"}],"curies":[{"name":"wp","href":"https:\/\/api.w.org\/{rel}","templated":true}]}}