{"id":30638,"date":"2025-12-22T05:31:15","date_gmt":"2025-12-22T04:31:15","guid":{"rendered":"https:\/\/topmodeleurope.net\/?page_id=30638"},"modified":"2025-12-22T22:09:01","modified_gmt":"2025-12-22T21:09:01","slug":"press-and-testimonials","status":"publish","type":"page","link":"https:\/\/topmodeleurope.net\/es\/press-and-testimonials\/","title":{"rendered":"Prensa y testimonios"},"content":{"rendered":"<div class=\"wpb-content-wrapper\"><div class=\"vc_row wpb_row vc_row-fluid\"><div class=\"wpb_column vc_column_container vc_col-sm-12\"><div class=\"vc_column-inner\"><div class=\"wpb_wrapper\"><div class=\"vc_separator wpb_content_element vc_separator_align_center vc_sep_width_100 vc_sep_border_width_5 vc_sep_pos_align_center vc_separator_no_text vc_sep_color_grey wpb_content_element  wpb_content_element\" ><span class=\"vc_sep_holder vc_sep_holder_l\"><span class=\"vc_sep_line\"><\/span><\/span><span class=\"vc_sep_holder vc_sep_holder_r\"><span class=\"vc_sep_line\"><\/span><\/span>\n<\/div>\n\t<div class=\"wpb_text_column wpb_content_element\" >\n\t\t<div class=\"wpb_wrapper\">\n\t\t\t<p style=\"text-align: center;\" data-start=\"1016\" data-end=\"1229\">Esta p\u00e1gina re\u00fane una selecci\u00f3n de art\u00edculos de prensa, testimonios y entrevistas publicados por medios independientes, as\u00ed como discursos de profesionales del sector y participantes en el concurso Top Model Europe.<\/p>\n<p style=\"text-align: center;\" data-start=\"1236\" data-end=\"1439\">Su objetivo es documentar, de forma transparente, el funcionamiento del concurso Top Model Europe, las carreras de las candidatas y el impacto del concurso en el mundo de la moda internacional.<\/p>\n<p style=\"text-align: center;\" data-start=\"1446\" data-end=\"1567\">Cada contenido va acompa\u00f1ado de su fuente para garantizar que la informaci\u00f3n es verificable, contextualizada e independiente.<\/p>\n\n\t\t<\/div>\n\t<\/div>\n<div class=\"vc_separator wpb_content_element vc_separator_align_center vc_sep_width_100 vc_sep_border_width_5 vc_sep_pos_align_center vc_separator_no_text vc_sep_color_grey wpb_content_element  wpb_content_element\" ><span class=\"vc_sep_holder vc_sep_holder_l\"><span class=\"vc_sep_line\"><\/span><\/span><span class=\"vc_sep_holder vc_sep_holder_r\"><span class=\"vc_sep_line\"><\/span><\/span>\n<\/div><\/div><\/div><\/div><\/div><div class=\"vc_row wpb_row vc_row-fluid\"><div class=\"wpb_column vc_column_container vc_col-sm-4 vc_col-has-fill\"><div class=\"vc_column-inner vc_custom_1766378171468\"><div class=\"wpb_wrapper\">\n\t<div class=\"wpb_single_image wpb_content_element vc_align_left  vc_custom_1766435388803\">\n\t\t\n\t\t<figure class=\"wpb_wrapper vc_figure\">\n\t\t\t<a href=\"https:\/\/topmodeleurope.net\/wp-content\/uploads\/2025\/12\/top-model-europe-press-lou-2025-675x1200.jpg\" target=\"_self\" class=\"vc_single_image-wrapper   vc_box_border_grey\"><img loading=\"lazy\" decoding=\"async\" width=\"1080\" height=\"1920\" src=\"https:\/\/topmodeleurope.net\/wp-content\/uploads\/2025\/12\/top-model-europe-press-lou-2025.jpg\" class=\"vc_single_image-img attachment-full\" alt=\"Art\u00edculo de prensa sobre Lou, finalista de Top Model Europe\" title=\"Top Model Europe - Art\u00edculo de prensa sobre Lou\" \/><\/a>\n\t\t<\/figure>\n\t<\/div>\n<\/div><\/div><\/div><div class=\"wpb_column vc_column_container vc_col-sm-8\"><div class=\"vc_column-inner\"><div class=\"wpb_wrapper\"> <div class=\"sc85_heading wpb_content_element impact left\"> <h3 class=\"title\">Pulse<cite class=\"separator\"><\/cite><\/h3> <div class=\"subtitle\">Lou (17) - Finalista: \u00abEsta experiencia ha reforzado mi autoestima\u00bb.\u00bb<\/div> <\/div> \n\t<div class=\"wpb_text_column wpb_content_element\" >\n\t\t<div class=\"wpb_wrapper\">\n\t\t\t<p data-start=\"365\" data-end=\"589\"><strong>RESUMEN<\/strong> Lou, de 17 a\u00f1os y natural de Normand\u00eda, ha sido seleccionada como una de las finalistas del concurso internacional Top Model Europe, tras un proceso de selecci\u00f3n en el que participaron decenas de miles de candidatas.<\/p>\n<p data-start=\"591\" data-end=\"1074\">En la final de Bruselas, particip\u00f3 en los ensayos, los entrenamientos y los desfiles oficiales en un entorno profesional, trabajando junto a dise\u00f1adores de moda y bajo la atenta mirada de un jurado especializado. En particular, fue elegida por la casa de moda Caroline Bouvier para lucir una creaci\u00f3n durante los desfiles, lo que le permiti\u00f3 hacerse una idea real de las exigencias del trabajo de modelo en condiciones reales (entre bastidores, preparaci\u00f3n, sucesivas pasadas por la pasarela).<\/p>\n<p data-start=\"1076\" data-end=\"1507\">Aunque no gan\u00f3 el t\u00edtulo, Lou explica que la experiencia reforz\u00f3 su confianza en s\u00ed misma y confirm\u00f3 su inter\u00e9s por el mundo de la moda, que espera seguir desarrollando. El art\u00edculo destaca el papel del concurso como trampol\u00edn, que permite a los j\u00f3venes participantes ponerse a prueba con est\u00e1ndares profesionales y acceder a oportunidades iniciales (sesiones fotogr\u00e1ficas, contratos de desarrollo, eventos).<\/p>\n\n\t\t<\/div>\n\t<\/div>\n<div class=\"vc_empty_space\"   style=\"height: 60px\"><span class=\"vc_empty_space_inner\"><\/span><\/div><div class=\"vc_separator wpb_content_element vc_separator_align_center vc_sep_width_100 vc_sep_pos_align_center vc_separator_no_text vc_sep_color_grey wpb_content_element  wpb_content_element\" ><span class=\"vc_sep_holder vc_sep_holder_l\"><span class=\"vc_sep_line\"><\/span><\/span><span class=\"vc_sep_holder vc_sep_holder_r\"><span class=\"vc_sep_line\"><\/span><\/span>\n<\/div>\n\t<div class=\"wpb_raw_code wpb_raw_html wpb_content_element\" >\n\t\t<div class=\"wpb_wrapper\">\n\t\t\t<div class=\"tme-sources\" style=\"font-size:10px; line-height:1.35; opacity:0.8; margin-top:14px;\">\n  <div><strong>Fuente :<\/strong> Actu.fr (Francia) - Nathan Blouin - 11\/12\/2025<\/div>\n  <div><strong>Enlace al sitio web<\/strong> <a href=\"https:\/\/actu.fr\/normandie\/landes-sur-ajon_14353\/a-17-ans-lou-a-defile-devant-les-plus-grands-createurs-en-finale-de-top-model-europe-ca-ma-convaincue_63561900.html\" target=\"_blank\" rel=\"noopener noreferrer\">Art\u00edculo original<\/a><\/div>\n<\/div>\n\n\t\t<\/div>\n\t<\/div>\n<\/div><\/div><\/div><\/div><div class=\"vc_row wpb_row vc_row-fluid\"><div class=\"wpb_column vc_column_container vc_col-sm-12\"><div class=\"vc_column-inner\"><div class=\"wpb_wrapper\"><div class=\"vc_empty_space\"   style=\"height: 32px\"><span class=\"vc_empty_space_inner\"><\/span><\/div><div class=\"vc_separator wpb_content_element vc_separator_align_center vc_sep_width_100 vc_sep_border_width_5 vc_sep_pos_align_center vc_separator_no_text vc_sep_color_grey wpb_content_element  wpb_content_element\" ><span class=\"vc_sep_holder vc_sep_holder_l\"><span class=\"vc_sep_line\"><\/span><\/span><span class=\"vc_sep_holder vc_sep_holder_r\"><span class=\"vc_sep_line\"><\/span><\/span>\n<\/div><\/div><\/div><\/div><\/div><div class=\"vc_row wpb_row vc_row-fluid\"><div class=\"wpb_column vc_column_container vc_col-sm-4 vc_col-has-fill\"><div class=\"vc_column-inner vc_custom_1766378171468\"><div class=\"wpb_wrapper\">\n\t<div class=\"wpb_single_image wpb_content_element vc_align_left  vc_custom_1766435397736\">\n\t\t\n\t\t<figure class=\"wpb_wrapper vc_figure\">\n\t\t\t<a href=\"https:\/\/topmodeleurope.net\/wp-content\/uploads\/2025\/12\/top-model-europe-press-mathis-2025-675x1200.jpg\" target=\"_self\" class=\"vc_single_image-wrapper   vc_box_border_grey\"><img loading=\"lazy\" decoding=\"async\" width=\"1080\" height=\"1920\" src=\"https:\/\/topmodeleurope.net\/wp-content\/uploads\/2025\/12\/top-model-europe-press-mathis-2025.jpg\" class=\"vc_single_image-img attachment-full\" alt=\"Art\u00edculo de prensa sobre Mathis, finalista del concurso Top Model Europe\" title=\"top-model-europe-press-mathis-2025\" \/><\/a>\n\t\t<\/figure>\n\t<\/div>\n<\/div><\/div><\/div><div class=\"wpb_column vc_column_container vc_col-sm-8\"><div class=\"vc_column-inner\"><div class=\"wpb_wrapper\"> <div class=\"sc85_heading wpb_content_element impact left\"> <h3 class=\"title\">Pulse<cite class=\"separator\"><\/cite><\/h3> <div class=\"subtitle\">Mathis (16) - Finalista: \u00abUna experiencia incre\u00edble... algo surrealista\u00bb.\u00bb<\/div> <\/div> \n\t<div class=\"wpb_text_column wpb_content_element\" >\n\t\t<div class=\"wpb_wrapper\">\n\t\t\t<p data-start=\"365\" data-end=\"589\"><strong>RESUMEN<\/strong> : Mathis, de 16 a\u00f1os y natural de Seine-et-Marne, particip\u00f3 por primera vez en la final del mundialmente famoso concurso de modelos Top Model Europe, celebrado en Bruselas en noviembre de 2025.<\/p>\n<p data-start=\"419\" data-end=\"692\">Sin experiencia previa en el sector, se present\u00f3 al concurso por iniciativa de su madre. Tras varias rondas de selecci\u00f3n entre m\u00e1s de 25.000 aspirantes, fue elegido entre un selecto grupo de finalistas para desfilar ante profesionales de la moda.<\/p>\n<p data-start=\"694\" data-end=\"1073\">Antes de la final, Mathis asisti\u00f3 a varios cursos de preparaci\u00f3n, centrados en la postura, el enfoque, la gesti\u00f3n emocional y la expresi\u00f3n esc\u00e9nica. Explica que estas fases son cruciales cuando se est\u00e1 empezando: <em data-start=\"911\" data-end=\"1073\">\u00abAl principio, cuando no tienes experiencia, es dif\u00edcil acostumbrarse. Pero no se tarda mucho en aprender a andar como los profesionales y coger el ritmo.\u00bb<\/em><\/p>\n<p data-start=\"1075\" data-end=\"1382\">En la final, recorri\u00f3 la pasarela en un entorno profesional y fue elegido por una dise\u00f1adora para presentar una de sus creaciones. Describe el acontecimiento como <em data-start=\"1235\" data-end=\"1266\">\u00abuna experiencia incre\u00edble\u00bb<\/em> y <em data-start=\"1270\" data-end=\"1304\">\u00abalgo surrealista\u00bb<\/em>, El acto estuvo marcado por los intercambios con los dise\u00f1adores y el apoyo mutuo entre los participantes.<\/p>\n<p data-start=\"1384\" data-end=\"1726\">Aunque no subi\u00f3 al podio, Mathis afirma que la experiencia le dio confianza y una visi\u00f3n real del mundo del modelaje. Tambi\u00e9n afirma que su participaci\u00f3n en la final le permiti\u00f3 conseguir varios contratos como modelo fotogr\u00e1fico, y no descarta repetir la experiencia.<\/p>\n\n\t\t<\/div>\n\t<\/div>\n<div class=\"vc_empty_space\"   style=\"height: 15px\"><span class=\"vc_empty_space_inner\"><\/span><\/div><div class=\"vc_separator wpb_content_element vc_separator_align_center vc_sep_width_100 vc_sep_pos_align_center vc_separator_no_text vc_sep_color_grey wpb_content_element  wpb_content_element\" ><span class=\"vc_sep_holder vc_sep_holder_l\"><span class=\"vc_sep_line\"><\/span><\/span><span class=\"vc_sep_holder vc_sep_holder_r\"><span class=\"vc_sep_line\"><\/span><\/span>\n<\/div>\n\t<div class=\"wpb_raw_code wpb_raw_html wpb_content_element\" >\n\t\t<div class=\"wpb_wrapper\">\n\t\t\t<div class=\"tme-sources\" style=\"font-size:10px; line-height:1.5; color:rgba(0,0,0,.65); margin-top:14px;\">\n  <p style=\"margin:0 0 6px 0;\">\n    <strong>Fuente :<\/strong> Actu.fr (Francia) - Benjamin Forant - 17\/12\/2025\n  <\/p>\n  <p style=\"margin:0;\">\n    <strong>Enlace al sitio web<\/strong>\n    <a href=\"https:\/\/actu.fr\/ile-de-france\/mitry-mory_77294\/en-seine-et-marne-un-ado-de-16-ans-participe-a-la-finale-dun-concours-de-mannequinat-mondialement-connu_63591442.html\"\n       target=\"_blank\"\n       rel=\"noopener noreferrer\"\n       style=\"color:inherit; text-decoration:underline;\">\n      Art\u00edculo original\n    <\/a>\n  <\/p>\n<\/div>\n\n\t\t<\/div>\n\t<\/div>\n<\/div><\/div><\/div><\/div><div class=\"vc_row wpb_row vc_row-fluid\"><div class=\"wpb_column vc_column_container vc_col-sm-12\"><div class=\"vc_column-inner\"><div class=\"wpb_wrapper\"><div class=\"vc_empty_space\"   style=\"height: 32px\"><span class=\"vc_empty_space_inner\"><\/span><\/div><div class=\"vc_separator wpb_content_element vc_separator_align_center vc_sep_width_100 vc_sep_border_width_5 vc_sep_pos_align_center vc_separator_no_text vc_sep_color_grey wpb_content_element  wpb_content_element\" ><span class=\"vc_sep_holder vc_sep_holder_l\"><span class=\"vc_sep_line\"><\/span><\/span><span class=\"vc_sep_holder vc_sep_holder_r\"><span class=\"vc_sep_line\"><\/span><\/span>\n<\/div><\/div><\/div><\/div><\/div><div class=\"vc_row wpb_row vc_row-fluid\"><div class=\"wpb_column vc_column_container vc_col-sm-4 vc_col-has-fill\"><div class=\"vc_column-inner vc_custom_1766378171468\"><div class=\"wpb_wrapper\">\n\t<div class=\"wpb_single_image wpb_content_element vc_align_left  vc_custom_1766436407896\">\n\t\t\n\t\t<figure class=\"wpb_wrapper vc_figure\">\n\t\t\t<a href=\"https:\/\/topmodeleurope.net\/wp-content\/uploads\/2025\/12\/top-model-europe-press-tom-2025-701x1200.jpg\" target=\"_self\" class=\"vc_single_image-wrapper   vc_box_border_grey\"><img loading=\"lazy\" decoding=\"async\" width=\"802\" height=\"1372\" src=\"https:\/\/topmodeleurope.net\/wp-content\/uploads\/2025\/12\/top-model-europe-press-tom-2025.jpg\" class=\"vc_single_image-img attachment-full\" alt=\"Art\u00edculo de prensa sobre Tom, ganador del concurso Top Model Europe 2025\" title=\"top-model-europe-press-tom-2025\" \/><\/a>\n\t\t<\/figure>\n\t<\/div>\n<\/div><\/div><\/div><div class=\"wpb_column vc_column_container vc_col-sm-8\"><div class=\"vc_column-inner\"><div class=\"wpb_wrapper\"> <div class=\"sc85_heading wpb_content_element impact left\"> <h3 class=\"title\">Pulse<cite class=\"separator\"><\/cite><\/h3> <div class=\"subtitle\">Tom (19) - Ganador: \u00abEl modelo favorito de Jean-Paul Gaultier, ... en el descanso, vino a verme para darme algunos consejos\u00bb.\u00bb<\/div> <\/div> \n\t<div class=\"wpb_text_column wpb_content_element\" >\n\t\t<div class=\"wpb_wrapper\">\n\t\t\t<p data-start=\"302\" data-end=\"513\"><strong>RESUMEN<\/strong> Top Model Europe 2025: Tom, de 19 a\u00f1os, de Montluel (Ain), ha ganado la final de Top Model Europe 2025, tras ser elegido entre unas 95 finalistas despu\u00e9s de un proceso de selecci\u00f3n que inicialmente atrajo a casi 25.000 aspirantes.<\/p>\n<p data-start=\"515\" data-end=\"835\">El art\u00edculo destaca los criterios evaluados durante la final (soltura, paseo, presencia en el podio) y la atenci\u00f3n prestada por un jurado de profesionales. Se dice que Tom recibi\u00f3 consejos entre bastidores de L\u00e1zaro Cuervo Costa, modelo favorito de Jean-Paul Gaultier, que formaba parte del jurado.<\/p>\n<p data-start=\"837\" data-end=\"1227\">Aunque ya han comenzado las primeras solicitudes profesionales, Tom insiste en un enfoque estructurado y mesurado. Quiere mantener la cabeza fr\u00eda, rechazar algunas ofertas si es necesario y dar prioridad a sus estudios de gesti\u00f3n y administraci\u00f3n, mientras se le abren poco a poco oportunidades en el mundo de la moda. Actualmente se encuentra en Par\u00eds para una sesi\u00f3n fotogr\u00e1fica.<\/p>\n<p data-start=\"1229\" data-end=\"1430\">Todo el art\u00edculo presenta el concurso como un trampol\u00edn para el desarrollo profesional, al tiempo que subraya la importancia del apoyo, un marco y un calendario realista a la hora de construir una trayectoria profesional.<\/p>\n\n\t\t<\/div>\n\t<\/div>\n<div class=\"vc_empty_space\"   style=\"height: 60px\"><span class=\"vc_empty_space_inner\"><\/span><\/div><div class=\"vc_separator wpb_content_element vc_separator_align_center vc_sep_width_100 vc_sep_pos_align_center vc_separator_no_text vc_sep_color_grey wpb_content_element  wpb_content_element\" ><span class=\"vc_sep_holder vc_sep_holder_l\"><span class=\"vc_sep_line\"><\/span><\/span><span class=\"vc_sep_holder vc_sep_holder_r\"><span class=\"vc_sep_line\"><\/span><\/span>\n<\/div>\n\t<div class=\"wpb_raw_code wpb_raw_html wpb_content_element\" >\n\t\t<div class=\"wpb_wrapper\">\n\t\t\t<div class=\"tme-sources\" style=\"font-size:10px; line-height:1.5; color:rgba(0,0,0,.65); margin-top:14px;\">\n  <p style=\"margin:0 0 6px 0;\">\n    <strong>Fuente :<\/strong> Le Progr\u00e8s (Francia) - Cl\u00e9mence Outteryck - 06\/12\/2025\n  <\/p>\n  <p style=\"margin:0;\">\n    <strong>Enlace al sitio web<\/strong>\n    <a href=\"https:\/\/www.leprogres.fr\/magazine-lifestyle\/2025\/12\/06\/tom-despierres-laureat-du-concours-top-model-europe\"\n       target=\"_blank\"\n       rel=\"noopener noreferrer\"\n       style=\"color:inherit; text-decoration:underline;\">\n      Art\u00edculo original\n    <\/a>\n  <\/p>\n<\/div>\n\n\t\t<\/div>\n\t<\/div>\n<\/div><\/div><\/div><\/div><div class=\"vc_row wpb_row vc_row-fluid\"><div class=\"wpb_column vc_column_container vc_col-sm-12\"><div class=\"vc_column-inner\"><div class=\"wpb_wrapper\"><div class=\"vc_empty_space\"   style=\"height: 32px\"><span class=\"vc_empty_space_inner\"><\/span><\/div><div class=\"vc_separator wpb_content_element vc_separator_align_center vc_sep_width_100 vc_sep_border_width_5 vc_sep_pos_align_center vc_separator_no_text vc_sep_color_grey wpb_content_element  wpb_content_element\" ><span class=\"vc_sep_holder vc_sep_holder_l\"><span class=\"vc_sep_line\"><\/span><\/span><span class=\"vc_sep_holder vc_sep_holder_r\"><span class=\"vc_sep_line\"><\/span><\/span>\n<\/div>\n\t<div class=\"wpb_text_column wpb_content_element\" >\n\t\t<div class=\"wpb_wrapper\">\n\t\t\t<p style=\"text-align: center;\"><strong><a href=\"https:\/\/topmodeleurope.net\/es\/success-stories\/\">CHANGE YOUR WORLD<\/a>\u00a0 \u272a\u00a0 <a href=\"https:\/\/topmodeleurope.net\/es\/castings-schedule\/\">CASTINGS 2026<\/a>\u00a0 \u272a\u00a0 <a href=\"https:\/\/topmodeleurope.net\/es\/casting-info\/\">INTERNATIONAL MODEL CONTEST<\/a><\/strong><\/p>\n\n\t\t<\/div>\n\t<\/div>\n<\/div><\/div><\/div><\/div>\n<\/div>","protected":false},"excerpt":{"rendered":"Cette page rassemble une s\u00e9lection d\u2019articles de presse, t\u00e9moignages et interviews publi\u00e9s par des m\u00e9dias ind\u00e9pendants, ainsi que des prises de parole de professionnels du secteur et de participants au concours Top Model Europe. Elle vise \u00e0 documenter, de mani\u00e8re transparente, le fonctionnement du concours Top Model Europe, le parcours des candidats et l\u2019impact du [...]","protected":false},"author":1,"featured_media":0,"parent":0,"menu_order":3,"comment_status":"closed","ping_status":"closed","template":"","meta":{"sfsi_plus_gutenberg_text_before_share":"","sfsi_plus_gutenberg_show_text_before_share":"","sfsi_plus_gutenberg_icon_type":"","sfsi_plus_gutenberg_icon_alignemt":"","sfsi_plus_gutenburg_max_per_row":"","footnotes":""},"folder":[230],"class_list":["post-30638","page","type-page","status-publish","hentry"],"yoast_head":"<!-- This site is optimized with the Yoast SEO plugin v27.5 - https:\/\/yoast.com\/product\/yoast-seo-wordpress\/ -->\n<title>PRESS &amp; T\u00c9MOIGNAGES - TOP MODEL EUROPE<\/title>\n<meta name=\"description\" content=\"Articles de presse, t\u00e9moignages et interviews mettant en lumi\u00e8re les candidats, designers et l\u2019impact international de Top Model Europe dans la mode.\" \/>\n<meta name=\"robots\" content=\"index, follow, max-snippet:-1, max-image-preview:large, max-video-preview:-1\" \/>\n<link rel=\"canonical\" href=\"https:\/\/topmodeleurope.net\/es\/press-and-testimonials\/\" \/>\n<meta property=\"og:locale\" content=\"es_ES\" \/>\n<meta property=\"og:type\" content=\"article\" \/>\n<meta property=\"og:title\" content=\"PRESS &amp; T\u00c9MOIGNAGES - TOP MODEL EUROPE\" \/>\n<meta property=\"og:description\" content=\"Articles de presse, t\u00e9moignages et interviews mettant en lumi\u00e8re les candidats, designers et l\u2019impact international de Top Model Europe dans la mode.\" \/>\n<meta property=\"og:url\" content=\"https:\/\/topmodeleurope.net\/es\/press-and-testimonials\/\" \/>\n<meta property=\"og:site_name\" content=\"TOP MODEL EUROPE\" \/>\n<meta property=\"article:publisher\" content=\"https:\/\/www.facebook.com\/topmodeleurope\/\" \/>\n<meta property=\"article:modified_time\" content=\"2025-12-22T21:09:01+00:00\" \/>\n<meta name=\"twitter:card\" content=\"summary_large_image\" \/>\n<meta name=\"twitter:label1\" content=\"Tiempo de lectura\" \/>\n\t<meta name=\"twitter:data1\" content=\"5 minutos\" \/>\n<script type=\"application\/ld+json\" class=\"yoast-schema-graph\">{\"@context\":\"https:\\\/\\\/schema.org\",\"@graph\":[{\"@type\":\"WebPage\",\"@id\":\"https:\\\/\\\/topmodeleurope.net\\\/press-and-testimonials\\\/\",\"url\":\"https:\\\/\\\/topmodeleurope.net\\\/press-and-testimonials\\\/\",\"name\":\"PRESS & T\u00c9MOIGNAGES - TOP MODEL EUROPE\",\"isPartOf\":{\"@id\":\"https:\\\/\\\/topmodeleurope.net\\\/#website\"},\"datePublished\":\"2025-12-22T04:31:15+00:00\",\"dateModified\":\"2025-12-22T21:09:01+00:00\",\"description\":\"Articles de presse, t\u00e9moignages et interviews mettant en lumi\u00e8re les candidats, designers et l\u2019impact international de Top Model Europe dans la mode.\",\"breadcrumb\":{\"@id\":\"https:\\\/\\\/topmodeleurope.net\\\/press-and-testimonials\\\/#breadcrumb\"},\"inLanguage\":\"es\",\"potentialAction\":[{\"@type\":\"ReadAction\",\"target\":[\"https:\\\/\\\/topmodeleurope.net\\\/press-and-testimonials\\\/\"]}]},{\"@type\":\"BreadcrumbList\",\"@id\":\"https:\\\/\\\/topmodeleurope.net\\\/press-and-testimonials\\\/#breadcrumb\",\"itemListElement\":[{\"@type\":\"ListItem\",\"position\":1,\"name\":\"Accueil\",\"item\":\"https:\\\/\\\/topmodeleurope.net\\\/\"},{\"@type\":\"ListItem\",\"position\":2,\"name\":\"Presse &#038; T\u00e9moignages\"}]},{\"@type\":\"WebSite\",\"@id\":\"https:\\\/\\\/topmodeleurope.net\\\/#website\",\"url\":\"https:\\\/\\\/topmodeleurope.net\\\/\",\"name\":\"TOP MODEL EUROPE\",\"description\":\"World Model Contest\",\"publisher\":{\"@id\":\"https:\\\/\\\/topmodeleurope.net\\\/#organization\"},\"potentialAction\":[{\"@type\":\"SearchAction\",\"target\":{\"@type\":\"EntryPoint\",\"urlTemplate\":\"https:\\\/\\\/topmodeleurope.net\\\/?s={search_term_string}\"},\"query-input\":{\"@type\":\"PropertyValueSpecification\",\"valueRequired\":true,\"valueName\":\"search_term_string\"}}],\"inLanguage\":\"es\"},{\"@type\":\"Organization\",\"@id\":\"https:\\\/\\\/topmodeleurope.net\\\/#organization\",\"name\":\"TOP MODEL EUROPE\",\"url\":\"https:\\\/\\\/topmodeleurope.net\\\/\",\"logo\":{\"@type\":\"ImageObject\",\"inLanguage\":\"es\",\"@id\":\"https:\\\/\\\/topmodeleurope.net\\\/#\\\/schema\\\/logo\\\/image\\\/\",\"url\":\"https:\\\/\\\/topmodeleurope.net\\\/wp-content\\\/uploads\\\/2018\\\/04\\\/logo-tme.jpg\",\"contentUrl\":\"https:\\\/\\\/topmodeleurope.net\\\/wp-content\\\/uploads\\\/2018\\\/04\\\/logo-tme.jpg\",\"width\":960,\"height\":960,\"caption\":\"TOP MODEL EUROPE\"},\"image\":{\"@id\":\"https:\\\/\\\/topmodeleurope.net\\\/#\\\/schema\\\/logo\\\/image\\\/\"},\"sameAs\":[\"https:\\\/\\\/www.facebook.com\\\/topmodeleurope\\\/\",\"https:\\\/\\\/www.instagram.com\\\/topmodeleuropeofficial\\\/\",\"https:\\\/\\\/fr.wikipedia.org\\\/wiki\\\/Top_Model_Europe\"]}]}<\/script>\n<!-- \/ Yoast SEO plugin. -->","yoast_head_json":{"title":"PRENSA Y TESTIMONIOS - TOP MODEL EUROPE","description":"Art\u00edculos de prensa, testimonios y entrevistas que destacan a las candidatas, los dise\u00f1adores y el impacto internacional de Top Model Europe en la moda.","robots":{"index":"index","follow":"follow","max-snippet":"max-snippet:-1","max-image-preview":"max-image-preview:large","max-video-preview":"max-video-preview:-1"},"canonical":"https:\/\/topmodeleurope.net\/es\/press-and-testimonials\/","og_locale":"es_ES","og_type":"article","og_title":"PRESS & T\u00c9MOIGNAGES - TOP MODEL EUROPE","og_description":"Articles de presse, t\u00e9moignages et interviews mettant en lumi\u00e8re les candidats, designers et l\u2019impact international de Top Model Europe dans la mode.","og_url":"https:\/\/topmodeleurope.net\/es\/press-and-testimonials\/","og_site_name":"TOP MODEL EUROPE","article_publisher":"https:\/\/www.facebook.com\/topmodeleurope\/","article_modified_time":"2025-12-22T21:09:01+00:00","twitter_card":"summary_large_image","twitter_misc":{"Tiempo de lectura":"5 minutos"},"schema":{"@context":"https:\/\/schema.org","@graph":[{"@type":"WebPage","@id":"https:\/\/topmodeleurope.net\/press-and-testimonials\/","url":"https:\/\/topmodeleurope.net\/press-and-testimonials\/","name":"PRENSA Y TESTIMONIOS - TOP MODEL EUROPE","isPartOf":{"@id":"https:\/\/topmodeleurope.net\/#website"},"datePublished":"2025-12-22T04:31:15+00:00","dateModified":"2025-12-22T21:09:01+00:00","description":"Art\u00edculos de prensa, testimonios y entrevistas que destacan a las candidatas, los dise\u00f1adores y el impacto internacional de Top Model Europe en la moda.","breadcrumb":{"@id":"https:\/\/topmodeleurope.net\/press-and-testimonials\/#breadcrumb"},"inLanguage":"es","potentialAction":[{"@type":"ReadAction","target":["https:\/\/topmodeleurope.net\/press-and-testimonials\/"]}]},{"@type":"BreadcrumbList","@id":"https:\/\/topmodeleurope.net\/press-and-testimonials\/#breadcrumb","itemListElement":[{"@type":"ListItem","position":1,"name":"Accueil","item":"https:\/\/topmodeleurope.net\/"},{"@type":"ListItem","position":2,"name":"Presse &#038; T\u00e9moignages"}]},{"@type":"WebSite","@id":"https:\/\/topmodeleurope.net\/#website","url":"https:\/\/topmodeleurope.net\/","name":"TOP MODEL EUROPE","description":"Concurso Mundial de Modelos","publisher":{"@id":"https:\/\/topmodeleurope.net\/#organization"},"potentialAction":[{"@type":"SearchAction","target":{"@type":"EntryPoint","urlTemplate":"https:\/\/topmodeleurope.net\/?s={search_term_string}"},"query-input":{"@type":"PropertyValueSpecification","valueRequired":true,"valueName":"search_term_string"}}],"inLanguage":"es"},{"@type":"Organization","@id":"https:\/\/topmodeleurope.net\/#organization","name":"TOP MODEL EUROPE","url":"https:\/\/topmodeleurope.net\/","logo":{"@type":"ImageObject","inLanguage":"es","@id":"https:\/\/topmodeleurope.net\/#\/schema\/logo\/image\/","url":"https:\/\/topmodeleurope.net\/wp-content\/uploads\/2018\/04\/logo-tme.jpg","contentUrl":"https:\/\/topmodeleurope.net\/wp-content\/uploads\/2018\/04\/logo-tme.jpg","width":960,"height":960,"caption":"TOP MODEL EUROPE"},"image":{"@id":"https:\/\/topmodeleurope.net\/#\/schema\/logo\/image\/"},"sameAs":["https:\/\/www.facebook.com\/topmodeleurope\/","https:\/\/www.instagram.com\/topmodeleuropeofficial\/","https:\/\/fr.wikipedia.org\/wiki\/Top_Model_Europe"]}]}},"_links":{"self":[{"href":"https:\/\/topmodeleurope.net\/es\/wp-json\/wp\/v2\/pages\/30638","targetHints":{"allow":["GET"]}}],"collection":[{"href":"https:\/\/topmodeleurope.net\/es\/wp-json\/wp\/v2\/pages"}],"about":[{"href":"https:\/\/topmodeleurope.net\/es\/wp-json\/wp\/v2\/types\/page"}],"author":[{"embeddable":true,"href":"https:\/\/topmodeleurope.net\/es\/wp-json\/wp\/v2\/users\/1"}],"replies":[{"embeddable":true,"href":"https:\/\/topmodeleurope.net\/es\/wp-json\/wp\/v2\/comments?post=30638"}],"version-history":[{"count":44,"href":"https:\/\/topmodeleurope.net\/es\/wp-json\/wp\/v2\/pages\/30638\/revisions"}],"predecessor-version":[{"id":30689,"href":"https:\/\/topmodeleurope.net\/es\/wp-json\/wp\/v2\/pages\/30638\/revisions\/30689"}],"wp:attachment":[{"href":"https:\/\/topmodeleurope.net\/es\/wp-json\/wp\/v2\/media?parent=30638"}],"wp:term":[{"taxonomy":"folder","embeddable":true,"href":"https:\/\/topmodeleurope.net\/es\/wp-json\/wp\/v2\/folder?post=30638"}],"curies":[{"name":"wp","href":"https:\/\/api.w.org\/{rel}","templated":true}]}}