{"id":29704,"date":"2025-09-10T18:32:57","date_gmt":"2025-09-10T16:32:57","guid":{"rendered":"https:\/\/topmodeleurope.net\/?page_id=29704"},"modified":"2025-11-16T07:40:25","modified_gmt":"2025-11-16T06:40:25","slug":"shows","status":"publish","type":"page","link":"https:\/\/topmodeleurope.net\/es\/shows\/","title":{"rendered":"MUESTRA"},"content":{"rendered":"<div class=\"wpb-content-wrapper\"><div class=\"vc_row wpb_row vc_row-fluid\"><div class=\"wpb_column vc_column_container vc_col-sm-12\"><div class=\"vc_column-inner\"><div class=\"wpb_wrapper\"> <div class=\"sc85_heading wpb_content_element bold center\"> <h1 class=\"title\">AGENDA<cite class=\"separator\"><\/cite><\/h1> <div class=\"subtitle\">FINALES NACIONALES Y DESFILES DE MODA<\/div> <\/div> <div class=\"vc_separator wpb_content_element vc_separator_align_center vc_sep_width_100 vc_sep_pos_align_center vc_separator_no_text vc_sep_color_grey wpb_content_element  wpb_content_element\" ><span class=\"vc_sep_holder vc_sep_holder_l\"><span class=\"vc_sep_line\"><\/span><\/span><span class=\"vc_sep_holder vc_sep_holder_r\"><span class=\"vc_sep_line\"><\/span><\/span>\n<\/div>\n\t<div class=\"wpb_text_column wpb_content_element\" >\n\t\t<div class=\"wpb_wrapper\">\n\t\t\t<p style=\"text-align: center;\">Cada a\u00f1o, las modelos clasificadas en cada pa\u00eds durante los castings y las semifinales participan en su final nacional, al t\u00e9rmino de la cual se elige a las ganadoras nacionales. Estos desfiles excepcionales son la \u00faltima etapa antes de la final internacional y re\u00fanen a la prensa, los dise\u00f1adores y las personalidades del mundo de la moda. A continuaci\u00f3n encontrar\u00e1 los pr\u00f3ximos desfiles nacionales, sus folletos oficiales y enlaces directos a la venta de entradas.<\/p>\n\n\t\t<\/div>\n\t<\/div>\n<div class=\"vc_separator wpb_content_element vc_separator_align_center vc_sep_width_100 vc_sep_pos_align_center vc_separator_no_text vc_sep_color_grey wpb_content_element  wpb_content_element\" ><span class=\"vc_sep_holder vc_sep_holder_l\"><span class=\"vc_sep_line\"><\/span><\/span><span class=\"vc_sep_holder vc_sep_holder_r\"><span class=\"vc_sep_line\"><\/span><\/span>\n<\/div><\/div><\/div><\/div><\/div><div class=\"vc_row wpb_row vc_row-fluid\"><div class=\"wpb_column vc_column_container vc_col-sm-6\"><div class=\"vc_column-inner\"><div class=\"wpb_wrapper\"> <div class=\"sc85_heading wpb_content_element bold center\"> <h2 class=\"title\">TOP MODEL EUROPA @BRUSELAS<cite class=\"separator\"><\/cite><\/h2> <div class=\"subtitle\">GRAN DESFILE FINAL 2025 x TRENDY FASHION WEEK<\/div> <\/div> \n\t<div class=\"wpb_single_image wpb_content_element vc_align_center\">\n\t\t\n\t\t<figure class=\"wpb_wrapper vc_figure\">\n\t\t\t<a href=\"https:\/\/shop.weeztix.com\/290c4af3-b333-41d6-89ee-0c7951da1593\/tickets?shop_code=rdbrtu67\" target=\"_self\" class=\"vc_single_image-wrapper   vc_box_border_grey\"><img loading=\"lazy\" decoding=\"async\" width=\"1080\" height=\"1350\" src=\"https:\/\/topmodeleurope.net\/wp-content\/uploads\/2025\/09\/Flyer-Netherlands-2025.jpg\" class=\"vc_single_image-img attachment-full\" alt=\"\" title=\"Flyer-Pa\u00edses Bajos-2025\" \/><\/a>\n\t\t<\/figure>\n\t<\/div>\n<div class=\"sc85_button large center\"><a href=\"https:\/\/topmodeleurope.net\/es\/show-2025\/\" target=\"_blank\" class=\"button\">\ud83d\udc49 ENTRADAS<\/a><\/div><div class=\"vc_empty_space\"   style=\"height: 32px\"><span class=\"vc_empty_space_inner\"><\/span><\/div>\n\t<div class=\"wpb_text_column wpb_content_element\" >\n\t\t<div class=\"wpb_wrapper\">\n\t\t\t<p style=\"text-align: center;\">Director General - Europa: FABIO ANDERSON<\/p>\n<p style=\"text-align: center;\">Correo oficial: <a href=\"mailto:info@topmodeleurope.net\"><span data-sheets-value=\"{&quot;1&quot;:2,&quot;2&quot;:&quot;caraibes@topmodeleurope.net&quot;}\" data-sheets-userformat=\"{&quot;2&quot;:515,&quot;3&quot;:{&quot;1&quot;:0},&quot;4&quot;:{&quot;1&quot;:2,&quot;2&quot;:16776960},&quot;12&quot;:0}\">info@topmodeleurope.net<\/span><\/a><\/p>\n<p style=\"text-align: center;\">P\u00e1gina web oficial : <a href=\"https:\/\/topmodeleurope.net\/es\/\">https:\/\/topmodeleurope.net<\/a><\/p>\n\n\t\t<\/div>\n\t<\/div>\n<div class=\"vc_separator wpb_content_element vc_separator_align_center vc_sep_width_100 vc_sep_pos_align_center vc_separator_no_text vc_sep_color_grey wpb_content_element  wpb_content_element\" ><span class=\"vc_sep_holder vc_sep_holder_l\"><span class=\"vc_sep_line\"><\/span><\/span><span class=\"vc_sep_holder vc_sep_holder_r\"><span class=\"vc_sep_line\"><\/span><\/span>\n<\/div><\/div><\/div><\/div><div class=\"wpb_column vc_column_container vc_col-sm-6\"><div class=\"vc_column-inner\"><div class=\"wpb_wrapper\"><div class=\"vc_separator wpb_content_element vc_separator_align_center vc_sep_width_100 vc_sep_pos_align_center vc_separator_no_text vc_sep_color_grey wpb_content_element  wpb_content_element\" ><span class=\"vc_sep_holder vc_sep_holder_l\"><span class=\"vc_sep_line\"><\/span><\/span><span class=\"vc_sep_holder vc_sep_holder_r\"><span class=\"vc_sep_line\"><\/span><\/span>\n<\/div><\/div><\/div><\/div><\/div><div class=\"vc_row wpb_row vc_row-fluid\"><div class=\"wpb_column vc_column_container vc_col-sm-6\"><div class=\"vc_column-inner\"><div class=\"wpb_wrapper\"> <div class=\"sc85_heading wpb_content_element bold center\"> <h2 class=\"title\">TOP MODEL EUROPA @BALCANES<cite class=\"separator\"><\/cite><\/h2> <div class=\"subtitle\">FINAL SHOW 2025 @BELGRADO - 26\/10\/25<\/div> <\/div> \n\t<div class=\"wpb_single_image wpb_content_element vc_align_center\">\n\t\t\n\t\t<figure class=\"wpb_wrapper vc_figure\">\n\t\t\t<a href=\"https:\/\/buy.stripe.com\/9B628k3lSf2e4IMc125gc03?fbclid=PAdGRleAMuhoJleHRuA2FlbQIxMQABp5zfPgDW8N7CqFSRc8f7isB71yUYGb9qAxBNzLAd9qbkQgwXY-19AkZlZb6D_aem_lkKZXqz4lu4PUviV90AR-A\" target=\"_self\" class=\"vc_single_image-wrapper   vc_box_border_grey\"><img loading=\"lazy\" decoding=\"async\" width=\"1080\" height=\"1350\" src=\"https:\/\/topmodeleurope.net\/wp-content\/uploads\/2025\/09\/top-model-europe-balkans-final-fashion-show-2025.jpg?ver=1758079232\" class=\"vc_single_image-img attachment-full\" alt=\"Flyer Final Show Top Model Europa Balcanes 2025\" title=\"Top-Model-Europa-Balcanes-Desfile de moda-2025\" \/><\/a>\n\t\t<\/figure>\n\t<\/div>\n<div class=\"sc85_button large center\"><a href=\"https:\/\/buy.stripe.com\/9B628k3lSf2e4IMc125gc03?fbclid=PAdGRleAMuhoJleHRuA2FlbQIxMQABp5zfPgDW8N7CqFSRc8f7isB71yUYGb9qAxBNzLAd9qbkQgwXY-19AkZlZb6D_aem_lkKZXqz4lu4PUviV90AR-A\" target=\"_blank\" class=\"button\">\ud83d\udc49 ENTRADAS<\/a><\/div><div class=\"vc_empty_space\"   style=\"height: 32px\"><span class=\"vc_empty_space_inner\"><\/span><\/div>\n\t<div class=\"wpb_text_column wpb_content_element\" >\n\t\t<div class=\"wpb_wrapper\">\n\t\t\t<p style=\"text-align: center;\">Director - Balcanes : SHALEVA<\/p>\n<p style=\"text-align: center;\">Correo oficial:\u00a0<a href=\"https:\/\/topmodeleurope.net\/es\/show-balkans\/balkans@topmodeleurope.eu\/\"><span data-sheets-value=\"{&quot;1&quot;:2,&quot;2&quot;:&quot;caraibes@topmodeleurope.net&quot;}\" data-sheets-userformat=\"{&quot;2&quot;:515,&quot;3&quot;:{&quot;1&quot;:0},&quot;4&quot;:{&quot;1&quot;:2,&quot;2&quot;:16776960},&quot;12&quot;:0}\">balkans@topmodeleurope.eu<\/span><\/a><\/p>\n<p style=\"text-align: center;\">P\u00e1gina web oficial :\u00a0<a href=\"https:\/\/topmodeleurope.net\/es\/balkans\/\">https:\/\/topmodeleurope.net\/balkans<\/a><\/p>\n\n\t\t<\/div>\n\t<\/div>\n<div class=\"vc_separator wpb_content_element vc_separator_align_center vc_sep_width_100 vc_sep_pos_align_center vc_separator_no_text vc_sep_color_grey wpb_content_element  wpb_content_element\" ><span class=\"vc_sep_holder vc_sep_holder_l\"><span class=\"vc_sep_line\"><\/span><\/span><span class=\"vc_sep_holder vc_sep_holder_r\"><span class=\"vc_sep_line\"><\/span><\/span>\n<\/div><\/div><\/div><\/div><div class=\"wpb_column vc_column_container vc_col-sm-6\"><div class=\"vc_column-inner\"><div class=\"wpb_wrapper\"> <div class=\"sc85_heading wpb_content_element bold center\"> <h2 class=\"title\">TOP MODEL EUROPA @SWITZERLAND<cite class=\"separator\"><\/cite><\/h2> <div class=\"subtitle\">FINAL SHOW 2025 @SWITZERLAND - 25\/11\/10<\/div> <\/div> \n\t<div class=\"wpb_single_image wpb_content_element vc_align_center\">\n\t\t\n\t\t<figure class=\"wpb_wrapper vc_figure\">\n\t\t\t<a href=\"https:\/\/my.weezevent.com\/top-model-europe-suisse-final-show-2025\" target=\"_self\" class=\"vc_single_image-wrapper   vc_box_border_grey\"><img loading=\"lazy\" decoding=\"async\" width=\"1080\" height=\"1350\" src=\"https:\/\/topmodeleurope.net\/wp-content\/uploads\/2025\/09\/top-model-europe-switzerland-final-fashion-show-2025-1.jpg?ver=1758092750\" class=\"vc_single_image-img attachment-full\" alt=\"Flyer Final Show Top Model Europa Suiza 2025\" title=\"Top-Model-Europa-Suiza\" \/><\/a>\n\t\t<\/figure>\n\t<\/div>\n<div class=\"sc85_button large center\"><a href=\"https:\/\/my.weezevent.com\/top-model-europe-suisse-final-show-2025\" target=\"_blank\" class=\"button\">\ud83d\udc49 ENTRADAS<\/a><\/div><div class=\"vc_empty_space\"   style=\"height: 32px\"><span class=\"vc_empty_space_inner\"><\/span><\/div>\n\t<div class=\"wpb_text_column wpb_content_element\" >\n\t\t<div class=\"wpb_wrapper\">\n\t\t\t<p style=\"text-align: center;\">Directores Nacionales - Suiza: ULYSSE FREITAS<\/p>\n<p style=\"text-align: center;\">Correo oficial:\u00a0<a href=\"mailto:switzerland@topmodeleurope.eu\">switzerland@topmodeleurope.eu<\/a><\/p>\n<p style=\"text-align: center;\">P\u00e1gina web oficial :\u00a0<a href=\"https:\/\/topmodeleurope.net\/es\/switzerland\/\">https:\/\/topmodeleurope.ch<\/a><\/p>\n\n\t\t<\/div>\n\t<\/div>\n<div class=\"vc_separator wpb_content_element vc_separator_align_center vc_sep_width_100 vc_sep_pos_align_center vc_separator_no_text vc_sep_color_grey wpb_content_element  wpb_content_element\" ><span class=\"vc_sep_holder vc_sep_holder_l\"><span class=\"vc_sep_line\"><\/span><\/span><span class=\"vc_sep_holder vc_sep_holder_r\"><span class=\"vc_sep_line\"><\/span><\/span>\n<\/div><\/div><\/div><\/div><\/div><div class=\"vc_row wpb_row vc_row-fluid\"><div class=\"wpb_column vc_column_container vc_col-sm-6\"><div class=\"vc_column-inner\"><div class=\"wpb_wrapper\"> <div class=\"sc85_heading wpb_content_element bold center\"> <h2 class=\"title\">TOP MODEL EUROPA @PA\u00cdSESBAJOS<cite class=\"separator\"><\/cite><\/h2> <div class=\"subtitle\">FINAL SHOW 2025 @AALSMEER - 01\/11\/25<\/div> <\/div> \n\t<div class=\"wpb_single_image wpb_content_element vc_align_center\">\n\t\t\n\t\t<figure class=\"wpb_wrapper vc_figure\">\n\t\t\t<a href=\"https:\/\/shop.weeztix.com\/290c4af3-b333-41d6-89ee-0c7951da1593\/tickets?shop_code=rdbrtu67\" target=\"_self\" class=\"vc_single_image-wrapper   vc_box_border_grey\"><img loading=\"lazy\" decoding=\"async\" width=\"1080\" height=\"1350\" src=\"https:\/\/topmodeleurope.net\/wp-content\/uploads\/2025\/09\/Flyer-Netherlands-2025.jpg\" class=\"vc_single_image-img attachment-full\" alt=\"\" title=\"Flyer-Pa\u00edses Bajos-2025\" \/><\/a>\n\t\t<\/figure>\n\t<\/div>\n<div class=\"sc85_button large center\"><a href=\"https:\/\/shop.weeztix.com\/290c4af3-b333-41d6-89ee-0c7951da1593\/tickets?shop_code=rdbrtu67\" target=\"_blank\" class=\"button\">\ud83d\udc49 ENTRADAS<\/a><\/div><div class=\"vc_empty_space\"   style=\"height: 32px\"><span class=\"vc_empty_space_inner\"><\/span><\/div>\n\t<div class=\"wpb_text_column wpb_content_element\" >\n\t\t<div class=\"wpb_wrapper\">\n\t\t\t<p style=\"text-align: center;\">Director - Pa\u00edses Bajos: JERRY LUXENBURG<\/p>\n<p style=\"text-align: center;\">Correo oficial:\u00a0<a href=\"mailto:nederland@topmodeleurope.eu\"><span data-sheets-value=\"{&quot;1&quot;:2,&quot;2&quot;:&quot;caraibes@topmodeleurope.net&quot;}\" data-sheets-userformat=\"{&quot;2&quot;:515,&quot;3&quot;:{&quot;1&quot;:0},&quot;4&quot;:{&quot;1&quot;:2,&quot;2&quot;:16776960},&quot;12&quot;:0}\">nederland@topmodeleurope.eu<\/span><\/a><\/p>\n<p style=\"text-align: center;\">P\u00e1gina web oficial : <a href=\"https:\/\/topmodeleurope.net\/es\/nederland\/\">https:\/\/topmodeleurope.nl<\/a><\/p>\n\n\t\t<\/div>\n\t<\/div>\n<div class=\"vc_separator wpb_content_element vc_separator_align_center vc_sep_width_100 vc_sep_pos_align_center vc_separator_no_text vc_sep_color_grey wpb_content_element  wpb_content_element\" ><span class=\"vc_sep_holder vc_sep_holder_l\"><span class=\"vc_sep_line\"><\/span><\/span><span class=\"vc_sep_holder vc_sep_holder_r\"><span class=\"vc_sep_line\"><\/span><\/span>\n<\/div><\/div><\/div><\/div><div class=\"wpb_column vc_column_container vc_col-sm-6\"><div class=\"vc_column-inner\"><div class=\"wpb_wrapper\"><div class=\"vc_separator wpb_content_element vc_separator_align_center vc_sep_width_100 vc_sep_pos_align_center vc_separator_no_text vc_sep_color_grey wpb_content_element  wpb_content_element\" ><span class=\"vc_sep_holder vc_sep_holder_l\"><span class=\"vc_sep_line\"><\/span><\/span><span class=\"vc_sep_holder vc_sep_holder_r\"><span class=\"vc_sep_line\"><\/span><\/span>\n<\/div><\/div><\/div><\/div><\/div>\n<\/div>","protected":false},"excerpt":{"rendered":"AGENDA NATIONAL FINALS &amp; FASHION SHOWS Chaque ann\u00e9e, les mod\u00e8les qualifi\u00e9s dans chaque pays lors des castings et demi-finales participent \u00e0 leur finale nationale, au terme de laquelle sont \u00e9lus les laur\u00e9ats nationaux. Ces fashion shows d\u2019exception marquent la derni\u00e8re \u00e9tape avant la grande finale internationale et rassemblent presse, cr\u00e9ateurs et personnalit\u00e9s du monde de [...]","protected":false},"author":1,"featured_media":0,"parent":0,"menu_order":3,"comment_status":"closed","ping_status":"closed","template":"","meta":{"sfsi_plus_gutenberg_text_before_share":"","sfsi_plus_gutenberg_show_text_before_share":"","sfsi_plus_gutenberg_icon_type":"","sfsi_plus_gutenberg_icon_alignemt":"","sfsi_plus_gutenburg_max_per_row":"","footnotes":""},"folder":[385],"class_list":["post-29704","page","type-page","status-publish","hentry"],"yoast_head":"<!-- This site is optimized with the Yoast SEO plugin v27.4 - https:\/\/yoast.com\/product\/yoast-seo-wordpress\/ -->\n<title>TOP MODEL EUROPE - SHOWS - NATIONAL FINALS<\/title>\n<meta name=\"description\" content=\"Agenda des finales nationales : shows d\u2019exception r\u00e9unissant presse, cr\u00e9ateurs et mode avant la grande finale internationale.\" \/>\n<meta name=\"robots\" content=\"index, follow, max-snippet:-1, max-image-preview:large, max-video-preview:-1\" \/>\n<link rel=\"canonical\" href=\"https:\/\/topmodeleurope.net\/es\/shows\/\" \/>\n<meta property=\"og:locale\" content=\"es_ES\" \/>\n<meta property=\"og:type\" content=\"article\" \/>\n<meta property=\"og:title\" content=\"TOP MODEL EUROPE - SHOWS - NATIONAL FINALS\" \/>\n<meta property=\"og:description\" content=\"Agenda des finales nationales : shows d\u2019exception r\u00e9unissant presse, cr\u00e9ateurs et mode avant la grande finale internationale.\" \/>\n<meta property=\"og:url\" content=\"https:\/\/topmodeleurope.net\/es\/shows\/\" \/>\n<meta property=\"og:site_name\" content=\"TOP MODEL EUROPE\" \/>\n<meta property=\"article:publisher\" content=\"https:\/\/www.facebook.com\/topmodeleurope\/\" \/>\n<meta property=\"article:modified_time\" content=\"2025-11-16T06:40:25+00:00\" \/>\n<meta name=\"twitter:card\" content=\"summary_large_image\" \/>\n<meta name=\"twitter:label1\" content=\"Tiempo de lectura\" \/>\n\t<meta name=\"twitter:data1\" content=\"2 minutos\" \/>\n<script type=\"application\/ld+json\" class=\"yoast-schema-graph\">{\"@context\":\"https:\\\/\\\/schema.org\",\"@graph\":[{\"@type\":\"WebPage\",\"@id\":\"https:\\\/\\\/topmodeleurope.net\\\/shows\\\/\",\"url\":\"https:\\\/\\\/topmodeleurope.net\\\/shows\\\/\",\"name\":\"TOP MODEL EUROPE - SHOWS - NATIONAL FINALS\",\"isPartOf\":{\"@id\":\"https:\\\/\\\/topmodeleurope.net\\\/#website\"},\"datePublished\":\"2025-09-10T16:32:57+00:00\",\"dateModified\":\"2025-11-16T06:40:25+00:00\",\"description\":\"Agenda des finales nationales : shows d\u2019exception r\u00e9unissant presse, cr\u00e9ateurs et mode avant la grande finale internationale.\",\"breadcrumb\":{\"@id\":\"https:\\\/\\\/topmodeleurope.net\\\/shows\\\/#breadcrumb\"},\"inLanguage\":\"es\",\"potentialAction\":[{\"@type\":\"ReadAction\",\"target\":[\"https:\\\/\\\/topmodeleurope.net\\\/shows\\\/\"]}]},{\"@type\":\"BreadcrumbList\",\"@id\":\"https:\\\/\\\/topmodeleurope.net\\\/shows\\\/#breadcrumb\",\"itemListElement\":[{\"@type\":\"ListItem\",\"position\":1,\"name\":\"Accueil\",\"item\":\"https:\\\/\\\/topmodeleurope.net\\\/\"},{\"@type\":\"ListItem\",\"position\":2,\"name\":\"SHOWS\"}]},{\"@type\":\"WebSite\",\"@id\":\"https:\\\/\\\/topmodeleurope.net\\\/#website\",\"url\":\"https:\\\/\\\/topmodeleurope.net\\\/\",\"name\":\"TOP MODEL EUROPE\",\"description\":\"World Model Contest\",\"publisher\":{\"@id\":\"https:\\\/\\\/topmodeleurope.net\\\/#organization\"},\"potentialAction\":[{\"@type\":\"SearchAction\",\"target\":{\"@type\":\"EntryPoint\",\"urlTemplate\":\"https:\\\/\\\/topmodeleurope.net\\\/?s={search_term_string}\"},\"query-input\":{\"@type\":\"PropertyValueSpecification\",\"valueRequired\":true,\"valueName\":\"search_term_string\"}}],\"inLanguage\":\"es\"},{\"@type\":\"Organization\",\"@id\":\"https:\\\/\\\/topmodeleurope.net\\\/#organization\",\"name\":\"TOP MODEL EUROPE\",\"url\":\"https:\\\/\\\/topmodeleurope.net\\\/\",\"logo\":{\"@type\":\"ImageObject\",\"inLanguage\":\"es\",\"@id\":\"https:\\\/\\\/topmodeleurope.net\\\/#\\\/schema\\\/logo\\\/image\\\/\",\"url\":\"https:\\\/\\\/topmodeleurope.net\\\/wp-content\\\/uploads\\\/2018\\\/04\\\/logo-tme.jpg\",\"contentUrl\":\"https:\\\/\\\/topmodeleurope.net\\\/wp-content\\\/uploads\\\/2018\\\/04\\\/logo-tme.jpg\",\"width\":960,\"height\":960,\"caption\":\"TOP MODEL EUROPE\"},\"image\":{\"@id\":\"https:\\\/\\\/topmodeleurope.net\\\/#\\\/schema\\\/logo\\\/image\\\/\"},\"sameAs\":[\"https:\\\/\\\/www.facebook.com\\\/topmodeleurope\\\/\",\"https:\\\/\\\/www.instagram.com\\\/topmodeleuropeofficial\\\/\",\"https:\\\/\\\/fr.wikipedia.org\\\/wiki\\\/Top_Model_Europe\"]}]}<\/script>\n<!-- \/ Yoast SEO plugin. -->","yoast_head_json":{"title":"TOP MODEL EUROPA - DESFILES - FINALES NACIONALES","description":"Calendario de las finales nacionales: espect\u00e1culos excepcionales que re\u00fanen a prensa, dise\u00f1adores y moda antes de la gran final internacional.","robots":{"index":"index","follow":"follow","max-snippet":"max-snippet:-1","max-image-preview":"max-image-preview:large","max-video-preview":"max-video-preview:-1"},"canonical":"https:\/\/topmodeleurope.net\/es\/shows\/","og_locale":"es_ES","og_type":"article","og_title":"TOP MODEL EUROPE - SHOWS - NATIONAL FINALS","og_description":"Agenda des finales nationales : shows d\u2019exception r\u00e9unissant presse, cr\u00e9ateurs et mode avant la grande finale internationale.","og_url":"https:\/\/topmodeleurope.net\/es\/shows\/","og_site_name":"TOP MODEL EUROPE","article_publisher":"https:\/\/www.facebook.com\/topmodeleurope\/","article_modified_time":"2025-11-16T06:40:25+00:00","twitter_card":"summary_large_image","twitter_misc":{"Tiempo de lectura":"2 minutos"},"schema":{"@context":"https:\/\/schema.org","@graph":[{"@type":"WebPage","@id":"https:\/\/topmodeleurope.net\/shows\/","url":"https:\/\/topmodeleurope.net\/shows\/","name":"TOP MODEL EUROPA - DESFILES - FINALES NACIONALES","isPartOf":{"@id":"https:\/\/topmodeleurope.net\/#website"},"datePublished":"2025-09-10T16:32:57+00:00","dateModified":"2025-11-16T06:40:25+00:00","description":"Calendario de las finales nacionales: espect\u00e1culos excepcionales que re\u00fanen a prensa, dise\u00f1adores y moda antes de la gran final internacional.","breadcrumb":{"@id":"https:\/\/topmodeleurope.net\/shows\/#breadcrumb"},"inLanguage":"es","potentialAction":[{"@type":"ReadAction","target":["https:\/\/topmodeleurope.net\/shows\/"]}]},{"@type":"BreadcrumbList","@id":"https:\/\/topmodeleurope.net\/shows\/#breadcrumb","itemListElement":[{"@type":"ListItem","position":1,"name":"Accueil","item":"https:\/\/topmodeleurope.net\/"},{"@type":"ListItem","position":2,"name":"SHOWS"}]},{"@type":"WebSite","@id":"https:\/\/topmodeleurope.net\/#website","url":"https:\/\/topmodeleurope.net\/","name":"TOP MODEL EUROPE","description":"Concurso Mundial de Modelos","publisher":{"@id":"https:\/\/topmodeleurope.net\/#organization"},"potentialAction":[{"@type":"SearchAction","target":{"@type":"EntryPoint","urlTemplate":"https:\/\/topmodeleurope.net\/?s={search_term_string}"},"query-input":{"@type":"PropertyValueSpecification","valueRequired":true,"valueName":"search_term_string"}}],"inLanguage":"es"},{"@type":"Organization","@id":"https:\/\/topmodeleurope.net\/#organization","name":"TOP MODEL EUROPE","url":"https:\/\/topmodeleurope.net\/","logo":{"@type":"ImageObject","inLanguage":"es","@id":"https:\/\/topmodeleurope.net\/#\/schema\/logo\/image\/","url":"https:\/\/topmodeleurope.net\/wp-content\/uploads\/2018\/04\/logo-tme.jpg","contentUrl":"https:\/\/topmodeleurope.net\/wp-content\/uploads\/2018\/04\/logo-tme.jpg","width":960,"height":960,"caption":"TOP MODEL EUROPE"},"image":{"@id":"https:\/\/topmodeleurope.net\/#\/schema\/logo\/image\/"},"sameAs":["https:\/\/www.facebook.com\/topmodeleurope\/","https:\/\/www.instagram.com\/topmodeleuropeofficial\/","https:\/\/fr.wikipedia.org\/wiki\/Top_Model_Europe"]}]}},"_links":{"self":[{"href":"https:\/\/topmodeleurope.net\/es\/wp-json\/wp\/v2\/pages\/29704","targetHints":{"allow":["GET"]}}],"collection":[{"href":"https:\/\/topmodeleurope.net\/es\/wp-json\/wp\/v2\/pages"}],"about":[{"href":"https:\/\/topmodeleurope.net\/es\/wp-json\/wp\/v2\/types\/page"}],"author":[{"embeddable":true,"href":"https:\/\/topmodeleurope.net\/es\/wp-json\/wp\/v2\/users\/1"}],"replies":[{"embeddable":true,"href":"https:\/\/topmodeleurope.net\/es\/wp-json\/wp\/v2\/comments?post=29704"}],"version-history":[{"count":26,"href":"https:\/\/topmodeleurope.net\/es\/wp-json\/wp\/v2\/pages\/29704\/revisions"}],"predecessor-version":[{"id":30454,"href":"https:\/\/topmodeleurope.net\/es\/wp-json\/wp\/v2\/pages\/29704\/revisions\/30454"}],"wp:attachment":[{"href":"https:\/\/topmodeleurope.net\/es\/wp-json\/wp\/v2\/media?parent=29704"}],"wp:term":[{"taxonomy":"folder","embeddable":true,"href":"https:\/\/topmodeleurope.net\/es\/wp-json\/wp\/v2\/folder?post=29704"}],"curies":[{"name":"wp","href":"https:\/\/api.w.org\/{rel}","templated":true}]}}