{"id":29672,"date":"2025-09-03T14:45:42","date_gmt":"2025-09-03T12:45:42","guid":{"rendered":"https:\/\/topmodeleurope.net\/?page_id=29672"},"modified":"2026-03-26T19:25:58","modified_gmt":"2026-03-26T18:25:58","slug":"germany","status":"publish","type":"page","link":"https:\/\/topmodeleurope.net\/es\/germany\/","title":{"rendered":"TOP MODEL EUROPE \u2013 GERMANY"},"content":{"rendered":"<div class=\"wpb-content-wrapper\"><div class=\"vc_row wpb_row vc_row-fluid\"><div class=\"wpb_column vc_column_container vc_col-sm-12\"><div class=\"vc_column-inner\"><div class=\"wpb_wrapper\">\n\t<div class=\"wpb_video_widget wpb_content_element vc_clearfix   vc_video-aspect-ratio-169 vc_video-el-width-100 vc_video-align-left\" >\n\t\t<div class=\"wpb_wrapper\">\n\t\t\t\n\t\t\t<div class=\"wpb_video_wrapper\"><p class=\"winner_fitvids\"><iframe loading=\"lazy\" src=\"https:\/\/player.vimeo.com\/video\/726252922?dnt=1&amp;app_id=122963\" width=\"500\" height=\"281\" frameborder=\"0\" allow=\"autoplay; fullscreen; picture-in-picture; clipboard-write; encrypted-media; web-share\" referrerpolicy=\"strict-origin-when-cross-origin\"><\/iframe><\/p><\/div>\n\t\t<\/div>\n\t<\/div>\n<\/div><\/div><\/div><\/div><div class=\"vc_row wpb_row vc_row-fluid\"><div class=\"wpb_column vc_column_container vc_col-sm-12\"><div class=\"vc_column-inner\"><div class=\"wpb_wrapper\"> <div class=\"sc85_heading wpb_content_element bold left\"> <h1 class=\"title\">TOP MODEL EUROPE<cite class=\"separator\"><\/cite><\/h1> <\/div> \n\t<div class=\"wpb_text_column wpb_content_element\" >\n\t\t<div class=\"wpb_wrapper\">\n\t\t\t<p data-start=\"130\" data-end=\"334\">Top Model Europe es el concurso internacional m\u00e1s prestigioso para modelos. Cada a\u00f1o se organizan selecciones en numerosos pa\u00edses de todo el mundo.<\/p>\n<p data-start=\"336\" data-end=\"625\">El objetivo del concurso es revelar los talentos del ma\u00f1ana y, con la ayuda de nuestros socios internacionales (agencias, fot\u00f3grafos, dise\u00f1adores, directores de grandes marcas, etc.), darles la oportunidad de lanzar una carrera en la escena nacional e internacional.<\/p>\n\n\t\t<\/div>\n\t<\/div>\n<div class=\"vc_separator wpb_content_element vc_separator_align_center vc_sep_width_100 vc_sep_pos_align_center vc_separator_no_text vc_sep_color_grey wpb_content_element  wpb_content_element\" ><span class=\"vc_sep_holder vc_sep_holder_l\"><span class=\"vc_sep_line\"><\/span><\/span><span class=\"vc_sep_holder vc_sep_holder_r\"><span class=\"vc_sep_line\"><\/span><\/span>\n<\/div> <div class=\"sc85_heading wpb_content_element bold left\"> <h1 class=\"title\">TOP MODEL EUROPE - GERMANY<cite class=\"separator\"><\/cite><\/h1> <\/div> \n\t<div class=\"wpb_text_column wpb_content_element\" >\n\t\t<div class=\"wpb_wrapper\">\n\t\t\t<p>TOP MODEL EUROPE organiza selecciones en Alemania.<\/p>\n<p class=\"x1lliihq x1plvlek xryxfnj x1n2onr6 xyejjpt x15dsfln x193iq5w xeuugli x1fj9vlw x13faqbe x1vvkbs x1s928wv xhkezso x1gmr53x x1cpjm7i x1fgarty x1943h6x x1i0vuye x1ms8i2q xo1l8bm x5n08af x10wh9bi xpm28yp x8viiok x1o7cslx\" dir=\"auto\"><span class=\"x1lliihq x193iq5w x6ikm8r x10wlt62 xlyipyv xuxw1ft\">Carolyn Collinda y <\/span>Jerry Luxenburg, Director Nacional, y su equipo se encargan de seleccionar y formar a las modelos para el concurso.<\/p>\n<p>Las ganadoras de Top Model Europe - Alemania representar\u00e1n a su pa\u00eds en la final europea de Par\u00eds o Bruselas.<\/p>\n\n\t\t<\/div>\n\t<\/div>\n<div class=\"vc_separator wpb_content_element vc_separator_align_center vc_sep_width_100 vc_sep_pos_align_center vc_separator_no_text vc_sep_color_grey wpb_content_element  wpb_content_element\" ><span class=\"vc_sep_holder vc_sep_holder_l\"><span class=\"vc_sep_line\"><\/span><\/span><span class=\"vc_sep_holder vc_sep_holder_r\"><span class=\"vc_sep_line\"><\/span><\/span>\n<\/div> <div class=\"sc85_heading wpb_content_element bold left\"> <h1 class=\"title\">SUCCESS STORIES<cite class=\"separator\"><\/cite><\/h1> <\/div> <div class=\"wpb_column vc_column_container vc_col-sm-6\"><div class=\"vc_column-inner\"><div class=\"wpb_wrapper\"><\/div><\/div><\/div><div class=\"wpb_column vc_column_container vc_col-sm-6\"><div class=\"vc_column-inner\"><div class=\"wpb_wrapper\"><\/div><\/div><\/div><\/div><\/div><\/div><\/div><div class=\"vc_row wpb_row vc_row-fluid\"><div class=\"wpb_column vc_column_container vc_col-sm-3\"><div class=\"vc_column-inner\"><div class=\"wpb_wrapper\">\n\t<div class=\"wpb_single_image wpb_content_element vc_align_left\">\n\t\t\n\t\t<figure class=\"wpb_wrapper vc_figure\">\n\t\t\t<a href=\"https:\/\/topmodeleurope.net\/wp-content\/uploads\/2024\/11\/top-model-europe-balmain-commercial-3-1200x1200.jpeg\" target=\"_blank\" class=\"vc_single_image-wrapper   vc_box_border_grey\"><img loading=\"lazy\" decoding=\"async\" width=\"1000\" height=\"1000\" src=\"https:\/\/topmodeleurope.net\/wp-content\/uploads\/2024\/11\/top-model-europe-balmain-commercial-3-1200x1200.jpeg\" class=\"vc_single_image-img attachment-large\" alt=\"\" title=\"top-model-europe-balmain-commercial-3\" \/><\/a>\n\t\t<\/figure>\n\t<\/div>\n<\/div><\/div><\/div><div class=\"wpb_column vc_column_container vc_col-sm-3\"><div class=\"vc_column-inner\"><div class=\"wpb_wrapper\">\n\t<div class=\"wpb_single_image wpb_content_element vc_align_left\">\n\t\t\n\t\t<figure class=\"wpb_wrapper vc_figure\">\n\t\t\t<a href=\"https:\/\/topmodeleurope.net\/wp-content\/uploads\/2024\/11\/top-model-europe-giorgio-armani-show-haute-couture-fall-2023-1200x1200.jpg\" target=\"_blank\" class=\"vc_single_image-wrapper   vc_box_border_grey\"><img loading=\"lazy\" decoding=\"async\" width=\"1000\" height=\"1000\" src=\"https:\/\/topmodeleurope.net\/wp-content\/uploads\/2024\/11\/top-model-europe-giorgio-armani-show-haute-couture-fall-2023-1200x1200.jpg\" class=\"vc_single_image-img attachment-large\" alt=\"\" title=\"top-model-europa-giorgio-armani-show-haute-couture-oto\u00f1o-2023\" \/><\/a>\n\t\t<\/figure>\n\t<\/div>\n<\/div><\/div><\/div><div class=\"wpb_column vc_column_container vc_col-sm-3\"><div class=\"vc_column-inner\"><div class=\"wpb_wrapper\">\n\t<div class=\"wpb_single_image wpb_content_element vc_align_left\">\n\t\t\n\t\t<figure class=\"wpb_wrapper vc_figure\">\n\t\t\t<a href=\"https:\/\/topmodeleurope.net\/wp-content\/uploads\/2024\/11\/top-model-europe-jean-paul-gaultier-website-2-1200x1200.jpg\" target=\"_blank\" class=\"vc_single_image-wrapper   vc_box_border_grey\"><img loading=\"lazy\" decoding=\"async\" width=\"1000\" height=\"1000\" src=\"https:\/\/topmodeleurope.net\/wp-content\/uploads\/2024\/11\/top-model-europe-jean-paul-gaultier-website-2-1200x1200.jpg\" class=\"vc_single_image-img attachment-large\" alt=\"\" title=\"top-model-europe-jean-paul-gaultier-website-2\" \/><\/a>\n\t\t<\/figure>\n\t<\/div>\n<\/div><\/div><\/div><div class=\"wpb_column vc_column_container vc_col-sm-3\"><div class=\"vc_column-inner\"><div class=\"wpb_wrapper\">\n\t<div class=\"wpb_single_image wpb_content_element vc_align_left\">\n\t\t\n\t\t<figure class=\"wpb_wrapper vc_figure\">\n\t\t\t<a href=\"https:\/\/topmodeleurope.net\/wp-content\/uploads\/2024\/11\/top-model-europe-dolcegabbana-show-7-1200x1200.jpg\" target=\"_blank\" class=\"vc_single_image-wrapper   vc_box_border_grey\"><img loading=\"lazy\" decoding=\"async\" width=\"1000\" height=\"1000\" src=\"https:\/\/topmodeleurope.net\/wp-content\/uploads\/2024\/11\/top-model-europe-dolcegabbana-show-7-1200x1200.jpg\" class=\"vc_single_image-img attachment-large\" alt=\"\" title=\"top-model-europe-dolce&amp;gabbana-show-7\" \/><\/a>\n\t\t<\/figure>\n\t<\/div>\n<\/div><\/div><\/div><\/div><div class=\"vc_row wpb_row vc_row-fluid\"><div class=\"wpb_column vc_column_container vc_col-sm-12\"><div class=\"vc_column-inner\"><div class=\"wpb_wrapper\">\n\t<div class=\"wpb_text_column wpb_content_element\" >\n\t\t<div class=\"wpb_wrapper\">\n\t\t\t<p>Cada a\u00f1o, varios de nuestros ganadores y finalistas dejan su huella en el mundo de la moda. Entre ellos <em data-start=\"200\" data-end=\"217\">historias de \u00e9xito<\/em>Nuestras modelos aparecen en las pasarelas de los principales desfiles de moda y en prestigiosas campa\u00f1as publicitarias.<\/p>\n\n\t\t<\/div>\n\t<\/div>\n<div class=\"sc85_button normal left\"><a href=\"https:\/\/topmodeleurope.net\/es\/success-stories\/\" target=\"_blank\" class=\"button\">Vea las Success Stories de nuestros modelos<\/a><\/div>\n\t<div class=\"wpb_single_image wpb_content_element vc_align_center\">\n\t\t\n\t\t<figure class=\"wpb_wrapper vc_figure\">\n\t\t\t<a href=\"https:\/\/topmodeleurope.net\/es\/success-stories\/\" target=\"_blank\" class=\"vc_single_image-wrapper   vc_box_border_grey\"><img loading=\"lazy\" decoding=\"async\" width=\"1224\" height=\"817\" src=\"https:\/\/topmodeleurope.net\/wp-content\/uploads\/2022\/07\/TOP-MODEL-EUROPE-SUCCESS-STORY-.jpg\" class=\"vc_single_image-img attachment-full\" alt=\"TOP MODEL EUROPA - HISTORIA DE \u00c9XITO -\" title=\"TOP MODEL EUROPA - HISTORIA DE \u00c9XITO -\" \/><\/a>\n\t\t<\/figure>\n\t<\/div>\n<div class=\"vc_separator wpb_content_element vc_separator_align_center vc_sep_width_100 vc_sep_pos_align_center vc_separator_no_text vc_sep_color_grey wpb_content_element  wpb_content_element\" ><span class=\"vc_sep_holder vc_sep_holder_l\"><span class=\"vc_sep_line\"><\/span><\/span><span class=\"vc_sep_holder vc_sep_holder_r\"><span class=\"vc_sep_line\"><\/span><\/span>\n<\/div><div class=\"wpb_column vc_column_container vc_col-sm-6\"><div class=\"vc_column-inner\"><div class=\"wpb_wrapper\"><\/div><\/div><\/div><div class=\"wpb_column vc_column_container vc_col-sm-6\"><div class=\"vc_column-inner\"><div class=\"wpb_wrapper\"><\/div><\/div><\/div><\/div><\/div><\/div><\/div><div class=\"vc_row wpb_row vc_row-fluid\"><div class=\"wpb_column vc_column_container vc_col-sm-12\"><div class=\"vc_column-inner\"><div class=\"wpb_wrapper\"> <div class=\"sc85_heading wpb_content_element bold left\"> <h1 class=\"title\">C\u00d3MO PARTICIPAR<cite class=\"separator\"><\/cite><\/h1> <\/div> \n\t<div class=\"wpb_text_column wpb_content_element\" >\n\t\t<div class=\"wpb_wrapper\">\n\t\t\t<p>Para participar, basta con inscribirse en l\u00ednea en la p\u00e1gina de inscripci\u00f3n o haciendo clic en el bot\u00f3n de abajo.<\/p>\n<p>Los equipos de Top Model Europe comprueban las solicitudes todos los d\u00edas.<\/p>\n<p>Si su perfil es preseleccionado, recibir\u00e1 informaci\u00f3n sobre las distintas fases del concurso en un plazo de 3 d\u00edas, as\u00ed como su invitaci\u00f3n oficial para participar en el concurso.<\/p>\n<p>PR\u00d3XIMOS CASTINGS<\/p>\n<p data-start=\"138\" data-end=\"187\"><strong>BERL\u00cdN - DORTMUND - D\u00dcSSELDORF - FRANKFURT - FREIBURG - HAMBURGO - HANNOVER - K\u00d6LN - STUTTGART<\/strong><\/p>\n\n\t\t<\/div>\n\t<\/div>\n<div class=\"sc85_button normal inline\"><a href=\"https:\/\/topmodeleurope.net\/es\/apply-casting\/\" title=\"INSCRIPCI\u00d3N\" class=\"button\">Reg\u00edstrese ahora<\/a><\/div><div class=\"vc_empty_space\"   style=\"height: 32px\"><span class=\"vc_empty_space_inner\"><\/span><\/div><div class=\"wpb_column vc_column_container vc_col-sm-6\"><div class=\"vc_column-inner\"><div class=\"wpb_wrapper\"><\/div><\/div><\/div><div class=\"wpb_column vc_column_container vc_col-sm-6\"><div class=\"vc_column-inner\"><div class=\"wpb_wrapper\"><\/div><\/div><\/div><\/div><\/div><\/div><\/div><div class=\"vc_row wpb_row vc_row-fluid\"><div class=\"wpb_column vc_column_container vc_col-sm-12\"><div class=\"vc_column-inner\"><div class=\"wpb_wrapper\"><div class=\"vc_separator wpb_content_element vc_separator_align_center vc_sep_width_100 vc_sep_pos_align_center vc_separator_no_text vc_sep_color_grey wpb_content_element  wpb_content_element\" ><span class=\"vc_sep_holder vc_sep_holder_l\"><span class=\"vc_sep_line\"><\/span><\/span><span class=\"vc_sep_holder vc_sep_holder_r\"><span class=\"vc_sep_line\"><\/span><\/span>\n<\/div> <div class=\"sc85_heading wpb_content_element bold left\"> <h1 class=\"title\">CONTACT - TOP MODEL EUROPE - GERMANY<cite class=\"separator\"><\/cite><\/h1> <\/div> \n\t<div class=\"wpb_text_column wpb_content_element\" >\n\t\t<div class=\"wpb_wrapper\">\n\t\t\t<p>Correo oficial:<\/p>\n<p><a href=\"mailto:germany@topmodeleurope.eu\"><span data-sheets-value=\"{&quot;1&quot;:2,&quot;2&quot;:&quot;caraibes@topmodeleurope.net&quot;}\" data-sheets-userformat=\"{&quot;2&quot;:515,&quot;3&quot;:{&quot;1&quot;:0},&quot;4&quot;:{&quot;1&quot;:2,&quot;2&quot;:16776960},&quot;12&quot;:0}\">germany@topmodeleurope.eu<\/span><\/a><\/p>\n<p>P\u00e1gina web oficial :<\/p>\n<p><a href=\"https:\/\/topmodeleurope.net\/es\/germany\/\">https:\/\/topmodeleurope.net\/germany<\/a><\/p>\n<p><a href=\"https:\/\/topmodeleurope.net\/es\/germany\/\">https:\/\/topmodeleurope.de<\/a><\/p>\n\n\t\t<\/div>\n\t<\/div>\n<div class=\"vc_separator wpb_content_element vc_separator_align_center vc_sep_width_100 vc_sep_pos_align_center vc_separator_no_text vc_sep_color_grey wpb_content_element  wpb_content_element\" ><span class=\"vc_sep_holder vc_sep_holder_l\"><span class=\"vc_sep_line\"><\/span><\/span><span class=\"vc_sep_holder vc_sep_holder_r\"><span class=\"vc_sep_line\"><\/span><\/span>\n<\/div> <div class=\"sc85_heading wpb_content_element bold left\"> <h1 class=\"title\">EL EQUIPO - TOP MODEL EUROPE - ALEMANIA<cite class=\"separator\"><\/cite><\/h1> <\/div> <\/div><\/div><\/div><\/div><div class=\"vc_row wpb_row vc_row-fluid\"><div class=\"wpb_column vc_column_container vc_col-sm-4\"><div class=\"vc_column-inner\"><div class=\"wpb_wrapper\">\n\t<div class=\"wpb_text_column wpb_content_element\" >\n\t\t<div class=\"wpb_wrapper\">\n\t\t\t<p><img loading=\"lazy\" decoding=\"async\" class=\"alignnone wp-image-24552 size-full\" src=\"https:\/\/topmodeleurope.net\/wp-content\/uploads\/2024\/02\/Jerry4.jpg\" alt=\"\" width=\"283\" height=\"427\" srcset=\"https:\/\/topmodeleurope.net\/wp-content\/uploads\/2024\/02\/Jerry4.jpg 283w, https:\/\/topmodeleurope.net\/wp-content\/uploads\/2024\/02\/Jerry4-232x350.jpg 232w\" sizes=\"auto, (max-width: 283px) 100vw, 283px\" \/><\/p>\n<p><strong>JERRY LUXENBURG \/ DIRECTOR NACIONAL - ALEMANIA<\/strong><\/p>\n\n\t\t<\/div>\n\t<\/div>\n<\/div><\/div><\/div><div class=\"wpb_column vc_column_container vc_col-sm-4\"><div class=\"vc_column-inner\"><div class=\"wpb_wrapper\">\n\t<div class=\"wpb_text_column wpb_content_element\" >\n\t\t<div class=\"wpb_wrapper\">\n\t\t\t<p><img loading=\"lazy\" decoding=\"async\" class=\"alignnone wp-image-27615 size-full\" src=\"https:\/\/topmodeleurope.net\/wp-content\/uploads\/2025\/03\/MILA-KANE.jpg\" alt=\"\" width=\"283\" height=\"427\" srcset=\"https:\/\/topmodeleurope.net\/wp-content\/uploads\/2025\/03\/MILA-KANE.jpg 283w, https:\/\/topmodeleurope.net\/wp-content\/uploads\/2025\/03\/MILA-KANE-8x12.jpg 8w, https:\/\/topmodeleurope.net\/wp-content\/uploads\/2025\/03\/MILA-KANE-232x350.jpg 232w\" sizes=\"auto, (max-width: 283px) 100vw, 283px\" \/><\/p>\n<p><strong>MILA KANE \/ DIRECTORA DE CASTING - ALEMANIA<\/strong><\/p>\n\n\t\t<\/div>\n\t<\/div>\n<\/div><\/div><\/div><\/div><div class=\"vc_row wpb_row vc_row-fluid\"><div class=\"wpb_column vc_column_container vc_col-sm-4\"><div class=\"vc_column-inner\"><div class=\"wpb_wrapper\"><\/div><\/div><\/div><div class=\"wpb_column vc_column_container vc_col-sm-4\"><div class=\"vc_column-inner\"><div class=\"wpb_wrapper\"><\/div><\/div><\/div><\/div><div class=\"vc_row wpb_row vc_row-fluid\"><div class=\"wpb_column vc_column_container vc_col-sm-12\"><div class=\"vc_column-inner\"><div class=\"wpb_wrapper\"><div class=\"vc_separator wpb_content_element vc_separator_align_center vc_sep_width_100 vc_sep_pos_align_center vc_separator_no_text vc_sep_color_grey wpb_content_element  wpb_content_element\" ><span class=\"vc_sep_holder vc_sep_holder_l\"><span class=\"vc_sep_line\"><\/span><\/span><span class=\"vc_sep_holder vc_sep_holder_r\"><span class=\"vc_sep_line\"><\/span><\/span>\n<\/div> <div class=\"sc85_heading wpb_content_element bold left\"> <h1 class=\"title\">NOTICIAS<cite class=\"separator\"><\/cite><\/h1> <\/div> <\/div><\/div><\/div><\/div>\n<\/div>","protected":false},"excerpt":{"rendered":"TOP MODEL EUROPE Top Model Europe est le concours international le plus prestigieux d\u00e9di\u00e9 aux mod\u00e8les et mannequins. Chaque ann\u00e9e, des s\u00e9lections sont organis\u00e9es dans de nombreux pays \u00e0 travers le monde. L\u2019objectif du concours est de r\u00e9v\u00e9ler les talents de demain et de leur offrir, gr\u00e2ce \u00e0 la complicit\u00e9 de nos partenaires internationaux (agences, [...]","protected":false},"author":1,"featured_media":0,"parent":0,"menu_order":3,"comment_status":"closed","ping_status":"closed","template":"","meta":{"sfsi_plus_gutenberg_text_before_share":"","sfsi_plus_gutenberg_show_text_before_share":"","sfsi_plus_gutenberg_icon_type":"","sfsi_plus_gutenberg_icon_alignemt":"","sfsi_plus_gutenburg_max_per_row":"","footnotes":""},"folder":[363],"class_list":["post-29672","page","type-page","status-publish","hentry"],"yoast_head":"<!-- This site is optimized with the Yoast SEO plugin v27.5 - https:\/\/yoast.com\/product\/yoast-seo-wordpress\/ -->\n<title>TOP MODEL EUROPE - TOP MODEL EUROPE - GERMANY - Castings<\/title>\n<meta name=\"description\" content=\"Top Model Europe organise des s\u00e9lections en Allemagne. Participez au concours international de mannequins le plus prestigieux et tentez de rejoindre la grande finale europ\u00e9enne \u00e0 Paris ou Bruxelles.\" \/>\n<meta name=\"robots\" content=\"index, follow, max-snippet:-1, max-image-preview:large, max-video-preview:-1\" \/>\n<link rel=\"canonical\" href=\"https:\/\/topmodeleurope.net\/es\/germany\/\" \/>\n<meta property=\"og:locale\" content=\"es_ES\" \/>\n<meta property=\"og:type\" content=\"article\" \/>\n<meta property=\"og:title\" content=\"TOP MODEL EUROPE - TOP MODEL EUROPE - GERMANY - Castings\" \/>\n<meta property=\"og:description\" content=\"Top Model Europe organise des s\u00e9lections en Allemagne. Participez au concours international de mannequins le plus prestigieux et tentez de rejoindre la grande finale europ\u00e9enne \u00e0 Paris ou Bruxelles.\" \/>\n<meta property=\"og:url\" content=\"https:\/\/topmodeleurope.net\/es\/germany\/\" \/>\n<meta property=\"og:site_name\" content=\"TOP MODEL EUROPE\" \/>\n<meta property=\"article:publisher\" content=\"https:\/\/www.facebook.com\/topmodeleurope\/\" \/>\n<meta property=\"article:modified_time\" content=\"2026-03-26T18:25:58+00:00\" \/>\n<meta property=\"og:image\" content=\"https:\/\/topmodeleurope.net\/wp-content\/uploads\/2024\/02\/Jerry4.jpg\" \/>\n<meta name=\"twitter:card\" content=\"summary_large_image\" \/>\n<meta name=\"twitter:label1\" content=\"Tiempo de lectura\" \/>\n\t<meta name=\"twitter:data1\" content=\"3 minutos\" \/>\n<script type=\"application\/ld+json\" class=\"yoast-schema-graph\">{\"@context\":\"https:\\\/\\\/schema.org\",\"@graph\":[{\"@type\":\"WebPage\",\"@id\":\"https:\\\/\\\/topmodeleurope.net\\\/germany\\\/\",\"url\":\"https:\\\/\\\/topmodeleurope.net\\\/germany\\\/\",\"name\":\"TOP MODEL EUROPE - TOP MODEL EUROPE - GERMANY - Castings\",\"isPartOf\":{\"@id\":\"https:\\\/\\\/topmodeleurope.net\\\/#website\"},\"primaryImageOfPage\":{\"@id\":\"https:\\\/\\\/topmodeleurope.net\\\/germany\\\/#primaryimage\"},\"image\":{\"@id\":\"https:\\\/\\\/topmodeleurope.net\\\/germany\\\/#primaryimage\"},\"thumbnailUrl\":\"https:\\\/\\\/topmodeleurope.net\\\/wp-content\\\/uploads\\\/2024\\\/02\\\/Jerry4.jpg\",\"datePublished\":\"2025-09-03T12:45:42+00:00\",\"dateModified\":\"2026-03-26T18:25:58+00:00\",\"description\":\"Top Model Europe organise des s\u00e9lections en Allemagne. Participez au concours international de mannequins le plus prestigieux et tentez de rejoindre la grande finale europ\u00e9enne \u00e0 Paris ou Bruxelles.\",\"breadcrumb\":{\"@id\":\"https:\\\/\\\/topmodeleurope.net\\\/germany\\\/#breadcrumb\"},\"inLanguage\":\"es\",\"potentialAction\":[{\"@type\":\"ReadAction\",\"target\":[\"https:\\\/\\\/topmodeleurope.net\\\/germany\\\/\"]}]},{\"@type\":\"ImageObject\",\"inLanguage\":\"es\",\"@id\":\"https:\\\/\\\/topmodeleurope.net\\\/germany\\\/#primaryimage\",\"url\":\"https:\\\/\\\/topmodeleurope.net\\\/wp-content\\\/uploads\\\/2024\\\/02\\\/Jerry4.jpg\",\"contentUrl\":\"https:\\\/\\\/topmodeleurope.net\\\/wp-content\\\/uploads\\\/2024\\\/02\\\/Jerry4.jpg\"},{\"@type\":\"BreadcrumbList\",\"@id\":\"https:\\\/\\\/topmodeleurope.net\\\/germany\\\/#breadcrumb\",\"itemListElement\":[{\"@type\":\"ListItem\",\"position\":1,\"name\":\"Accueil\",\"item\":\"https:\\\/\\\/topmodeleurope.net\\\/\"},{\"@type\":\"ListItem\",\"position\":2,\"name\":\"TOP MODEL EUROPE &#8211; GERMANY\"}]},{\"@type\":\"WebSite\",\"@id\":\"https:\\\/\\\/topmodeleurope.net\\\/#website\",\"url\":\"https:\\\/\\\/topmodeleurope.net\\\/\",\"name\":\"TOP MODEL EUROPE\",\"description\":\"World Model Contest\",\"publisher\":{\"@id\":\"https:\\\/\\\/topmodeleurope.net\\\/#organization\"},\"potentialAction\":[{\"@type\":\"SearchAction\",\"target\":{\"@type\":\"EntryPoint\",\"urlTemplate\":\"https:\\\/\\\/topmodeleurope.net\\\/?s={search_term_string}\"},\"query-input\":{\"@type\":\"PropertyValueSpecification\",\"valueRequired\":true,\"valueName\":\"search_term_string\"}}],\"inLanguage\":\"es\"},{\"@type\":\"Organization\",\"@id\":\"https:\\\/\\\/topmodeleurope.net\\\/#organization\",\"name\":\"TOP MODEL EUROPE\",\"url\":\"https:\\\/\\\/topmodeleurope.net\\\/\",\"logo\":{\"@type\":\"ImageObject\",\"inLanguage\":\"es\",\"@id\":\"https:\\\/\\\/topmodeleurope.net\\\/#\\\/schema\\\/logo\\\/image\\\/\",\"url\":\"https:\\\/\\\/topmodeleurope.net\\\/wp-content\\\/uploads\\\/2018\\\/04\\\/logo-tme.jpg\",\"contentUrl\":\"https:\\\/\\\/topmodeleurope.net\\\/wp-content\\\/uploads\\\/2018\\\/04\\\/logo-tme.jpg\",\"width\":960,\"height\":960,\"caption\":\"TOP MODEL EUROPE\"},\"image\":{\"@id\":\"https:\\\/\\\/topmodeleurope.net\\\/#\\\/schema\\\/logo\\\/image\\\/\"},\"sameAs\":[\"https:\\\/\\\/www.facebook.com\\\/topmodeleurope\\\/\",\"https:\\\/\\\/www.instagram.com\\\/topmodeleuropeofficial\\\/\",\"https:\\\/\\\/fr.wikipedia.org\\\/wiki\\\/Top_Model_Europe\"]}]}<\/script>\n<!-- \/ Yoast SEO plugin. -->","yoast_head_json":{"title":"TOP MODEL EUROPE - TOP MODEL EUROPE - GERMANY - Castings","description":"Top Model Europe organiza selecciones en Alemania. Participe en el concurso internacional de modelos m\u00e1s prestigioso e intente llegar a la gran final europea en Par\u00eds o Bruselas.","robots":{"index":"index","follow":"follow","max-snippet":"max-snippet:-1","max-image-preview":"max-image-preview:large","max-video-preview":"max-video-preview:-1"},"canonical":"https:\/\/topmodeleurope.net\/es\/germany\/","og_locale":"es_ES","og_type":"article","og_title":"TOP MODEL EUROPE - TOP MODEL EUROPE - GERMANY - Castings","og_description":"Top Model Europe organise des s\u00e9lections en Allemagne. Participez au concours international de mannequins le plus prestigieux et tentez de rejoindre la grande finale europ\u00e9enne \u00e0 Paris ou Bruxelles.","og_url":"https:\/\/topmodeleurope.net\/es\/germany\/","og_site_name":"TOP MODEL EUROPE","article_publisher":"https:\/\/www.facebook.com\/topmodeleurope\/","article_modified_time":"2026-03-26T18:25:58+00:00","og_image":[{"url":"https:\/\/topmodeleurope.net\/wp-content\/uploads\/2024\/02\/Jerry4.jpg","type":"","width":"","height":""}],"twitter_card":"summary_large_image","twitter_misc":{"Tiempo de lectura":"3 minutos"},"schema":{"@context":"https:\/\/schema.org","@graph":[{"@type":"WebPage","@id":"https:\/\/topmodeleurope.net\/germany\/","url":"https:\/\/topmodeleurope.net\/germany\/","name":"TOP MODEL EUROPE - TOP MODEL EUROPE - GERMANY - Castings","isPartOf":{"@id":"https:\/\/topmodeleurope.net\/#website"},"primaryImageOfPage":{"@id":"https:\/\/topmodeleurope.net\/germany\/#primaryimage"},"image":{"@id":"https:\/\/topmodeleurope.net\/germany\/#primaryimage"},"thumbnailUrl":"https:\/\/topmodeleurope.net\/wp-content\/uploads\/2024\/02\/Jerry4.jpg","datePublished":"2025-09-03T12:45:42+00:00","dateModified":"2026-03-26T18:25:58+00:00","description":"Top Model Europe organiza selecciones en Alemania. Participe en el concurso internacional de modelos m\u00e1s prestigioso e intente llegar a la gran final europea en Par\u00eds o Bruselas.","breadcrumb":{"@id":"https:\/\/topmodeleurope.net\/germany\/#breadcrumb"},"inLanguage":"es","potentialAction":[{"@type":"ReadAction","target":["https:\/\/topmodeleurope.net\/germany\/"]}]},{"@type":"ImageObject","inLanguage":"es","@id":"https:\/\/topmodeleurope.net\/germany\/#primaryimage","url":"https:\/\/topmodeleurope.net\/wp-content\/uploads\/2024\/02\/Jerry4.jpg","contentUrl":"https:\/\/topmodeleurope.net\/wp-content\/uploads\/2024\/02\/Jerry4.jpg"},{"@type":"BreadcrumbList","@id":"https:\/\/topmodeleurope.net\/germany\/#breadcrumb","itemListElement":[{"@type":"ListItem","position":1,"name":"Accueil","item":"https:\/\/topmodeleurope.net\/"},{"@type":"ListItem","position":2,"name":"TOP MODEL EUROPE &#8211; GERMANY"}]},{"@type":"WebSite","@id":"https:\/\/topmodeleurope.net\/#website","url":"https:\/\/topmodeleurope.net\/","name":"TOP MODEL EUROPE","description":"Concurso Mundial de Modelos","publisher":{"@id":"https:\/\/topmodeleurope.net\/#organization"},"potentialAction":[{"@type":"SearchAction","target":{"@type":"EntryPoint","urlTemplate":"https:\/\/topmodeleurope.net\/?s={search_term_string}"},"query-input":{"@type":"PropertyValueSpecification","valueRequired":true,"valueName":"search_term_string"}}],"inLanguage":"es"},{"@type":"Organization","@id":"https:\/\/topmodeleurope.net\/#organization","name":"TOP MODEL EUROPE","url":"https:\/\/topmodeleurope.net\/","logo":{"@type":"ImageObject","inLanguage":"es","@id":"https:\/\/topmodeleurope.net\/#\/schema\/logo\/image\/","url":"https:\/\/topmodeleurope.net\/wp-content\/uploads\/2018\/04\/logo-tme.jpg","contentUrl":"https:\/\/topmodeleurope.net\/wp-content\/uploads\/2018\/04\/logo-tme.jpg","width":960,"height":960,"caption":"TOP MODEL EUROPE"},"image":{"@id":"https:\/\/topmodeleurope.net\/#\/schema\/logo\/image\/"},"sameAs":["https:\/\/www.facebook.com\/topmodeleurope\/","https:\/\/www.instagram.com\/topmodeleuropeofficial\/","https:\/\/fr.wikipedia.org\/wiki\/Top_Model_Europe"]}]}},"_links":{"self":[{"href":"https:\/\/topmodeleurope.net\/es\/wp-json\/wp\/v2\/pages\/29672","targetHints":{"allow":["GET"]}}],"collection":[{"href":"https:\/\/topmodeleurope.net\/es\/wp-json\/wp\/v2\/pages"}],"about":[{"href":"https:\/\/topmodeleurope.net\/es\/wp-json\/wp\/v2\/types\/page"}],"author":[{"embeddable":true,"href":"https:\/\/topmodeleurope.net\/es\/wp-json\/wp\/v2\/users\/1"}],"replies":[{"embeddable":true,"href":"https:\/\/topmodeleurope.net\/es\/wp-json\/wp\/v2\/comments?post=29672"}],"version-history":[{"count":9,"href":"https:\/\/topmodeleurope.net\/es\/wp-json\/wp\/v2\/pages\/29672\/revisions"}],"predecessor-version":[{"id":30941,"href":"https:\/\/topmodeleurope.net\/es\/wp-json\/wp\/v2\/pages\/29672\/revisions\/30941"}],"wp:attachment":[{"href":"https:\/\/topmodeleurope.net\/es\/wp-json\/wp\/v2\/media?parent=29672"}],"wp:term":[{"taxonomy":"folder","embeddable":true,"href":"https:\/\/topmodeleurope.net\/es\/wp-json\/wp\/v2\/folder?post=29672"}],"curies":[{"name":"wp","href":"https:\/\/api.w.org\/{rel}","templated":true}]}}