{"id":29655,"date":"2025-09-03T04:32:34","date_gmt":"2025-09-03T02:32:34","guid":{"rendered":"https:\/\/topmodeleurope.net\/?page_id=29655"},"modified":"2025-09-03T04:55:26","modified_gmt":"2025-09-03T02:55:26","slug":"regulation-annex1","status":"publish","type":"page","link":"https:\/\/topmodeleurope.net\/es\/regulation-annex1\/","title":{"rendered":"REGLAMENTO - AP\u00c9NDICE 1"},"content":{"rendered":"<div class=\"wpb-content-wrapper\"><div class=\"vc_row wpb_row vc_row-fluid\"><div class=\"wpb_column vc_column_container vc_col-sm-12\"><div class=\"vc_column-inner\"><div class=\"wpb_wrapper\">\n\t<div class=\"wpb_text_column wpb_content_element\" >\n\t\t<div class=\"wpb_wrapper\">\n\t\t\t<div class=\"sc85_heading wpb_content_element regular left\">\n<div class=\"subtitle\" style=\"text-align: left;\">Esta p\u00e1gina s\u00f3lo est\u00e1 disponible en ingl\u00e9s y franc\u00e9s. Los dem\u00e1s idiomas se traducen autom\u00e1ticamente.<\/div>\n<\/div>\n<div class=\"sc85_heading wpb_content_element regular left\"><\/div>\n\n\t\t<\/div>\n\t<\/div>\n\n\t<div class=\"wpb_text_column wpb_content_element\" >\n\t\t<div class=\"wpb_wrapper\">\n\t\t\t\n\t\t<\/div>\n\t<\/div>\n <div class=\"sc85_heading wpb_content_element regular left\"> <h3 class=\"title\">REGLAMENTO<\/h3> <div class=\"subtitle\">TOP MODEL EUROPE<\/div> <\/div>  <div class=\"sc85_heading wpb_content_element regular left\"> <h2 class=\"title\">Anexo 1 - Condiciones de la opci\u00f3n DIY (Do It Yourself)<\/h2> <\/div> \n\t<div class=\"wpb_text_column wpb_content_element\" >\n\t\t<div class=\"wpb_wrapper\">\n\t\t\t<p>Los candidatos que decidan continuar en el concurso sin pagar la tasa o el patrocinador deber\u00e1n demostrar, por sus propios medios, que han adquirido las competencias b\u00e1sicas establecidas en el programa de formaci\u00f3n de semifinalistas.<\/p>\n<p><strong>1. Fotograf\u00eda oficial<\/strong><\/p>\n<ul>\n<li>Los candidatos deber\u00e1n presentar una fotograf\u00eda oficial que cumpla los criterios t\u00e9cnicos establecidos por el comit\u00e9 (formato, encuadre, estilo).<\/li>\n<li>La foto debe ser tomada por un fot\u00f3grafo profesional.<\/li>\n<\/ul>\n<p><strong>2. Entrenamiento en pasarela<\/strong><\/p>\n<ul>\n<li>Los candidatos deber\u00e1n acreditar al menos 1 hora de formaci\u00f3n b\u00e1sica en pasarela con un profesional reconocido*.<\/li>\n<li>Si cumplen los requisitos para pasar a la siguiente fase, tendr\u00e1n que acreditar al menos 2 horas adicionales de formaci\u00f3n.<\/li>\n<li>La formaci\u00f3n debe estar amparada por una factura o un certificado oficial nominativo.<\/li>\n<\/ul>\n<p><strong>* Criterios para un profesional de la pasarela<\/strong> :<\/p>\n<ul>\n<li>El profesional elegido debe poder demostrar una experiencia significativa exclusivamente en el campo del modelado.<\/li>\n<li>Deben poder demostrar que han trabajado con varios modelos que posteriormente se han incorporado o han trabajado con una agencia de modelos reconocida por la profesi\u00f3n.<\/li>\n<li>La comisi\u00f3n se reserva el derecho de comprobar las referencias facilitadas.<\/li>\n<li>No se aceptar\u00e1 el coaching proporcionado por personas conocidas principalmente por su participaci\u00f3n en programas de telerrealidad, o cuya actividad se base esencialmente en la influencia en las redes sociales.<\/li>\n<\/ul>\n<p><strong>3. Fotograf\u00edas \"Pola-agency<\/strong><\/p>\n<ul>\n<li>Los candidatos deber\u00e1n presentar 4 polaroids (pola-agencia) que cumplan las normas de las agencias internacionales (cara, perfil, cuerpo entero).<\/li>\n<li>Estas fotos se pueden tomar :\n<ul>\n<li>por un fot\u00f3grafo profesional<\/li>\n<li>o por el propio solicitante, siempre que cumpla estrictamente los criterios t\u00e9cnicos comunicados por la comisi\u00f3n.<\/li>\n<\/ul>\n<\/li>\n<\/ul>\n<p><strong>4. Formaci\u00f3n en gesti\u00f3n del estr\u00e9s y en c\u00f3mo manejar las percepciones de los dem\u00e1s.<\/strong><\/p>\n<ul>\n<li>Los solicitantes deben tener<strong>al menos 1 hora de formaci\u00f3n<\/strong> en este \u00e1mbito.<\/li>\n<li>El curso puede realizarse con un profesional como :\n<ul>\n<li>entrenador de expresi\u00f3n esc\u00e9nica;<\/li>\n<li>formador de oratoria;<\/li>\n<li>profesor de teatro;<\/li>\n<li>profesor de interpretaci\u00f3n (estudio de actores, etc.);<\/li>\n<li>psic\u00f3logo;<\/li>\n<li>coach de desarrollo personal;<\/li>\n<li data-start=\"1283\" data-end=\"1321\">\n<p data-start=\"1285\" data-end=\"1321\">sofr\u00f3logo o entrenador mental;<\/p>\n<\/li>\n<\/ul>\n<\/li>\n<li>El servicio debe estar amparado por una factura o certificado oficial.<\/li>\n<\/ul>\n<p><strong>5. Medidas corporales y autonom\u00eda<\/strong><\/p>\n<ul>\n<li>Los candidatos deber\u00e1n poder demostrar que han adquirido la capacidad de :\n<ul>\n<li>tomarse correctamente las medidas corporales (pecho, cintura y cadera)<\/li>\n<li>produzca sus propias polaroids con est\u00e1ndares profesionales.<\/li>\n<\/ul>\n<\/li>\n<li>Este aprendizaje puede adquirirse de un profesional o de forma independiente.<\/li>\n<\/ul>\n<p><strong>6. Transmisi\u00f3n de equipos y documentos justificativos<\/strong><\/p>\n<ul>\n<li>Los candidatos deber\u00e1n informar a la comisi\u00f3n de su decisi\u00f3n de optar por la opci\u00f3n DIY al menos 21 d\u00edas antes de la fecha prevista para su semifinal, exclusivamente a trav\u00e9s de la r\u00fabrica <em>P\u00f3ngase en contacto con<\/em> en el sitio web oficial. Recibir\u00e1 los detalles t\u00e9cnicos necesarios relativos a las fotos requeridas. La foto oficial y todos los documentos justificativos (facturas o certificados de nombre oficiales) deber\u00e1n enviarse por correo electr\u00f3nico al comit\u00e9 al menos 7 d\u00edas antes de la fecha de la semifinal del candidato.<\/li>\n<li>A falta de justificantes en el plazo establecido, el candidato quedar\u00e1 autom\u00e1ticamente descalificado, sin posibilidad de recurso.<\/li>\n<\/ul>\n<p><strong>7. Autonom\u00eda del candidato<\/strong><\/p>\n<ul>\n<li>Los candidatos que opten por esta opci\u00f3n alternativa son los \u00fanicos responsables de elegir y encontrar a sus proveedores de servicios (fot\u00f3grafos, entrenadores, preparadores f\u00edsicos, etc.).<\/li>\n<li>No es funci\u00f3n del comit\u00e9 facilitar una lista de contactos ni dirigir a los candidatos hacia profesionales concretos. Esta opci\u00f3n implica una total autonom\u00eda por parte del participante en la gesti\u00f3n de su trayectoria profesional.<\/li>\n<\/ul>\n<p><strong>8. Invitaci\u00f3n a la semifinal <\/strong><\/p>\n<p data-start=\"304\" data-end=\"612\">El candidato ser\u00e1 convocado a una hora determinada comunicada por el comit\u00e9, generalmente despu\u00e9s de la sesi\u00f3n de los dem\u00e1s semifinalistas. Los candidatos deber\u00e1n presentarse a la hora especificada para demostrar los resultados de su formaci\u00f3n y trabajo personal, como parte de su evaluaci\u00f3n semifinal. Dado que la foto oficial y la prueba de formaci\u00f3n se han enviado con 7 d\u00edas de antelaci\u00f3n, no se aceptar\u00e1n remesas adicionales el d\u00eda de la semifinal.<\/p>\n\n\t\t<\/div>\n\t<\/div>\n<div class=\"vc_separator wpb_content_element vc_separator_align_center vc_sep_width_100 vc_sep_pos_align_center vc_separator_no_text vc_sep_color_grey wpb_content_element  wpb_content_element\" ><span class=\"vc_sep_holder vc_sep_holder_l\"><span class=\"vc_sep_line\"><\/span><\/span><span class=\"vc_sep_holder vc_sep_holder_r\"><span class=\"vc_sep_line\"><\/span><\/span>\n<\/div><\/div><\/div><\/div><div class=\"wpb_column vc_column_container vc_col-sm-12\"><div class=\"vc_column-inner\"><div class=\"wpb_wrapper\"><\/div><\/div><\/div><\/div><div class=\"vc_row wpb_row vc_row-fluid\"><div class=\"wpb_column vc_column_container vc_col-sm-12\"><div class=\"vc_column-inner\"><div class=\"wpb_wrapper\"><\/div><\/div><\/div><\/div>\n<\/div>","protected":false},"excerpt":{"rendered":"Cette page est uniquement disponible en Anglais et Fran\u00e7ais. Les autres langues sont en traduction automatis\u00e9e. REGLEMENT TOP MODEL EUROPE Annexe 1 \u2013 Conditions de l\u2019option DIY (Do It Yourself) Les candidats qui choisissent de poursuivre le concours sans s\u2019acquitter de la cotisation ou du sponsor doivent justifier, par leurs propres moyens, des acquis de [...]","protected":false},"author":1,"featured_media":0,"parent":0,"menu_order":1,"comment_status":"closed","ping_status":"closed","template":"","meta":{"sfsi_plus_gutenberg_text_before_share":"","sfsi_plus_gutenberg_show_text_before_share":"","sfsi_plus_gutenberg_icon_type":"","sfsi_plus_gutenberg_icon_alignemt":"","sfsi_plus_gutenburg_max_per_row":"","footnotes":""},"folder":[149],"class_list":["post-29655","page","type-page","status-publish","hentry"],"yoast_head":"<!-- This site is optimized with the Yoast SEO plugin v27.5 - https:\/\/yoast.com\/product\/yoast-seo-wordpress\/ -->\n<title>REGLEMENT - ANNEXE 1 - TOP MODEL EUROPE<\/title>\n<meta name=\"description\" content=\"Chaque Comit\u00e9 National, \u00e0 travers l&#039;Europe, organise les castings de s\u00e9lection des mod\u00e8les et mannequins sur son territoire en respect ...\" \/>\n<meta name=\"robots\" content=\"noindex, nofollow\" \/>\n<meta property=\"og:locale\" content=\"es_ES\" \/>\n<meta property=\"og:type\" content=\"article\" \/>\n<meta property=\"og:title\" content=\"REGLEMENT - ANNEXE 1 - TOP MODEL EUROPE\" \/>\n<meta property=\"og:description\" content=\"Chaque Comit\u00e9 National, \u00e0 travers l&#039;Europe, organise les castings de s\u00e9lection des mod\u00e8les et mannequins sur son territoire en respect ...\" \/>\n<meta property=\"og:url\" content=\"https:\/\/topmodeleurope.net\/es\/regulation-annex1\/\" \/>\n<meta property=\"og:site_name\" content=\"TOP MODEL EUROPE\" \/>\n<meta property=\"article:publisher\" content=\"https:\/\/www.facebook.com\/topmodeleurope\/\" \/>\n<meta property=\"article:modified_time\" content=\"2025-09-03T02:55:26+00:00\" \/>\n<meta name=\"twitter:card\" content=\"summary_large_image\" \/>\n<meta name=\"twitter:label1\" content=\"Tiempo de lectura\" \/>\n\t<meta name=\"twitter:data1\" content=\"4 minutos\" \/>\n<script type=\"application\/ld+json\" class=\"yoast-schema-graph\">{\"@context\":\"https:\\\/\\\/schema.org\",\"@graph\":[{\"@type\":\"WebPage\",\"@id\":\"https:\\\/\\\/topmodeleurope.net\\\/regulation-annex1\\\/\",\"url\":\"https:\\\/\\\/topmodeleurope.net\\\/regulation-annex1\\\/\",\"name\":\"REGLEMENT - ANNEXE 1 - TOP MODEL EUROPE\",\"isPartOf\":{\"@id\":\"https:\\\/\\\/topmodeleurope.net\\\/#website\"},\"datePublished\":\"2025-09-03T02:32:34+00:00\",\"dateModified\":\"2025-09-03T02:55:26+00:00\",\"description\":\"Chaque Comit\u00e9 National, \u00e0 travers l'Europe, organise les castings de s\u00e9lection des mod\u00e8les et mannequins sur son territoire en respect ...\",\"breadcrumb\":{\"@id\":\"https:\\\/\\\/topmodeleurope.net\\\/regulation-annex1\\\/#breadcrumb\"},\"inLanguage\":\"es\",\"potentialAction\":[{\"@type\":\"ReadAction\",\"target\":[\"https:\\\/\\\/topmodeleurope.net\\\/regulation-annex1\\\/\"]}]},{\"@type\":\"BreadcrumbList\",\"@id\":\"https:\\\/\\\/topmodeleurope.net\\\/regulation-annex1\\\/#breadcrumb\",\"itemListElement\":[{\"@type\":\"ListItem\",\"position\":1,\"name\":\"Accueil\",\"item\":\"https:\\\/\\\/topmodeleurope.net\\\/\"},{\"@type\":\"ListItem\",\"position\":2,\"name\":\"REGLEMENT &#8211; ANNEXE 1\"}]},{\"@type\":\"WebSite\",\"@id\":\"https:\\\/\\\/topmodeleurope.net\\\/#website\",\"url\":\"https:\\\/\\\/topmodeleurope.net\\\/\",\"name\":\"TOP MODEL EUROPE\",\"description\":\"World Model Contest\",\"publisher\":{\"@id\":\"https:\\\/\\\/topmodeleurope.net\\\/#organization\"},\"potentialAction\":[{\"@type\":\"SearchAction\",\"target\":{\"@type\":\"EntryPoint\",\"urlTemplate\":\"https:\\\/\\\/topmodeleurope.net\\\/?s={search_term_string}\"},\"query-input\":{\"@type\":\"PropertyValueSpecification\",\"valueRequired\":true,\"valueName\":\"search_term_string\"}}],\"inLanguage\":\"es\"},{\"@type\":\"Organization\",\"@id\":\"https:\\\/\\\/topmodeleurope.net\\\/#organization\",\"name\":\"TOP MODEL EUROPE\",\"url\":\"https:\\\/\\\/topmodeleurope.net\\\/\",\"logo\":{\"@type\":\"ImageObject\",\"inLanguage\":\"es\",\"@id\":\"https:\\\/\\\/topmodeleurope.net\\\/#\\\/schema\\\/logo\\\/image\\\/\",\"url\":\"https:\\\/\\\/topmodeleurope.net\\\/wp-content\\\/uploads\\\/2018\\\/04\\\/logo-tme.jpg\",\"contentUrl\":\"https:\\\/\\\/topmodeleurope.net\\\/wp-content\\\/uploads\\\/2018\\\/04\\\/logo-tme.jpg\",\"width\":960,\"height\":960,\"caption\":\"TOP MODEL EUROPE\"},\"image\":{\"@id\":\"https:\\\/\\\/topmodeleurope.net\\\/#\\\/schema\\\/logo\\\/image\\\/\"},\"sameAs\":[\"https:\\\/\\\/www.facebook.com\\\/topmodeleurope\\\/\",\"https:\\\/\\\/www.instagram.com\\\/topmodeleuropeofficial\\\/\",\"https:\\\/\\\/fr.wikipedia.org\\\/wiki\\\/Top_Model_Europe\"]}]}<\/script>\n<!-- \/ Yoast SEO plugin. -->","yoast_head_json":{"title":"REGLAMENTO - AP\u00c9NDICE 1 - TOP MODEL EUROPE","description":"Cada Comit\u00e9 Nacional, en toda Europa, organiza castings para la selecci\u00f3n de modelos en su territorio, de conformidad con ...","robots":{"index":"noindex","follow":"nofollow"},"og_locale":"es_ES","og_type":"article","og_title":"REGLEMENT - ANNEXE 1 - TOP MODEL EUROPE","og_description":"Chaque Comit\u00e9 National, \u00e0 travers l'Europe, organise les castings de s\u00e9lection des mod\u00e8les et mannequins sur son territoire en respect ...","og_url":"https:\/\/topmodeleurope.net\/es\/regulation-annex1\/","og_site_name":"TOP MODEL EUROPE","article_publisher":"https:\/\/www.facebook.com\/topmodeleurope\/","article_modified_time":"2025-09-03T02:55:26+00:00","twitter_card":"summary_large_image","twitter_misc":{"Tiempo de lectura":"4 minutos"},"schema":{"@context":"https:\/\/schema.org","@graph":[{"@type":"WebPage","@id":"https:\/\/topmodeleurope.net\/regulation-annex1\/","url":"https:\/\/topmodeleurope.net\/regulation-annex1\/","name":"REGLAMENTO - AP\u00c9NDICE 1 - TOP MODEL EUROPE","isPartOf":{"@id":"https:\/\/topmodeleurope.net\/#website"},"datePublished":"2025-09-03T02:32:34+00:00","dateModified":"2025-09-03T02:55:26+00:00","description":"Cada Comit\u00e9 Nacional, en toda Europa, organiza castings para la selecci\u00f3n de modelos en su territorio, de conformidad con ...","breadcrumb":{"@id":"https:\/\/topmodeleurope.net\/regulation-annex1\/#breadcrumb"},"inLanguage":"es","potentialAction":[{"@type":"ReadAction","target":["https:\/\/topmodeleurope.net\/regulation-annex1\/"]}]},{"@type":"BreadcrumbList","@id":"https:\/\/topmodeleurope.net\/regulation-annex1\/#breadcrumb","itemListElement":[{"@type":"ListItem","position":1,"name":"Accueil","item":"https:\/\/topmodeleurope.net\/"},{"@type":"ListItem","position":2,"name":"REGLEMENT &#8211; ANNEXE 1"}]},{"@type":"WebSite","@id":"https:\/\/topmodeleurope.net\/#website","url":"https:\/\/topmodeleurope.net\/","name":"TOP MODEL EUROPE","description":"Concurso Mundial de Modelos","publisher":{"@id":"https:\/\/topmodeleurope.net\/#organization"},"potentialAction":[{"@type":"SearchAction","target":{"@type":"EntryPoint","urlTemplate":"https:\/\/topmodeleurope.net\/?s={search_term_string}"},"query-input":{"@type":"PropertyValueSpecification","valueRequired":true,"valueName":"search_term_string"}}],"inLanguage":"es"},{"@type":"Organization","@id":"https:\/\/topmodeleurope.net\/#organization","name":"TOP MODEL EUROPE","url":"https:\/\/topmodeleurope.net\/","logo":{"@type":"ImageObject","inLanguage":"es","@id":"https:\/\/topmodeleurope.net\/#\/schema\/logo\/image\/","url":"https:\/\/topmodeleurope.net\/wp-content\/uploads\/2018\/04\/logo-tme.jpg","contentUrl":"https:\/\/topmodeleurope.net\/wp-content\/uploads\/2018\/04\/logo-tme.jpg","width":960,"height":960,"caption":"TOP MODEL EUROPE"},"image":{"@id":"https:\/\/topmodeleurope.net\/#\/schema\/logo\/image\/"},"sameAs":["https:\/\/www.facebook.com\/topmodeleurope\/","https:\/\/www.instagram.com\/topmodeleuropeofficial\/","https:\/\/fr.wikipedia.org\/wiki\/Top_Model_Europe"]}]}},"_links":{"self":[{"href":"https:\/\/topmodeleurope.net\/es\/wp-json\/wp\/v2\/pages\/29655","targetHints":{"allow":["GET"]}}],"collection":[{"href":"https:\/\/topmodeleurope.net\/es\/wp-json\/wp\/v2\/pages"}],"about":[{"href":"https:\/\/topmodeleurope.net\/es\/wp-json\/wp\/v2\/types\/page"}],"author":[{"embeddable":true,"href":"https:\/\/topmodeleurope.net\/es\/wp-json\/wp\/v2\/users\/1"}],"replies":[{"embeddable":true,"href":"https:\/\/topmodeleurope.net\/es\/wp-json\/wp\/v2\/comments?post=29655"}],"version-history":[{"count":8,"href":"https:\/\/topmodeleurope.net\/es\/wp-json\/wp\/v2\/pages\/29655\/revisions"}],"predecessor-version":[{"id":29663,"href":"https:\/\/topmodeleurope.net\/es\/wp-json\/wp\/v2\/pages\/29655\/revisions\/29663"}],"wp:attachment":[{"href":"https:\/\/topmodeleurope.net\/es\/wp-json\/wp\/v2\/media?parent=29655"}],"wp:term":[{"taxonomy":"folder","embeddable":true,"href":"https:\/\/topmodeleurope.net\/es\/wp-json\/wp\/v2\/folder?post=29655"}],"curies":[{"name":"wp","href":"https:\/\/api.w.org\/{rel}","templated":true}]}}