{"id":18556,"date":"2022-04-18T23:34:03","date_gmt":"2022-04-18T21:34:03","guid":{"rendered":"https:\/\/topmodeleurope.net\/?page_id=18556"},"modified":"2025-10-19T16:52:01","modified_gmt":"2025-10-19T14:52:01","slug":"acreditaciones","status":"publish","type":"page","link":"https:\/\/topmodeleurope.net\/es\/accreditations\/","title":{"rendered":"Acreditaciones"},"content":{"rendered":"<div class=\"wpb-content-wrapper\"><div class=\"vc_row wpb_row vc_row-fluid\"><div class=\"wpb_column vc_column_container vc_col-sm-12\"><div class=\"vc_column-inner\"><div class=\"wpb_wrapper\">\n\t<div class=\"wpb_text_column wpb_content_element\" >\n\t\t<div class=\"wpb_wrapper\">\n\t\t\t<div class=\"wpb_text_column wpb_content_element\">\n<div class=\"wpb_wrapper\">\n<p><span id=\"p0\">El sitio est\u00e1 disponible en ingl\u00e9s y franc\u00e9s.<\/span><span id=\"p1\">\u00a0Otros\u00a0<span id=\"2\">idiomas<\/span>\u00a0son autom\u00e1ticas y pueden contener errores de traducci\u00f3n.<\/span><\/p>\n<\/div>\n<\/div>\n<div class=\"sc85_heading wpb_content_element regular left\"><\/div>\n\n\t\t<\/div>\n\t<\/div>\n <div class=\"sc85_heading wpb_content_element bold left\"> <h2 class=\"title\">ACREDITACIONES<cite class=\"separator\"><\/cite><\/h2> <div class=\"subtitle\">FOT\u00d3GRAFOS \/ VIDE\u00d3GRAFOS \/ PRENSA<\/div> <\/div>  <div class=\"sc85_heading wpb_content_element bold left\"> <h2 class=\"title\">TOP MODEL EUROPE 2025 FINAL + DESFILE DE MODA '25<cite class=\"separator\"><\/cite><\/h2> <div class=\"subtitle\">Domingo 30 NOVIEMBRE 2025 @STEIGENBERGER 5* - BRUSELAS<\/div> <\/div> \n\t<div class=\"wpb_video_widget wpb_content_element vc_clearfix   vc_video-aspect-ratio-169 vc_video-el-width-100 vc_video-align-left\" >\n\t\t<div class=\"wpb_wrapper\">\n\t\t\t\n\t\t\t<div class=\"wpb_video_wrapper\"><p class=\"winner_fitvids\"><iframe loading=\"lazy\" title=\"TOP MODEL EUROPA - DESFILE DE MODA\" src=\"https:\/\/player.vimeo.com\/video\/562993766?dnt=1&amp;app_id=122963\" width=\"500\" height=\"281\" frameborder=\"0\" allow=\"autoplay; fullscreen; picture-in-picture; clipboard-write; encrypted-media; web-share\" referrerpolicy=\"strict-origin-when-cross-origin\"><\/iframe><\/p><\/div>\n\t\t<\/div>\n\t<\/div>\n\n\t<div class=\"wpb_text_column wpb_content_element\" >\n\t\t<div class=\"wpb_wrapper\">\n\t\t\t<p>Un a\u00f1o m\u00e1s, el equipo de Top Model Europe se complace en ofrecer 15 ABONOS DE FOTOGRAF\u00cdA y 5 ABONOS DE V\u00cdDEO para los desfiles de la pr\u00f3xima Gran Final de Top Model Europe 2025, que tendr\u00e1 lugar el domingo 30 de noviembre de 2025 en el Hotel Steigenberger 5* de la Avenue Louise de Bruselas.<\/p>\n<p>En los desfiles participar\u00e1n las finalistas de Top Model Europe y varios dise\u00f1adores de moda europeos seleccionados por nuestro equipo. Los horarios estar\u00e1n disponibles a partir del 1 de noviembre de 2025.<\/p>\n<p>Si desea participar en el evento, rellene el siguiente formulario. Como cada a\u00f1o, Top Model Europe regalar\u00e1 15 Insignias de Fot\u00f3grafo y 5 Insignias de Vide\u00f3grafo.<\/p>\n\n\t\t<\/div>\n\t<\/div>\n<\/div><\/div><\/div><div class=\"wpb_column vc_column_container vc_col-sm-12\"><div class=\"vc_column-inner\"><div class=\"wpb_wrapper\"><\/div><\/div><\/div><\/div><div class=\"vc_row wpb_row vc_row-fluid\"><div class=\"wpb_column vc_column_container vc_col-sm-12\"><div class=\"vc_column-inner\"><div class=\"wpb_wrapper\">\n\t<div class=\"wpb_text_column wpb_content_element\" >\n\t\t<div class=\"wpb_wrapper\">\n\t\t\t<p><strong><u>Informaci\u00f3n pr\u00e1ctica:<\/u><\/strong><\/p>\n<p><strong><span style=\"text-decoration: underline;\">Fecha<\/span>:<\/strong><\/p>\n<p>Domingo 30 de noviembre de 2025: final de Top Model Europe + desfile de moda<\/p>\n<p><strong><span style=\"text-decoration: underline;\">Ubicaci\u00f3n<\/span>:<\/strong><\/p>\n<p>Steigenberger Icon Wiltcher's - Av. Louise 71, 1050 Bruselas<\/p>\n\n\t\t<\/div>\n\t<\/div>\n\n\t<div class=\"wpb_single_image wpb_content_element vc_align_left\">\n\t\t\n\t\t<figure class=\"wpb_wrapper vc_figure\">\n\t\t\t<div class=\"vc_single_image-wrapper   vc_box_border_grey\"><img loading=\"lazy\" decoding=\"async\" width=\"1280\" height=\"720\" src=\"https:\/\/topmodeleurope.net\/wp-content\/uploads\/2025\/09\/Lady-Gaga.jpeg\" class=\"vc_single_image-img attachment-full\" alt=\"\" title=\"Lady Gaga\" \/><\/div>\n\t\t<\/figure>\n\t<\/div>\n\n\t<div class=\"wpb_text_column wpb_content_element\" >\n\t\t<div class=\"wpb_wrapper\">\n\t\t\t<p><strong><u>N\u00famero de distintivos de fot\u00f3grafo disponibles<\/u><\/strong>:<\/p>\n<p><strong>15<\/strong><\/p>\n<p><strong><u>N\u00famero de distintivos de camar\u00f3grafo disponibles<\/u><\/strong>:<\/p>\n<p><strong>5<\/strong><\/p>\n<p><strong><u>Acreditaci\u00f3n de prensa:<\/u><\/strong><\/p>\n<p data-start=\"251\" data-end=\"454\">No hay l\u00edmite para el n\u00famero de solicitudes de prensa. No obstante, cada acreditaci\u00f3n estar\u00e1 sujeta a la validaci\u00f3n de nuestro equipo. Rellene el siguiente formulario.<\/p>\n<p>&nbsp;<\/p>\n<p><strong><u>\u00bfC\u00f3mo consigo una placa?<\/u><\/strong><\/p>\n<p>Para obtener una acreditaci\u00f3n de fot\u00f3grafo\/vide\u00f3grafo o una acreditaci\u00f3n de prensa, rellene el siguiente formulario <span style=\"text-decoration: underline;\"><strong>antes de la medianoche del 26 de octubre<\/strong><\/span>.<\/p>\n<p><strong>El 27 de octubre se le comunicar\u00e1 por correo electr\u00f3nico si se aprueba su solicitud.<\/strong><\/p>\n\n\t\t<\/div>\n\t<\/div>\n<div class=\"sc85_button large inline\"><a href=\"https:\/\/topmodeleurope.net\/es\/acreditacion-de-formularios\/\" class=\"button\">ENVIAR MI SOLICITUD<\/a><\/div><\/div><\/div><\/div><\/div><div class=\"vc_row wpb_row vc_row-fluid\"><div class=\"wpb_column vc_column_container vc_col-sm-12\"><div class=\"vc_column-inner\"><div class=\"wpb_wrapper\"><\/div><\/div><\/div><\/div>\n<\/div>","protected":false},"excerpt":{"rendered":"Le site est disponible en anglais et fran\u00e7ais.\u00a0Les autres\u00a0langues\u00a0sont automatis\u00e9es et peuvent contenir des erreurs de traduction. ACCR\u00c9DITATIONS PHOTOGRAPHES \/ VID\u00c9ASTES \/ PRESSE FINALE TOP MODEL EUROPE 2025 + FASHION SHOW '25 Dimanche 30 NOVEMBRE 2025 @STEIGENBERGER 5* - BRUXELLES L'\u00e9quipe de Top Model Europe est heureuse d'offrir cette ann\u00e9e encore 15 BADGES PHOTOGRAPHE et [...]","protected":false},"author":1,"featured_media":0,"parent":0,"menu_order":8,"comment_status":"closed","ping_status":"closed","template":"","meta":{"sfsi_plus_gutenberg_text_before_share":"","sfsi_plus_gutenberg_show_text_before_share":"","sfsi_plus_gutenberg_icon_type":"","sfsi_plus_gutenberg_icon_alignemt":"","sfsi_plus_gutenburg_max_per_row":"","footnotes":""},"folder":[222],"class_list":["post-18556","page","type-page","status-publish","hentry"],"yoast_head":"<!-- This site is optimized with the Yoast SEO plugin v27.5 - https:\/\/yoast.com\/product\/yoast-seo-wordpress\/ -->\n<title>Accreditations - TOP MODEL EUROPE<\/title>\n<meta name=\"robots\" content=\"noindex, nofollow\" \/>\n<meta property=\"og:locale\" content=\"es_ES\" \/>\n<meta property=\"og:type\" content=\"article\" \/>\n<meta property=\"og:title\" content=\"Accreditations - TOP MODEL EUROPE\" \/>\n<meta property=\"og:url\" content=\"https:\/\/topmodeleurope.net\/es\/acreditaciones\/\" \/>\n<meta property=\"og:site_name\" content=\"TOP MODEL EUROPE\" \/>\n<meta property=\"article:publisher\" content=\"https:\/\/www.facebook.com\/topmodeleurope\/\" \/>\n<meta property=\"article:modified_time\" content=\"2025-10-19T14:52:01+00:00\" \/>\n<meta name=\"twitter:card\" content=\"summary_large_image\" \/>\n<meta name=\"twitter:label1\" content=\"Tiempo de lectura\" \/>\n\t<meta name=\"twitter:data1\" content=\"2 minutos\" \/>\n<script type=\"application\/ld+json\" class=\"yoast-schema-graph\">{\"@context\":\"https:\\\/\\\/schema.org\",\"@graph\":[{\"@type\":\"WebPage\",\"@id\":\"https:\\\/\\\/topmodeleurope.net\\\/accreditations\\\/\",\"url\":\"https:\\\/\\\/topmodeleurope.net\\\/accreditations\\\/\",\"name\":\"Accreditations - TOP MODEL EUROPE\",\"isPartOf\":{\"@id\":\"https:\\\/\\\/topmodeleurope.net\\\/#website\"},\"datePublished\":\"2022-04-18T21:34:03+00:00\",\"dateModified\":\"2025-10-19T14:52:01+00:00\",\"breadcrumb\":{\"@id\":\"https:\\\/\\\/topmodeleurope.net\\\/accreditations\\\/#breadcrumb\"},\"inLanguage\":\"es\",\"potentialAction\":[{\"@type\":\"ReadAction\",\"target\":[\"https:\\\/\\\/topmodeleurope.net\\\/accreditations\\\/\"]}]},{\"@type\":\"BreadcrumbList\",\"@id\":\"https:\\\/\\\/topmodeleurope.net\\\/accreditations\\\/#breadcrumb\",\"itemListElement\":[{\"@type\":\"ListItem\",\"position\":1,\"name\":\"Accueil\",\"item\":\"https:\\\/\\\/topmodeleurope.net\\\/\"},{\"@type\":\"ListItem\",\"position\":2,\"name\":\"Accreditations\"}]},{\"@type\":\"WebSite\",\"@id\":\"https:\\\/\\\/topmodeleurope.net\\\/#website\",\"url\":\"https:\\\/\\\/topmodeleurope.net\\\/\",\"name\":\"TOP MODEL EUROPE\",\"description\":\"World Model Contest\",\"publisher\":{\"@id\":\"https:\\\/\\\/topmodeleurope.net\\\/#organization\"},\"potentialAction\":[{\"@type\":\"SearchAction\",\"target\":{\"@type\":\"EntryPoint\",\"urlTemplate\":\"https:\\\/\\\/topmodeleurope.net\\\/?s={search_term_string}\"},\"query-input\":{\"@type\":\"PropertyValueSpecification\",\"valueRequired\":true,\"valueName\":\"search_term_string\"}}],\"inLanguage\":\"es\"},{\"@type\":\"Organization\",\"@id\":\"https:\\\/\\\/topmodeleurope.net\\\/#organization\",\"name\":\"TOP MODEL EUROPE\",\"url\":\"https:\\\/\\\/topmodeleurope.net\\\/\",\"logo\":{\"@type\":\"ImageObject\",\"inLanguage\":\"es\",\"@id\":\"https:\\\/\\\/topmodeleurope.net\\\/#\\\/schema\\\/logo\\\/image\\\/\",\"url\":\"https:\\\/\\\/topmodeleurope.net\\\/wp-content\\\/uploads\\\/2018\\\/04\\\/logo-tme.jpg\",\"contentUrl\":\"https:\\\/\\\/topmodeleurope.net\\\/wp-content\\\/uploads\\\/2018\\\/04\\\/logo-tme.jpg\",\"width\":960,\"height\":960,\"caption\":\"TOP MODEL EUROPE\"},\"image\":{\"@id\":\"https:\\\/\\\/topmodeleurope.net\\\/#\\\/schema\\\/logo\\\/image\\\/\"},\"sameAs\":[\"https:\\\/\\\/www.facebook.com\\\/topmodeleurope\\\/\",\"https:\\\/\\\/www.instagram.com\\\/topmodeleuropeofficial\\\/\",\"https:\\\/\\\/fr.wikipedia.org\\\/wiki\\\/Top_Model_Europe\"]}]}<\/script>\n<!-- \/ Yoast SEO plugin. -->","yoast_head_json":{"title":"Acreditaciones - TOP MODEL EUROPE","robots":{"index":"noindex","follow":"nofollow"},"og_locale":"es_ES","og_type":"article","og_title":"Accreditations - TOP MODEL EUROPE","og_url":"https:\/\/topmodeleurope.net\/es\/acreditaciones\/","og_site_name":"TOP MODEL EUROPE","article_publisher":"https:\/\/www.facebook.com\/topmodeleurope\/","article_modified_time":"2025-10-19T14:52:01+00:00","twitter_card":"summary_large_image","twitter_misc":{"Tiempo de lectura":"2 minutos"},"schema":{"@context":"https:\/\/schema.org","@graph":[{"@type":"WebPage","@id":"https:\/\/topmodeleurope.net\/accreditations\/","url":"https:\/\/topmodeleurope.net\/accreditations\/","name":"Acreditaciones - TOP MODEL EUROPE","isPartOf":{"@id":"https:\/\/topmodeleurope.net\/#website"},"datePublished":"2022-04-18T21:34:03+00:00","dateModified":"2025-10-19T14:52:01+00:00","breadcrumb":{"@id":"https:\/\/topmodeleurope.net\/accreditations\/#breadcrumb"},"inLanguage":"es","potentialAction":[{"@type":"ReadAction","target":["https:\/\/topmodeleurope.net\/accreditations\/"]}]},{"@type":"BreadcrumbList","@id":"https:\/\/topmodeleurope.net\/accreditations\/#breadcrumb","itemListElement":[{"@type":"ListItem","position":1,"name":"Accueil","item":"https:\/\/topmodeleurope.net\/"},{"@type":"ListItem","position":2,"name":"Accreditations"}]},{"@type":"WebSite","@id":"https:\/\/topmodeleurope.net\/#website","url":"https:\/\/topmodeleurope.net\/","name":"TOP MODEL EUROPE","description":"Concurso Mundial de Modelos","publisher":{"@id":"https:\/\/topmodeleurope.net\/#organization"},"potentialAction":[{"@type":"SearchAction","target":{"@type":"EntryPoint","urlTemplate":"https:\/\/topmodeleurope.net\/?s={search_term_string}"},"query-input":{"@type":"PropertyValueSpecification","valueRequired":true,"valueName":"search_term_string"}}],"inLanguage":"es"},{"@type":"Organization","@id":"https:\/\/topmodeleurope.net\/#organization","name":"TOP MODEL EUROPE","url":"https:\/\/topmodeleurope.net\/","logo":{"@type":"ImageObject","inLanguage":"es","@id":"https:\/\/topmodeleurope.net\/#\/schema\/logo\/image\/","url":"https:\/\/topmodeleurope.net\/wp-content\/uploads\/2018\/04\/logo-tme.jpg","contentUrl":"https:\/\/topmodeleurope.net\/wp-content\/uploads\/2018\/04\/logo-tme.jpg","width":960,"height":960,"caption":"TOP MODEL EUROPE"},"image":{"@id":"https:\/\/topmodeleurope.net\/#\/schema\/logo\/image\/"},"sameAs":["https:\/\/www.facebook.com\/topmodeleurope\/","https:\/\/www.instagram.com\/topmodeleuropeofficial\/","https:\/\/fr.wikipedia.org\/wiki\/Top_Model_Europe"]}]}},"_links":{"self":[{"href":"https:\/\/topmodeleurope.net\/es\/wp-json\/wp\/v2\/pages\/18556","targetHints":{"allow":["GET"]}}],"collection":[{"href":"https:\/\/topmodeleurope.net\/es\/wp-json\/wp\/v2\/pages"}],"about":[{"href":"https:\/\/topmodeleurope.net\/es\/wp-json\/wp\/v2\/types\/page"}],"author":[{"embeddable":true,"href":"https:\/\/topmodeleurope.net\/es\/wp-json\/wp\/v2\/users\/1"}],"replies":[{"embeddable":true,"href":"https:\/\/topmodeleurope.net\/es\/wp-json\/wp\/v2\/comments?post=18556"}],"version-history":[{"count":12,"href":"https:\/\/topmodeleurope.net\/es\/wp-json\/wp\/v2\/pages\/18556\/revisions"}],"predecessor-version":[{"id":30241,"href":"https:\/\/topmodeleurope.net\/es\/wp-json\/wp\/v2\/pages\/18556\/revisions\/30241"}],"wp:attachment":[{"href":"https:\/\/topmodeleurope.net\/es\/wp-json\/wp\/v2\/media?parent=18556"}],"wp:term":[{"taxonomy":"folder","embeddable":true,"href":"https:\/\/topmodeleurope.net\/es\/wp-json\/wp\/v2\/folder?post=18556"}],"curies":[{"name":"wp","href":"https:\/\/api.w.org\/{rel}","templated":true}]}}