{"id":14892,"date":"2023-05-21T14:02:35","date_gmt":"2023-05-21T12:02:35","guid":{"rendered":"https:\/\/topmodeleurope.net\/?page_id=14892"},"modified":"2024-02-10T04:20:47","modified_gmt":"2024-02-10T03:20:47","slug":"pulse-fr","status":"publish","type":"page","link":"https:\/\/topmodeleurope.net\/es\/press-fr\/","title":{"rendered":"PRENSA"},"content":{"rendered":"<div class=\"wpb-content-wrapper\"><div class=\"vc_row wpb_row vc_row-fluid\"><div class=\"wpb_column vc_column_container vc_col-sm-12\"><div class=\"vc_column-inner\"><div class=\"wpb_wrapper\"> <div class=\"sc85_heading wpb_content_element regular left\"> <h2 class=\"title\">KIT DE PRENSA<\/h2> <div class=\"subtitle\">Tiempo de carga del archivo: de 5 a 10 segundos<\/div> <\/div> \n\t<div class=\"wpb_text_column wpb_content_element\" >\n\t\t<div class=\"wpb_wrapper\">\n\t\t\t<p><a href=\"https:\/\/topmodeleurope.net\/es\/prensa-uk\/\">Version fran\u00e7aise<\/a> I <a href=\"https:\/\/topmodeleurope.net\/es\/pulse-nl\/\">Versi\u00f3n neerlandesa<\/a><\/p>\n\n\t\t<\/div>\n\t<\/div>\n<\/div><\/div><\/div><\/div><div class=\"vc_row wpb_row vc_row-fluid\"><div class=\"wpb_column vc_column_container vc_col-sm-12\"><div class=\"vc_column-inner\"><div class=\"wpb_wrapper\">\n\t<div class=\"wpb_text_column wpb_content_element\" >\n\t\t<div class=\"wpb_wrapper\">\n\t\t\t<div id=\"dflip_post_meta_box_shortcode\" class=\"postbox\">\n<div class=\"inside\">\n<div class=\"dflip-tabs normal-tabs\">\n<div id=\"dflip-tab-content-normal\" class=\"dflip-tab-content dflip-active\">\n<table class=\"wp-list-table widefat fixed striped table-view-list posts\">\n<tbody id=\"the-list\">\n<tr id=\"post-17071\" class=\"iedit author-self level-0 post-17071 type-dflip status-publish hentry\">\n<td class=\"shortcode column-shortcode\" data-colname=\"Shortcode\"><code><div class=\"_df_book df-lite\" id=\"df_17071\"  _slug=\"14900-2\" data-title=\"dossier-de-presse-fr\" wpoptions=\"true\" thumbtype=\"\" ><\/div><script class=\"df-shortcode-script\" nowprocket type=\"application\/javascript\">window.option_df_17071 = {\"outline\":[],\"autoEnableOutline\":\"false\",\"autoEnableThumbnail\":\"false\",\"overwritePDFOutline\":\"false\",\"direction\":\"1\",\"pageSize\":\"0\",\"controlsPosition\":\"top\",\"source\":\"https:\\\/\\\/topmodeleurope.net\\\/wp-content\\\/uploads\\\/2022\\\/04\\\/Dp-02-01-2022.pdf\",\"wpOptions\":\"true\"}; if(window.DFLIP && window.DFLIP.parseBooks){window.DFLIP.parseBooks();}<\/script><\/code><\/td>\n<\/tr>\n<\/tbody>\n<\/table>\n<\/div>\n<\/div>\n<\/div>\n<\/div>\n<div id=\"submitdiv\" class=\"postbox\">\n<div class=\"postbox-header\">\n<div class=\"handle-actions hide-if-no-js\"><\/div>\n<\/div>\n<\/div>\n\n\t\t<\/div>\n\t<\/div>\n<\/div><\/div><\/div><\/div>\n<\/div>","protected":false},"excerpt":{"rendered":"DOSSIER DE PRENSA Tiempo de carga del dossier: 5 a 10 segundos Versi\u00f3n en ingl\u00e9s Versi\u00f3n neerlandesa","protected":false},"author":1,"featured_media":0,"parent":0,"menu_order":0,"comment_status":"closed","ping_status":"closed","template":"","meta":{"sfsi_plus_gutenberg_text_before_share":"","sfsi_plus_gutenberg_show_text_before_share":"","sfsi_plus_gutenberg_icon_type":"","sfsi_plus_gutenberg_icon_alignemt":"","sfsi_plus_gutenburg_max_per_row":"","footnotes":""},"folder":[230],"class_list":["post-14892","page","type-page","status-publish","hentry"],"yoast_head":"<!-- This site is optimized with the Yoast SEO plugin v27.3 - https:\/\/yoast.com\/product\/yoast-seo-wordpress\/ -->\n<title>PRESSE - TOP MODEL EUROPE<\/title>\n<meta name=\"robots\" content=\"index, follow, max-snippet:-1, max-image-preview:large, max-video-preview:-1\" \/>\n<link rel=\"canonical\" href=\"https:\/\/topmodeleurope.net\/es\/pulse-fr\/\" \/>\n<meta property=\"og:locale\" content=\"es_ES\" \/>\n<meta property=\"og:type\" content=\"article\" \/>\n<meta property=\"og:title\" content=\"PRESSE - TOP MODEL EUROPE\" \/>\n<meta property=\"og:url\" content=\"https:\/\/topmodeleurope.net\/es\/pulse-fr\/\" \/>\n<meta property=\"og:site_name\" content=\"TOP MODEL EUROPE\" \/>\n<meta property=\"article:publisher\" content=\"https:\/\/www.facebook.com\/topmodeleurope\/\" \/>\n<meta property=\"article:modified_time\" content=\"2024-02-10T03:20:47+00:00\" \/>\n<meta name=\"twitter:card\" content=\"summary_large_image\" \/>\n<meta name=\"twitter:label1\" content=\"Tiempo de lectura\" \/>\n\t<meta name=\"twitter:data1\" content=\"1 minuto\" \/>\n<script type=\"application\/ld+json\" class=\"yoast-schema-graph\">{\"@context\":\"https:\\\/\\\/schema.org\",\"@graph\":[{\"@type\":\"WebPage\",\"@id\":\"https:\\\/\\\/topmodeleurope.net\\\/press-fr\\\/\",\"url\":\"https:\\\/\\\/topmodeleurope.net\\\/press-fr\\\/\",\"name\":\"PRESSE - TOP MODEL EUROPE\",\"isPartOf\":{\"@id\":\"https:\\\/\\\/topmodeleurope.net\\\/#website\"},\"datePublished\":\"2023-05-21T12:02:35+00:00\",\"dateModified\":\"2024-02-10T03:20:47+00:00\",\"breadcrumb\":{\"@id\":\"https:\\\/\\\/topmodeleurope.net\\\/press-fr\\\/#breadcrumb\"},\"inLanguage\":\"es\",\"potentialAction\":[{\"@type\":\"ReadAction\",\"target\":[\"https:\\\/\\\/topmodeleurope.net\\\/press-fr\\\/\"]}]},{\"@type\":\"BreadcrumbList\",\"@id\":\"https:\\\/\\\/topmodeleurope.net\\\/press-fr\\\/#breadcrumb\",\"itemListElement\":[{\"@type\":\"ListItem\",\"position\":1,\"name\":\"Accueil\",\"item\":\"https:\\\/\\\/topmodeleurope.net\\\/\"},{\"@type\":\"ListItem\",\"position\":2,\"name\":\"PRESSE\"}]},{\"@type\":\"WebSite\",\"@id\":\"https:\\\/\\\/topmodeleurope.net\\\/#website\",\"url\":\"https:\\\/\\\/topmodeleurope.net\\\/\",\"name\":\"TOP MODEL EUROPE\",\"description\":\"World Model Contest\",\"publisher\":{\"@id\":\"https:\\\/\\\/topmodeleurope.net\\\/#organization\"},\"potentialAction\":[{\"@type\":\"SearchAction\",\"target\":{\"@type\":\"EntryPoint\",\"urlTemplate\":\"https:\\\/\\\/topmodeleurope.net\\\/?s={search_term_string}\"},\"query-input\":{\"@type\":\"PropertyValueSpecification\",\"valueRequired\":true,\"valueName\":\"search_term_string\"}}],\"inLanguage\":\"es\"},{\"@type\":\"Organization\",\"@id\":\"https:\\\/\\\/topmodeleurope.net\\\/#organization\",\"name\":\"TOP MODEL EUROPE\",\"url\":\"https:\\\/\\\/topmodeleurope.net\\\/\",\"logo\":{\"@type\":\"ImageObject\",\"inLanguage\":\"es\",\"@id\":\"https:\\\/\\\/topmodeleurope.net\\\/#\\\/schema\\\/logo\\\/image\\\/\",\"url\":\"https:\\\/\\\/topmodeleurope.net\\\/wp-content\\\/uploads\\\/2018\\\/04\\\/logo-tme.jpg\",\"contentUrl\":\"https:\\\/\\\/topmodeleurope.net\\\/wp-content\\\/uploads\\\/2018\\\/04\\\/logo-tme.jpg\",\"width\":960,\"height\":960,\"caption\":\"TOP MODEL EUROPE\"},\"image\":{\"@id\":\"https:\\\/\\\/topmodeleurope.net\\\/#\\\/schema\\\/logo\\\/image\\\/\"},\"sameAs\":[\"https:\\\/\\\/www.facebook.com\\\/topmodeleurope\\\/\",\"https:\\\/\\\/www.instagram.com\\\/topmodeleuropeofficial\\\/\",\"https:\\\/\\\/fr.wikipedia.org\\\/wiki\\\/Top_Model_Europe\"]}]}<\/script>\n<!-- \/ Yoast SEO plugin. -->","yoast_head_json":{"title":"PRENSA - TOP MODEL EUROPE","robots":{"index":"index","follow":"follow","max-snippet":"max-snippet:-1","max-image-preview":"max-image-preview:large","max-video-preview":"max-video-preview:-1"},"canonical":"https:\/\/topmodeleurope.net\/es\/pulse-fr\/","og_locale":"es_ES","og_type":"article","og_title":"PRESSE - TOP MODEL EUROPE","og_url":"https:\/\/topmodeleurope.net\/es\/pulse-fr\/","og_site_name":"TOP MODEL EUROPE","article_publisher":"https:\/\/www.facebook.com\/topmodeleurope\/","article_modified_time":"2024-02-10T03:20:47+00:00","twitter_card":"summary_large_image","twitter_misc":{"Tiempo de lectura":"1 minuto"},"schema":{"@context":"https:\/\/schema.org","@graph":[{"@type":"WebPage","@id":"https:\/\/topmodeleurope.net\/press-fr\/","url":"https:\/\/topmodeleurope.net\/press-fr\/","name":"PRENSA - TOP MODEL EUROPE","isPartOf":{"@id":"https:\/\/topmodeleurope.net\/#website"},"datePublished":"2023-05-21T12:02:35+00:00","dateModified":"2024-02-10T03:20:47+00:00","breadcrumb":{"@id":"https:\/\/topmodeleurope.net\/press-fr\/#breadcrumb"},"inLanguage":"es","potentialAction":[{"@type":"ReadAction","target":["https:\/\/topmodeleurope.net\/press-fr\/"]}]},{"@type":"BreadcrumbList","@id":"https:\/\/topmodeleurope.net\/press-fr\/#breadcrumb","itemListElement":[{"@type":"ListItem","position":1,"name":"Accueil","item":"https:\/\/topmodeleurope.net\/"},{"@type":"ListItem","position":2,"name":"PRESSE"}]},{"@type":"WebSite","@id":"https:\/\/topmodeleurope.net\/#website","url":"https:\/\/topmodeleurope.net\/","name":"TOP MODEL EUROPE","description":"Concurso Mundial de Modelos","publisher":{"@id":"https:\/\/topmodeleurope.net\/#organization"},"potentialAction":[{"@type":"SearchAction","target":{"@type":"EntryPoint","urlTemplate":"https:\/\/topmodeleurope.net\/?s={search_term_string}"},"query-input":{"@type":"PropertyValueSpecification","valueRequired":true,"valueName":"search_term_string"}}],"inLanguage":"es"},{"@type":"Organization","@id":"https:\/\/topmodeleurope.net\/#organization","name":"TOP MODEL EUROPE","url":"https:\/\/topmodeleurope.net\/","logo":{"@type":"ImageObject","inLanguage":"es","@id":"https:\/\/topmodeleurope.net\/#\/schema\/logo\/image\/","url":"https:\/\/topmodeleurope.net\/wp-content\/uploads\/2018\/04\/logo-tme.jpg","contentUrl":"https:\/\/topmodeleurope.net\/wp-content\/uploads\/2018\/04\/logo-tme.jpg","width":960,"height":960,"caption":"TOP MODEL EUROPE"},"image":{"@id":"https:\/\/topmodeleurope.net\/#\/schema\/logo\/image\/"},"sameAs":["https:\/\/www.facebook.com\/topmodeleurope\/","https:\/\/www.instagram.com\/topmodeleuropeofficial\/","https:\/\/fr.wikipedia.org\/wiki\/Top_Model_Europe"]}]}},"_links":{"self":[{"href":"https:\/\/topmodeleurope.net\/es\/wp-json\/wp\/v2\/pages\/14892","targetHints":{"allow":["GET"]}}],"collection":[{"href":"https:\/\/topmodeleurope.net\/es\/wp-json\/wp\/v2\/pages"}],"about":[{"href":"https:\/\/topmodeleurope.net\/es\/wp-json\/wp\/v2\/types\/page"}],"author":[{"embeddable":true,"href":"https:\/\/topmodeleurope.net\/es\/wp-json\/wp\/v2\/users\/1"}],"replies":[{"embeddable":true,"href":"https:\/\/topmodeleurope.net\/es\/wp-json\/wp\/v2\/comments?post=14892"}],"version-history":[{"count":0,"href":"https:\/\/topmodeleurope.net\/es\/wp-json\/wp\/v2\/pages\/14892\/revisions"}],"wp:attachment":[{"href":"https:\/\/topmodeleurope.net\/es\/wp-json\/wp\/v2\/media?parent=14892"}],"wp:term":[{"taxonomy":"folder","embeddable":true,"href":"https:\/\/topmodeleurope.net\/es\/wp-json\/wp\/v2\/folder?post=14892"}],"curies":[{"name":"wp","href":"https:\/\/api.w.org\/{rel}","templated":true}]}}