{"id":30638,"date":"2025-12-22T05:31:15","date_gmt":"2025-12-22T04:31:15","guid":{"rendered":"https:\/\/topmodeleurope.net\/?page_id=30638"},"modified":"2025-12-22T22:09:01","modified_gmt":"2025-12-22T21:09:01","slug":"press-and-testimonials","status":"publish","type":"page","link":"https:\/\/topmodeleurope.net\/en\/press-and-testimonials\/","title":{"rendered":"Press &amp; Testimonials"},"content":{"rendered":"<div class=\"wpb-content-wrapper\"><div class=\"vc_row wpb_row vc_row-fluid\"><div class=\"wpb_column vc_column_container vc_col-sm-12\"><div class=\"vc_column-inner\"><div class=\"wpb_wrapper\"><div class=\"vc_separator wpb_content_element vc_separator_align_center vc_sep_width_100 vc_sep_border_width_5 vc_sep_pos_align_center vc_separator_no_text vc_sep_color_grey wpb_content_element  wpb_content_element\" ><span class=\"vc_sep_holder vc_sep_holder_l\"><span class=\"vc_sep_line\"><\/span><\/span><span class=\"vc_sep_holder vc_sep_holder_r\"><span class=\"vc_sep_line\"><\/span><\/span>\n<\/div>\n\t<div class=\"wpb_text_column wpb_content_element\" >\n\t\t<div class=\"wpb_wrapper\">\n\t\t\t<p style=\"text-align: center;\" data-start=\"1016\" data-end=\"1229\">This page brings together a selection of press articles, testimonials and interviews published by independent media, as well as speeches by industry professionals and participants in the Top Model Europe competition.<\/p>\n<p style=\"text-align: center;\" data-start=\"1236\" data-end=\"1439\">It aims to document, in a transparent way, how the Top Model Europe competition works, the career paths of the candidates and the impact of the competition on the international fashion scene.<\/p>\n<p style=\"text-align: center;\" data-start=\"1446\" data-end=\"1567\">Each piece of content is accompanied by its source to guarantee verifiable, contextualized and independent information.<\/p>\n\n\t\t<\/div>\n\t<\/div>\n<div class=\"vc_separator wpb_content_element vc_separator_align_center vc_sep_width_100 vc_sep_border_width_5 vc_sep_pos_align_center vc_separator_no_text vc_sep_color_grey wpb_content_element  wpb_content_element\" ><span class=\"vc_sep_holder vc_sep_holder_l\"><span class=\"vc_sep_line\"><\/span><\/span><span class=\"vc_sep_holder vc_sep_holder_r\"><span class=\"vc_sep_line\"><\/span><\/span>\n<\/div><\/div><\/div><\/div><\/div><div class=\"vc_row wpb_row vc_row-fluid\"><div class=\"wpb_column vc_column_container vc_col-sm-4 vc_col-has-fill\"><div class=\"vc_column-inner vc_custom_1766378171468\"><div class=\"wpb_wrapper\">\n\t<div class=\"wpb_single_image wpb_content_element vc_align_left  vc_custom_1766435388803\">\n\t\t\n\t\t<figure class=\"wpb_wrapper vc_figure\">\n\t\t\t<a href=\"https:\/\/topmodeleurope.net\/wp-content\/uploads\/2025\/12\/top-model-europe-press-lou-2025-675x1200.jpg\" target=\"_self\" class=\"vc_single_image-wrapper   vc_box_border_grey\"><img loading=\"lazy\" decoding=\"async\" width=\"1080\" height=\"1920\" src=\"https:\/\/topmodeleurope.net\/wp-content\/uploads\/2025\/12\/top-model-europe-press-lou-2025.jpg\" class=\"vc_single_image-img attachment-full\" alt=\"Press article about Lou, Top Model Europe finalist\" title=\"Top Model Europe - Press article on Lou\" \/><\/a>\n\t\t<\/figure>\n\t<\/div>\n<\/div><\/div><\/div><div class=\"wpb_column vc_column_container vc_col-sm-8\"><div class=\"vc_column-inner\"><div class=\"wpb_wrapper\"> <div class=\"sc85_heading wpb_content_element impact left\"> <h3 class=\"title\">Press<cite class=\"separator\"><\/cite><\/h3> <div class=\"subtitle\">Lou (17) - Finalist: \u00abThis experience has boosted my self-confidence\u00bb.\u00bb<\/div> <\/div> \n\t<div class=\"wpb_text_column wpb_content_element\" >\n\t\t<div class=\"wpb_wrapper\">\n\t\t\t<p data-start=\"365\" data-end=\"589\"><strong>SUMMARY<\/strong> Lou, 17, from Normandy, has been selected as one of the finalists in the Top Model Europe international competition, following a selection process involving tens of thousands of candidates.<\/p>\n<p data-start=\"591\" data-end=\"1074\">At the Brussels finals, she took part in rehearsals, training and official fashion shows in a professional setting, working alongside fashion designers and under the observation of a specialized jury. In particular, she was chosen by fashion house Caroline Bouvier to wear a creation during the runway shows, thus discovering the concrete demands of modeling in real-life conditions (backstage, preparation, successive passages on the catwalk).<\/p>\n<p data-start=\"1076\" data-end=\"1507\">Although she didn't win the title, Lou explains that the experience boosted her self-confidence and confirmed her interest in the fashion world, in which she hopes to continue to evolve. The article highlights the role of the competition as a springboard, enabling young participants to test themselves against professional standards and gain access to initial opportunities (shoots, development contracts, events).<\/p>\n\n\t\t<\/div>\n\t<\/div>\n<div class=\"vc_empty_space\"   style=\"height: 60px\"><span class=\"vc_empty_space_inner\"><\/span><\/div><div class=\"vc_separator wpb_content_element vc_separator_align_center vc_sep_width_100 vc_sep_pos_align_center vc_separator_no_text vc_sep_color_grey wpb_content_element  wpb_content_element\" ><span class=\"vc_sep_holder vc_sep_holder_l\"><span class=\"vc_sep_line\"><\/span><\/span><span class=\"vc_sep_holder vc_sep_holder_r\"><span class=\"vc_sep_line\"><\/span><\/span>\n<\/div>\n\t<div class=\"wpb_raw_code wpb_raw_html wpb_content_element\" >\n\t\t<div class=\"wpb_wrapper\">\n\t\t\t<div class=\"tme-sources\" style=\"font-size:10px; line-height:1.35; opacity:0.8; margin-top:14px;\">\n  <div><strong>Source :<\/strong> Actu.fr (France) - Nathan Blouin - 11\/12\/2025<\/div>\n  <div><strong>Link :<\/strong> <a href=\"https:\/\/actu.fr\/normandie\/landes-sur-ajon_14353\/a-17-ans-lou-a-defile-devant-les-plus-grands-createurs-en-finale-de-top-model-europe-ca-ma-convaincue_63561900.html\" target=\"_blank\" rel=\"noopener noreferrer\">Original article<\/a><\/div>\n<\/div>\n\n\t\t<\/div>\n\t<\/div>\n<\/div><\/div><\/div><\/div><div class=\"vc_row wpb_row vc_row-fluid\"><div class=\"wpb_column vc_column_container vc_col-sm-12\"><div class=\"vc_column-inner\"><div class=\"wpb_wrapper\"><div class=\"vc_empty_space\"   style=\"height: 32px\"><span class=\"vc_empty_space_inner\"><\/span><\/div><div class=\"vc_separator wpb_content_element vc_separator_align_center vc_sep_width_100 vc_sep_border_width_5 vc_sep_pos_align_center vc_separator_no_text vc_sep_color_grey wpb_content_element  wpb_content_element\" ><span class=\"vc_sep_holder vc_sep_holder_l\"><span class=\"vc_sep_line\"><\/span><\/span><span class=\"vc_sep_holder vc_sep_holder_r\"><span class=\"vc_sep_line\"><\/span><\/span>\n<\/div><\/div><\/div><\/div><\/div><div class=\"vc_row wpb_row vc_row-fluid\"><div class=\"wpb_column vc_column_container vc_col-sm-4 vc_col-has-fill\"><div class=\"vc_column-inner vc_custom_1766378171468\"><div class=\"wpb_wrapper\">\n\t<div class=\"wpb_single_image wpb_content_element vc_align_left  vc_custom_1766435397736\">\n\t\t\n\t\t<figure class=\"wpb_wrapper vc_figure\">\n\t\t\t<a href=\"https:\/\/topmodeleurope.net\/wp-content\/uploads\/2025\/12\/top-model-europe-press-mathis-2025-675x1200.jpg\" target=\"_self\" class=\"vc_single_image-wrapper   vc_box_border_grey\"><img loading=\"lazy\" decoding=\"async\" width=\"1080\" height=\"1920\" src=\"https:\/\/topmodeleurope.net\/wp-content\/uploads\/2025\/12\/top-model-europe-press-mathis-2025.jpg\" class=\"vc_single_image-img attachment-full\" alt=\"Press article about Mathis, Top Model Europe finalist\" title=\"top-model-europe-press-mathis-2025\" \/><\/a>\n\t\t<\/figure>\n\t<\/div>\n<\/div><\/div><\/div><div class=\"wpb_column vc_column_container vc_col-sm-8\"><div class=\"vc_column-inner\"><div class=\"wpb_wrapper\"> <div class=\"sc85_heading wpb_content_element impact left\"> <h3 class=\"title\">Press<cite class=\"separator\"><\/cite><\/h3> <div class=\"subtitle\">Mathis (16) - Finalist: \u00abAn incredible experience, ... something surreal\u00bb.\u00bb<\/div> <\/div> \n\t<div class=\"wpb_text_column wpb_content_element\" >\n\t\t<div class=\"wpb_wrapper\">\n\t\t\t<p data-start=\"365\" data-end=\"589\"><strong>SUMMARY<\/strong> : 16-year-old Mathis, from Seine-et-Marne, took part for the first time in the finals of the world-famous Top Model Europe modeling contest, held in Brussels in November 2025.<\/p>\n<p data-start=\"419\" data-end=\"692\">With no previous experience in the industry, he entered the competition on his mother's initiative. After several rounds of selection from over 25,000 applicants, he made it into the select group of finalists who were called upon to parade in front of fashion professionals.<\/p>\n<p data-start=\"694\" data-end=\"1073\">Before the final, Mathis attended several preparation courses, focusing on posture, gait, emotional management and stage expression. He explains that these steps are crucial when you're just starting out: <em data-start=\"911\" data-end=\"1073\">\u00abAt first, when you have no experience, it's hard to get used to it. But it doesn't take long to learn to walk like the professionals and get into the swing of things.\u00bb<\/em><\/p>\n<p data-start=\"1075\" data-end=\"1382\">At the final, he walked the catwalk in a professional setting and was chosen by a designer to present one of her creations. He describes the event as <em data-start=\"1235\" data-end=\"1266\">\u00aban incredible experience\u00bb<\/em> and <em data-start=\"1270\" data-end=\"1304\">\u00absomething surreal\u00bb<\/em>, The event was marked by exchanges with designers and mutual support between participants.<\/p>\n<p data-start=\"1384\" data-end=\"1726\">Although he didn't make it to the podium, Mathis says the experience helped him gain confidence and get a real feel for the world of modeling. He also points out that his participation in the final enabled him to land several photo-model contracts, and doesn't rule out repeating the experience.<\/p>\n\n\t\t<\/div>\n\t<\/div>\n<div class=\"vc_empty_space\"   style=\"height: 15px\"><span class=\"vc_empty_space_inner\"><\/span><\/div><div class=\"vc_separator wpb_content_element vc_separator_align_center vc_sep_width_100 vc_sep_pos_align_center vc_separator_no_text vc_sep_color_grey wpb_content_element  wpb_content_element\" ><span class=\"vc_sep_holder vc_sep_holder_l\"><span class=\"vc_sep_line\"><\/span><\/span><span class=\"vc_sep_holder vc_sep_holder_r\"><span class=\"vc_sep_line\"><\/span><\/span>\n<\/div>\n\t<div class=\"wpb_raw_code wpb_raw_html wpb_content_element\" >\n\t\t<div class=\"wpb_wrapper\">\n\t\t\t<div class=\"tme-sources\" style=\"font-size:10px; line-height:1.5; color:rgba(0,0,0,.65); margin-top:14px;\">\n  <p style=\"margin:0 0 6px 0;\">\n    <strong>Source :<\/strong> Actu.fr (France) - Benjamin Forant - 12\/17\/2025\n  <\/p>\n  <p style=\"margin:0;\">\n    <strong>Link :<\/strong>\n    <a href=\"https:\/\/actu.fr\/ile-de-france\/mitry-mory_77294\/en-seine-et-marne-un-ado-de-16-ans-participe-a-la-finale-dun-concours-de-mannequinat-mondialement-connu_63591442.html\"\n       target=\"_blank\"\n       rel=\"noopener noreferrer\"\n       style=\"color:inherit; text-decoration:underline;\">\n      Original article\n    <\/a>\n  <\/p>\n<\/div>\n\n\t\t<\/div>\n\t<\/div>\n<\/div><\/div><\/div><\/div><div class=\"vc_row wpb_row vc_row-fluid\"><div class=\"wpb_column vc_column_container vc_col-sm-12\"><div class=\"vc_column-inner\"><div class=\"wpb_wrapper\"><div class=\"vc_empty_space\"   style=\"height: 32px\"><span class=\"vc_empty_space_inner\"><\/span><\/div><div class=\"vc_separator wpb_content_element vc_separator_align_center vc_sep_width_100 vc_sep_border_width_5 vc_sep_pos_align_center vc_separator_no_text vc_sep_color_grey wpb_content_element  wpb_content_element\" ><span class=\"vc_sep_holder vc_sep_holder_l\"><span class=\"vc_sep_line\"><\/span><\/span><span class=\"vc_sep_holder vc_sep_holder_r\"><span class=\"vc_sep_line\"><\/span><\/span>\n<\/div><\/div><\/div><\/div><\/div><div class=\"vc_row wpb_row vc_row-fluid\"><div class=\"wpb_column vc_column_container vc_col-sm-4 vc_col-has-fill\"><div class=\"vc_column-inner vc_custom_1766378171468\"><div class=\"wpb_wrapper\">\n\t<div class=\"wpb_single_image wpb_content_element vc_align_left  vc_custom_1766436407896\">\n\t\t\n\t\t<figure class=\"wpb_wrapper vc_figure\">\n\t\t\t<a href=\"https:\/\/topmodeleurope.net\/wp-content\/uploads\/2025\/12\/top-model-europe-press-tom-2025-701x1200.jpg\" target=\"_self\" class=\"vc_single_image-wrapper   vc_box_border_grey\"><img loading=\"lazy\" decoding=\"async\" width=\"802\" height=\"1372\" src=\"https:\/\/topmodeleurope.net\/wp-content\/uploads\/2025\/12\/top-model-europe-press-tom-2025.jpg\" class=\"vc_single_image-img attachment-full\" alt=\"Press article about Tom, winner of the Top Model Europe 2025 contest\" title=\"top-model-europe-press-tom-2025\" \/><\/a>\n\t\t<\/figure>\n\t<\/div>\n<\/div><\/div><\/div><div class=\"wpb_column vc_column_container vc_col-sm-8\"><div class=\"vc_column-inner\"><div class=\"wpb_wrapper\"> <div class=\"sc85_heading wpb_content_element impact left\"> <h3 class=\"title\">Press<cite class=\"separator\"><\/cite><\/h3> <div class=\"subtitle\">Tom (19) - Winner: \u00abJean-Paul Gaultier's fetish model, ... at the break, he came to see me to give me some advice.\u00bb<\/div> <\/div> \n\t<div class=\"wpb_text_column wpb_content_element\" >\n\t\t<div class=\"wpb_wrapper\">\n\t\t\t<p data-start=\"302\" data-end=\"513\"><strong>SUMMARY<\/strong> Tom, 19, from Montluel (Ain), has won the Top Model Europe 2025 final, elected from some 95 finalists following a selection process that initially attracted almost 25,000 candidates.<\/p>\n<p data-start=\"515\" data-end=\"835\">The article highlights the criteria evaluated during the final (ease, walk, presence on the podium), as well as the attention paid by a jury of professionals. In particular, Tom is said to have received backstage advice from Lazaro Cuervo Costa, Jean-Paul Gaultier's favorite model, who sat on the jury.<\/p>\n<p data-start=\"837\" data-end=\"1227\">Although the first professional solicitations have already begun, Tom insists on a structured and measured approach. He wants to keep a cool head, refusing certain proposals if necessary and prioritizing his studies in management and administration, while gradually opening up opportunities in the fashion world. He is currently in Paris for a photo shoot.<\/p>\n<p data-start=\"1229\" data-end=\"1430\">The entire article presents the competition as a springboard for career development, while stressing the importance of support, a framework and realistic timing in building a career path.<\/p>\n\n\t\t<\/div>\n\t<\/div>\n<div class=\"vc_empty_space\"   style=\"height: 60px\"><span class=\"vc_empty_space_inner\"><\/span><\/div><div class=\"vc_separator wpb_content_element vc_separator_align_center vc_sep_width_100 vc_sep_pos_align_center vc_separator_no_text vc_sep_color_grey wpb_content_element  wpb_content_element\" ><span class=\"vc_sep_holder vc_sep_holder_l\"><span class=\"vc_sep_line\"><\/span><\/span><span class=\"vc_sep_holder vc_sep_holder_r\"><span class=\"vc_sep_line\"><\/span><\/span>\n<\/div>\n\t<div class=\"wpb_raw_code wpb_raw_html wpb_content_element\" >\n\t\t<div class=\"wpb_wrapper\">\n\t\t\t<div class=\"tme-sources\" style=\"font-size:10px; line-height:1.5; color:rgba(0,0,0,.65); margin-top:14px;\">\n  <p style=\"margin:0 0 6px 0;\">\n    <strong>Source :<\/strong> Le Progr\u00e8s (France) - Cl\u00e9mence Outteryck - 06\/12\/2025\n  <\/p>\n  <p style=\"margin:0;\">\n    <strong>Link :<\/strong>\n    <a href=\"https:\/\/www.leprogres.fr\/magazine-lifestyle\/2025\/12\/06\/tom-despierres-laureat-du-concours-top-model-europe\"\n       target=\"_blank\"\n       rel=\"noopener noreferrer\"\n       style=\"color:inherit; text-decoration:underline;\">\n      Original article\n    <\/a>\n  <\/p>\n<\/div>\n\n\t\t<\/div>\n\t<\/div>\n<\/div><\/div><\/div><\/div><div class=\"vc_row wpb_row vc_row-fluid\"><div class=\"wpb_column vc_column_container vc_col-sm-12\"><div class=\"vc_column-inner\"><div class=\"wpb_wrapper\"><div class=\"vc_empty_space\"   style=\"height: 32px\"><span class=\"vc_empty_space_inner\"><\/span><\/div><div class=\"vc_separator wpb_content_element vc_separator_align_center vc_sep_width_100 vc_sep_border_width_5 vc_sep_pos_align_center vc_separator_no_text vc_sep_color_grey wpb_content_element  wpb_content_element\" ><span class=\"vc_sep_holder vc_sep_holder_l\"><span class=\"vc_sep_line\"><\/span><\/span><span class=\"vc_sep_holder vc_sep_holder_r\"><span class=\"vc_sep_line\"><\/span><\/span>\n<\/div>\n\t<div class=\"wpb_text_column wpb_content_element\" >\n\t\t<div class=\"wpb_wrapper\">\n\t\t\t<p style=\"text-align: center;\"><strong><a href=\"https:\/\/topmodeleurope.net\/en\/success-stories\/\">CHANGE YOUR WORLD<\/a>\u00a0 \u272a\u00a0 <a href=\"https:\/\/topmodeleurope.net\/en\/castings-schedule\/\">CASTINGS 2026<\/a>\u00a0 \u272a\u00a0 <a href=\"https:\/\/topmodeleurope.net\/en\/casting-info\/\">INTERNATIONAL MODEL CONTEST<\/a><\/strong><\/p>\n\n\t\t<\/div>\n\t<\/div>\n<\/div><\/div><\/div><\/div>\n<\/div>","protected":false},"excerpt":{"rendered":"Cette page rassemble une s\u00e9lection d\u2019articles de presse, t\u00e9moignages et interviews publi\u00e9s par des m\u00e9dias ind\u00e9pendants, ainsi que des prises de parole de professionnels du secteur et de participants au concours Top Model Europe. Elle vise \u00e0 documenter, de mani\u00e8re transparente, le fonctionnement du concours Top Model Europe, le parcours des candidats et l\u2019impact du [...]","protected":false},"author":1,"featured_media":0,"parent":0,"menu_order":3,"comment_status":"closed","ping_status":"closed","template":"","meta":{"sfsi_plus_gutenberg_text_before_share":"","sfsi_plus_gutenberg_show_text_before_share":"","sfsi_plus_gutenberg_icon_type":"","sfsi_plus_gutenberg_icon_alignemt":"","sfsi_plus_gutenburg_max_per_row":"","footnotes":""},"folder":[230],"class_list":["post-30638","page","type-page","status-publish","hentry"],"yoast_head":"<!-- This site is optimized with the Yoast SEO plugin v27.5 - https:\/\/yoast.com\/product\/yoast-seo-wordpress\/ -->\n<title>PRESS &amp; T\u00c9MOIGNAGES - TOP MODEL EUROPE<\/title>\n<meta name=\"description\" content=\"Articles de presse, t\u00e9moignages et interviews mettant en lumi\u00e8re les candidats, designers et l\u2019impact international de Top Model Europe dans la mode.\" \/>\n<meta name=\"robots\" content=\"index, follow, max-snippet:-1, max-image-preview:large, max-video-preview:-1\" \/>\n<link rel=\"canonical\" href=\"https:\/\/topmodeleurope.net\/en\/press-and-testimonials\/\" \/>\n<meta property=\"og:locale\" content=\"en_US\" \/>\n<meta property=\"og:type\" content=\"article\" \/>\n<meta property=\"og:title\" content=\"PRESS &amp; T\u00c9MOIGNAGES - TOP MODEL EUROPE\" \/>\n<meta property=\"og:description\" content=\"Articles de presse, t\u00e9moignages et interviews mettant en lumi\u00e8re les candidats, designers et l\u2019impact international de Top Model Europe dans la mode.\" \/>\n<meta property=\"og:url\" content=\"https:\/\/topmodeleurope.net\/en\/press-and-testimonials\/\" \/>\n<meta property=\"og:site_name\" content=\"TOP MODEL EUROPE\" \/>\n<meta property=\"article:publisher\" content=\"https:\/\/www.facebook.com\/topmodeleurope\/\" \/>\n<meta property=\"article:modified_time\" content=\"2025-12-22T21:09:01+00:00\" \/>\n<meta name=\"twitter:card\" content=\"summary_large_image\" \/>\n<meta name=\"twitter:label1\" content=\"Est. reading time\" \/>\n\t<meta name=\"twitter:data1\" content=\"5 minutes\" \/>\n<script type=\"application\/ld+json\" class=\"yoast-schema-graph\">{\"@context\":\"https:\\\/\\\/schema.org\",\"@graph\":[{\"@type\":\"WebPage\",\"@id\":\"https:\\\/\\\/topmodeleurope.net\\\/press-and-testimonials\\\/\",\"url\":\"https:\\\/\\\/topmodeleurope.net\\\/press-and-testimonials\\\/\",\"name\":\"PRESS & T\u00c9MOIGNAGES - TOP MODEL EUROPE\",\"isPartOf\":{\"@id\":\"https:\\\/\\\/topmodeleurope.net\\\/#website\"},\"datePublished\":\"2025-12-22T04:31:15+00:00\",\"dateModified\":\"2025-12-22T21:09:01+00:00\",\"description\":\"Articles de presse, t\u00e9moignages et interviews mettant en lumi\u00e8re les candidats, designers et l\u2019impact international de Top Model Europe dans la mode.\",\"breadcrumb\":{\"@id\":\"https:\\\/\\\/topmodeleurope.net\\\/press-and-testimonials\\\/#breadcrumb\"},\"inLanguage\":\"en-US\",\"potentialAction\":[{\"@type\":\"ReadAction\",\"target\":[\"https:\\\/\\\/topmodeleurope.net\\\/press-and-testimonials\\\/\"]}]},{\"@type\":\"BreadcrumbList\",\"@id\":\"https:\\\/\\\/topmodeleurope.net\\\/press-and-testimonials\\\/#breadcrumb\",\"itemListElement\":[{\"@type\":\"ListItem\",\"position\":1,\"name\":\"Accueil\",\"item\":\"https:\\\/\\\/topmodeleurope.net\\\/\"},{\"@type\":\"ListItem\",\"position\":2,\"name\":\"Presse &#038; T\u00e9moignages\"}]},{\"@type\":\"WebSite\",\"@id\":\"https:\\\/\\\/topmodeleurope.net\\\/#website\",\"url\":\"https:\\\/\\\/topmodeleurope.net\\\/\",\"name\":\"TOP MODEL EUROPE\",\"description\":\"World Model Contest\",\"publisher\":{\"@id\":\"https:\\\/\\\/topmodeleurope.net\\\/#organization\"},\"potentialAction\":[{\"@type\":\"SearchAction\",\"target\":{\"@type\":\"EntryPoint\",\"urlTemplate\":\"https:\\\/\\\/topmodeleurope.net\\\/?s={search_term_string}\"},\"query-input\":{\"@type\":\"PropertyValueSpecification\",\"valueRequired\":true,\"valueName\":\"search_term_string\"}}],\"inLanguage\":\"en-US\"},{\"@type\":\"Organization\",\"@id\":\"https:\\\/\\\/topmodeleurope.net\\\/#organization\",\"name\":\"TOP MODEL EUROPE\",\"url\":\"https:\\\/\\\/topmodeleurope.net\\\/\",\"logo\":{\"@type\":\"ImageObject\",\"inLanguage\":\"en-US\",\"@id\":\"https:\\\/\\\/topmodeleurope.net\\\/#\\\/schema\\\/logo\\\/image\\\/\",\"url\":\"https:\\\/\\\/topmodeleurope.net\\\/wp-content\\\/uploads\\\/2018\\\/04\\\/logo-tme.jpg\",\"contentUrl\":\"https:\\\/\\\/topmodeleurope.net\\\/wp-content\\\/uploads\\\/2018\\\/04\\\/logo-tme.jpg\",\"width\":960,\"height\":960,\"caption\":\"TOP MODEL EUROPE\"},\"image\":{\"@id\":\"https:\\\/\\\/topmodeleurope.net\\\/#\\\/schema\\\/logo\\\/image\\\/\"},\"sameAs\":[\"https:\\\/\\\/www.facebook.com\\\/topmodeleurope\\\/\",\"https:\\\/\\\/www.instagram.com\\\/topmodeleuropeofficial\\\/\",\"https:\\\/\\\/fr.wikipedia.org\\\/wiki\\\/Top_Model_Europe\"]}]}<\/script>\n<!-- \/ Yoast SEO plugin. -->","yoast_head_json":{"title":"PRESS &amp; TESTIMONIALS - TOP MODEL EUROPE","description":"Press articles, testimonials and interviews highlighting the candidates, designers and international impact of Top Model Europe in fashion.","robots":{"index":"index","follow":"follow","max-snippet":"max-snippet:-1","max-image-preview":"max-image-preview:large","max-video-preview":"max-video-preview:-1"},"canonical":"https:\/\/topmodeleurope.net\/en\/press-and-testimonials\/","og_locale":"en_US","og_type":"article","og_title":"PRESS & T\u00c9MOIGNAGES - TOP MODEL EUROPE","og_description":"Articles de presse, t\u00e9moignages et interviews mettant en lumi\u00e8re les candidats, designers et l\u2019impact international de Top Model Europe dans la mode.","og_url":"https:\/\/topmodeleurope.net\/en\/press-and-testimonials\/","og_site_name":"TOP MODEL EUROPE","article_publisher":"https:\/\/www.facebook.com\/topmodeleurope\/","article_modified_time":"2025-12-22T21:09:01+00:00","twitter_card":"summary_large_image","twitter_misc":{"Est. reading time":"5 minutes"},"schema":{"@context":"https:\/\/schema.org","@graph":[{"@type":"WebPage","@id":"https:\/\/topmodeleurope.net\/press-and-testimonials\/","url":"https:\/\/topmodeleurope.net\/press-and-testimonials\/","name":"PRESS &amp; TESTIMONIALS - TOP MODEL EUROPE","isPartOf":{"@id":"https:\/\/topmodeleurope.net\/#website"},"datePublished":"2025-12-22T04:31:15+00:00","dateModified":"2025-12-22T21:09:01+00:00","description":"Press articles, testimonials and interviews highlighting the candidates, designers and international impact of Top Model Europe in fashion.","breadcrumb":{"@id":"https:\/\/topmodeleurope.net\/press-and-testimonials\/#breadcrumb"},"inLanguage":"en-US","potentialAction":[{"@type":"ReadAction","target":["https:\/\/topmodeleurope.net\/press-and-testimonials\/"]}]},{"@type":"BreadcrumbList","@id":"https:\/\/topmodeleurope.net\/press-and-testimonials\/#breadcrumb","itemListElement":[{"@type":"ListItem","position":1,"name":"Accueil","item":"https:\/\/topmodeleurope.net\/"},{"@type":"ListItem","position":2,"name":"Presse &#038; T\u00e9moignages"}]},{"@type":"WebSite","@id":"https:\/\/topmodeleurope.net\/#website","url":"https:\/\/topmodeleurope.net\/","name":"TOP MODEL EUROPE","description":"World Model Contest","publisher":{"@id":"https:\/\/topmodeleurope.net\/#organization"},"potentialAction":[{"@type":"SearchAction","target":{"@type":"EntryPoint","urlTemplate":"https:\/\/topmodeleurope.net\/?s={search_term_string}"},"query-input":{"@type":"PropertyValueSpecification","valueRequired":true,"valueName":"search_term_string"}}],"inLanguage":"en-US"},{"@type":"Organization","@id":"https:\/\/topmodeleurope.net\/#organization","name":"TOP MODEL EUROPE","url":"https:\/\/topmodeleurope.net\/","logo":{"@type":"ImageObject","inLanguage":"en-US","@id":"https:\/\/topmodeleurope.net\/#\/schema\/logo\/image\/","url":"https:\/\/topmodeleurope.net\/wp-content\/uploads\/2018\/04\/logo-tme.jpg","contentUrl":"https:\/\/topmodeleurope.net\/wp-content\/uploads\/2018\/04\/logo-tme.jpg","width":960,"height":960,"caption":"TOP MODEL EUROPE"},"image":{"@id":"https:\/\/topmodeleurope.net\/#\/schema\/logo\/image\/"},"sameAs":["https:\/\/www.facebook.com\/topmodeleurope\/","https:\/\/www.instagram.com\/topmodeleuropeofficial\/","https:\/\/fr.wikipedia.org\/wiki\/Top_Model_Europe"]}]}},"_links":{"self":[{"href":"https:\/\/topmodeleurope.net\/en\/wp-json\/wp\/v2\/pages\/30638","targetHints":{"allow":["GET"]}}],"collection":[{"href":"https:\/\/topmodeleurope.net\/en\/wp-json\/wp\/v2\/pages"}],"about":[{"href":"https:\/\/topmodeleurope.net\/en\/wp-json\/wp\/v2\/types\/page"}],"author":[{"embeddable":true,"href":"https:\/\/topmodeleurope.net\/en\/wp-json\/wp\/v2\/users\/1"}],"replies":[{"embeddable":true,"href":"https:\/\/topmodeleurope.net\/en\/wp-json\/wp\/v2\/comments?post=30638"}],"version-history":[{"count":44,"href":"https:\/\/topmodeleurope.net\/en\/wp-json\/wp\/v2\/pages\/30638\/revisions"}],"predecessor-version":[{"id":30689,"href":"https:\/\/topmodeleurope.net\/en\/wp-json\/wp\/v2\/pages\/30638\/revisions\/30689"}],"wp:attachment":[{"href":"https:\/\/topmodeleurope.net\/en\/wp-json\/wp\/v2\/media?parent=30638"}],"wp:term":[{"taxonomy":"folder","embeddable":true,"href":"https:\/\/topmodeleurope.net\/en\/wp-json\/wp\/v2\/folder?post=30638"}],"curies":[{"name":"wp","href":"https:\/\/api.w.org\/{rel}","templated":true}]}}