{"id":29655,"date":"2025-09-03T04:32:34","date_gmt":"2025-09-03T02:32:34","guid":{"rendered":"https:\/\/topmodeleurope.net\/?page_id=29655"},"modified":"2025-09-03T04:55:26","modified_gmt":"2025-09-03T02:55:26","slug":"regulation-annex1","status":"publish","type":"page","link":"https:\/\/topmodeleurope.net\/en\/regulation-annex1\/","title":{"rendered":"REGULATIONS - APPENDIX 1"},"content":{"rendered":"<div class=\"wpb-content-wrapper\"><div class=\"vc_row wpb_row vc_row-fluid\"><div class=\"wpb_column vc_column_container vc_col-sm-12\"><div class=\"vc_column-inner\"><div class=\"wpb_wrapper\">\n\t<div class=\"wpb_text_column wpb_content_element\" >\n\t\t<div class=\"wpb_wrapper\">\n\t\t\t<div class=\"sc85_heading wpb_content_element regular left\">\n<div class=\"subtitle\" style=\"text-align: left;\">This page is only available in English and French. All other languages are automated translations.<\/div>\n<\/div>\n<div class=\"sc85_heading wpb_content_element regular left\"><\/div>\n\n\t\t<\/div>\n\t<\/div>\n\n\t<div class=\"wpb_text_column wpb_content_element\" >\n\t\t<div class=\"wpb_wrapper\">\n\t\t\t\n\t\t<\/div>\n\t<\/div>\n <div class=\"sc85_heading wpb_content_element regular left\"> <h3 class=\"title\">REGULATIONS<\/h3> <div class=\"subtitle\">TOP MODEL EUROPE<\/div> <\/div>  <div class=\"sc85_heading wpb_content_element regular left\"> <h2 class=\"title\">Appendix 1 - DIY (Do It Yourself) option conditions<\/h2> <\/div> \n\t<div class=\"wpb_text_column wpb_content_element\" >\n\t\t<div class=\"wpb_wrapper\">\n\t\t\t<p>Candidates who choose to continue in the competition without paying the membership fee or sponsor fee must prove, by their own means, that they have acquired the basic skills set out in the semi-finalist training program.<\/p>\n<p><strong>1. Official photograph<\/strong><\/p>\n<ul>\n<li>Candidates must provide an official photo that complies with the technical criteria communicated by the committee (format, framing, style).<\/li>\n<li>The photo must be taken by a professional photographer.<\/li>\n<\/ul>\n<p><strong>2. Catwalk training<\/strong><\/p>\n<ul>\n<li>Candidates must have completed at least 1 hour of basic catwalk training with a recognized professional*.<\/li>\n<li>If he qualifies for the next stage, he must provide proof of at least 2 additional hours of training.<\/li>\n<li>Training must be covered by an invoice or official certificate.<\/li>\n<\/ul>\n<p><strong>* Criteria for a catwalk professional<\/strong> :<\/p>\n<ul>\n<li>The chosen professional must be able to demonstrate significant experience exclusively in the modeling field.<\/li>\n<li>He must be able to justify having worked with several models who have subsequently joined or collaborated with a modeling agency recognized by the profession.<\/li>\n<li>The committee reserves the right to check the references given.<\/li>\n<li>The following are not accepted: coaching provided by people known mainly for their participation in reality TV programs, or whose activity is based essentially on influence on social networks.<\/li>\n<\/ul>\n<p><strong>3. Pola-agency\" photographs<\/strong><\/p>\n<ul>\n<li>Candidates must submit 4 polaroids (pola-agency) complying with international agency standards (face, profile, full-length).<\/li>\n<li>These photos can be taken :\n<ul>\n<li>by a professional photographer<\/li>\n<li>or by the candidate himself, provided he strictly complies with the technical criteria communicated by the committee<\/li>\n<\/ul>\n<\/li>\n<\/ul>\n<p><strong>4. Training in stress management and dealing with the gaze of others<\/strong><\/p>\n<ul>\n<li>Applicants must provide proof of<strong>minimum 1 hour of training<\/strong> in this area.<\/li>\n<li>The course can be taken with a professional such as :\n<ul>\n<li>scenic expression coach;<\/li>\n<li>public speaking trainer;<\/li>\n<li>drama teacher;<\/li>\n<li>acting coach (actor's studio, etc.);<\/li>\n<li>psychologist;<\/li>\n<li>personal development coach;<\/li>\n<li data-start=\"1283\" data-end=\"1321\">\n<p data-start=\"1285\" data-end=\"1321\">sophrologist or mental coach;<\/p>\n<\/li>\n<\/ul>\n<\/li>\n<li>The service must be covered by an official invoice or certificate.<\/li>\n<\/ul>\n<p><strong>5. Body measurements and autonomy<\/strong><\/p>\n<ul>\n<li>Candidates must be able to demonstrate that they have acquired the ability to :\n<ul>\n<li>take correct body measurements (chest, waist and hip circumferences)<\/li>\n<li>create your own polaroids to professional standards.<\/li>\n<\/ul>\n<\/li>\n<li>This apprenticeship can be acquired with a professional or independently.<\/li>\n<\/ul>\n<p><strong>6. Transmission of equipment and supporting documents<\/strong><\/p>\n<ul>\n<li>Candidates must inform the committee of their decision to opt for the DIY option at least 21 days before the date of their semi-final, exclusively via the section <em>Contact<\/em> from the official website. He\/she will receive the necessary technical details concerning the required photos. The official photo and all supporting documents (invoices or official name certificates) must be e-mailed to the committee at least 7 days before the date of the candidate's semi-final.<\/li>\n<li>In the absence of supporting documents within the allotted time, the candidate will automatically be disqualified, with no possibility of appeal.<\/li>\n<\/ul>\n<p><strong>7. Candidate's autonomy<\/strong><\/p>\n<ul>\n<li>Candidates opting for this alternative option are solely responsible for choosing and finding their service providers (photographers, coaches, trainers, etc.).<\/li>\n<li>It is not the role of the committee to provide a list of contacts, nor to direct candidates to specific professionals. This option implies total autonomy on the part of the participant in managing his or her own career path.<\/li>\n<\/ul>\n<p><strong>8. Invitation to the semi-final <\/strong><\/p>\n<p data-start=\"304\" data-end=\"612\">The candidate will be called at a specific time communicated by the committee, generally after the other semi-finalists' session. He\/she must be present at the specified time in order to demonstrate the skills acquired through training and personal work, as part of his\/her semi-final evaluation. As the official photo and proof of training have been sent 7 days in advance, no further remittance will be accepted on the day of the semi-final.<\/p>\n\n\t\t<\/div>\n\t<\/div>\n<div class=\"vc_separator wpb_content_element vc_separator_align_center vc_sep_width_100 vc_sep_pos_align_center vc_separator_no_text vc_sep_color_grey wpb_content_element  wpb_content_element\" ><span class=\"vc_sep_holder vc_sep_holder_l\"><span class=\"vc_sep_line\"><\/span><\/span><span class=\"vc_sep_holder vc_sep_holder_r\"><span class=\"vc_sep_line\"><\/span><\/span>\n<\/div><\/div><\/div><\/div><div class=\"wpb_column vc_column_container vc_col-sm-12\"><div class=\"vc_column-inner\"><div class=\"wpb_wrapper\"><\/div><\/div><\/div><\/div><div class=\"vc_row wpb_row vc_row-fluid\"><div class=\"wpb_column vc_column_container vc_col-sm-12\"><div class=\"vc_column-inner\"><div class=\"wpb_wrapper\"><\/div><\/div><\/div><\/div>\n<\/div>","protected":false},"excerpt":{"rendered":"Cette page est uniquement disponible en Anglais et Fran\u00e7ais. Les autres langues sont en traduction automatis\u00e9e. REGLEMENT TOP MODEL EUROPE Annexe 1 \u2013 Conditions de l\u2019option DIY (Do It Yourself) Les candidats qui choisissent de poursuivre le concours sans s\u2019acquitter de la cotisation ou du sponsor doivent justifier, par leurs propres moyens, des acquis de [...]","protected":false},"author":1,"featured_media":0,"parent":0,"menu_order":1,"comment_status":"closed","ping_status":"closed","template":"","meta":{"sfsi_plus_gutenberg_text_before_share":"","sfsi_plus_gutenberg_show_text_before_share":"","sfsi_plus_gutenberg_icon_type":"","sfsi_plus_gutenberg_icon_alignemt":"","sfsi_plus_gutenburg_max_per_row":"","footnotes":""},"folder":[149],"class_list":["post-29655","page","type-page","status-publish","hentry"],"yoast_head":"<!-- This site is optimized with the Yoast SEO plugin v27.4 - https:\/\/yoast.com\/product\/yoast-seo-wordpress\/ -->\n<title>REGLEMENT - ANNEXE 1 - TOP MODEL EUROPE<\/title>\n<meta name=\"description\" content=\"Chaque Comit\u00e9 National, \u00e0 travers l&#039;Europe, organise les castings de s\u00e9lection des mod\u00e8les et mannequins sur son territoire en respect ...\" \/>\n<meta name=\"robots\" content=\"noindex, nofollow\" \/>\n<meta property=\"og:locale\" content=\"en_US\" \/>\n<meta property=\"og:type\" content=\"article\" \/>\n<meta property=\"og:title\" content=\"REGLEMENT - ANNEXE 1 - TOP MODEL EUROPE\" \/>\n<meta property=\"og:description\" content=\"Chaque Comit\u00e9 National, \u00e0 travers l&#039;Europe, organise les castings de s\u00e9lection des mod\u00e8les et mannequins sur son territoire en respect ...\" \/>\n<meta property=\"og:url\" content=\"https:\/\/topmodeleurope.net\/en\/regulation-annex1\/\" \/>\n<meta property=\"og:site_name\" content=\"TOP MODEL EUROPE\" \/>\n<meta property=\"article:publisher\" content=\"https:\/\/www.facebook.com\/topmodeleurope\/\" \/>\n<meta property=\"article:modified_time\" content=\"2025-09-03T02:55:26+00:00\" \/>\n<meta name=\"twitter:card\" content=\"summary_large_image\" \/>\n<meta name=\"twitter:label1\" content=\"Est. reading time\" \/>\n\t<meta name=\"twitter:data1\" content=\"4 minutes\" \/>\n<script type=\"application\/ld+json\" class=\"yoast-schema-graph\">{\"@context\":\"https:\\\/\\\/schema.org\",\"@graph\":[{\"@type\":\"WebPage\",\"@id\":\"https:\\\/\\\/topmodeleurope.net\\\/regulation-annex1\\\/\",\"url\":\"https:\\\/\\\/topmodeleurope.net\\\/regulation-annex1\\\/\",\"name\":\"REGLEMENT - ANNEXE 1 - TOP MODEL EUROPE\",\"isPartOf\":{\"@id\":\"https:\\\/\\\/topmodeleurope.net\\\/#website\"},\"datePublished\":\"2025-09-03T02:32:34+00:00\",\"dateModified\":\"2025-09-03T02:55:26+00:00\",\"description\":\"Chaque Comit\u00e9 National, \u00e0 travers l'Europe, organise les castings de s\u00e9lection des mod\u00e8les et mannequins sur son territoire en respect ...\",\"breadcrumb\":{\"@id\":\"https:\\\/\\\/topmodeleurope.net\\\/regulation-annex1\\\/#breadcrumb\"},\"inLanguage\":\"en-US\",\"potentialAction\":[{\"@type\":\"ReadAction\",\"target\":[\"https:\\\/\\\/topmodeleurope.net\\\/regulation-annex1\\\/\"]}]},{\"@type\":\"BreadcrumbList\",\"@id\":\"https:\\\/\\\/topmodeleurope.net\\\/regulation-annex1\\\/#breadcrumb\",\"itemListElement\":[{\"@type\":\"ListItem\",\"position\":1,\"name\":\"Accueil\",\"item\":\"https:\\\/\\\/topmodeleurope.net\\\/\"},{\"@type\":\"ListItem\",\"position\":2,\"name\":\"REGLEMENT &#8211; ANNEXE 1\"}]},{\"@type\":\"WebSite\",\"@id\":\"https:\\\/\\\/topmodeleurope.net\\\/#website\",\"url\":\"https:\\\/\\\/topmodeleurope.net\\\/\",\"name\":\"TOP MODEL EUROPE\",\"description\":\"World Model Contest\",\"publisher\":{\"@id\":\"https:\\\/\\\/topmodeleurope.net\\\/#organization\"},\"potentialAction\":[{\"@type\":\"SearchAction\",\"target\":{\"@type\":\"EntryPoint\",\"urlTemplate\":\"https:\\\/\\\/topmodeleurope.net\\\/?s={search_term_string}\"},\"query-input\":{\"@type\":\"PropertyValueSpecification\",\"valueRequired\":true,\"valueName\":\"search_term_string\"}}],\"inLanguage\":\"en-US\"},{\"@type\":\"Organization\",\"@id\":\"https:\\\/\\\/topmodeleurope.net\\\/#organization\",\"name\":\"TOP MODEL EUROPE\",\"url\":\"https:\\\/\\\/topmodeleurope.net\\\/\",\"logo\":{\"@type\":\"ImageObject\",\"inLanguage\":\"en-US\",\"@id\":\"https:\\\/\\\/topmodeleurope.net\\\/#\\\/schema\\\/logo\\\/image\\\/\",\"url\":\"https:\\\/\\\/topmodeleurope.net\\\/wp-content\\\/uploads\\\/2018\\\/04\\\/logo-tme.jpg\",\"contentUrl\":\"https:\\\/\\\/topmodeleurope.net\\\/wp-content\\\/uploads\\\/2018\\\/04\\\/logo-tme.jpg\",\"width\":960,\"height\":960,\"caption\":\"TOP MODEL EUROPE\"},\"image\":{\"@id\":\"https:\\\/\\\/topmodeleurope.net\\\/#\\\/schema\\\/logo\\\/image\\\/\"},\"sameAs\":[\"https:\\\/\\\/www.facebook.com\\\/topmodeleurope\\\/\",\"https:\\\/\\\/www.instagram.com\\\/topmodeleuropeofficial\\\/\",\"https:\\\/\\\/fr.wikipedia.org\\\/wiki\\\/Top_Model_Europe\"]}]}<\/script>\n<!-- \/ Yoast SEO plugin. -->","yoast_head_json":{"title":"REGULATIONS - APPENDIX 1 - TOP MODEL EUROPE","description":"Each National Committee, throughout Europe, organizes castings for the selection of models on its territory, in compliance with ...","robots":{"index":"noindex","follow":"nofollow"},"og_locale":"en_US","og_type":"article","og_title":"REGLEMENT - ANNEXE 1 - TOP MODEL EUROPE","og_description":"Chaque Comit\u00e9 National, \u00e0 travers l'Europe, organise les castings de s\u00e9lection des mod\u00e8les et mannequins sur son territoire en respect ...","og_url":"https:\/\/topmodeleurope.net\/en\/regulation-annex1\/","og_site_name":"TOP MODEL EUROPE","article_publisher":"https:\/\/www.facebook.com\/topmodeleurope\/","article_modified_time":"2025-09-03T02:55:26+00:00","twitter_card":"summary_large_image","twitter_misc":{"Est. reading time":"4 minutes"},"schema":{"@context":"https:\/\/schema.org","@graph":[{"@type":"WebPage","@id":"https:\/\/topmodeleurope.net\/regulation-annex1\/","url":"https:\/\/topmodeleurope.net\/regulation-annex1\/","name":"REGULATIONS - APPENDIX 1 - TOP MODEL EUROPE","isPartOf":{"@id":"https:\/\/topmodeleurope.net\/#website"},"datePublished":"2025-09-03T02:32:34+00:00","dateModified":"2025-09-03T02:55:26+00:00","description":"Each National Committee, throughout Europe, organizes castings for the selection of models on its territory, in compliance with ...","breadcrumb":{"@id":"https:\/\/topmodeleurope.net\/regulation-annex1\/#breadcrumb"},"inLanguage":"en-US","potentialAction":[{"@type":"ReadAction","target":["https:\/\/topmodeleurope.net\/regulation-annex1\/"]}]},{"@type":"BreadcrumbList","@id":"https:\/\/topmodeleurope.net\/regulation-annex1\/#breadcrumb","itemListElement":[{"@type":"ListItem","position":1,"name":"Accueil","item":"https:\/\/topmodeleurope.net\/"},{"@type":"ListItem","position":2,"name":"REGLEMENT &#8211; ANNEXE 1"}]},{"@type":"WebSite","@id":"https:\/\/topmodeleurope.net\/#website","url":"https:\/\/topmodeleurope.net\/","name":"TOP MODEL EUROPE","description":"World Model Contest","publisher":{"@id":"https:\/\/topmodeleurope.net\/#organization"},"potentialAction":[{"@type":"SearchAction","target":{"@type":"EntryPoint","urlTemplate":"https:\/\/topmodeleurope.net\/?s={search_term_string}"},"query-input":{"@type":"PropertyValueSpecification","valueRequired":true,"valueName":"search_term_string"}}],"inLanguage":"en-US"},{"@type":"Organization","@id":"https:\/\/topmodeleurope.net\/#organization","name":"TOP MODEL EUROPE","url":"https:\/\/topmodeleurope.net\/","logo":{"@type":"ImageObject","inLanguage":"en-US","@id":"https:\/\/topmodeleurope.net\/#\/schema\/logo\/image\/","url":"https:\/\/topmodeleurope.net\/wp-content\/uploads\/2018\/04\/logo-tme.jpg","contentUrl":"https:\/\/topmodeleurope.net\/wp-content\/uploads\/2018\/04\/logo-tme.jpg","width":960,"height":960,"caption":"TOP MODEL EUROPE"},"image":{"@id":"https:\/\/topmodeleurope.net\/#\/schema\/logo\/image\/"},"sameAs":["https:\/\/www.facebook.com\/topmodeleurope\/","https:\/\/www.instagram.com\/topmodeleuropeofficial\/","https:\/\/fr.wikipedia.org\/wiki\/Top_Model_Europe"]}]}},"_links":{"self":[{"href":"https:\/\/topmodeleurope.net\/en\/wp-json\/wp\/v2\/pages\/29655","targetHints":{"allow":["GET"]}}],"collection":[{"href":"https:\/\/topmodeleurope.net\/en\/wp-json\/wp\/v2\/pages"}],"about":[{"href":"https:\/\/topmodeleurope.net\/en\/wp-json\/wp\/v2\/types\/page"}],"author":[{"embeddable":true,"href":"https:\/\/topmodeleurope.net\/en\/wp-json\/wp\/v2\/users\/1"}],"replies":[{"embeddable":true,"href":"https:\/\/topmodeleurope.net\/en\/wp-json\/wp\/v2\/comments?post=29655"}],"version-history":[{"count":8,"href":"https:\/\/topmodeleurope.net\/en\/wp-json\/wp\/v2\/pages\/29655\/revisions"}],"predecessor-version":[{"id":29663,"href":"https:\/\/topmodeleurope.net\/en\/wp-json\/wp\/v2\/pages\/29655\/revisions\/29663"}],"wp:attachment":[{"href":"https:\/\/topmodeleurope.net\/en\/wp-json\/wp\/v2\/media?parent=29655"}],"wp:term":[{"taxonomy":"folder","embeddable":true,"href":"https:\/\/topmodeleurope.net\/en\/wp-json\/wp\/v2\/folder?post=29655"}],"curies":[{"name":"wp","href":"https:\/\/api.w.org\/{rel}","templated":true}]}}