{"id":29638,"date":"2025-09-03T02:20:57","date_gmt":"2025-09-03T00:20:57","guid":{"rendered":"https:\/\/topmodeleurope.net\/?page_id=29638"},"modified":"2025-09-17T08:29:40","modified_gmt":"2025-09-17T06:29:40","slug":"switzerland","status":"publish","type":"page","link":"https:\/\/topmodeleurope.net\/en\/switzerland\/","title":{"rendered":"TOP MODEL EUROPE - SWITZERLAND"},"content":{"rendered":"<div class=\"wpb-content-wrapper\"><div class=\"vc_row wpb_row vc_row-fluid\"><div class=\"wpb_column vc_column_container vc_col-sm-12\"><div class=\"vc_column-inner\"><div class=\"wpb_wrapper\">\n\t<div class=\"wpb_video_widget wpb_content_element vc_clearfix   vc_video-aspect-ratio-169 vc_video-el-width-100 vc_video-align-center\" >\n\t\t<div class=\"wpb_wrapper\">\n\t\t\t\n\t\t\t<div class=\"wpb_video_wrapper\"><p class=\"winner_fitvids\"><iframe loading=\"lazy\" src=\"https:\/\/player.vimeo.com\/video\/726252922?dnt=1&amp;app_id=122963\" width=\"500\" height=\"281\" frameborder=\"0\" allow=\"autoplay; fullscreen; picture-in-picture; clipboard-write; encrypted-media; web-share\" referrerpolicy=\"strict-origin-when-cross-origin\"><\/iframe><\/p><\/div>\n\t\t<\/div>\n\t<\/div>\n<\/div><\/div><\/div><\/div><div class=\"vc_row wpb_row vc_row-fluid\"><div class=\"wpb_column vc_column_container vc_col-sm-12\"><div class=\"vc_column-inner\"><div class=\"wpb_wrapper\"> <div class=\"sc85_heading wpb_content_element bold left\"> <h2 class=\"title\">TOP MODEL EUROPE<cite class=\"separator\"><\/cite><\/h2> <\/div> \n\t<div class=\"wpb_text_column wpb_content_element\" >\n\t\t<div class=\"wpb_wrapper\">\n\t\t\t<p data-start=\"130\" data-end=\"334\">Top Model Europe is the most prestigious international competition for models. Each year, selections are organized in numerous countries around the world.<\/p>\n<p data-start=\"336\" data-end=\"625\">The aim of the competition is to reveal the talents of tomorrow and, with the help of our international partners (agencies, photographers, designers, brand managers, etc.), offer them the opportunity to launch a career on the national and international scene.<\/p>\n\n\t\t<\/div>\n\t<\/div>\n<div class=\"vc_separator wpb_content_element vc_separator_align_center vc_sep_width_100 vc_sep_pos_align_center vc_separator_no_text vc_sep_color_grey wpb_content_element  wpb_content_element\" ><span class=\"vc_sep_holder vc_sep_holder_l\"><span class=\"vc_sep_line\"><\/span><\/span><span class=\"vc_sep_holder vc_sep_holder_r\"><span class=\"vc_sep_line\"><\/span><\/span>\n<\/div> <div class=\"sc85_heading wpb_content_element bold left\"> <h1 class=\"title\">TOP MODEL EUROPE - SWITZERLAND<cite class=\"separator\"><\/cite><\/h1> <\/div> \n\t<div class=\"wpb_text_column wpb_content_element\" >\n\t\t<div class=\"wpb_wrapper\">\n\t\t\t<p>TOP MODEL EUROPE organizes selections in Switzerland.<\/p>\n<p>National Director Ulysse Freitas and his team are in charge of selecting and training models for the competition.<\/p>\n<p>The winners of the Top Model Europe - Switzerland edition will represent their country at the European final in Paris or Brussels.<\/p>\n\n\t\t<\/div>\n\t<\/div>\n<div class=\"vc_separator wpb_content_element vc_separator_align_center vc_sep_width_100 vc_sep_pos_align_center vc_separator_no_text vc_sep_color_grey wpb_content_element  wpb_content_element\" ><span class=\"vc_sep_holder vc_sep_holder_l\"><span class=\"vc_sep_line\"><\/span><\/span><span class=\"vc_sep_holder vc_sep_holder_r\"><span class=\"vc_sep_line\"><\/span><\/span>\n<\/div> <div class=\"sc85_heading wpb_content_element bold left\"> <h1 class=\"title\">SUCCESS STORIES<cite class=\"separator\"><\/cite><\/h1> <\/div> <div class=\"wpb_column vc_column_container vc_col-sm-6\"><div class=\"vc_column-inner\"><div class=\"wpb_wrapper\"><\/div><\/div><\/div><div class=\"wpb_column vc_column_container vc_col-sm-6\"><div class=\"vc_column-inner\"><div class=\"wpb_wrapper\"><\/div><\/div><\/div><\/div><\/div><\/div><\/div><div class=\"vc_row wpb_row vc_row-fluid\"><div class=\"wpb_column vc_column_container vc_col-sm-3\"><div class=\"vc_column-inner\"><div class=\"wpb_wrapper\">\n\t<div class=\"wpb_single_image wpb_content_element vc_align_left\">\n\t\t\n\t\t<figure class=\"wpb_wrapper vc_figure\">\n\t\t\t<a href=\"https:\/\/topmodeleurope.net\/wp-content\/uploads\/2024\/11\/top-model-europe-jean-paul-gaultier-show-paris.jpg-1200x1200.jpg\" target=\"_blank\" class=\"vc_single_image-wrapper   vc_box_border_grey\"><img loading=\"lazy\" decoding=\"async\" width=\"1000\" height=\"1000\" src=\"https:\/\/topmodeleurope.net\/wp-content\/uploads\/2024\/11\/top-model-europe-jean-paul-gaultier-show-paris.jpg-1200x1200.jpg\" class=\"vc_single_image-img attachment-large\" alt=\"\" title=\"top-model-europe-jean-paul-gaultier-show-paris.jpg\" \/><\/a>\n\t\t<\/figure>\n\t<\/div>\n<\/div><\/div><\/div><div class=\"wpb_column vc_column_container vc_col-sm-3\"><div class=\"vc_column-inner\"><div class=\"wpb_wrapper\">\n\t<div class=\"wpb_single_image wpb_content_element vc_align_left\">\n\t\t\n\t\t<figure class=\"wpb_wrapper vc_figure\">\n\t\t\t<a href=\"https:\/\/topmodeleurope.net\/wp-content\/uploads\/2024\/11\/top-model-europe-giorgio-armani-show-spring-summer-2024-1200x1200.jpg\" target=\"_blank\" class=\"vc_single_image-wrapper   vc_box_border_grey\"><img loading=\"lazy\" decoding=\"async\" width=\"1000\" height=\"1000\" src=\"https:\/\/topmodeleurope.net\/wp-content\/uploads\/2024\/11\/top-model-europe-giorgio-armani-show-spring-summer-2024-1200x1200.jpg\" class=\"vc_single_image-img attachment-large\" alt=\"\" title=\"top-model-europe-giorgio-armani-show-spring-summer-2024\" \/><\/a>\n\t\t<\/figure>\n\t<\/div>\n<\/div><\/div><\/div><div class=\"wpb_column vc_column_container vc_col-sm-3\"><div class=\"vc_column-inner\"><div class=\"wpb_wrapper\">\n\t<div class=\"wpb_single_image wpb_content_element vc_align_left\">\n\t\t\n\t\t<figure class=\"wpb_wrapper vc_figure\">\n\t\t\t<a href=\"https:\/\/topmodeleurope.net\/wp-content\/uploads\/2024\/11\/top-model-europe-dolcegabbana-show-6-1200x1200.jpg\" target=\"_blank\" class=\"vc_single_image-wrapper   vc_box_border_grey\"><img loading=\"lazy\" decoding=\"async\" width=\"1000\" height=\"1000\" src=\"https:\/\/topmodeleurope.net\/wp-content\/uploads\/2024\/11\/top-model-europe-dolcegabbana-show-6-1200x1200.jpg\" class=\"vc_single_image-img attachment-large\" alt=\"\" title=\"top-model-europe-dolce&amp;gabbana-show-6\" \/><\/a>\n\t\t<\/figure>\n\t<\/div>\n<\/div><\/div><\/div><div class=\"wpb_column vc_column_container vc_col-sm-3\"><div class=\"vc_column-inner\"><div class=\"wpb_wrapper\">\n\t<div class=\"wpb_single_image wpb_content_element vc_align_left\">\n\t\t\n\t\t<figure class=\"wpb_wrapper vc_figure\">\n\t\t\t<a href=\"https:\/\/topmodeleurope.net\/wp-content\/uploads\/2024\/11\/top-model-europe-balmain-website-2-1200x1200.jpg\" target=\"_blank\" class=\"vc_single_image-wrapper   vc_box_border_grey\"><img loading=\"lazy\" decoding=\"async\" width=\"1000\" height=\"1000\" src=\"https:\/\/topmodeleurope.net\/wp-content\/uploads\/2024\/11\/top-model-europe-balmain-website-2-1200x1200.jpg\" class=\"vc_single_image-img attachment-large\" alt=\"\" title=\"top-model-europe-balmain-website-2\" \/><\/a>\n\t\t<\/figure>\n\t<\/div>\n<\/div><\/div><\/div><\/div><div class=\"vc_row wpb_row vc_row-fluid\"><div class=\"wpb_column vc_column_container vc_col-sm-12\"><div class=\"vc_column-inner\"><div class=\"wpb_wrapper\">\n\t<div class=\"wpb_text_column wpb_content_element\" >\n\t\t<div class=\"wpb_wrapper\">\n\t\t\t<p>Every year, several of our winners and finalists make their mark on the fashion world. Among these true <em data-start=\"200\" data-end=\"217\">success stories<\/em>Our models appear on the catwalks of major fashion shows and in prestigious advertising campaigns.<\/p>\n\n\t\t<\/div>\n\t<\/div>\n<div class=\"sc85_button normal left\"><a href=\"https:\/\/topmodeleurope.net\/en\/success-stories\/\" target=\"_blank\" class=\"button\">See our models' Success Stories<\/a><\/div>\n\t<div class=\"wpb_single_image wpb_content_element vc_align_center\">\n\t\t\n\t\t<figure class=\"wpb_wrapper vc_figure\">\n\t\t\t<a href=\"https:\/\/topmodeleurope.net\/en\/success-stories\/\" target=\"_blank\" class=\"vc_single_image-wrapper   vc_box_border_grey\"><img loading=\"lazy\" decoding=\"async\" width=\"1224\" height=\"817\" src=\"https:\/\/topmodeleurope.net\/wp-content\/uploads\/2022\/07\/TOP-MODEL-EUROPE-SUCCESS-STORY-.jpg\" class=\"vc_single_image-img attachment-full\" alt=\"TOP MODEL EUROPE - SUCCESS STORY -\" title=\"TOP MODEL EUROPE - SUCCESS STORY -\" \/><\/a>\n\t\t<\/figure>\n\t<\/div>\n<div class=\"vc_separator wpb_content_element vc_separator_align_center vc_sep_width_100 vc_sep_pos_align_center vc_separator_no_text vc_sep_color_grey wpb_content_element  wpb_content_element\" ><span class=\"vc_sep_holder vc_sep_holder_l\"><span class=\"vc_sep_line\"><\/span><\/span><span class=\"vc_sep_holder vc_sep_holder_r\"><span class=\"vc_sep_line\"><\/span><\/span>\n<\/div><div class=\"wpb_column vc_column_container vc_col-sm-6\"><div class=\"vc_column-inner\"><div class=\"wpb_wrapper\"><\/div><\/div><\/div><div class=\"wpb_column vc_column_container vc_col-sm-6\"><div class=\"vc_column-inner\"><div class=\"wpb_wrapper\"><\/div><\/div><\/div><\/div><\/div><\/div><\/div><div class=\"vc_row wpb_row vc_row-fluid\"><div class=\"wpb_column vc_column_container vc_col-sm-12\"><div class=\"vc_column-inner\"><div class=\"wpb_wrapper\"> <div class=\"sc85_heading wpb_content_element bold left\"> <h1 class=\"title\">HOW TO PARTICIPATE<cite class=\"separator\"><\/cite><\/h1> <\/div> \n\t<div class=\"wpb_text_column wpb_content_element\" >\n\t\t<div class=\"wpb_wrapper\">\n\t\t\t<p>To take part, simply register online on the Registration page or by clicking on the button below.<\/p>\n<p>Applications are checked daily by the Top Model Europe teams.<\/p>\n<p>If your profile is shortlisted, you'll receive information on the various stages of the competition within 3 days, along with your official invitation to take part.<\/p>\n<p>UPCOMING CASTINGS :<\/p>\n<article class=\"text-token-text-primary w-full focus:outline-none scroll-mt-&#091;calc(var(--header-height)+min(200px,max(70px,20svh)))&#093;\" dir=\"auto\" tabindex=\"-1\" data-turn-id=\"request-WEB:d9411762-a0b8-439c-988b-a0bf4f477477-1\" data-testid=\"conversation-turn-4\" data-scroll-anchor=\"true\" data-turn=\"assistant\">\n<div class=\"text-base my-auto mx-auto pb-10 &#091;--thread-content-margin:--spacing(4)&#093; @&#091;37rem&#093;:&#091;--thread-content-margin:--spacing(6)&#093; @&#091;72rem&#093;:&#091;--thread-content-margin:--spacing(16)&#093; px-(--thread-content-margin)\">\n<div class=\"&#091;--thread-content-max-width:32rem&#093; @&#091;34rem&#093;:&#091;--thread-content-max-width:40rem&#093; @&#091;64rem&#093;:&#091;--thread-content-max-width:48rem&#093; mx-auto max-w-(--thread-content-max-width) flex-1 group\/turn-messages focus-visible:outline-hidden relative flex w-full min-w-0 flex-col agent-turn\" tabindex=\"-1\">\n<div class=\"flex max-w-full flex-col grow\">\n<div class=\"min-h-8 text-message relative flex w-full flex-col items-end gap-2 text-start break-words whitespace-normal &#091;.text-message+&amp;&#093;:mt-5\" dir=\"auto\" data-message-author-role=\"assistant\" data-message-id=\"2e8eb0c0-08a5-45a3-9382-8df72b07db77\" data-message-model-slug=\"gpt-5\">\n<div class=\"flex w-full flex-col gap-1 empty:hidden first:pt-&#091;3px&#093;\">\n<div class=\"markdown prose dark:prose-invert w-full break-words light markdown-new-styling\">\n<p data-start=\"0\" data-end=\"26\" data-is-last-node=\"\" data-is-only-node=\"\"><strong>GENEVA - LAUSANNE - ZURICH<\/strong><\/p>\n<\/div>\n<\/div>\n<\/div>\n<\/div>\n<\/div>\n<\/div>\n<\/article>\n\n\t\t<\/div>\n\t<\/div>\n<div class=\"sc85_button normal left\"><a href=\"https:\/\/topmodeleurope.net\/en\/apply-casting\/\" title=\"APPLY NOW\" class=\"button\">Register now<\/a><\/div><div class=\"wpb_column vc_column_container vc_col-sm-6\"><div class=\"vc_column-inner\"><div class=\"wpb_wrapper\"><\/div><\/div><\/div><div class=\"vc_empty_space\"   style=\"height: 32px\"><span class=\"vc_empty_space_inner\"><\/span><\/div><div class=\"wpb_column vc_column_container vc_col-sm-6\"><div class=\"vc_column-inner\"><div class=\"wpb_wrapper\"><\/div><\/div><\/div><\/div><\/div><\/div><\/div><div class=\"vc_row wpb_row vc_row-fluid\"><div class=\"wpb_column vc_column_container vc_col-sm-12\"><div class=\"vc_column-inner\"><div class=\"wpb_wrapper\"><div class=\"vc_separator wpb_content_element vc_separator_align_center vc_sep_width_100 vc_sep_pos_align_center vc_separator_no_text vc_sep_color_grey wpb_content_element  wpb_content_element\" ><span class=\"vc_sep_holder vc_sep_holder_l\"><span class=\"vc_sep_line\"><\/span><\/span><span class=\"vc_sep_holder vc_sep_holder_r\"><span class=\"vc_sep_line\"><\/span><\/span>\n<\/div> <div class=\"sc85_heading wpb_content_element bold left\"> <h1 class=\"title\">CONTACT - TOP MODEL EUROPE - SWITZERLAND<cite class=\"separator\"><\/cite><\/h1> <\/div> \n\t<div class=\"wpb_text_column wpb_content_element\" >\n\t\t<div class=\"wpb_wrapper\">\n\t\t\t<p>Official mail :<\/p>\n<p><a href=\"mailto:switzerland@topmodeleurope.eu\">switzerland@topmodeleurope.eu<\/a><\/p>\n<p>Official web page :<\/p>\n<p><a href=\"https:\/\/topmodeleurope.net\/en\/switzerland\/\">https:\/\/topmodeleurope.net\/switzerland<\/a><\/p>\n<p><a href=\"https:\/\/topmodeleurope.net\/en\/switzerland\/\">https:\/\/topmodeleurope.ch<\/a><\/p>\n\n\t\t<\/div>\n\t<\/div>\n<div class=\"vc_separator wpb_content_element vc_separator_align_center vc_sep_width_100 vc_sep_pos_align_center vc_separator_no_text vc_sep_color_grey wpb_content_element  wpb_content_element\" ><span class=\"vc_sep_holder vc_sep_holder_l\"><span class=\"vc_sep_line\"><\/span><\/span><span class=\"vc_sep_holder vc_sep_holder_r\"><span class=\"vc_sep_line\"><\/span><\/span>\n<\/div> <div class=\"sc85_heading wpb_content_element bold left\"> <h1 class=\"title\">THE TEAM - TOP MODEL EUROPE - SWITZERLAND<cite class=\"separator\"><\/cite><\/h1> <\/div> <\/div><\/div><\/div><\/div><div class=\"vc_row wpb_row vc_row-fluid\"><div class=\"wpb_column vc_column_container vc_col-sm-4\"><div class=\"vc_column-inner\"><div class=\"wpb_wrapper\">\n\t<div class=\"wpb_text_column wpb_content_element\" >\n\t\t<div class=\"wpb_wrapper\">\n\t\t\t<p><img loading=\"lazy\" decoding=\"async\" class=\"alignnone wp-image-24804 size-medium\" src=\"https:\/\/topmodeleurope.net\/wp-content\/uploads\/2024\/02\/fcf20c36-e678-475d-a875-b98ad4643d9c-2-400x600.jpg\" alt=\"\" width=\"400\" height=\"600\" srcset=\"https:\/\/topmodeleurope.net\/wp-content\/uploads\/2024\/02\/fcf20c36-e678-475d-a875-b98ad4643d9c-2-400x600.jpg 400w, https:\/\/topmodeleurope.net\/wp-content\/uploads\/2024\/02\/fcf20c36-e678-475d-a875-b98ad4643d9c-2-234x350.jpg 234w, https:\/\/topmodeleurope.net\/wp-content\/uploads\/2024\/02\/fcf20c36-e678-475d-a875-b98ad4643d9c-2.jpg 427w\" sizes=\"auto, (max-width: 400px) 100vw, 400px\" \/><\/p>\n<p><strong>ULYSSE FREITAS \/ COUNTRY MANAGER - SWITZERLAND<\/strong><\/p>\n\n\t\t<\/div>\n\t<\/div>\n<\/div><\/div><\/div><\/div><div class=\"vc_row wpb_row vc_row-fluid\"><div class=\"wpb_column vc_column_container vc_col-sm-12\"><div class=\"vc_column-inner\"><div class=\"wpb_wrapper\"><div class=\"vc_separator wpb_content_element vc_separator_align_center vc_sep_width_100 vc_sep_pos_align_center vc_separator_no_text vc_sep_color_grey wpb_content_element  wpb_content_element\" ><span class=\"vc_sep_holder vc_sep_holder_l\"><span class=\"vc_sep_line\"><\/span><\/span><span class=\"vc_sep_holder vc_sep_holder_r\"><span class=\"vc_sep_line\"><\/span><\/span>\n<\/div> <div class=\"sc85_heading wpb_content_element bold left\"> <h1 class=\"title\">NEWS<cite class=\"separator\"><\/cite><\/h1> <\/div> <\/div><\/div><\/div><\/div>\n<\/div>","protected":false},"excerpt":{"rendered":"TOP MODEL EUROPE Top Model Europe est le concours international le plus prestigieux d\u00e9di\u00e9 aux mod\u00e8les et mannequins. Chaque ann\u00e9e, des s\u00e9lections sont organis\u00e9es dans de nombreux pays \u00e0 travers le monde. L\u2019objectif du concours est de r\u00e9v\u00e9ler les talents de demain et de leur offrir, gr\u00e2ce \u00e0 la complicit\u00e9 de nos partenaires internationaux (agences, [...]","protected":false},"author":1,"featured_media":0,"parent":0,"menu_order":3,"comment_status":"closed","ping_status":"closed","template":"","meta":{"sfsi_plus_gutenberg_text_before_share":"","sfsi_plus_gutenberg_show_text_before_share":"","sfsi_plus_gutenberg_icon_type":"","sfsi_plus_gutenberg_icon_alignemt":"","sfsi_plus_gutenburg_max_per_row":"","footnotes":""},"folder":[363],"class_list":["post-29638","page","type-page","status-publish","hentry"],"yoast_head":"<!-- This site is optimized with the Yoast SEO plugin v27.4 - https:\/\/yoast.com\/product\/yoast-seo-wordpress\/ -->\n<title>TOP MODEL EUROPE - TOP MODEL EUROPE - SWITZERLAND - Castings<\/title>\n<meta name=\"description\" content=\"Top Model Europe organise des s\u00e9lections en Suisse. Participez au concours international de mannequins le plus prestigieux et tentez de rejoindre la grande finale europ\u00e9enne \u00e0 Paris ou Bruxelles.\" \/>\n<meta name=\"robots\" content=\"index, follow, max-snippet:-1, max-image-preview:large, max-video-preview:-1\" \/>\n<link rel=\"canonical\" href=\"https:\/\/topmodeleurope.net\/en\/switzerland\/\" \/>\n<meta property=\"og:locale\" content=\"en_US\" \/>\n<meta property=\"og:type\" content=\"article\" \/>\n<meta property=\"og:title\" content=\"TOP MODEL EUROPE - TOP MODEL EUROPE - SWITZERLAND - Castings\" \/>\n<meta property=\"og:description\" content=\"Top Model Europe organise des s\u00e9lections en Suisse. Participez au concours international de mannequins le plus prestigieux et tentez de rejoindre la grande finale europ\u00e9enne \u00e0 Paris ou Bruxelles.\" \/>\n<meta property=\"og:url\" content=\"https:\/\/topmodeleurope.net\/en\/switzerland\/\" \/>\n<meta property=\"og:site_name\" content=\"TOP MODEL EUROPE\" \/>\n<meta property=\"article:publisher\" content=\"https:\/\/www.facebook.com\/topmodeleurope\/\" \/>\n<meta property=\"article:modified_time\" content=\"2025-09-17T06:29:40+00:00\" \/>\n<meta property=\"og:image\" content=\"https:\/\/topmodeleurope.net\/wp-content\/uploads\/2024\/02\/fcf20c36-e678-475d-a875-b98ad4643d9c-2-400x600.jpg\" \/>\n<meta name=\"twitter:card\" content=\"summary_large_image\" \/>\n<meta name=\"twitter:label1\" content=\"Est. reading time\" \/>\n\t<meta name=\"twitter:data1\" content=\"3 minutes\" \/>\n<script type=\"application\/ld+json\" class=\"yoast-schema-graph\">{\"@context\":\"https:\\\/\\\/schema.org\",\"@graph\":[{\"@type\":\"WebPage\",\"@id\":\"https:\\\/\\\/topmodeleurope.net\\\/switzerland\\\/\",\"url\":\"https:\\\/\\\/topmodeleurope.net\\\/switzerland\\\/\",\"name\":\"TOP MODEL EUROPE - TOP MODEL EUROPE - SWITZERLAND - Castings\",\"isPartOf\":{\"@id\":\"https:\\\/\\\/topmodeleurope.net\\\/#website\"},\"primaryImageOfPage\":{\"@id\":\"https:\\\/\\\/topmodeleurope.net\\\/switzerland\\\/#primaryimage\"},\"image\":{\"@id\":\"https:\\\/\\\/topmodeleurope.net\\\/switzerland\\\/#primaryimage\"},\"thumbnailUrl\":\"https:\\\/\\\/topmodeleurope.net\\\/wp-content\\\/uploads\\\/2024\\\/02\\\/fcf20c36-e678-475d-a875-b98ad4643d9c-2-400x600.jpg\",\"datePublished\":\"2025-09-03T00:20:57+00:00\",\"dateModified\":\"2025-09-17T06:29:40+00:00\",\"description\":\"Top Model Europe organise des s\u00e9lections en Suisse. Participez au concours international de mannequins le plus prestigieux et tentez de rejoindre la grande finale europ\u00e9enne \u00e0 Paris ou Bruxelles.\",\"breadcrumb\":{\"@id\":\"https:\\\/\\\/topmodeleurope.net\\\/switzerland\\\/#breadcrumb\"},\"inLanguage\":\"en-US\",\"potentialAction\":[{\"@type\":\"ReadAction\",\"target\":[\"https:\\\/\\\/topmodeleurope.net\\\/switzerland\\\/\"]}]},{\"@type\":\"ImageObject\",\"inLanguage\":\"en-US\",\"@id\":\"https:\\\/\\\/topmodeleurope.net\\\/switzerland\\\/#primaryimage\",\"url\":\"https:\\\/\\\/topmodeleurope.net\\\/wp-content\\\/uploads\\\/2024\\\/02\\\/fcf20c36-e678-475d-a875-b98ad4643d9c-2-400x600.jpg\",\"contentUrl\":\"https:\\\/\\\/topmodeleurope.net\\\/wp-content\\\/uploads\\\/2024\\\/02\\\/fcf20c36-e678-475d-a875-b98ad4643d9c-2-400x600.jpg\"},{\"@type\":\"BreadcrumbList\",\"@id\":\"https:\\\/\\\/topmodeleurope.net\\\/switzerland\\\/#breadcrumb\",\"itemListElement\":[{\"@type\":\"ListItem\",\"position\":1,\"name\":\"Accueil\",\"item\":\"https:\\\/\\\/topmodeleurope.net\\\/\"},{\"@type\":\"ListItem\",\"position\":2,\"name\":\"TOP MODEL EUROPE &#8211; SWITZERLAND\"}]},{\"@type\":\"WebSite\",\"@id\":\"https:\\\/\\\/topmodeleurope.net\\\/#website\",\"url\":\"https:\\\/\\\/topmodeleurope.net\\\/\",\"name\":\"TOP MODEL EUROPE\",\"description\":\"World Model Contest\",\"publisher\":{\"@id\":\"https:\\\/\\\/topmodeleurope.net\\\/#organization\"},\"potentialAction\":[{\"@type\":\"SearchAction\",\"target\":{\"@type\":\"EntryPoint\",\"urlTemplate\":\"https:\\\/\\\/topmodeleurope.net\\\/?s={search_term_string}\"},\"query-input\":{\"@type\":\"PropertyValueSpecification\",\"valueRequired\":true,\"valueName\":\"search_term_string\"}}],\"inLanguage\":\"en-US\"},{\"@type\":\"Organization\",\"@id\":\"https:\\\/\\\/topmodeleurope.net\\\/#organization\",\"name\":\"TOP MODEL EUROPE\",\"url\":\"https:\\\/\\\/topmodeleurope.net\\\/\",\"logo\":{\"@type\":\"ImageObject\",\"inLanguage\":\"en-US\",\"@id\":\"https:\\\/\\\/topmodeleurope.net\\\/#\\\/schema\\\/logo\\\/image\\\/\",\"url\":\"https:\\\/\\\/topmodeleurope.net\\\/wp-content\\\/uploads\\\/2018\\\/04\\\/logo-tme.jpg\",\"contentUrl\":\"https:\\\/\\\/topmodeleurope.net\\\/wp-content\\\/uploads\\\/2018\\\/04\\\/logo-tme.jpg\",\"width\":960,\"height\":960,\"caption\":\"TOP MODEL EUROPE\"},\"image\":{\"@id\":\"https:\\\/\\\/topmodeleurope.net\\\/#\\\/schema\\\/logo\\\/image\\\/\"},\"sameAs\":[\"https:\\\/\\\/www.facebook.com\\\/topmodeleurope\\\/\",\"https:\\\/\\\/www.instagram.com\\\/topmodeleuropeofficial\\\/\",\"https:\\\/\\\/fr.wikipedia.org\\\/wiki\\\/Top_Model_Europe\"]}]}<\/script>\n<!-- \/ Yoast SEO plugin. -->","yoast_head_json":{"title":"TOP MODEL EUROPE - TOP MODEL EUROPE - SWITZERLAND - Castings","description":"Top Model Europe organizes selections in Switzerland. Take part in the most prestigious international modeling contest and try to reach the European final in Paris or Brussels.","robots":{"index":"index","follow":"follow","max-snippet":"max-snippet:-1","max-image-preview":"max-image-preview:large","max-video-preview":"max-video-preview:-1"},"canonical":"https:\/\/topmodeleurope.net\/en\/switzerland\/","og_locale":"en_US","og_type":"article","og_title":"TOP MODEL EUROPE - TOP MODEL EUROPE - SWITZERLAND - Castings","og_description":"Top Model Europe organise des s\u00e9lections en Suisse. Participez au concours international de mannequins le plus prestigieux et tentez de rejoindre la grande finale europ\u00e9enne \u00e0 Paris ou Bruxelles.","og_url":"https:\/\/topmodeleurope.net\/en\/switzerland\/","og_site_name":"TOP MODEL EUROPE","article_publisher":"https:\/\/www.facebook.com\/topmodeleurope\/","article_modified_time":"2025-09-17T06:29:40+00:00","og_image":[{"url":"https:\/\/topmodeleurope.net\/wp-content\/uploads\/2024\/02\/fcf20c36-e678-475d-a875-b98ad4643d9c-2-400x600.jpg","type":"","width":"","height":""}],"twitter_card":"summary_large_image","twitter_misc":{"Est. reading time":"3 minutes"},"schema":{"@context":"https:\/\/schema.org","@graph":[{"@type":"WebPage","@id":"https:\/\/topmodeleurope.net\/switzerland\/","url":"https:\/\/topmodeleurope.net\/switzerland\/","name":"TOP MODEL EUROPE - TOP MODEL EUROPE - SWITZERLAND - Castings","isPartOf":{"@id":"https:\/\/topmodeleurope.net\/#website"},"primaryImageOfPage":{"@id":"https:\/\/topmodeleurope.net\/switzerland\/#primaryimage"},"image":{"@id":"https:\/\/topmodeleurope.net\/switzerland\/#primaryimage"},"thumbnailUrl":"https:\/\/topmodeleurope.net\/wp-content\/uploads\/2024\/02\/fcf20c36-e678-475d-a875-b98ad4643d9c-2-400x600.jpg","datePublished":"2025-09-03T00:20:57+00:00","dateModified":"2025-09-17T06:29:40+00:00","description":"Top Model Europe organizes selections in Switzerland. Take part in the most prestigious international modeling contest and try to reach the European final in Paris or Brussels.","breadcrumb":{"@id":"https:\/\/topmodeleurope.net\/switzerland\/#breadcrumb"},"inLanguage":"en-US","potentialAction":[{"@type":"ReadAction","target":["https:\/\/topmodeleurope.net\/switzerland\/"]}]},{"@type":"ImageObject","inLanguage":"en-US","@id":"https:\/\/topmodeleurope.net\/switzerland\/#primaryimage","url":"https:\/\/topmodeleurope.net\/wp-content\/uploads\/2024\/02\/fcf20c36-e678-475d-a875-b98ad4643d9c-2-400x600.jpg","contentUrl":"https:\/\/topmodeleurope.net\/wp-content\/uploads\/2024\/02\/fcf20c36-e678-475d-a875-b98ad4643d9c-2-400x600.jpg"},{"@type":"BreadcrumbList","@id":"https:\/\/topmodeleurope.net\/switzerland\/#breadcrumb","itemListElement":[{"@type":"ListItem","position":1,"name":"Accueil","item":"https:\/\/topmodeleurope.net\/"},{"@type":"ListItem","position":2,"name":"TOP MODEL EUROPE &#8211; SWITZERLAND"}]},{"@type":"WebSite","@id":"https:\/\/topmodeleurope.net\/#website","url":"https:\/\/topmodeleurope.net\/","name":"TOP MODEL EUROPE","description":"World Model Contest","publisher":{"@id":"https:\/\/topmodeleurope.net\/#organization"},"potentialAction":[{"@type":"SearchAction","target":{"@type":"EntryPoint","urlTemplate":"https:\/\/topmodeleurope.net\/?s={search_term_string}"},"query-input":{"@type":"PropertyValueSpecification","valueRequired":true,"valueName":"search_term_string"}}],"inLanguage":"en-US"},{"@type":"Organization","@id":"https:\/\/topmodeleurope.net\/#organization","name":"TOP MODEL EUROPE","url":"https:\/\/topmodeleurope.net\/","logo":{"@type":"ImageObject","inLanguage":"en-US","@id":"https:\/\/topmodeleurope.net\/#\/schema\/logo\/image\/","url":"https:\/\/topmodeleurope.net\/wp-content\/uploads\/2018\/04\/logo-tme.jpg","contentUrl":"https:\/\/topmodeleurope.net\/wp-content\/uploads\/2018\/04\/logo-tme.jpg","width":960,"height":960,"caption":"TOP MODEL EUROPE"},"image":{"@id":"https:\/\/topmodeleurope.net\/#\/schema\/logo\/image\/"},"sameAs":["https:\/\/www.facebook.com\/topmodeleurope\/","https:\/\/www.instagram.com\/topmodeleuropeofficial\/","https:\/\/fr.wikipedia.org\/wiki\/Top_Model_Europe"]}]}},"_links":{"self":[{"href":"https:\/\/topmodeleurope.net\/en\/wp-json\/wp\/v2\/pages\/29638","targetHints":{"allow":["GET"]}}],"collection":[{"href":"https:\/\/topmodeleurope.net\/en\/wp-json\/wp\/v2\/pages"}],"about":[{"href":"https:\/\/topmodeleurope.net\/en\/wp-json\/wp\/v2\/types\/page"}],"author":[{"embeddable":true,"href":"https:\/\/topmodeleurope.net\/en\/wp-json\/wp\/v2\/users\/1"}],"replies":[{"embeddable":true,"href":"https:\/\/topmodeleurope.net\/en\/wp-json\/wp\/v2\/comments?post=29638"}],"version-history":[{"count":14,"href":"https:\/\/topmodeleurope.net\/en\/wp-json\/wp\/v2\/pages\/29638\/revisions"}],"predecessor-version":[{"id":29775,"href":"https:\/\/topmodeleurope.net\/en\/wp-json\/wp\/v2\/pages\/29638\/revisions\/29775"}],"wp:attachment":[{"href":"https:\/\/topmodeleurope.net\/en\/wp-json\/wp\/v2\/media?parent=29638"}],"wp:term":[{"taxonomy":"folder","embeddable":true,"href":"https:\/\/topmodeleurope.net\/en\/wp-json\/wp\/v2\/folder?post=29638"}],"curies":[{"name":"wp","href":"https:\/\/api.w.org\/{rel}","templated":true}]}}