{"id":19695,"date":"2022-06-30T09:09:17","date_gmt":"2022-06-30T07:09:17","guid":{"rendered":"https:\/\/topmodeleurope.net\/?page_id=19695"},"modified":"2026-03-22T21:13:58","modified_gmt":"2026-03-22T20:13:58","slug":"selections","status":"publish","type":"page","link":"https:\/\/topmodeleurope.net\/en\/selections\/","title":{"rendered":"SELECTIONS"},"content":{"rendered":"<div class=\"wpb-content-wrapper\"><div class=\"vc_row wpb_row vc_row-fluid\"><div class=\"wpb_column vc_column_container vc_col-sm-12\"><div class=\"vc_column-inner\"><div class=\"wpb_wrapper\">\n\t<div class=\"wpb_text_column wpb_content_element\" >\n\t\t<div class=\"wpb_wrapper\">\n\t\t\t<p><span id=\"p0\">The site is available in English and French.<\/span><span id=\"p1\">\u00a0Others\u00a0<span id=\"2\">languages<\/span>\u00a0are automated and may contain translation errors.<\/span><\/p>\n\n\t\t<\/div>\n\t<\/div>\n <div class=\"sc85_heading wpb_content_element regular left\"> <h2 class=\"title\">COMPETITION STEPS<\/h2> <\/div> <div class=\"vc_separator wpb_content_element vc_separator_align_center vc_sep_width_100 vc_sep_pos_align_center vc_separator_no_text vc_sep_color_grey wpb_content_element  wpb_content_element\" ><span class=\"vc_sep_holder vc_sep_holder_l\"><span class=\"vc_sep_line\"><\/span><\/span><span class=\"vc_sep_holder vc_sep_holder_r\"><span class=\"vc_sep_line\"><\/span><\/span>\n<\/div> <div class=\"sc85_heading wpb_content_element regular left\"> <h2 class=\"title\">Step 1 - Pre-selection<\/h2> <\/div> \n\t<div class=\"wpb_text_column wpb_content_element\" >\n\t\t<div class=\"wpb_wrapper\">\n\t\t\t<p>Applications are checked every week by the Top Model Europe teams.<\/p>\n<p>If your profile is shortlisted, you'll receive information on the various steps of the competition within 7 days, along with your official invitation to take part.<\/p>\n\n\t\t<\/div>\n\t<\/div>\n<div class=\"vc_separator wpb_content_element vc_separator_align_center vc_sep_width_100 vc_sep_pos_align_center vc_separator_no_text vc_sep_color_grey wpb_content_element  wpb_content_element\" ><span class=\"vc_sep_holder vc_sep_holder_l\"><span class=\"vc_sep_line\"><\/span><\/span><span class=\"vc_sep_holder vc_sep_holder_r\"><span class=\"vc_sep_line\"><\/span><\/span>\n<\/div> <div class=\"sc85_heading wpb_content_element regular left\"> <h2 class=\"title\">Step 2 - Jury vote<\/h2> <\/div> \n\t<div class=\"wpb_text_column wpb_content_element\" >\n\t\t<div class=\"wpb_wrapper\">\n\t\t\t<p>The jury is made up of fashion professionals (photographers, designers, agencies, etc.). For the jury vote, you can choose to take part in one of the castings organized in a number of countries, or to take part in the online casting. If you choose the online casting, you'll receive practical information on how to make a video presentation.<\/p>\n\n\t\t<\/div>\n\t<\/div>\n<\/div><\/div><\/div><\/div><div class=\"vc_row wpb_row vc_row-fluid\"><div class=\"wpb_column vc_column_container vc_col-sm-12\"><div class=\"vc_column-inner\"><div class=\"wpb_wrapper\"><div class=\"vc_row wpb_row vc_inner vc_row-fluid\"><div class=\"wpb_column vc_column_container vc_col-sm-6\"><div class=\"vc_column-inner\"><div class=\"wpb_wrapper\"> <div class=\"sc85_heading wpb_content_element regular left\"> <h2 class=\"title\">NATIONAL CASTING<\/h2> <div class=\"subtitle\">You present yourself to the jury at a national casting.<\/div> <\/div> \n\t<div class=\"wpb_single_image wpb_content_element vc_align_left\">\n\t\t\n\t\t<figure class=\"wpb_wrapper vc_figure\">\n\t\t\t<div class=\"vc_single_image-wrapper   vc_box_border_grey\"><img loading=\"lazy\" decoding=\"async\" width=\"847\" height=\"565\" src=\"https:\/\/topmodeleurope.net\/wp-content\/uploads\/2021\/02\/Top-Model-Europe-Online-Casting-Websize-1.jpg\" class=\"vc_single_image-img attachment-full\" alt=\"\" title=\"Top Model Europe - Online Casting Websize (1)\" \/><\/div>\n\t\t<\/figure>\n\t<\/div>\n<\/div><\/div><\/div><div class=\"wpb_column vc_column_container vc_col-sm-6\"><div class=\"vc_column-inner\"><div class=\"wpb_wrapper\"> <div class=\"sc85_heading wpb_content_element regular left\"> <h2 class=\"title\">CASTING ONLINE<\/h2> <div class=\"subtitle\">Casting via zoom or video presentation<\/div> <\/div> \n\t<div class=\"wpb_single_image wpb_content_element vc_align_left\">\n\t\t\n\t\t<figure class=\"wpb_wrapper vc_figure\">\n\t\t\t<div class=\"vc_single_image-wrapper   vc_box_border_grey\"><img loading=\"lazy\" decoding=\"async\" width=\"847\" height=\"565\" src=\"https:\/\/topmodeleurope.net\/wp-content\/uploads\/2021\/02\/Top-Model-Europe-Online-Casting-1.jpg\" class=\"vc_single_image-img attachment-full\" alt=\"\" title=\"Top-Model-Europe-Online-Casting\" \/><\/div>\n\t\t<\/figure>\n\t<\/div>\n<\/div><\/div><\/div><\/div><\/div><\/div><\/div><\/div><div class=\"vc_row wpb_row vc_row-fluid\"><div class=\"wpb_column vc_column_container vc_col-sm-12\"><div class=\"vc_column-inner\"><div class=\"wpb_wrapper\"><div class=\"vc_separator wpb_content_element vc_separator_align_center vc_sep_width_100 vc_sep_pos_align_center vc_separator_no_text vc_sep_color_grey wpb_content_element  wpb_content_element\" ><span class=\"vc_sep_holder vc_sep_holder_l\"><span class=\"vc_sep_line\"><\/span><\/span><span class=\"vc_sep_holder vc_sep_holder_r\"><span class=\"vc_sep_line\"><\/span><\/span>\n<\/div> <div class=\"sc85_heading wpb_content_element regular left\"> <h2 class=\"title\">Step 3 - The semi-final<\/h2> <div class=\"subtitle\">PART A - Qualified models take part in a photo shoot in the city of their choice<\/div> <\/div> <div class=\"vc_row wpb_row vc_inner vc_row-fluid\"><div class=\"wpb_column vc_column_container vc_col-sm-3\"><div class=\"vc_column-inner\"><div class=\"wpb_wrapper\">\n\t<div class=\"wpb_single_image wpb_content_element vc_align_left\">\n\t\t\n\t\t<figure class=\"wpb_wrapper vc_figure\">\n\t\t\t<div class=\"vc_single_image-wrapper   vc_box_border_grey\"><img loading=\"lazy\" decoding=\"async\" width=\"2048\" height=\"2048\" src=\"https:\/\/topmodeleurope.net\/wp-content\/uploads\/2022\/06\/photo-output-3-1.jpg\" class=\"vc_single_image-img attachment-full\" alt=\"\" title=\"photo-output 3\" \/><\/div>\n\t\t<\/figure>\n\t<\/div>\n<\/div><\/div><\/div><div class=\"wpb_column vc_column_container vc_col-sm-3\"><div class=\"vc_column-inner\"><div class=\"wpb_wrapper\">\n\t<div class=\"wpb_single_image wpb_content_element vc_align_left\">\n\t\t\n\t\t<figure class=\"wpb_wrapper vc_figure\">\n\t\t\t<div class=\"vc_single_image-wrapper   vc_box_border_grey\"><img loading=\"lazy\" decoding=\"async\" width=\"1362\" height=\"1350\" src=\"https:\/\/topmodeleurope.net\/wp-content\/uploads\/2022\/01\/Photoshoot.png\" class=\"vc_single_image-img attachment-full\" alt=\"\" title=\"Photoshoot\" \/><\/div>\n\t\t<\/figure>\n\t<\/div>\n<\/div><\/div><\/div><\/div> <div class=\"sc85_heading wpb_content_element regular left\"> <h2 class=\"title\">Step 3 - The semi-final<\/h2> <div class=\"subtitle\">PART B - Qualified models take part in a training day<\/div> <\/div> <div class=\"vc_row wpb_row vc_inner vc_row-fluid\"><div class=\"wpb_column vc_column_container vc_col-sm-3\"><div class=\"vc_column-inner\"><div class=\"wpb_wrapper\">\n\t<div class=\"wpb_single_image wpb_content_element vc_align_left\">\n\t\t\n\t\t<figure class=\"wpb_wrapper vc_figure\">\n\t\t\t<div class=\"vc_single_image-wrapper   vc_box_border_grey\"><img loading=\"lazy\" decoding=\"async\" width=\"2048\" height=\"2048\" src=\"https:\/\/topmodeleurope.net\/wp-content\/uploads\/2022\/01\/Coaching-4.jpg\" class=\"vc_single_image-img attachment-full\" alt=\"\" title=\"Coaching 4\" \/><\/div>\n\t\t<\/figure>\n\t<\/div>\n<\/div><\/div><\/div><div class=\"wpb_column vc_column_container vc_col-sm-3\"><div class=\"vc_column-inner\"><div class=\"wpb_wrapper\">\n\t<div class=\"wpb_single_image wpb_content_element vc_align_left\">\n\t\t\n\t\t<figure class=\"wpb_wrapper vc_figure\">\n\t\t\t<div class=\"vc_single_image-wrapper   vc_box_border_grey\"><img loading=\"lazy\" decoding=\"async\" width=\"2048\" height=\"2048\" src=\"https:\/\/topmodeleurope.net\/wp-content\/uploads\/2022\/01\/Coaching-3.jpg\" class=\"vc_single_image-img attachment-full\" alt=\"\" title=\"Coaching 3\" \/><\/div>\n\t\t<\/figure>\n\t<\/div>\n<\/div><\/div><\/div><\/div><\/div><\/div><\/div><\/div><div class=\"vc_row wpb_row vc_row-fluid\"><div class=\"wpb_column vc_column_container vc_col-sm-12\"><div class=\"vc_column-inner\"><div class=\"wpb_wrapper\"> <div class=\"sc85_heading wpb_content_element regular left\"> <h2 class=\"title\">Step 3 - The semi-final<\/h2> <div class=\"subtitle\">Public vote (Free)<\/div> <\/div> \n\t<div class=\"wpb_text_column wpb_content_element\" >\n\t\t<div class=\"wpb_wrapper\">\n\t\t\t<p>Public voting takes place every year on the Top Model Europe website. Each person can vote once for all their favorite models. It is also at this stage that some partners come to see the new candidates. Voting is free for the public. An additional public vote can also be organized either on the official Top Model Europe Instagram page, or on an Instagram page specially dedicated to voting.<\/p>\n\n\t\t<\/div>\n\t<\/div>\n<div class=\"vc_row wpb_row vc_inner vc_row-fluid\"><div class=\"wpb_column vc_column_container vc_col-sm-6\"><div class=\"vc_column-inner\"><div class=\"wpb_wrapper\">\n\t<div class=\"wpb_video_widget wpb_content_element vc_clearfix   vc_video-aspect-ratio-169 vc_video-el-width-100 vc_video-align-left\" >\n\t\t<div class=\"wpb_wrapper\">\n\t\t\t\n\t\t\t<div class=\"wpb_video_wrapper\"><p class=\"winner_fitvids\"><iframe loading=\"lazy\" title=\"ONLINE VOTE.mp4\" src=\"https:\/\/player.vimeo.com\/video\/665025222?h=48fa96cfdf&amp;dnt=1&amp;app_id=122963\" width=\"500\" height=\"281\" frameborder=\"0\" allow=\"autoplay; fullscreen; picture-in-picture; clipboard-write; encrypted-media; web-share\" referrerpolicy=\"strict-origin-when-cross-origin\"><\/iframe><\/p><\/div>\n\t\t<\/div>\n\t<\/div>\n<\/div><\/div><\/div><div class=\"wpb_column vc_column_container vc_col-sm-6\"><div class=\"vc_column-inner\"><div class=\"wpb_wrapper\">\n\t<div class=\"wpb_text_column wpb_content_element\" >\n\t\t<div class=\"wpb_wrapper\">\n\t\t\t<div class=\"sc85_heading wpb_content_element regular center\">\n<h3><\/h3>\n<h3 class=\"title\" style=\"text-align: center;\">PUBLIC VOTES - 2026 EDITION<\/h3>\n<p style=\"text-align: center;\"><strong>NEXT VOTE :<\/strong><\/p>\n<\/div>\n<div class=\"wpb_text_column wpb_content_element\">\n<div class=\"wpb_wrapper\">\n<p style=\"text-align: center;\">\n<\/div>\n<\/div>\n\n\t\t<\/div>\n\t<\/div>\n<div class=\"sc85_button normal center\"><a href=\"https:\/\/topmodeleurope.net\/en\/public-vote\/\" title=\"VOTE\" target=\"_blank\" class=\"button\">SEE AGENDA<\/a><\/div><\/div><\/div><\/div><\/div><\/div><\/div><\/div><\/div><div class=\"vc_row wpb_row vc_row-fluid\"><div class=\"wpb_column vc_column_container vc_col-sm-12\"><div class=\"vc_column-inner\"><div class=\"wpb_wrapper\"><div class=\"vc_separator wpb_content_element vc_separator_align_center vc_sep_width_100 vc_sep_pos_align_center vc_separator_no_text vc_sep_color_grey wpb_content_element  wpb_content_element\" ><span class=\"vc_sep_holder vc_sep_holder_l\"><span class=\"vc_sep_line\"><\/span><\/span><span class=\"vc_sep_holder vc_sep_holder_r\"><span class=\"vc_sep_line\"><\/span><\/span>\n<\/div> <div class=\"sc85_heading wpb_content_element regular left\"> <h2 class=\"title\">Step 4 - The grand finale<\/h2> <div class=\"subtitle\">Qualified models take part in the grand finale in Paris, the fashion capital, or Brussels, the capital of Europe.<br \/> Some countries may organize a national final to qualify models for the grand final.<\/div> <\/div> <div class=\"vc_row wpb_row vc_inner vc_row-fluid\"><div class=\"wpb_column vc_column_container vc_col-sm-6\"><div class=\"vc_column-inner\"><div class=\"wpb_wrapper\">\n\t<div class=\"wpb_video_widget wpb_content_element vc_clearfix   vc_video-aspect-ratio-169 vc_video-el-width-100 vc_video-align-left\" >\n\t\t<div class=\"wpb_wrapper\">\n\t\t\t\n\t\t\t<div class=\"wpb_video_wrapper\"><p class=\"winner_fitvids\"><iframe loading=\"lazy\" title=\"TOP MODEL EUROPE - FASHION SHOW\" src=\"https:\/\/player.vimeo.com\/video\/562993766?dnt=1&amp;app_id=122963\" width=\"500\" height=\"281\" frameborder=\"0\" allow=\"autoplay; fullscreen; picture-in-picture; clipboard-write; encrypted-media; web-share\" referrerpolicy=\"strict-origin-when-cross-origin\"><\/iframe><\/p><\/div>\n\t\t<\/div>\n\t<\/div>\n<\/div><\/div><\/div><div class=\"wpb_column vc_column_container vc_col-sm-6\"><div class=\"vc_column-inner\"><div class=\"wpb_wrapper\">\n\t<div class=\"wpb_video_widget wpb_content_element vc_clearfix   vc_video-aspect-ratio-169 vc_video-el-width-100 vc_video-align-left\" >\n\t\t<div class=\"wpb_wrapper\">\n\t\t\t\n\t\t\t<div class=\"wpb_video_wrapper\"><p class=\"winner_fitvids\"><iframe loading=\"lazy\" src=\"https:\/\/player.vimeo.com\/video\/726252922?dnt=1&amp;app_id=122963\" width=\"500\" height=\"281\" frameborder=\"0\" allow=\"autoplay; fullscreen; picture-in-picture; clipboard-write; encrypted-media; web-share\" referrerpolicy=\"strict-origin-when-cross-origin\"><\/iframe><\/p><\/div>\n\t\t<\/div>\n\t<\/div>\n<\/div><\/div><\/div><\/div><\/div><\/div><\/div><\/div><div class=\"vc_row wpb_row vc_row-fluid\"><div class=\"wpb_column vc_column_container vc_col-sm-12\"><div class=\"vc_column-inner\"><div class=\"wpb_wrapper\"><div class=\"vc_empty_space\"   style=\"height: 32px\"><span class=\"vc_empty_space_inner\"><\/span><\/div><div class=\"vc_separator wpb_content_element vc_separator_align_center vc_sep_width_100 vc_sep_pos_align_center vc_separator_no_text vc_sep_color_grey wpb_content_element  wpb_content_element\" ><span class=\"vc_sep_holder vc_sep_holder_l\"><span class=\"vc_sep_line\"><\/span><\/span><span class=\"vc_sep_holder vc_sep_holder_r\"><span class=\"vc_sep_line\"><\/span><\/span>\n<\/div>\n\t<div class=\"wpb_text_column wpb_content_element\" >\n\t\t<div class=\"wpb_wrapper\">\n\t\t\t<p style=\"text-align: center;\"><strong><a href=\"https:\/\/topmodeleurope.net\/en\/success-stories\/\">CHANGE YOUR WORLD<\/a>\u00a0 \u272a\u00a0 <a href=\"https:\/\/topmodeleurope.net\/en\/castings-schedule\/\">CASTINGS 2026<\/a>\u00a0 \u272a\u00a0 <a href=\"https:\/\/topmodeleurope.net\/en\/casting-info\/\">INTERNATIONAL MODEL CONTEST<\/a><\/strong><\/p>\n\n\t\t<\/div>\n\t<\/div>\n<div class=\"vc_empty_space\"   style=\"height: 32px\"><span class=\"vc_empty_space_inner\"><\/span><\/div><div class=\"vc_empty_space\"   style=\"height: 32px\"><span class=\"vc_empty_space_inner\"><\/span><\/div><\/div><\/div><\/div><\/div>\n<\/div>","protected":false},"excerpt":{"rendered":"Le site est disponible en anglais et fran\u00e7ais.\u00a0Les autres\u00a0langues\u00a0sont automatis\u00e9es et peuvent contenir des erreurs de traduction. LES \u00c9TAPES DU CONCOURS \u00c9tape 1 - La pr\u00e9s\u00e9lection Les candidatures sont v\u00e9rifi\u00e9es chaque semaine par les \u00e9quipes de Top Model Europe. Si ton profil est pr\u00e9s\u00e9lectionn\u00e9, tu recevras dans les 7 jours les informations sur les diff\u00e9rentes [...]","protected":false},"author":1,"featured_media":0,"parent":0,"menu_order":14,"comment_status":"closed","ping_status":"closed","template":"","meta":{"sfsi_plus_gutenberg_text_before_share":"","sfsi_plus_gutenberg_show_text_before_share":"","sfsi_plus_gutenberg_icon_type":"","sfsi_plus_gutenberg_icon_alignemt":"","sfsi_plus_gutenburg_max_per_row":"","footnotes":""},"folder":[234],"class_list":["post-19695","page","type-page","status-publish","hentry"],"yoast_head":"<!-- This site is optimized with the Yoast SEO plugin v27.4 - https:\/\/yoast.com\/product\/yoast-seo-wordpress\/ -->\n<title>SELECTIONS - TOP MODEL EUROPE<\/title>\n<meta name=\"robots\" content=\"noindex, nofollow\" \/>\n<meta property=\"og:locale\" content=\"en_US\" \/>\n<meta property=\"og:type\" content=\"article\" \/>\n<meta property=\"og:title\" content=\"SELECTIONS - TOP MODEL EUROPE\" \/>\n<meta property=\"og:url\" content=\"https:\/\/topmodeleurope.net\/en\/selections\/\" \/>\n<meta property=\"og:site_name\" content=\"TOP MODEL EUROPE\" \/>\n<meta property=\"article:publisher\" content=\"https:\/\/www.facebook.com\/topmodeleurope\/\" \/>\n<meta property=\"article:modified_time\" content=\"2026-03-22T20:13:58+00:00\" \/>\n<meta name=\"twitter:card\" content=\"summary_large_image\" \/>\n<meta name=\"twitter:label1\" content=\"Est. reading time\" \/>\n\t<meta name=\"twitter:data1\" content=\"4 minutes\" \/>\n<script type=\"application\/ld+json\" class=\"yoast-schema-graph\">{\"@context\":\"https:\\\/\\\/schema.org\",\"@graph\":[{\"@type\":\"WebPage\",\"@id\":\"https:\\\/\\\/topmodeleurope.net\\\/selections\\\/\",\"url\":\"https:\\\/\\\/topmodeleurope.net\\\/selections\\\/\",\"name\":\"SELECTIONS - TOP MODEL EUROPE\",\"isPartOf\":{\"@id\":\"https:\\\/\\\/topmodeleurope.net\\\/#website\"},\"datePublished\":\"2022-06-30T07:09:17+00:00\",\"dateModified\":\"2026-03-22T20:13:58+00:00\",\"breadcrumb\":{\"@id\":\"https:\\\/\\\/topmodeleurope.net\\\/selections\\\/#breadcrumb\"},\"inLanguage\":\"en-US\",\"potentialAction\":[{\"@type\":\"ReadAction\",\"target\":[\"https:\\\/\\\/topmodeleurope.net\\\/selections\\\/\"]}]},{\"@type\":\"BreadcrumbList\",\"@id\":\"https:\\\/\\\/topmodeleurope.net\\\/selections\\\/#breadcrumb\",\"itemListElement\":[{\"@type\":\"ListItem\",\"position\":1,\"name\":\"Accueil\",\"item\":\"https:\\\/\\\/topmodeleurope.net\\\/\"},{\"@type\":\"ListItem\",\"position\":2,\"name\":\"SELECTIONS\"}]},{\"@type\":\"WebSite\",\"@id\":\"https:\\\/\\\/topmodeleurope.net\\\/#website\",\"url\":\"https:\\\/\\\/topmodeleurope.net\\\/\",\"name\":\"TOP MODEL EUROPE\",\"description\":\"World Model Contest\",\"publisher\":{\"@id\":\"https:\\\/\\\/topmodeleurope.net\\\/#organization\"},\"potentialAction\":[{\"@type\":\"SearchAction\",\"target\":{\"@type\":\"EntryPoint\",\"urlTemplate\":\"https:\\\/\\\/topmodeleurope.net\\\/?s={search_term_string}\"},\"query-input\":{\"@type\":\"PropertyValueSpecification\",\"valueRequired\":true,\"valueName\":\"search_term_string\"}}],\"inLanguage\":\"en-US\"},{\"@type\":\"Organization\",\"@id\":\"https:\\\/\\\/topmodeleurope.net\\\/#organization\",\"name\":\"TOP MODEL EUROPE\",\"url\":\"https:\\\/\\\/topmodeleurope.net\\\/\",\"logo\":{\"@type\":\"ImageObject\",\"inLanguage\":\"en-US\",\"@id\":\"https:\\\/\\\/topmodeleurope.net\\\/#\\\/schema\\\/logo\\\/image\\\/\",\"url\":\"https:\\\/\\\/topmodeleurope.net\\\/wp-content\\\/uploads\\\/2018\\\/04\\\/logo-tme.jpg\",\"contentUrl\":\"https:\\\/\\\/topmodeleurope.net\\\/wp-content\\\/uploads\\\/2018\\\/04\\\/logo-tme.jpg\",\"width\":960,\"height\":960,\"caption\":\"TOP MODEL EUROPE\"},\"image\":{\"@id\":\"https:\\\/\\\/topmodeleurope.net\\\/#\\\/schema\\\/logo\\\/image\\\/\"},\"sameAs\":[\"https:\\\/\\\/www.facebook.com\\\/topmodeleurope\\\/\",\"https:\\\/\\\/www.instagram.com\\\/topmodeleuropeofficial\\\/\",\"https:\\\/\\\/fr.wikipedia.org\\\/wiki\\\/Top_Model_Europe\"]}]}<\/script>\n<!-- \/ Yoast SEO plugin. -->","yoast_head_json":{"title":"SELECTIONS - TOP MODEL EUROPE","robots":{"index":"noindex","follow":"nofollow"},"og_locale":"en_US","og_type":"article","og_title":"SELECTIONS - TOP MODEL EUROPE","og_url":"https:\/\/topmodeleurope.net\/en\/selections\/","og_site_name":"TOP MODEL EUROPE","article_publisher":"https:\/\/www.facebook.com\/topmodeleurope\/","article_modified_time":"2026-03-22T20:13:58+00:00","twitter_card":"summary_large_image","twitter_misc":{"Est. reading time":"4 minutes"},"schema":{"@context":"https:\/\/schema.org","@graph":[{"@type":"WebPage","@id":"https:\/\/topmodeleurope.net\/selections\/","url":"https:\/\/topmodeleurope.net\/selections\/","name":"SELECTIONS - TOP MODEL EUROPE","isPartOf":{"@id":"https:\/\/topmodeleurope.net\/#website"},"datePublished":"2022-06-30T07:09:17+00:00","dateModified":"2026-03-22T20:13:58+00:00","breadcrumb":{"@id":"https:\/\/topmodeleurope.net\/selections\/#breadcrumb"},"inLanguage":"en-US","potentialAction":[{"@type":"ReadAction","target":["https:\/\/topmodeleurope.net\/selections\/"]}]},{"@type":"BreadcrumbList","@id":"https:\/\/topmodeleurope.net\/selections\/#breadcrumb","itemListElement":[{"@type":"ListItem","position":1,"name":"Accueil","item":"https:\/\/topmodeleurope.net\/"},{"@type":"ListItem","position":2,"name":"SELECTIONS"}]},{"@type":"WebSite","@id":"https:\/\/topmodeleurope.net\/#website","url":"https:\/\/topmodeleurope.net\/","name":"TOP MODEL EUROPE","description":"World Model Contest","publisher":{"@id":"https:\/\/topmodeleurope.net\/#organization"},"potentialAction":[{"@type":"SearchAction","target":{"@type":"EntryPoint","urlTemplate":"https:\/\/topmodeleurope.net\/?s={search_term_string}"},"query-input":{"@type":"PropertyValueSpecification","valueRequired":true,"valueName":"search_term_string"}}],"inLanguage":"en-US"},{"@type":"Organization","@id":"https:\/\/topmodeleurope.net\/#organization","name":"TOP MODEL EUROPE","url":"https:\/\/topmodeleurope.net\/","logo":{"@type":"ImageObject","inLanguage":"en-US","@id":"https:\/\/topmodeleurope.net\/#\/schema\/logo\/image\/","url":"https:\/\/topmodeleurope.net\/wp-content\/uploads\/2018\/04\/logo-tme.jpg","contentUrl":"https:\/\/topmodeleurope.net\/wp-content\/uploads\/2018\/04\/logo-tme.jpg","width":960,"height":960,"caption":"TOP MODEL EUROPE"},"image":{"@id":"https:\/\/topmodeleurope.net\/#\/schema\/logo\/image\/"},"sameAs":["https:\/\/www.facebook.com\/topmodeleurope\/","https:\/\/www.instagram.com\/topmodeleuropeofficial\/","https:\/\/fr.wikipedia.org\/wiki\/Top_Model_Europe"]}]}},"_links":{"self":[{"href":"https:\/\/topmodeleurope.net\/en\/wp-json\/wp\/v2\/pages\/19695","targetHints":{"allow":["GET"]}}],"collection":[{"href":"https:\/\/topmodeleurope.net\/en\/wp-json\/wp\/v2\/pages"}],"about":[{"href":"https:\/\/topmodeleurope.net\/en\/wp-json\/wp\/v2\/types\/page"}],"author":[{"embeddable":true,"href":"https:\/\/topmodeleurope.net\/en\/wp-json\/wp\/v2\/users\/1"}],"replies":[{"embeddable":true,"href":"https:\/\/topmodeleurope.net\/en\/wp-json\/wp\/v2\/comments?post=19695"}],"version-history":[{"count":5,"href":"https:\/\/topmodeleurope.net\/en\/wp-json\/wp\/v2\/pages\/19695\/revisions"}],"predecessor-version":[{"id":30939,"href":"https:\/\/topmodeleurope.net\/en\/wp-json\/wp\/v2\/pages\/19695\/revisions\/30939"}],"wp:attachment":[{"href":"https:\/\/topmodeleurope.net\/en\/wp-json\/wp\/v2\/media?parent=19695"}],"wp:term":[{"taxonomy":"folder","embeddable":true,"href":"https:\/\/topmodeleurope.net\/en\/wp-json\/wp\/v2\/folder?post=19695"}],"curies":[{"name":"wp","href":"https:\/\/api.w.org\/{rel}","templated":true}]}}