{"id":18992,"date":"2022-05-13T12:19:36","date_gmt":"2022-05-13T10:19:36","guid":{"rendered":"https:\/\/topmodeleurope.net\/?page_id=18992"},"modified":"2025-10-21T14:35:10","modified_gmt":"2025-10-21T12:35:10","slug":"designers","status":"publish","type":"page","link":"https:\/\/topmodeleurope.net\/en\/designers\/","title":{"rendered":"Designers"},"content":{"rendered":"<div class=\"wpb-content-wrapper\"><div data-vc-full-width=\"true\" data-vc-full-width-temp=\"true\" data-vc-full-width-init=\"false\" data-vc-stretch-content=\"true\" class=\"vc_row wpb_row vc_row-fluid vc_row-no-padding\"><div class=\"wpb_column vc_column_container vc_col-sm-12\"><div class=\"vc_column-inner\"><div class=\"wpb_wrapper\"><div class=\"sc85_gallery wpb_content_element w_3cols oitentaecinco\"><div class=\"wrapper\" style=\"background-color:#ffffff;\"><div class=\"image\" style=\"padding:2px;\"><a href=\"https:\/\/topmodeleurope.net\/wp-content\/uploads\/2018\/07\/designers2.jpg\"><img decoding=\"async\" src=\"https:\/\/topmodeleurope.net\/wp-content\/uploads\/2018\/07\/designers2-500x400.jpg\" alt=\"Top Model Europe - Fashion Designers\" \/><\/a><\/div><div class=\"image\" style=\"padding:2px;\"><a href=\"https:\/\/topmodeleurope.net\/wp-content\/uploads\/2018\/07\/Top-Model-Europe-Rio.jpg\"><img decoding=\"async\" src=\"https:\/\/topmodeleurope.net\/wp-content\/uploads\/2018\/07\/Top-Model-Europe-Rio-500x400.jpg\" alt=\"Top Model Europe - Rio de Janeiro\" \/><\/a><\/div><div class=\"image\" style=\"padding:2px;\"><a href=\"https:\/\/topmodeleurope.net\/wp-content\/uploads\/2018\/07\/PARTNERS.jpg\"><img decoding=\"async\" src=\"https:\/\/topmodeleurope.net\/wp-content\/uploads\/2018\/07\/PARTNERS-500x400.jpg\" alt=\"Top Model Europe - Fashion Designers\" \/><\/a><\/div><\/div><\/div><\/div><\/div><\/div><\/div><div class=\"vc_row-full-width vc_clearfix\"><\/div><div class=\"vc_row wpb_row vc_row-fluid\"><div class=\"wpb_column vc_column_container vc_col-sm-12\"><div class=\"vc_column-inner\"><div class=\"wpb_wrapper\"> <div class=\"sc85_heading wpb_content_element bold left\"> <h2 class=\"title\">TRENDY FASHION WEEK<cite class=\"separator\"><\/cite><\/h2> <\/div> \n\t<div class=\"wpb_text_column wpb_content_element\" >\n\t\t<div class=\"wpb_wrapper\">\n\t\t\t<p data-start=\"114\" data-end=\"312\">Trendy Fashion Week takes place every year in the Dominican Republic and now also in Europe, in collaboration with Top Model Europe and its international models.<\/p>\n<p data-start=\"314\" data-end=\"584\">The mission of this prestigious event is to promote fashion designers, both established and emerging, by offering them exceptional visibility in exceptional venues and a unique show dedicated to creativity and elegance.<\/p>\n\n\t\t<\/div>\n\t<\/div>\n\n\t<div class=\"wpb_video_widget wpb_content_element vc_clearfix   vc_video-aspect-ratio-169 vc_video-el-width-100 vc_video-align-left\" >\n\t\t<div class=\"wpb_wrapper\">\n\t\t\t\n\t\t\t<div class=\"wpb_video_wrapper\"><p class=\"winner_fitvids\"><iframe loading=\"lazy\" title=\"TOP MODEL EUROPE - FASHION SHOW\" src=\"https:\/\/player.vimeo.com\/video\/562993766?dnt=1&amp;app_id=122963\" width=\"500\" height=\"281\" frameborder=\"0\" allow=\"autoplay; fullscreen; picture-in-picture; clipboard-write; encrypted-media; web-share\" referrerpolicy=\"strict-origin-when-cross-origin\"><\/iframe><\/p><\/div>\n\t\t<\/div>\n\t<\/div>\n\n\t<div class=\"wpb_text_column wpb_content_element\" >\n\t\t<div class=\"wpb_wrapper\">\n\t\t\t<p>Find all the videos in <a href=\"https:\/\/topmodeleurope.net\/en\/media-video\/\">clicking HERE<\/a><\/p>\n\n\t\t<\/div>\n\t<\/div>\n<div class=\"vc_separator wpb_content_element vc_separator_align_center vc_sep_width_100 vc_sep_pos_align_center vc_separator_no_text vc_sep_color_grey wpb_content_element  wpb_content_element\" ><span class=\"vc_sep_holder vc_sep_holder_l\"><span class=\"vc_sep_line\"><\/span><\/span><span class=\"vc_sep_holder vc_sep_holder_r\"><span class=\"vc_sep_line\"><\/span><\/span>\n<\/div> <div class=\"sc85_heading wpb_content_element bold left\"> <h2 class=\"title\">2025 EDITION<cite class=\"separator\"><\/cite><\/h2> <\/div> \n\t<div class=\"wpb_text_column wpb_content_element\" >\n\t\t<div class=\"wpb_wrapper\">\n\t\t\t<p>The 2025 shows will be held in Brussels, in the heart of the capital of the European Union, bringing together designers, models and fashion professionals from all over the world.<\/p>\n<p><span style=\"text-decoration: underline;\">Date<\/span>Sunday, November 30, 2025<\/p>\n<p><span style=\"text-decoration: underline;\">Location<\/span>Brussels - Steigenberger Wiltcher's Hotel<\/p>\n\n\t\t<\/div>\n\t<\/div>\n\n\t<div class=\"wpb_single_image wpb_content_element vc_align_left\">\n\t\t\n\t\t<figure class=\"wpb_wrapper vc_figure\">\n\t\t\t<div class=\"vc_single_image-wrapper   vc_box_border_grey\"><img loading=\"lazy\" decoding=\"async\" width=\"1000\" height=\"667\" src=\"https:\/\/topmodeleurope.net\/wp-content\/uploads\/2018\/12\/steigenberger-tme.jpg\" class=\"vc_single_image-img attachment-full\" alt=\"\" title=\"steigenberger tme\" \/><\/div>\n\t\t<\/figure>\n\t<\/div>\n<div class=\"vc_separator wpb_content_element vc_separator_align_center vc_sep_width_100 vc_sep_pos_align_center vc_separator_no_text vc_sep_color_grey wpb_content_element  wpb_content_element\" ><span class=\"vc_sep_holder vc_sep_holder_l\"><span class=\"vc_sep_line\"><\/span><\/span><span class=\"vc_sep_holder vc_sep_holder_r\"><span class=\"vc_sep_line\"><\/span><\/span>\n<\/div><\/div><\/div><\/div><\/div><div class=\"vc_row wpb_row vc_row-fluid\"><div class=\"wpb_column vc_column_container vc_col-sm-12\"><div class=\"vc_column-inner\"><div class=\"wpb_wrapper\"> <div class=\"sc85_heading wpb_content_element bold left\"> <h2 class=\"title\">APPLICATIONS<cite class=\"separator\"><\/cite><\/h2> <\/div> \n\t<div class=\"wpb_text_column wpb_content_element\" >\n\t\t<div class=\"wpb_wrapper\">\n\t\t\t<h3 data-start=\"159\" data-end=\"187\">COLLECTION TO PRESENT<\/h3>\n<p data-start=\"188\" data-end=\"408\">Beginning or experienced designers can present a collection of 10 to 15 pieces at the show.<br data-start=\"299\" data-end=\"302\" \/>Each collection must express the designer's universe and highlight his or her artistic identity.<\/p>\n<h3 data-start=\"410\" data-end=\"439\">APPLICATION &amp; SELECTION<\/h3>\n<p data-start=\"440\" data-end=\"604\">To apply for a chance to present your collection at Trendy Fashion Week, please fill in the form below.<\/p>\n<p data-start=\"606\" data-end=\"723\">\ud83d\uddd3\ufe0f Application deadline: Sunday, November 2, 2025<br data-start=\"660\" data-end=\"663\" \/>\ud83d\udce9 Announcement of selected designers: Monday, November 3, 2025<\/p>\n\n\t\t<\/div>\n\t<\/div>\n<div class=\"vc_separator wpb_content_element vc_separator_align_center vc_sep_width_100 vc_sep_pos_align_center vc_separator_no_text vc_sep_color_grey wpb_content_element  wpb_content_element\" ><span class=\"vc_sep_holder vc_sep_holder_l\"><span class=\"vc_sep_line\"><\/span><\/span><span class=\"vc_sep_holder vc_sep_holder_r\"><span class=\"vc_sep_line\"><\/span><\/span>\n<\/div> <div class=\"sc85_heading wpb_content_element bold left\"> <h2 class=\"title\">FORM - DESIGNERS<cite class=\"separator\"><\/cite><\/h2> <\/div> <div class=\"sc85_button large inline\"><a href=\"https:\/\/topmodeleurope.net\/en\/form-fashion-designers\/\" class=\"button\">APPLICATION FORM<\/a><\/div><\/div><\/div><\/div><div class=\"wpb_column vc_column_container vc_col-sm-12\"><div class=\"vc_column-inner\"><div class=\"wpb_wrapper\"><\/div><\/div><\/div><div class=\"wpb_column vc_column_container vc_col-sm-12\"><div class=\"vc_column-inner\"><div class=\"wpb_wrapper\"><\/div><\/div><\/div><\/div>\n<\/div>","protected":false},"excerpt":{"rendered":"TRENDY FASHION WEEK La Trendy Fashion Week se d\u00e9roule chaque ann\u00e9e en R\u00e9publique Dominicaine et d\u00e9sormais \u00e9galement en Europe, en collaboration avec Top Model Europe et ses mannequins internationaux. Cet \u00e9v\u00e9nement prestigieux a pour mission de valoriser les cr\u00e9ateurs de mode, qu\u2019ils soient confirm\u00e9s ou \u00e9mergents, en leur offrant une visibilit\u00e9 exceptionnelle au sein de [...]","protected":false},"author":1,"featured_media":0,"parent":0,"menu_order":8,"comment_status":"closed","ping_status":"closed","template":"","meta":{"sfsi_plus_gutenberg_text_before_share":"","sfsi_plus_gutenberg_show_text_before_share":"","sfsi_plus_gutenberg_icon_type":"","sfsi_plus_gutenberg_icon_alignemt":"","sfsi_plus_gutenburg_max_per_row":"","footnotes":""},"folder":[203],"class_list":["post-18992","page","type-page","status-publish","hentry"],"yoast_head":"<!-- This site is optimized with the Yoast SEO plugin v27.3 - https:\/\/yoast.com\/product\/yoast-seo-wordpress\/ -->\n<title>Designers - TOP MODEL EUROPE<\/title>\n<meta name=\"robots\" content=\"index, follow, max-snippet:-1, max-image-preview:large, max-video-preview:-1\" \/>\n<link rel=\"canonical\" href=\"https:\/\/topmodeleurope.net\/en\/designers\/\" \/>\n<meta property=\"og:locale\" content=\"en_US\" \/>\n<meta property=\"og:type\" content=\"article\" \/>\n<meta property=\"og:title\" content=\"Designers - TOP MODEL EUROPE\" \/>\n<meta property=\"og:url\" content=\"https:\/\/topmodeleurope.net\/en\/designers\/\" \/>\n<meta property=\"og:site_name\" content=\"TOP MODEL EUROPE\" \/>\n<meta property=\"article:publisher\" content=\"https:\/\/www.facebook.com\/topmodeleurope\/\" \/>\n<meta property=\"article:modified_time\" content=\"2025-10-21T12:35:10+00:00\" \/>\n<meta name=\"twitter:card\" content=\"summary_large_image\" \/>\n<meta name=\"twitter:label1\" content=\"Est. reading time\" \/>\n\t<meta name=\"twitter:data1\" content=\"2 minutes\" \/>\n<script type=\"application\/ld+json\" class=\"yoast-schema-graph\">{\"@context\":\"https:\\\/\\\/schema.org\",\"@graph\":[{\"@type\":\"WebPage\",\"@id\":\"https:\\\/\\\/topmodeleurope.net\\\/designers\\\/\",\"url\":\"https:\\\/\\\/topmodeleurope.net\\\/designers\\\/\",\"name\":\"Designers - TOP MODEL EUROPE\",\"isPartOf\":{\"@id\":\"https:\\\/\\\/topmodeleurope.net\\\/#website\"},\"datePublished\":\"2022-05-13T10:19:36+00:00\",\"dateModified\":\"2025-10-21T12:35:10+00:00\",\"breadcrumb\":{\"@id\":\"https:\\\/\\\/topmodeleurope.net\\\/designers\\\/#breadcrumb\"},\"inLanguage\":\"en-US\",\"potentialAction\":[{\"@type\":\"ReadAction\",\"target\":[\"https:\\\/\\\/topmodeleurope.net\\\/designers\\\/\"]}]},{\"@type\":\"BreadcrumbList\",\"@id\":\"https:\\\/\\\/topmodeleurope.net\\\/designers\\\/#breadcrumb\",\"itemListElement\":[{\"@type\":\"ListItem\",\"position\":1,\"name\":\"Accueil\",\"item\":\"https:\\\/\\\/topmodeleurope.net\\\/\"},{\"@type\":\"ListItem\",\"position\":2,\"name\":\"Designers\"}]},{\"@type\":\"WebSite\",\"@id\":\"https:\\\/\\\/topmodeleurope.net\\\/#website\",\"url\":\"https:\\\/\\\/topmodeleurope.net\\\/\",\"name\":\"TOP MODEL EUROPE\",\"description\":\"World Model Contest\",\"publisher\":{\"@id\":\"https:\\\/\\\/topmodeleurope.net\\\/#organization\"},\"potentialAction\":[{\"@type\":\"SearchAction\",\"target\":{\"@type\":\"EntryPoint\",\"urlTemplate\":\"https:\\\/\\\/topmodeleurope.net\\\/?s={search_term_string}\"},\"query-input\":{\"@type\":\"PropertyValueSpecification\",\"valueRequired\":true,\"valueName\":\"search_term_string\"}}],\"inLanguage\":\"en-US\"},{\"@type\":\"Organization\",\"@id\":\"https:\\\/\\\/topmodeleurope.net\\\/#organization\",\"name\":\"TOP MODEL EUROPE\",\"url\":\"https:\\\/\\\/topmodeleurope.net\\\/\",\"logo\":{\"@type\":\"ImageObject\",\"inLanguage\":\"en-US\",\"@id\":\"https:\\\/\\\/topmodeleurope.net\\\/#\\\/schema\\\/logo\\\/image\\\/\",\"url\":\"https:\\\/\\\/topmodeleurope.net\\\/wp-content\\\/uploads\\\/2018\\\/04\\\/logo-tme.jpg\",\"contentUrl\":\"https:\\\/\\\/topmodeleurope.net\\\/wp-content\\\/uploads\\\/2018\\\/04\\\/logo-tme.jpg\",\"width\":960,\"height\":960,\"caption\":\"TOP MODEL EUROPE\"},\"image\":{\"@id\":\"https:\\\/\\\/topmodeleurope.net\\\/#\\\/schema\\\/logo\\\/image\\\/\"},\"sameAs\":[\"https:\\\/\\\/www.facebook.com\\\/topmodeleurope\\\/\",\"https:\\\/\\\/www.instagram.com\\\/topmodeleuropeofficial\\\/\",\"https:\\\/\\\/fr.wikipedia.org\\\/wiki\\\/Top_Model_Europe\"]}]}<\/script>\n<!-- \/ Yoast SEO plugin. -->","yoast_head_json":{"title":"Designers - TOP MODEL EUROPE","robots":{"index":"index","follow":"follow","max-snippet":"max-snippet:-1","max-image-preview":"max-image-preview:large","max-video-preview":"max-video-preview:-1"},"canonical":"https:\/\/topmodeleurope.net\/en\/designers\/","og_locale":"en_US","og_type":"article","og_title":"Designers - TOP MODEL EUROPE","og_url":"https:\/\/topmodeleurope.net\/en\/designers\/","og_site_name":"TOP MODEL EUROPE","article_publisher":"https:\/\/www.facebook.com\/topmodeleurope\/","article_modified_time":"2025-10-21T12:35:10+00:00","twitter_card":"summary_large_image","twitter_misc":{"Est. reading time":"2 minutes"},"schema":{"@context":"https:\/\/schema.org","@graph":[{"@type":"WebPage","@id":"https:\/\/topmodeleurope.net\/designers\/","url":"https:\/\/topmodeleurope.net\/designers\/","name":"Designers - TOP MODEL EUROPE","isPartOf":{"@id":"https:\/\/topmodeleurope.net\/#website"},"datePublished":"2022-05-13T10:19:36+00:00","dateModified":"2025-10-21T12:35:10+00:00","breadcrumb":{"@id":"https:\/\/topmodeleurope.net\/designers\/#breadcrumb"},"inLanguage":"en-US","potentialAction":[{"@type":"ReadAction","target":["https:\/\/topmodeleurope.net\/designers\/"]}]},{"@type":"BreadcrumbList","@id":"https:\/\/topmodeleurope.net\/designers\/#breadcrumb","itemListElement":[{"@type":"ListItem","position":1,"name":"Accueil","item":"https:\/\/topmodeleurope.net\/"},{"@type":"ListItem","position":2,"name":"Designers"}]},{"@type":"WebSite","@id":"https:\/\/topmodeleurope.net\/#website","url":"https:\/\/topmodeleurope.net\/","name":"TOP MODEL EUROPE","description":"World Model Contest","publisher":{"@id":"https:\/\/topmodeleurope.net\/#organization"},"potentialAction":[{"@type":"SearchAction","target":{"@type":"EntryPoint","urlTemplate":"https:\/\/topmodeleurope.net\/?s={search_term_string}"},"query-input":{"@type":"PropertyValueSpecification","valueRequired":true,"valueName":"search_term_string"}}],"inLanguage":"en-US"},{"@type":"Organization","@id":"https:\/\/topmodeleurope.net\/#organization","name":"TOP MODEL EUROPE","url":"https:\/\/topmodeleurope.net\/","logo":{"@type":"ImageObject","inLanguage":"en-US","@id":"https:\/\/topmodeleurope.net\/#\/schema\/logo\/image\/","url":"https:\/\/topmodeleurope.net\/wp-content\/uploads\/2018\/04\/logo-tme.jpg","contentUrl":"https:\/\/topmodeleurope.net\/wp-content\/uploads\/2018\/04\/logo-tme.jpg","width":960,"height":960,"caption":"TOP MODEL EUROPE"},"image":{"@id":"https:\/\/topmodeleurope.net\/#\/schema\/logo\/image\/"},"sameAs":["https:\/\/www.facebook.com\/topmodeleurope\/","https:\/\/www.instagram.com\/topmodeleuropeofficial\/","https:\/\/fr.wikipedia.org\/wiki\/Top_Model_Europe"]}]}},"_links":{"self":[{"href":"https:\/\/topmodeleurope.net\/en\/wp-json\/wp\/v2\/pages\/18992","targetHints":{"allow":["GET"]}}],"collection":[{"href":"https:\/\/topmodeleurope.net\/en\/wp-json\/wp\/v2\/pages"}],"about":[{"href":"https:\/\/topmodeleurope.net\/en\/wp-json\/wp\/v2\/types\/page"}],"author":[{"embeddable":true,"href":"https:\/\/topmodeleurope.net\/en\/wp-json\/wp\/v2\/users\/1"}],"replies":[{"embeddable":true,"href":"https:\/\/topmodeleurope.net\/en\/wp-json\/wp\/v2\/comments?post=18992"}],"version-history":[{"count":7,"href":"https:\/\/topmodeleurope.net\/en\/wp-json\/wp\/v2\/pages\/18992\/revisions"}],"predecessor-version":[{"id":30266,"href":"https:\/\/topmodeleurope.net\/en\/wp-json\/wp\/v2\/pages\/18992\/revisions\/30266"}],"wp:attachment":[{"href":"https:\/\/topmodeleurope.net\/en\/wp-json\/wp\/v2\/media?parent=18992"}],"wp:term":[{"taxonomy":"folder","embeddable":true,"href":"https:\/\/topmodeleurope.net\/en\/wp-json\/wp\/v2\/folder?post=18992"}],"curies":[{"name":"wp","href":"https:\/\/api.w.org\/{rel}","templated":true}]}}