{"id":24956,"date":"2024-04-28T00:03:00","date_gmt":"2024-04-27T22:03:00","guid":{"rendered":"https:\/\/topmodeleurope.net\/?page_id=24956"},"modified":"2025-08-25T02:15:57","modified_gmt":"2025-08-25T00:15:57","slug":"contact","status":"publish","type":"page","link":"https:\/\/topmodeleurope.net\/de\/contact\/","title":{"rendered":"KONTAKT"},"content":{"rendered":"<div class=\"wpb-content-wrapper\"><div class=\"vc_row wpb_row vc_row-fluid\"><div class=\"wpb_column vc_column_container vc_col-sm-3\"><div class=\"vc_column-inner\"><div class=\"wpb_wrapper\"> <div class=\"sc85_heading wpb_content_element regular left\"> <h2 class=\"title\">MODELL<\/h2> <\/div> \n\t<div class=\"wpb_text_column wpb_content_element\" >\n\t\t<div class=\"wpb_wrapper\">\n\t\t\t<p><a href=\"https:\/\/topmodeleurope.net\/de\/contact-faq-1\/\">Ich m\u00f6chte teilnehmen<\/a><\/p>\n<p><a href=\"https:\/\/topmodeleurope.net\/de\/contact-faq-1\/\">Ich habe meine Bewerbung eingereicht<\/a><\/p>\n<p><a href=\"https:\/\/topmodeleurope.net\/de\/contact-faq-2\/\">Ich habe meine Teilnahme best\u00e4tigt<\/a><\/p>\n<p><a href=\"https:\/\/topmodeleurope.net\/de\/contact-faq-2\/\">Ich habe bereits eine Bewerbernummer<\/a><\/p>\n\n\t\t<\/div>\n\t<\/div>\n<\/div><\/div><\/div><div class=\"wpb_column vc_column_container vc_col-sm-3\"><div class=\"vc_column-inner\"><div class=\"wpb_wrapper\"> <div class=\"sc85_heading wpb_content_element regular left\"> <h2 class=\"title\">PROFESSIONELL<\/h2> <\/div> \n\t<div class=\"wpb_text_column wpb_content_element\" >\n\t\t<div class=\"wpb_wrapper\">\n\t\t\t<p><a href=\"https:\/\/topmodeleurope.net\/de\/pro-contact\/\">Ich bin Fachkraft f\u00fcr Bildbearbeitung oder Sch\u00f6nheitspflege und m\u00f6chte Partner werden<\/a><\/p>\n<p><a href=\"https:\/\/topmodeleurope.net\/de\/pro-contact\/\">Ich bin Modedesigner und m\u00f6chte Partner werden<\/a><\/p>\n<p><a href=\"https:\/\/topmodeleurope.net\/de\/pro-contact\/\">Ich bin eine Agentur und m\u00f6chte eines Ihrer Modelle vertreten<\/a><\/p>\n<p><a href=\"https:\/\/topmodeleurope.net\/de\/pro-contact\/\">Ich m\u00f6chte Vorlagen f\u00fcr ein Projekt reservieren<\/a><\/p>\n<p><a href=\"https:\/\/topmodeleurope.net\/de\/contact-press\/\">Ich bin Journalist<\/a><\/p>\n<p><a href=\"https:\/\/topmodeleurope.net\/de\/pro-contact\/\">Andere<\/a><\/p>\n\n\t\t<\/div>\n\t<\/div>\n<\/div><\/div><\/div><div class=\"wpb_column vc_column_container vc_col-sm-3\"><div class=\"vc_column-inner\"><div class=\"wpb_wrapper\"> <div class=\"sc85_heading wpb_content_element regular left\"> <h2 class=\"title\">TME-LIZENZ<\/h2> <\/div> \n\t<div class=\"wpb_text_column wpb_content_element\" >\n\t\t<div class=\"wpb_wrapper\">\n\t\t\t<p><a href=\"https:\/\/topmodeleurope.net\/de\/license-contact\/\">Ich m\u00f6chte Top Model Europe in meinem Land, meiner Region organisieren.<\/a><\/p>\n\n\t\t<\/div>\n\t<\/div>\n<\/div><\/div><\/div><div class=\"wpb_column vc_column_container vc_col-sm-3\"><div class=\"vc_column-inner\"><div class=\"wpb_wrapper\"> <div class=\"sc85_heading wpb_content_element regular left\"> <h2 class=\"title\">SPONSOR &amp; PLATZIERUNG<\/h2> <\/div> \n\t<div class=\"wpb_text_column wpb_content_element\" >\n\t\t<div class=\"wpb_wrapper\">\n\t\t\t<p><a href=\"https:\/\/topmodeleurope.net\/de\/pro-contact\/\">Ich m\u00f6chte Top Model Europe sponsern<\/a><\/p>\n<p><a href=\"https:\/\/topmodeleurope.net\/de\/pro-contact\/\">Ich m\u00f6chte eine Produktplatzierung vornehmen<\/a><\/p>\n\n\t\t<\/div>\n\t<\/div>\n<\/div><\/div><\/div><\/div><div class=\"vc_row wpb_row vc_row-fluid\"><div class=\"wpb_column vc_column_container vc_col-sm-12\"><div class=\"vc_column-inner\"><div class=\"wpb_wrapper\"><div class=\"vc_empty_space\"   style=\"height: 32px\"><span class=\"vc_empty_space_inner\"><\/span><\/div><div class=\"vc_separator wpb_content_element vc_separator_align_center vc_sep_width_100 vc_sep_pos_align_center vc_separator_no_text vc_sep_color_grey wpb_content_element  wpb_content_element\" ><span class=\"vc_sep_holder vc_sep_holder_l\"><span class=\"vc_sep_line\"><\/span><\/span><span class=\"vc_sep_holder vc_sep_holder_r\"><span class=\"vc_sep_line\"><\/span><\/span>\n<\/div>\n\t<div class=\"wpb_text_column wpb_content_element\" >\n\t\t<div class=\"wpb_wrapper\">\n\t\t\t<p style=\"text-align: center;\"><strong><a href=\"https:\/\/topmodeleurope.net\/de\/success-stories\/\">CHANGE YOUR WORLD<\/a>\u00a0 \u272a\u00a0 <a href=\"https:\/\/topmodeleurope.net\/de\/castings-schedule\/\">CASTINGS 2025-26<\/a>\u00a0 \u272a\u00a0 <a href=\"https:\/\/topmodeleurope.net\/de\/casting-info\/\">INTERNATIONAL MODEL CONTEST<\/a><\/strong><\/p>\n\n\t\t<\/div>\n\t<\/div>\n<\/div><\/div><\/div><\/div>\n<\/div>","protected":false},"excerpt":{"rendered":"MOD\u00c8LE Je souhaite participer J'ai soumis ma candidature J\u2019ai confirm\u00e9 ma participation J'ai d\u00e9j\u00e0 un num\u00e9ro de candidat(e) PROFESSIONNEL Je suis professionnel de l'image ou de la beaut\u00e9 et souhaite \u00eatre partenaire Je suis cr\u00e9ateur de mode et souhaite \u00eatre partenaire Je suis une agence et souhaite repr\u00e9senter un de vos mod\u00e8les Je souhaite r\u00e9server [...]","protected":false},"author":1,"featured_media":0,"parent":0,"menu_order":66,"comment_status":"closed","ping_status":"closed","template":"","meta":{"sfsi_plus_gutenberg_text_before_share":"","sfsi_plus_gutenberg_show_text_before_share":"","sfsi_plus_gutenberg_icon_type":"","sfsi_plus_gutenberg_icon_alignemt":"","sfsi_plus_gutenburg_max_per_row":"","footnotes":""},"folder":[232],"class_list":["post-24956","page","type-page","status-publish","hentry"],"yoast_head":"<!-- This site is optimized with the Yoast SEO plugin v27.4 - https:\/\/yoast.com\/product\/yoast-seo-wordpress\/ -->\n<title>TOP MODEL EUROPE - CONTACT<\/title>\n<meta name=\"description\" content=\"Top Model Europe - Formulaire de Contact\" \/>\n<meta name=\"robots\" content=\"index, follow, max-snippet:-1, max-image-preview:large, max-video-preview:-1\" \/>\n<link rel=\"canonical\" href=\"https:\/\/topmodeleurope.net\/de\/contact\/\" \/>\n<meta property=\"og:locale\" content=\"de_DE\" \/>\n<meta property=\"og:type\" content=\"article\" \/>\n<meta property=\"og:title\" content=\"TOP MODEL EUROPE - CONTACT\" \/>\n<meta property=\"og:description\" content=\"Top Model Europe - Formulaire de Contact\" \/>\n<meta property=\"og:url\" content=\"https:\/\/topmodeleurope.net\/de\/contact\/\" \/>\n<meta property=\"og:site_name\" content=\"TOP MODEL EUROPE\" \/>\n<meta property=\"article:publisher\" content=\"https:\/\/www.facebook.com\/topmodeleurope\/\" \/>\n<meta property=\"article:modified_time\" content=\"2025-08-25T00:15:57+00:00\" \/>\n<meta name=\"twitter:card\" content=\"summary_large_image\" \/>\n<meta name=\"twitter:label1\" content=\"Gesch\u00e4tzte Lesezeit\" \/>\n\t<meta name=\"twitter:data1\" content=\"1\u00a0Minute\" \/>\n<script type=\"application\/ld+json\" class=\"yoast-schema-graph\">{\"@context\":\"https:\\\/\\\/schema.org\",\"@graph\":[{\"@type\":\"WebPage\",\"@id\":\"https:\\\/\\\/topmodeleurope.net\\\/contact\\\/\",\"url\":\"https:\\\/\\\/topmodeleurope.net\\\/contact\\\/\",\"name\":\"TOP MODEL EUROPE - CONTACT\",\"isPartOf\":{\"@id\":\"https:\\\/\\\/topmodeleurope.net\\\/#website\"},\"datePublished\":\"2024-04-27T22:03:00+00:00\",\"dateModified\":\"2025-08-25T00:15:57+00:00\",\"description\":\"Top Model Europe - Formulaire de Contact\",\"breadcrumb\":{\"@id\":\"https:\\\/\\\/topmodeleurope.net\\\/contact\\\/#breadcrumb\"},\"inLanguage\":\"de\",\"potentialAction\":[{\"@type\":\"ReadAction\",\"target\":[\"https:\\\/\\\/topmodeleurope.net\\\/contact\\\/\"]}]},{\"@type\":\"BreadcrumbList\",\"@id\":\"https:\\\/\\\/topmodeleurope.net\\\/contact\\\/#breadcrumb\",\"itemListElement\":[{\"@type\":\"ListItem\",\"position\":1,\"name\":\"Accueil\",\"item\":\"https:\\\/\\\/topmodeleurope.net\\\/\"},{\"@type\":\"ListItem\",\"position\":2,\"name\":\"CONTACT\"}]},{\"@type\":\"WebSite\",\"@id\":\"https:\\\/\\\/topmodeleurope.net\\\/#website\",\"url\":\"https:\\\/\\\/topmodeleurope.net\\\/\",\"name\":\"TOP MODEL EUROPE\",\"description\":\"World Model Contest\",\"publisher\":{\"@id\":\"https:\\\/\\\/topmodeleurope.net\\\/#organization\"},\"potentialAction\":[{\"@type\":\"SearchAction\",\"target\":{\"@type\":\"EntryPoint\",\"urlTemplate\":\"https:\\\/\\\/topmodeleurope.net\\\/?s={search_term_string}\"},\"query-input\":{\"@type\":\"PropertyValueSpecification\",\"valueRequired\":true,\"valueName\":\"search_term_string\"}}],\"inLanguage\":\"de\"},{\"@type\":\"Organization\",\"@id\":\"https:\\\/\\\/topmodeleurope.net\\\/#organization\",\"name\":\"TOP MODEL EUROPE\",\"url\":\"https:\\\/\\\/topmodeleurope.net\\\/\",\"logo\":{\"@type\":\"ImageObject\",\"inLanguage\":\"de\",\"@id\":\"https:\\\/\\\/topmodeleurope.net\\\/#\\\/schema\\\/logo\\\/image\\\/\",\"url\":\"https:\\\/\\\/topmodeleurope.net\\\/wp-content\\\/uploads\\\/2018\\\/04\\\/logo-tme.jpg\",\"contentUrl\":\"https:\\\/\\\/topmodeleurope.net\\\/wp-content\\\/uploads\\\/2018\\\/04\\\/logo-tme.jpg\",\"width\":960,\"height\":960,\"caption\":\"TOP MODEL EUROPE\"},\"image\":{\"@id\":\"https:\\\/\\\/topmodeleurope.net\\\/#\\\/schema\\\/logo\\\/image\\\/\"},\"sameAs\":[\"https:\\\/\\\/www.facebook.com\\\/topmodeleurope\\\/\",\"https:\\\/\\\/www.instagram.com\\\/topmodeleuropeofficial\\\/\",\"https:\\\/\\\/fr.wikipedia.org\\\/wiki\\\/Top_Model_Europe\"]}]}<\/script>\n<!-- \/ Yoast SEO plugin. -->","yoast_head_json":{"title":"TOP MODEL EUROPE - KONTAKT","description":"Top Model Europe - Kontaktformular","robots":{"index":"index","follow":"follow","max-snippet":"max-snippet:-1","max-image-preview":"max-image-preview:large","max-video-preview":"max-video-preview:-1"},"canonical":"https:\/\/topmodeleurope.net\/de\/contact\/","og_locale":"de_DE","og_type":"article","og_title":"TOP MODEL EUROPE - CONTACT","og_description":"Top Model Europe - Formulaire de Contact","og_url":"https:\/\/topmodeleurope.net\/de\/contact\/","og_site_name":"TOP MODEL EUROPE","article_publisher":"https:\/\/www.facebook.com\/topmodeleurope\/","article_modified_time":"2025-08-25T00:15:57+00:00","twitter_card":"summary_large_image","twitter_misc":{"Gesch\u00e4tzte Lesezeit":"1\u00a0Minute"},"schema":{"@context":"https:\/\/schema.org","@graph":[{"@type":"WebPage","@id":"https:\/\/topmodeleurope.net\/contact\/","url":"https:\/\/topmodeleurope.net\/contact\/","name":"TOP MODEL EUROPE - KONTAKT","isPartOf":{"@id":"https:\/\/topmodeleurope.net\/#website"},"datePublished":"2024-04-27T22:03:00+00:00","dateModified":"2025-08-25T00:15:57+00:00","description":"Top Model Europe - Kontaktformular","breadcrumb":{"@id":"https:\/\/topmodeleurope.net\/contact\/#breadcrumb"},"inLanguage":"de","potentialAction":[{"@type":"ReadAction","target":["https:\/\/topmodeleurope.net\/contact\/"]}]},{"@type":"BreadcrumbList","@id":"https:\/\/topmodeleurope.net\/contact\/#breadcrumb","itemListElement":[{"@type":"ListItem","position":1,"name":"Accueil","item":"https:\/\/topmodeleurope.net\/"},{"@type":"ListItem","position":2,"name":"CONTACT"}]},{"@type":"WebSite","@id":"https:\/\/topmodeleurope.net\/#website","url":"https:\/\/topmodeleurope.net\/","name":"TOP MODEL EUROPE","description":"World Model Contest","publisher":{"@id":"https:\/\/topmodeleurope.net\/#organization"},"potentialAction":[{"@type":"SearchAction","target":{"@type":"EntryPoint","urlTemplate":"https:\/\/topmodeleurope.net\/?s={search_term_string}"},"query-input":{"@type":"PropertyValueSpecification","valueRequired":true,"valueName":"search_term_string"}}],"inLanguage":"de"},{"@type":"Organization","@id":"https:\/\/topmodeleurope.net\/#organization","name":"TOP MODEL EUROPE","url":"https:\/\/topmodeleurope.net\/","logo":{"@type":"ImageObject","inLanguage":"de","@id":"https:\/\/topmodeleurope.net\/#\/schema\/logo\/image\/","url":"https:\/\/topmodeleurope.net\/wp-content\/uploads\/2018\/04\/logo-tme.jpg","contentUrl":"https:\/\/topmodeleurope.net\/wp-content\/uploads\/2018\/04\/logo-tme.jpg","width":960,"height":960,"caption":"TOP MODEL EUROPE"},"image":{"@id":"https:\/\/topmodeleurope.net\/#\/schema\/logo\/image\/"},"sameAs":["https:\/\/www.facebook.com\/topmodeleurope\/","https:\/\/www.instagram.com\/topmodeleuropeofficial\/","https:\/\/fr.wikipedia.org\/wiki\/Top_Model_Europe"]}]}},"_links":{"self":[{"href":"https:\/\/topmodeleurope.net\/de\/wp-json\/wp\/v2\/pages\/24956","targetHints":{"allow":["GET"]}}],"collection":[{"href":"https:\/\/topmodeleurope.net\/de\/wp-json\/wp\/v2\/pages"}],"about":[{"href":"https:\/\/topmodeleurope.net\/de\/wp-json\/wp\/v2\/types\/page"}],"author":[{"embeddable":true,"href":"https:\/\/topmodeleurope.net\/de\/wp-json\/wp\/v2\/users\/1"}],"replies":[{"embeddable":true,"href":"https:\/\/topmodeleurope.net\/de\/wp-json\/wp\/v2\/comments?post=24956"}],"version-history":[{"count":1,"href":"https:\/\/topmodeleurope.net\/de\/wp-json\/wp\/v2\/pages\/24956\/revisions"}],"predecessor-version":[{"id":29532,"href":"https:\/\/topmodeleurope.net\/de\/wp-json\/wp\/v2\/pages\/24956\/revisions\/29532"}],"wp:attachment":[{"href":"https:\/\/topmodeleurope.net\/de\/wp-json\/wp\/v2\/media?parent=24956"}],"wp:term":[{"taxonomy":"folder","embeddable":true,"href":"https:\/\/topmodeleurope.net\/de\/wp-json\/wp\/v2\/folder?post=24956"}],"curies":[{"name":"wp","href":"https:\/\/api.w.org\/{rel}","templated":true}]}}