{"id":18992,"date":"2022-05-13T12:19:36","date_gmt":"2022-05-13T10:19:36","guid":{"rendered":"https:\/\/topmodeleurope.net\/?page_id=18992"},"modified":"2025-10-21T14:35:10","modified_gmt":"2025-10-21T12:35:10","slug":"designer","status":"publish","type":"page","link":"https:\/\/topmodeleurope.net\/de\/designers\/","title":{"rendered":"Designer"},"content":{"rendered":"<div class=\"wpb-content-wrapper\"><div data-vc-full-width=\"true\" data-vc-full-width-temp=\"true\" data-vc-full-width-init=\"false\" data-vc-stretch-content=\"true\" class=\"vc_row wpb_row vc_row-fluid vc_row-no-padding\"><div class=\"wpb_column vc_column_container vc_col-sm-12\"><div class=\"vc_column-inner\"><div class=\"wpb_wrapper\"><div class=\"sc85_gallery wpb_content_element w_3cols oitentaecinco\"><div class=\"wrapper\" style=\"background-color:#ffffff;\"><div class=\"image\" style=\"padding:2px;\"><a href=\"https:\/\/topmodeleurope.net\/wp-content\/uploads\/2018\/07\/designers2.jpg\"><img decoding=\"async\" src=\"https:\/\/topmodeleurope.net\/wp-content\/uploads\/2018\/07\/designers2-500x400.jpg\" alt=\"Top Model Europe - Fashion Designers\" \/><\/a><\/div><div class=\"image\" style=\"padding:2px;\"><a href=\"https:\/\/topmodeleurope.net\/wp-content\/uploads\/2018\/07\/Top-Model-Europe-Rio.jpg\"><img decoding=\"async\" src=\"https:\/\/topmodeleurope.net\/wp-content\/uploads\/2018\/07\/Top-Model-Europe-Rio-500x400.jpg\" alt=\"Top Model Europe - Rio de Janeiro\" \/><\/a><\/div><div class=\"image\" style=\"padding:2px;\"><a href=\"https:\/\/topmodeleurope.net\/wp-content\/uploads\/2018\/07\/PARTNERS.jpg\"><img decoding=\"async\" src=\"https:\/\/topmodeleurope.net\/wp-content\/uploads\/2018\/07\/PARTNERS-500x400.jpg\" alt=\"Top Model Europe - Fashion Designers\" \/><\/a><\/div><\/div><\/div><\/div><\/div><\/div><\/div><div class=\"vc_row-full-width vc_clearfix\"><\/div><div class=\"vc_row wpb_row vc_row-fluid\"><div class=\"wpb_column vc_column_container vc_col-sm-12\"><div class=\"vc_column-inner\"><div class=\"wpb_wrapper\"> <div class=\"sc85_heading wpb_content_element bold left\"> <h2 class=\"title\">TRENDY FASHION WEEK<cite class=\"separator\"><\/cite><\/h2> <\/div> \n\t<div class=\"wpb_text_column wpb_content_element\" >\n\t\t<div class=\"wpb_wrapper\">\n\t\t\t<p data-start=\"114\" data-end=\"312\">Die Trendy Fashion Week findet jedes Jahr in der Dominikanischen Republik und nun auch in Europa statt, in Zusammenarbeit mit Top Model Europe und seinen internationalen Models.<\/p>\n<p data-start=\"314\" data-end=\"584\">Diese prestigetr\u00e4chtige Veranstaltung hat es sich zur Aufgabe gemacht, sowohl etablierte als auch aufstrebende Modedesigner aufzuwerten, indem sie ihnen eine au\u00dfergew\u00f6hnliche Sichtbarkeit an au\u00dfergew\u00f6hnlichen Orten und eine einzigartige Show bietet, die der Kreativit\u00e4t und der Eleganz gewidmet ist.<\/p>\n\n\t\t<\/div>\n\t<\/div>\n\n\t<div class=\"wpb_video_widget wpb_content_element vc_clearfix   vc_video-aspect-ratio-169 vc_video-el-width-100 vc_video-align-left\" >\n\t\t<div class=\"wpb_wrapper\">\n\t\t\t\n\t\t\t<div class=\"wpb_video_wrapper\"><p class=\"winner_fitvids\"><iframe loading=\"lazy\" title=\"TOP MODEL EUROPE - FASHION SHOW\" src=\"https:\/\/player.vimeo.com\/video\/562993766?dnt=1&amp;app_id=122963\" width=\"500\" height=\"281\" frameborder=\"0\" allow=\"autoplay; fullscreen; picture-in-picture; clipboard-write; encrypted-media; web-share\" referrerpolicy=\"strict-origin-when-cross-origin\"><\/iframe><\/p><\/div>\n\t\t<\/div>\n\t<\/div>\n\n\t<div class=\"wpb_text_column wpb_content_element\" >\n\t\t<div class=\"wpb_wrapper\">\n\t\t\t<p>Finden Sie alle Videos in <a href=\"https:\/\/topmodeleurope.net\/de\/media-video\/\">HIER klicken<\/a><\/p>\n\n\t\t<\/div>\n\t<\/div>\n<div class=\"vc_separator wpb_content_element vc_separator_align_center vc_sep_width_100 vc_sep_pos_align_center vc_separator_no_text vc_sep_color_grey wpb_content_element  wpb_content_element\" ><span class=\"vc_sep_holder vc_sep_holder_l\"><span class=\"vc_sep_line\"><\/span><\/span><span class=\"vc_sep_holder vc_sep_holder_r\"><span class=\"vc_sep_line\"><\/span><\/span>\n<\/div> <div class=\"sc85_heading wpb_content_element bold left\"> <h2 class=\"title\">AUSGABE 2025<cite class=\"separator\"><\/cite><\/h2> <\/div> \n\t<div class=\"wpb_text_column wpb_content_element\" >\n\t\t<div class=\"wpb_wrapper\">\n\t\t\t<p>Die Modenschauen der Ausgabe 2025 werden in Br\u00fcssel, im Herzen der Hauptstadt der Europ\u00e4ischen Union, stattfinden und Designer, Models und Modefachleute aus der ganzen Welt zusammenbringen.<\/p>\n<p><span style=\"text-decoration: underline;\">Datum<\/span>: Sonntag, 30. November 2025<\/p>\n<p><span style=\"text-decoration: underline;\">Ort<\/span>: Br\u00fcssel - Steigenberger Hotel Wiltcher's<\/p>\n\n\t\t<\/div>\n\t<\/div>\n\n\t<div class=\"wpb_single_image wpb_content_element vc_align_left\">\n\t\t\n\t\t<figure class=\"wpb_wrapper vc_figure\">\n\t\t\t<div class=\"vc_single_image-wrapper   vc_box_border_grey\"><img loading=\"lazy\" decoding=\"async\" width=\"1000\" height=\"667\" src=\"https:\/\/topmodeleurope.net\/wp-content\/uploads\/2018\/12\/steigenberger-tme.jpg\" class=\"vc_single_image-img attachment-full\" alt=\"\" title=\"steigenberger tme\" \/><\/div>\n\t\t<\/figure>\n\t<\/div>\n<div class=\"vc_separator wpb_content_element vc_separator_align_center vc_sep_width_100 vc_sep_pos_align_center vc_separator_no_text vc_sep_color_grey wpb_content_element  wpb_content_element\" ><span class=\"vc_sep_holder vc_sep_holder_l\"><span class=\"vc_sep_line\"><\/span><\/span><span class=\"vc_sep_holder vc_sep_holder_r\"><span class=\"vc_sep_line\"><\/span><\/span>\n<\/div><\/div><\/div><\/div><\/div><div class=\"vc_row wpb_row vc_row-fluid\"><div class=\"wpb_column vc_column_container vc_col-sm-12\"><div class=\"vc_column-inner\"><div class=\"wpb_wrapper\"> <div class=\"sc85_heading wpb_content_element bold left\"> <h2 class=\"title\">KANDIDATEN<cite class=\"separator\"><\/cite><\/h2> <\/div> \n\t<div class=\"wpb_text_column wpb_content_element\" >\n\t\t<div class=\"wpb_wrapper\">\n\t\t\t<h3 data-start=\"159\" data-end=\"187\">VORZEIGBARE SAMMLUNG<\/h3>\n<p data-start=\"188\" data-end=\"408\">Angehende oder erfahrene Designer k\u00f6nnen bei der Modenschau eine Kollektion von 10 bis 15 St\u00fccken pr\u00e4sentieren.<br data-start=\"299\" data-end=\"302\" \/>Jede Kollektion soll die Welt des Designers zum Ausdruck bringen und seine k\u00fcnstlerische Identit\u00e4t betonen.<\/p>\n<h3 data-start=\"410\" data-end=\"439\">BEWERBUNG &amp; AUSWAHL<\/h3>\n<p data-start=\"440\" data-end=\"604\">Um Ihre Bewerbung einzureichen und die Chance zu erhalten, Ihre Kollektion w\u00e4hrend der Trendy Fashion Week zu pr\u00e4sentieren, f\u00fcllen Sie bitte das untenstehende Formular aus.<\/p>\n<p data-start=\"606\" data-end=\"723\">\ud83d\uddd3\ufe0f Ende der Bewerbungsfrist: Sonntag, 2. November 2025<br data-start=\"660\" data-end=\"663\" \/>\ud83d\udce9 Bekanntgabe der ausgew\u00e4hlten Sch\u00f6pfer: Montag, 3. November 2025<\/p>\n\n\t\t<\/div>\n\t<\/div>\n<div class=\"vc_separator wpb_content_element vc_separator_align_center vc_sep_width_100 vc_sep_pos_align_center vc_separator_no_text vc_sep_color_grey wpb_content_element  wpb_content_element\" ><span class=\"vc_sep_holder vc_sep_holder_l\"><span class=\"vc_sep_line\"><\/span><\/span><span class=\"vc_sep_holder vc_sep_holder_r\"><span class=\"vc_sep_line\"><\/span><\/span>\n<\/div> <div class=\"sc85_heading wpb_content_element bold left\"> <h2 class=\"title\">FORMULAR - DESIGNER<cite class=\"separator\"><\/cite><\/h2> <\/div> <div class=\"sc85_button large inline\"><a href=\"https:\/\/topmodeleurope.net\/de\/form-fashion-designers\/\" class=\"button\">FORMULAR - BEWERBUNG<\/a><\/div><\/div><\/div><\/div><div class=\"wpb_column vc_column_container vc_col-sm-12\"><div class=\"vc_column-inner\"><div class=\"wpb_wrapper\"><\/div><\/div><\/div><div class=\"wpb_column vc_column_container vc_col-sm-12\"><div class=\"vc_column-inner\"><div class=\"wpb_wrapper\"><\/div><\/div><\/div><\/div>\n<\/div>","protected":false},"excerpt":{"rendered":"TRENDY FASHION WEEK La Trendy Fashion Week se d\u00e9roule chaque ann\u00e9e en R\u00e9publique Dominicaine et d\u00e9sormais \u00e9galement en Europe, en collaboration avec Top Model Europe et ses mannequins internationaux. Cet \u00e9v\u00e9nement prestigieux a pour mission de valoriser les cr\u00e9ateurs de mode, qu\u2019ils soient confirm\u00e9s ou \u00e9mergents, en leur offrant une visibilit\u00e9 exceptionnelle au sein de [...]","protected":false},"author":1,"featured_media":0,"parent":0,"menu_order":8,"comment_status":"closed","ping_status":"closed","template":"","meta":{"sfsi_plus_gutenberg_text_before_share":"","sfsi_plus_gutenberg_show_text_before_share":"","sfsi_plus_gutenberg_icon_type":"","sfsi_plus_gutenberg_icon_alignemt":"","sfsi_plus_gutenburg_max_per_row":"","footnotes":""},"folder":[203],"class_list":["post-18992","page","type-page","status-publish","hentry"],"yoast_head":"<!-- This site is optimized with the Yoast SEO plugin v27.3 - https:\/\/yoast.com\/product\/yoast-seo-wordpress\/ -->\n<title>Designers - TOP MODEL EUROPE<\/title>\n<meta name=\"robots\" content=\"index, follow, max-snippet:-1, max-image-preview:large, max-video-preview:-1\" \/>\n<link rel=\"canonical\" href=\"https:\/\/topmodeleurope.net\/de\/designer\/\" \/>\n<meta property=\"og:locale\" content=\"de_DE\" \/>\n<meta property=\"og:type\" content=\"article\" \/>\n<meta property=\"og:title\" content=\"Designers - TOP MODEL EUROPE\" \/>\n<meta property=\"og:url\" content=\"https:\/\/topmodeleurope.net\/de\/designer\/\" \/>\n<meta property=\"og:site_name\" content=\"TOP MODEL EUROPE\" \/>\n<meta property=\"article:publisher\" content=\"https:\/\/www.facebook.com\/topmodeleurope\/\" \/>\n<meta property=\"article:modified_time\" content=\"2025-10-21T12:35:10+00:00\" \/>\n<meta name=\"twitter:card\" content=\"summary_large_image\" \/>\n<meta name=\"twitter:label1\" content=\"Gesch\u00e4tzte Lesezeit\" \/>\n\t<meta name=\"twitter:data1\" content=\"2\u00a0Minuten\" \/>\n<script type=\"application\/ld+json\" class=\"yoast-schema-graph\">{\"@context\":\"https:\\\/\\\/schema.org\",\"@graph\":[{\"@type\":\"WebPage\",\"@id\":\"https:\\\/\\\/topmodeleurope.net\\\/designers\\\/\",\"url\":\"https:\\\/\\\/topmodeleurope.net\\\/designers\\\/\",\"name\":\"Designers - TOP MODEL EUROPE\",\"isPartOf\":{\"@id\":\"https:\\\/\\\/topmodeleurope.net\\\/#website\"},\"datePublished\":\"2022-05-13T10:19:36+00:00\",\"dateModified\":\"2025-10-21T12:35:10+00:00\",\"breadcrumb\":{\"@id\":\"https:\\\/\\\/topmodeleurope.net\\\/designers\\\/#breadcrumb\"},\"inLanguage\":\"de\",\"potentialAction\":[{\"@type\":\"ReadAction\",\"target\":[\"https:\\\/\\\/topmodeleurope.net\\\/designers\\\/\"]}]},{\"@type\":\"BreadcrumbList\",\"@id\":\"https:\\\/\\\/topmodeleurope.net\\\/designers\\\/#breadcrumb\",\"itemListElement\":[{\"@type\":\"ListItem\",\"position\":1,\"name\":\"Accueil\",\"item\":\"https:\\\/\\\/topmodeleurope.net\\\/\"},{\"@type\":\"ListItem\",\"position\":2,\"name\":\"Designers\"}]},{\"@type\":\"WebSite\",\"@id\":\"https:\\\/\\\/topmodeleurope.net\\\/#website\",\"url\":\"https:\\\/\\\/topmodeleurope.net\\\/\",\"name\":\"TOP MODEL EUROPE\",\"description\":\"World Model Contest\",\"publisher\":{\"@id\":\"https:\\\/\\\/topmodeleurope.net\\\/#organization\"},\"potentialAction\":[{\"@type\":\"SearchAction\",\"target\":{\"@type\":\"EntryPoint\",\"urlTemplate\":\"https:\\\/\\\/topmodeleurope.net\\\/?s={search_term_string}\"},\"query-input\":{\"@type\":\"PropertyValueSpecification\",\"valueRequired\":true,\"valueName\":\"search_term_string\"}}],\"inLanguage\":\"de\"},{\"@type\":\"Organization\",\"@id\":\"https:\\\/\\\/topmodeleurope.net\\\/#organization\",\"name\":\"TOP MODEL EUROPE\",\"url\":\"https:\\\/\\\/topmodeleurope.net\\\/\",\"logo\":{\"@type\":\"ImageObject\",\"inLanguage\":\"de\",\"@id\":\"https:\\\/\\\/topmodeleurope.net\\\/#\\\/schema\\\/logo\\\/image\\\/\",\"url\":\"https:\\\/\\\/topmodeleurope.net\\\/wp-content\\\/uploads\\\/2018\\\/04\\\/logo-tme.jpg\",\"contentUrl\":\"https:\\\/\\\/topmodeleurope.net\\\/wp-content\\\/uploads\\\/2018\\\/04\\\/logo-tme.jpg\",\"width\":960,\"height\":960,\"caption\":\"TOP MODEL EUROPE\"},\"image\":{\"@id\":\"https:\\\/\\\/topmodeleurope.net\\\/#\\\/schema\\\/logo\\\/image\\\/\"},\"sameAs\":[\"https:\\\/\\\/www.facebook.com\\\/topmodeleurope\\\/\",\"https:\\\/\\\/www.instagram.com\\\/topmodeleuropeofficial\\\/\",\"https:\\\/\\\/fr.wikipedia.org\\\/wiki\\\/Top_Model_Europe\"]}]}<\/script>\n<!-- \/ Yoast SEO plugin. -->","yoast_head_json":{"title":"Designer - TOP MODEL EUROPE","robots":{"index":"index","follow":"follow","max-snippet":"max-snippet:-1","max-image-preview":"max-image-preview:large","max-video-preview":"max-video-preview:-1"},"canonical":"https:\/\/topmodeleurope.net\/de\/designer\/","og_locale":"de_DE","og_type":"article","og_title":"Designers - TOP MODEL EUROPE","og_url":"https:\/\/topmodeleurope.net\/de\/designer\/","og_site_name":"TOP MODEL EUROPE","article_publisher":"https:\/\/www.facebook.com\/topmodeleurope\/","article_modified_time":"2025-10-21T12:35:10+00:00","twitter_card":"summary_large_image","twitter_misc":{"Gesch\u00e4tzte Lesezeit":"2\u00a0Minuten"},"schema":{"@context":"https:\/\/schema.org","@graph":[{"@type":"WebPage","@id":"https:\/\/topmodeleurope.net\/designers\/","url":"https:\/\/topmodeleurope.net\/designers\/","name":"Designer - TOP MODEL EUROPE","isPartOf":{"@id":"https:\/\/topmodeleurope.net\/#website"},"datePublished":"2022-05-13T10:19:36+00:00","dateModified":"2025-10-21T12:35:10+00:00","breadcrumb":{"@id":"https:\/\/topmodeleurope.net\/designers\/#breadcrumb"},"inLanguage":"de","potentialAction":[{"@type":"ReadAction","target":["https:\/\/topmodeleurope.net\/designers\/"]}]},{"@type":"BreadcrumbList","@id":"https:\/\/topmodeleurope.net\/designers\/#breadcrumb","itemListElement":[{"@type":"ListItem","position":1,"name":"Accueil","item":"https:\/\/topmodeleurope.net\/"},{"@type":"ListItem","position":2,"name":"Designers"}]},{"@type":"WebSite","@id":"https:\/\/topmodeleurope.net\/#website","url":"https:\/\/topmodeleurope.net\/","name":"TOP MODEL EUROPE","description":"World Model Contest","publisher":{"@id":"https:\/\/topmodeleurope.net\/#organization"},"potentialAction":[{"@type":"SearchAction","target":{"@type":"EntryPoint","urlTemplate":"https:\/\/topmodeleurope.net\/?s={search_term_string}"},"query-input":{"@type":"PropertyValueSpecification","valueRequired":true,"valueName":"search_term_string"}}],"inLanguage":"de"},{"@type":"Organization","@id":"https:\/\/topmodeleurope.net\/#organization","name":"TOP MODEL EUROPE","url":"https:\/\/topmodeleurope.net\/","logo":{"@type":"ImageObject","inLanguage":"de","@id":"https:\/\/topmodeleurope.net\/#\/schema\/logo\/image\/","url":"https:\/\/topmodeleurope.net\/wp-content\/uploads\/2018\/04\/logo-tme.jpg","contentUrl":"https:\/\/topmodeleurope.net\/wp-content\/uploads\/2018\/04\/logo-tme.jpg","width":960,"height":960,"caption":"TOP MODEL EUROPE"},"image":{"@id":"https:\/\/topmodeleurope.net\/#\/schema\/logo\/image\/"},"sameAs":["https:\/\/www.facebook.com\/topmodeleurope\/","https:\/\/www.instagram.com\/topmodeleuropeofficial\/","https:\/\/fr.wikipedia.org\/wiki\/Top_Model_Europe"]}]}},"_links":{"self":[{"href":"https:\/\/topmodeleurope.net\/de\/wp-json\/wp\/v2\/pages\/18992","targetHints":{"allow":["GET"]}}],"collection":[{"href":"https:\/\/topmodeleurope.net\/de\/wp-json\/wp\/v2\/pages"}],"about":[{"href":"https:\/\/topmodeleurope.net\/de\/wp-json\/wp\/v2\/types\/page"}],"author":[{"embeddable":true,"href":"https:\/\/topmodeleurope.net\/de\/wp-json\/wp\/v2\/users\/1"}],"replies":[{"embeddable":true,"href":"https:\/\/topmodeleurope.net\/de\/wp-json\/wp\/v2\/comments?post=18992"}],"version-history":[{"count":7,"href":"https:\/\/topmodeleurope.net\/de\/wp-json\/wp\/v2\/pages\/18992\/revisions"}],"predecessor-version":[{"id":30266,"href":"https:\/\/topmodeleurope.net\/de\/wp-json\/wp\/v2\/pages\/18992\/revisions\/30266"}],"wp:attachment":[{"href":"https:\/\/topmodeleurope.net\/de\/wp-json\/wp\/v2\/media?parent=18992"}],"wp:term":[{"taxonomy":"folder","embeddable":true,"href":"https:\/\/topmodeleurope.net\/de\/wp-json\/wp\/v2\/folder?post=18992"}],"curies":[{"name":"wp","href":"https:\/\/api.w.org\/{rel}","templated":true}]}}