{"id":25102,"date":"2024-05-17T17:56:47","date_gmt":"2024-05-17T15:56:47","guid":{"rendered":"https:\/\/topmodeleurope.net\/?page_id=25102"},"modified":"2024-10-25T20:05:02","modified_gmt":"2024-10-25T18:05:02","slug":"contact-faq-2","status":"publish","type":"page","link":"http:\/\/topmodeleurope.net\/pt\/contact-faq-2\/","title":{"rendered":"CONTACTO FAQ 2"},"content":{"rendered":"<div class=\"wpb-content-wrapper\"><div class=\"vc_row wpb_row vc_row-fluid\"><div class=\"wpb_column vc_column_container vc_col-sm-12\"><div class=\"vc_column-inner\"><div class=\"wpb_wrapper\"> <div class=\"sc85_heading wpb_content_element bold left\"> <h2 class=\"title\">MODELO<cite class=\"separator\"><\/cite><\/h2> <div class=\"subtitle\">Confirmei a minha participa\u00e7\u00e3o \/ J\u00e1 tenho um n\u00famero de candidato<\/div> <\/div> \n\t<div class=\"wpb_text_column wpb_content_element\" >\n\t\t<div class=\"wpb_wrapper\">\n\t\t\t<p><span style=\"color: #0000ff;\"><a style=\"color: #0000ff;\" href=\"https:\/\/topmodeleurope.net\/pt\/contact\/\">Voltar ao menu de contactos<\/a><\/span><\/p>\n\n\t\t<\/div>\n\t<\/div>\n<\/div><\/div><\/div><\/div><div class=\"vc_row wpb_row vc_row-fluid\"><div class=\"wpb_column vc_column_container vc_col-sm-12\"><div class=\"vc_column-inner\"><div class=\"wpb_wrapper\"><div  class=\"vc_do_toggle vc_toggle vc_toggle_default vc_toggle_color_default  vc_toggle_size_md\"><div class=\"vc_toggle_title\"><h4>N\u00e3o recebi a informa\u00e7\u00e3o sobre a vota\u00e7\u00e3o do j\u00fari (casting).<\/h4><i class=\"vc_toggle_icon\"><\/i><\/div><div class=\"vc_toggle_content\"><p>Para receber not\u00edcias:<\/p>\n<ol>\n<li>Confirme a sua participa\u00e7\u00e3o pagando a taxa de inscri\u00e7\u00e3o.<\/li>\n<li>Receber\u00e1 imediatamente uma mensagem eletr\u00f3nica de confirma\u00e7\u00e3o<\/li>\n<li>A liga\u00e7\u00e3o Internet com todas as informa\u00e7\u00f5es consta do bilhete que recebe imediatamente por correio eletr\u00f3nico ap\u00f3s a confirma\u00e7\u00e3o.<\/li>\n<\/ol>\n<div>Mais informa\u00e7\u00f5es:<\/div>\n<ol>\n<li>A liga\u00e7\u00e3o permite-lhe selecionar o seu pa\u00eds e obter informa\u00e7\u00f5es sobre a fase seguinte no seu pa\u00eds (ou sele\u00e7\u00e3o em linha).<\/li>\n<li>Pelo menos tr\u00eas dias antes do evento, receber\u00e1 uma mensagem eletr\u00f3nica de aviso com as informa\u00e7\u00f5es necess\u00e1rias e o seu n\u00famero de candidato.<\/li>\n<\/ol>\n<\/div><\/div><div  class=\"vc_do_toggle vc_toggle vc_toggle_default vc_toggle_color_default  vc_toggle_size_md\"><div class=\"vc_toggle_title\"><h4>Estou \u00e0 espera de um e-mail da Top Model Europe. Ainda n\u00e3o recebi nenhum.<\/h4><i class=\"vc_toggle_icon\"><\/i><\/div><div class=\"vc_toggle_content\"><p>As nossas mensagens de correio eletr\u00f3nico s\u00e3o sempre enviadas para o endere\u00e7o de correio eletr\u00f3nico que forneceu quando se registou. Se n\u00e3o recebeu a nossa mensagem de correio eletr\u00f3nico, recomendamos-lhe que :<\/p>\n<ol>\n<li>Verifique o seu correio n\u00e3o solicitado (incluindo promo\u00e7\u00f5es e outros filtros na sua caixa de correio).<\/li>\n<li>Procure na sua caixa de correio introduzindo : <a rel=\"noopener\">info@topmodeleurope.net<\/a>.<\/li>\n<li>Se utilizar um endere\u00e7o @icloud.com, este endere\u00e7o deve ser evitado por raz\u00f5es de capacidade de entrega, contacte-nos.<\/li>\n<li>Para garantir que as nossas mensagens de correio eletr\u00f3nico chegam \u00e0 sua caixa de entrada, adicione <a rel=\"noopener\">info@topmodeleurope.net<\/a> \u00e0 sua lista de contactos.<\/li>\n<\/ol>\n<\/div><\/div><div  class=\"vc_do_toggle vc_toggle vc_toggle_default vc_toggle_color_default  vc_toggle_size_md\"><div class=\"vc_toggle_title\"><h4>Tenho outra pergunta<\/h4><i class=\"vc_toggle_icon\"><\/i><\/div><div class=\"vc_toggle_content\"><p>Contacte diretamente o comit\u00e9 do seu pa\u00eds atrav\u00e9s do seguinte formul\u00e1rio:<\/p>\n<p>FORMUL\u00c1RIO DE CONTACTO :<span style=\"color: #0000ff;\"> <a style=\"color: #0000ff;\" href=\"https:\/\/topmodeleurope.net\/pt\/contact-candidate\/\">CLIQUE AQUI<\/a><\/span><\/p>\n<\/div><\/div><\/div><\/div><\/div><\/div>\n<\/div>","protected":false},"excerpt":{"rendered":"MOD\u00c8LE J\u2019ai confirm\u00e9 ma participation \/ J\u2019ai d\u00e9j\u00e0 un num\u00e9ro de candidat(e) Retour au menu contact Je n&#039;ai pas re\u00e7u les infos pour le vote du jury (casting).Pour recevoir les infos: Confirme ta participation en payant les frais d'inscription. Tu re\u00e7ois imm\u00e9diatement un mail de confirmation Le lien Internet avec toutes les infos se trouve [...]","protected":false},"author":1,"featured_media":0,"parent":0,"menu_order":0,"comment_status":"closed","ping_status":"closed","template":"","meta":{"sfsi_plus_gutenberg_text_before_share":"","sfsi_plus_gutenberg_show_text_before_share":"","sfsi_plus_gutenberg_icon_type":"","sfsi_plus_gutenberg_icon_alignemt":"","sfsi_plus_gutenburg_max_per_row":"","footnotes":""},"folder":[232],"class_list":["post-25102","page","type-page","status-publish","hentry"],"yoast_head":"<!-- This site is optimized with the Yoast SEO plugin v27.4 - https:\/\/yoast.com\/product\/yoast-seo-wordpress\/ -->\n<title>TOP MODEL EUROPE - CONTACT FAQ 2<\/title>\n<meta name=\"description\" content=\"Top Model Europe - Formulaire de Contact\" \/>\n<meta name=\"robots\" content=\"index, follow, max-snippet:-1, max-image-preview:large, max-video-preview:-1\" \/>\n<link rel=\"canonical\" href=\"https:\/\/topmodeleurope.net\/pt\/contact-faq-2\/\" \/>\n<meta property=\"og:locale\" content=\"pt_PT\" \/>\n<meta property=\"og:type\" content=\"article\" \/>\n<meta property=\"og:title\" content=\"TOP MODEL EUROPE - CONTACT FAQ 2\" \/>\n<meta property=\"og:description\" content=\"Top Model Europe - Formulaire de Contact\" \/>\n<meta property=\"og:url\" content=\"https:\/\/topmodeleurope.net\/pt\/contact-faq-2\/\" \/>\n<meta property=\"og:site_name\" content=\"TOP MODEL EUROPE\" \/>\n<meta property=\"article:publisher\" content=\"https:\/\/www.facebook.com\/topmodeleurope\/\" \/>\n<meta property=\"article:modified_time\" content=\"2024-10-25T18:05:02+00:00\" \/>\n<meta name=\"twitter:card\" content=\"summary_large_image\" \/>\n<meta name=\"twitter:label1\" content=\"Tempo estimado de leitura\" \/>\n\t<meta name=\"twitter:data1\" content=\"2 minutos\" \/>\n<script type=\"application\/ld+json\" class=\"yoast-schema-graph\">{\"@context\":\"https:\\\/\\\/schema.org\",\"@graph\":[{\"@type\":\"WebPage\",\"@id\":\"https:\\\/\\\/topmodeleurope.net\\\/contact-faq-2\\\/\",\"url\":\"https:\\\/\\\/topmodeleurope.net\\\/contact-faq-2\\\/\",\"name\":\"TOP MODEL EUROPE - CONTACT FAQ 2\",\"isPartOf\":{\"@id\":\"https:\\\/\\\/topmodeleurope.net\\\/#website\"},\"datePublished\":\"2024-05-17T15:56:47+00:00\",\"dateModified\":\"2024-10-25T18:05:02+00:00\",\"description\":\"Top Model Europe - Formulaire de Contact\",\"breadcrumb\":{\"@id\":\"https:\\\/\\\/topmodeleurope.net\\\/contact-faq-2\\\/#breadcrumb\"},\"inLanguage\":\"pt-PT\",\"potentialAction\":[{\"@type\":\"ReadAction\",\"target\":[\"https:\\\/\\\/topmodeleurope.net\\\/contact-faq-2\\\/\"]}]},{\"@type\":\"BreadcrumbList\",\"@id\":\"https:\\\/\\\/topmodeleurope.net\\\/contact-faq-2\\\/#breadcrumb\",\"itemListElement\":[{\"@type\":\"ListItem\",\"position\":1,\"name\":\"Accueil\",\"item\":\"https:\\\/\\\/topmodeleurope.net\\\/\"},{\"@type\":\"ListItem\",\"position\":2,\"name\":\"CONTACT FAQ 2\"}]},{\"@type\":\"WebSite\",\"@id\":\"https:\\\/\\\/topmodeleurope.net\\\/#website\",\"url\":\"https:\\\/\\\/topmodeleurope.net\\\/\",\"name\":\"TOP MODEL EUROPE\",\"description\":\"World Model Contest\",\"publisher\":{\"@id\":\"https:\\\/\\\/topmodeleurope.net\\\/#organization\"},\"potentialAction\":[{\"@type\":\"SearchAction\",\"target\":{\"@type\":\"EntryPoint\",\"urlTemplate\":\"https:\\\/\\\/topmodeleurope.net\\\/?s={search_term_string}\"},\"query-input\":{\"@type\":\"PropertyValueSpecification\",\"valueRequired\":true,\"valueName\":\"search_term_string\"}}],\"inLanguage\":\"pt-PT\"},{\"@type\":\"Organization\",\"@id\":\"https:\\\/\\\/topmodeleurope.net\\\/#organization\",\"name\":\"TOP MODEL EUROPE\",\"url\":\"https:\\\/\\\/topmodeleurope.net\\\/\",\"logo\":{\"@type\":\"ImageObject\",\"inLanguage\":\"pt-PT\",\"@id\":\"https:\\\/\\\/topmodeleurope.net\\\/#\\\/schema\\\/logo\\\/image\\\/\",\"url\":\"https:\\\/\\\/topmodeleurope.net\\\/wp-content\\\/uploads\\\/2018\\\/04\\\/logo-tme.jpg\",\"contentUrl\":\"https:\\\/\\\/topmodeleurope.net\\\/wp-content\\\/uploads\\\/2018\\\/04\\\/logo-tme.jpg\",\"width\":960,\"height\":960,\"caption\":\"TOP MODEL EUROPE\"},\"image\":{\"@id\":\"https:\\\/\\\/topmodeleurope.net\\\/#\\\/schema\\\/logo\\\/image\\\/\"},\"sameAs\":[\"https:\\\/\\\/www.facebook.com\\\/topmodeleurope\\\/\",\"https:\\\/\\\/www.instagram.com\\\/topmodeleuropeofficial\\\/\",\"https:\\\/\\\/fr.wikipedia.org\\\/wiki\\\/Top_Model_Europe\"]}]}<\/script>\n<!-- \/ Yoast SEO plugin. -->","yoast_head_json":{"title":"TOP MODEL EUROPE - FAQ DE CONTACTO 2","description":"Top Model Europe - Formul\u00e1rio de contacto","robots":{"index":"index","follow":"follow","max-snippet":"max-snippet:-1","max-image-preview":"max-image-preview:large","max-video-preview":"max-video-preview:-1"},"canonical":"https:\/\/topmodeleurope.net\/pt\/contact-faq-2\/","og_locale":"pt_PT","og_type":"article","og_title":"TOP MODEL EUROPE - CONTACT FAQ 2","og_description":"Top Model Europe - Formulaire de Contact","og_url":"https:\/\/topmodeleurope.net\/pt\/contact-faq-2\/","og_site_name":"TOP MODEL EUROPE","article_publisher":"https:\/\/www.facebook.com\/topmodeleurope\/","article_modified_time":"2024-10-25T18:05:02+00:00","twitter_card":"summary_large_image","twitter_misc":{"Tempo estimado de leitura":"2 minutos"},"schema":{"@context":"https:\/\/schema.org","@graph":[{"@type":"WebPage","@id":"https:\/\/topmodeleurope.net\/contact-faq-2\/","url":"https:\/\/topmodeleurope.net\/contact-faq-2\/","name":"TOP MODEL EUROPE - FAQ DE CONTACTO 2","isPartOf":{"@id":"https:\/\/topmodeleurope.net\/#website"},"datePublished":"2024-05-17T15:56:47+00:00","dateModified":"2024-10-25T18:05:02+00:00","description":"Top Model Europe - Formul\u00e1rio de contacto","breadcrumb":{"@id":"https:\/\/topmodeleurope.net\/contact-faq-2\/#breadcrumb"},"inLanguage":"pt-PT","potentialAction":[{"@type":"ReadAction","target":["https:\/\/topmodeleurope.net\/contact-faq-2\/"]}]},{"@type":"BreadcrumbList","@id":"https:\/\/topmodeleurope.net\/contact-faq-2\/#breadcrumb","itemListElement":[{"@type":"ListItem","position":1,"name":"Accueil","item":"https:\/\/topmodeleurope.net\/"},{"@type":"ListItem","position":2,"name":"CONTACT FAQ 2"}]},{"@type":"WebSite","@id":"https:\/\/topmodeleurope.net\/#website","url":"https:\/\/topmodeleurope.net\/","name":"TOP MODEL EUROPE","description":"Concurso Mundial de Modelos","publisher":{"@id":"https:\/\/topmodeleurope.net\/#organization"},"potentialAction":[{"@type":"SearchAction","target":{"@type":"EntryPoint","urlTemplate":"https:\/\/topmodeleurope.net\/?s={search_term_string}"},"query-input":{"@type":"PropertyValueSpecification","valueRequired":true,"valueName":"search_term_string"}}],"inLanguage":"pt-PT"},{"@type":"Organization","@id":"https:\/\/topmodeleurope.net\/#organization","name":"TOP MODEL EUROPE","url":"https:\/\/topmodeleurope.net\/","logo":{"@type":"ImageObject","inLanguage":"pt-PT","@id":"https:\/\/topmodeleurope.net\/#\/schema\/logo\/image\/","url":"https:\/\/topmodeleurope.net\/wp-content\/uploads\/2018\/04\/logo-tme.jpg","contentUrl":"https:\/\/topmodeleurope.net\/wp-content\/uploads\/2018\/04\/logo-tme.jpg","width":960,"height":960,"caption":"TOP MODEL EUROPE"},"image":{"@id":"https:\/\/topmodeleurope.net\/#\/schema\/logo\/image\/"},"sameAs":["https:\/\/www.facebook.com\/topmodeleurope\/","https:\/\/www.instagram.com\/topmodeleuropeofficial\/","https:\/\/fr.wikipedia.org\/wiki\/Top_Model_Europe"]}]}},"_links":{"self":[{"href":"http:\/\/topmodeleurope.net\/pt\/wp-json\/wp\/v2\/pages\/25102","targetHints":{"allow":["GET"]}}],"collection":[{"href":"http:\/\/topmodeleurope.net\/pt\/wp-json\/wp\/v2\/pages"}],"about":[{"href":"http:\/\/topmodeleurope.net\/pt\/wp-json\/wp\/v2\/types\/page"}],"author":[{"embeddable":true,"href":"http:\/\/topmodeleurope.net\/pt\/wp-json\/wp\/v2\/users\/1"}],"replies":[{"embeddable":true,"href":"http:\/\/topmodeleurope.net\/pt\/wp-json\/wp\/v2\/comments?post=25102"}],"version-history":[{"count":0,"href":"http:\/\/topmodeleurope.net\/pt\/wp-json\/wp\/v2\/pages\/25102\/revisions"}],"wp:attachment":[{"href":"http:\/\/topmodeleurope.net\/pt\/wp-json\/wp\/v2\/media?parent=25102"}],"wp:term":[{"taxonomy":"folder","embeddable":true,"href":"http:\/\/topmodeleurope.net\/pt\/wp-json\/wp\/v2\/folder?post=25102"}],"curies":[{"name":"wp","href":"https:\/\/api.w.org\/{rel}","templated":true}]}}